{"id":390,"date":"2024-11-03T21:20:07","date_gmt":"2024-11-03T18:20:07","guid":{"rendered":"https:\/\/www.hakansager.com\/?page_id=390"},"modified":"2024-11-05T21:58:45","modified_gmt":"2024-11-05T18:58:45","slug":"gebelik-takibi","status":"publish","type":"page","link":"https:\/\/www.hakansager.com\/ar\/uzmanliklar\/gebelik-takibi\/","title":{"rendered":"\u0645\u062a\u0627\u0628\u0639\u0629 \u0627\u0644\u062d\u0645\u0644"},"content":{"rendered":"<div id=\"page-header-1386710090\" class=\"page-header-wrapper\">\n  <div class=\"page-title dark featured-title\">\n\n    \n    <div class=\"page-title-inner container align-center flex-row medium-flex-wrap\" >\n              <div class=\"title-wrapper flex-col text-left medium-text-center\">\n          <h1 class=\"entry-title mb-0\"><span class=\"ez-toc-section\" id=\"Gebelik_Takibi\"><\/span>\n            \u0645\u062a\u0627\u0628\u0639\u0629 \u0627\u0644\u062d\u0645\u0644          <span class=\"ez-toc-section-end\"><\/span><\/h1>\n        <\/div>\n                    <div class=\"title-content flex-col flex-right text-right medium-text-center\">\n        <div class=\"title-share pt-half pb-half\"><div class=\"social-icons share-icons share-row relative\" ><a href=\"whatsapp:\/\/send?text=Gebelik%20Takibi - https:\/\/www.hakansager.com\/ar\/uzmanliklar\/gebelik-takibi\/\" data-action=\"share\/whatsapp\/share\" class=\"icon button circle is-outline tooltip whatsapp show-for-medium\" title=\"Share on WhatsApp\" aria-label=\"Share on WhatsApp\"><i class=\"icon-whatsapp\"><\/i><\/a><a href=\"https:\/\/www.facebook.com\/sharer.php?u=https:\/\/www.hakansager.com\/ar\/uzmanliklar\/gebelik-takibi\/\" data-label=\"Facebook\" onclick=\"window.open(this.href,this.title,'width=500,height=500,top=300px,left=300px');  return false;\" rel=\"noopener noreferrer nofollow\" target=\"_blank\" class=\"icon button circle is-outline tooltip facebook\" title=\"Share on Facebook\" aria-label=\"Share on Facebook\"><i class=\"icon-facebook\" ><\/i><\/a><a href=\"https:\/\/twitter.com\/share?url=https:\/\/www.hakansager.com\/ar\/uzmanliklar\/gebelik-takibi\/\" onclick=\"window.open(this.href,this.title,'width=500,height=500,top=300px,left=300px');  return false;\" rel=\"noopener noreferrer nofollow\" target=\"_blank\" class=\"icon button circle is-outline tooltip twitter\" title=\"Share on Twitter\" aria-label=\"Share on Twitter\"><i class=\"icon-twitter\" ><\/i><\/a><a href=\"mailto:enteryour@addresshere.com?subject=Gebelik%20Takibi&amp;body=Check%20this%20out:%20https:\/\/www.hakansager.com\/ar\/uzmanliklar\/gebelik-takibi\/\" rel=\"nofollow\" class=\"icon button circle is-outline tooltip email\" title=\"Email to a Friend\" aria-label=\"Email to a Friend\"><i class=\"icon-envelop\" ><\/i><\/a><a href=\"https:\/\/pinterest.com\/pin\/create\/button\/?url=https:\/\/www.hakansager.com\/ar\/uzmanliklar\/gebelik-takibi\/&amp;media=&amp;description=Gebelik%20Takibi\" onclick=\"window.open(this.href,this.title,'width=500,height=500,top=300px,left=300px');  return false;\" rel=\"noopener noreferrer nofollow\" target=\"_blank\" class=\"icon button circle is-outline tooltip pinterest\" title=\"Pin on Pinterest\" aria-label=\"Pin on Pinterest\"><i class=\"icon-pinterest\" ><\/i><\/a><a href=\"https:\/\/www.linkedin.com\/shareArticle?mini=true&url=https:\/\/www.hakansager.com\/ar\/uzmanliklar\/gebelik-takibi\/&title=Gebelik%20Takibi\" onclick=\"window.open(this.href,this.title,'width=500,height=500,top=300px,left=300px');  return false;\"  rel=\"noopener noreferrer nofollow\" target=\"_blank\" class=\"icon button circle is-outline tooltip linkedin\" title=\"Share on LinkedIn\" aria-label=\"Share on LinkedIn\"><i class=\"icon-linkedin\" ><\/i><\/a><\/div><\/div>      <\/div>\n    <\/div>\n\n       <\/div>\n    <\/div>\n  \n\n\t<div id=\"gap-2084398696\" class=\"gap-element clearfix\" style=\"display:block; height:auto;\">\n\t\t\n<style>\n#gap-2084398696 {\n  padding-top: 30px;\n}\n<\/style>\n\t<\/div>\n\t\n\n<div class=\"row\"  id=\"row-726655952\">\n\n\n\t<div id=\"col-1545586462\" class=\"col small-12 large-12\"  >\n\t\t\t\t<div class=\"col-inner\"  >\n\t\t\t\n\t\t\t\n\n<div id=\"ez-toc-container\" class=\"ez-toc-v2_0_76 ez-toc-wrap-left counter-hierarchy ez-toc-counter ez-toc-grey ez-toc-container-direction\">\n<div class=\"ez-toc-title-container\">\n<span class=\"ez-toc-title-toggle\"><a href=\"#\" class=\"ez-toc-pull-right ez-toc-btn ez-toc-btn-xs ez-toc-btn-default ez-toc-toggle\" aria-label=\"Toggle Table of Content\"><span class=\"ez-toc-js-icon-con\"><span class=\"\"><span class=\"eztoc-hide\" style=\"display:none;\">Toggle<\/span><span class=\"ez-toc-icon-toggle-span\"><svg style=\"fill: #999;color:#999\" xmlns=\"http:\/\/www.w3.org\/2000\/svg\" class=\"list-377408\" width=\"20px\" height=\"20px\" viewbox=\"0 0 24 24\" fill=\"none\"><path d=\"M6 6H4v2h2V6zm14 0H8v2h12V6zM4 11h2v2H4v-2zm16 0H8v2h12v-2zM4 16h2v2H4v-2zm16 0H8v2h12v-2z\" fill=\"currentColor\"><\/path><\/svg><svg style=\"fill: #999;color:#999\" class=\"arrow-unsorted-368013\" xmlns=\"http:\/\/www.w3.org\/2000\/svg\" width=\"10px\" height=\"10px\" viewbox=\"0 0 24 24\" version=\"1.2\" baseprofile=\"tiny\"><path d=\"M18.2 9.3l-6.2-6.3-6.2 6.3c-.2.2-.3.4-.3.7s.1.5.3.7c.2.2.4.3.7.3h11c.3 0 .5-.1.7-.3.2-.2.3-.5.3-.7s-.1-.5-.3-.7zM5.8 14.7l6.2 6.3 6.2-6.3c.2-.2.3-.5.3-.7s-.1-.5-.3-.7c-.2-.2-.4-.3-.7-.3h-11c-.3 0-.5.1-.7.3-.2.2-.3.5-.3.7s.1.5.3.7z\"\/><\/svg><\/span><\/span><\/span><\/a><\/span><\/div>\n<nav><ul class='ez-toc-list ez-toc-list-level-1' ><li class='ez-toc-page-1 ez-toc-heading-level-1'><a class=\"ez-toc-link ez-toc-heading-1\" href=\"https:\/\/www.hakansager.com\/ar\/uzmanliklar\/gebelik-takibi\/#Gebelik_Takibi\" >\u0645\u062a\u0627\u0628\u0639\u0629 \u0627\u0644\u062d\u0645\u0644<\/a><\/li><li class='ez-toc-page-1 ez-toc-heading-level-1'><a class=\"ez-toc-link ez-toc-heading-2\" href=\"https:\/\/www.hakansager.com\/ar\/uzmanliklar\/gebelik-takibi\/#Gebelik_Takibi_Nedir_ve_Neden_Onemlidir\" >Gebelik Takibi Nedir ve Neden \u00d6nemlidir?<\/a><ul class='ez-toc-list-level-4' ><li class='ez-toc-heading-level-4'><ul class='ez-toc-list-level-4' ><li class='ez-toc-heading-level-4'><ul class='ez-toc-list-level-4' ><li class='ez-toc-heading-level-4'><a class=\"ez-toc-link ez-toc-heading-3\" href=\"https:\/\/www.hakansager.com\/ar\/uzmanliklar\/gebelik-takibi\/#Gebelik_Takibi_Ne_Zaman_Baslar_ve_Nasil_Ilerler\" >Gebelik Takibi Ne Zaman Ba\u015flar ve Nas\u0131l \u0130lerler?<\/a><\/li><li class='ez-toc-page-1 ez-toc-heading-level-4'><a class=\"ez-toc-link ez-toc-heading-4\" href=\"https:\/\/www.hakansager.com\/ar\/uzmanliklar\/gebelik-takibi\/#Gebelik_Takibi_Sirasinda_Yapilan_Testler_Nelerdir\" >Gebelik Takibi S\u0131ras\u0131nda Yap\u0131lan Testler Nelerdir?<\/a><\/li><li class='ez-toc-page-1 ez-toc-heading-level-4'><a class=\"ez-toc-link ez-toc-heading-5\" href=\"https:\/\/www.hakansager.com\/ar\/uzmanliklar\/gebelik-takibi\/#Duzenli_Gebelik_Takibi_Neden_Gereklidir\" >D\u00fczenli Gebelik Takibi Neden Gereklidir?<\/a><\/li><li class='ez-toc-page-1 ez-toc-heading-level-4'><a class=\"ez-toc-link ez-toc-heading-6\" href=\"https:\/\/www.hakansager.com\/ar\/uzmanliklar\/gebelik-takibi\/#Gebelik_Takibi_Sirasinda_Dikkat_Edilmesi_Gerekenler\" >Gebelik Takibi S\u0131ras\u0131nda Dikkat Edilmesi Gerekenler<\/a><\/li><\/ul><\/li><\/ul><\/li><\/ul><\/li><\/ul><\/nav><\/div>\n\n<h1 class=\"entry-title mb-0\"><span class=\"ez-toc-section\" id=\"Gebelik_Takibi_Nedir_ve_Neden_Onemlidir\"><\/span>Gebelik Takibi Nedir ve Neden \u00d6nemlidir?<span class=\"ez-toc-section-end\"><\/span><\/h1>\n<p style=\"text-align: justify;\">Gebelik, kad\u0131n ya\u015fam\u0131ndaki en \u00f6zel ve heyecan verici d\u00f6nemlerden biridir. Ancak bu s\u00fcre\u00e7, hem anne hem de bebek sa\u011fl\u0131\u011f\u0131 a\u00e7\u0131s\u0131ndan dikkatle izlenmesi gereken bir d\u00f6nemdir. Gebelik takibi, hamilelik s\u00fcrecinin d\u00fczenli olarak kontrol edilmesini ve gerekli testlerin yap\u0131lmas\u0131n\u0131 i\u00e7erir. Anne aday\u0131n\u0131n ve bebe\u011fin sa\u011fl\u0131kl\u0131 bir hamilelik s\u00fcreci ge\u00e7irmesi i\u00e7in gebelik takibi b\u00fcy\u00fck \u00f6nem ta\u015f\u0131r.<\/p>\n<h4 style=\"text-align: left;\"><span class=\"ez-toc-section\" id=\"Gebelik_Takibi_Ne_Zaman_Baslar_ve_Nasil_Ilerler\"><\/span><strong>Gebelik Takibi Ne Zaman Ba\u015flar ve Nas\u0131l \u0130lerler?<\/strong><span class=\"ez-toc-section-end\"><\/span><\/h4>\n<p style=\"text-align: justify;\">Gebelik takibi, gebelik \u015f\u00fcphesi olu\u015ftu\u011fu andan itibaren ba\u015flar. \u0130lk muayenede hamilelik durumu do\u011frulan\u0131r ve hamilelik haftas\u0131 belirlenir. Ard\u0131ndan, t\u00fcm gebelik s\u00fcreci boyunca d\u00fczenli kontroller yap\u0131l\u0131r. Bu kontrollerde, bebe\u011fin geli\u015fimi ve annenin sa\u011fl\u0131\u011f\u0131 takip edilir. Ayr\u0131ca, gebeli\u011fin ilk d\u00f6nemlerinde gerekli testler yap\u0131larak, olas\u0131 risk fakt\u00f6rleri de de\u011ferlendirilir.<\/p>\n<ul style=\"text-align: justify;\">\n<li>\n<p><strong>\u0130lk Trimester (0-13. Hafta):<\/strong> Gebeli\u011fin ilk \u00fc\u00e7 ayl\u0131k d\u00f6nemi, bebe\u011fin organlar\u0131n\u0131n h\u0131zla geli\u015fti\u011fi bir d\u00f6nemdir. Bu s\u00fcre\u00e7te ultrason ile bebe\u011fin kalp at\u0131\u015flar\u0131 izlenir ve kan testleri yap\u0131l\u0131r. Ayn\u0131 zamanda, annenin sa\u011fl\u0131k durumu detayl\u0131 bir \u015fekilde de\u011ferlendirilir.<\/p>\n<\/li>\n<li>\n<p><strong>\u0130kinci Trimester (14-26. Hafta):<\/strong> Bu d\u00f6nemde bebe\u011fin geli\u015fimi h\u0131zlan\u0131r ve ultrason muayeneleri ile detayl\u0131 bir inceleme yap\u0131l\u0131r. D\u00f6rt boyutlu ultrason kullan\u0131larak bebe\u011fin hareketleri ve genel durumu daha net bir \u015fekilde g\u00f6zlemlenebilir.<\/p>\n<\/li>\n<li>\n<p><strong>\u00dc\u00e7\u00fcnc\u00fc Trimester (27-40. Hafta):<\/strong> Gebeli\u011fin son d\u00f6nemlerinde bebe\u011fin pozisyonu ve geli\u015fimi yak\u0131ndan izlenir. Do\u011fuma haz\u0131rl\u0131k s\u00fcrecinde annenin v\u00fccut durumu ve bebek sa\u011fl\u0131\u011f\u0131 s\u0131k\u0131 bir \u015fekilde takip edilir.<\/p>\n<\/li>\n<\/ul>\n<h4 style=\"text-align: left;\"><span class=\"ez-toc-section\" id=\"Gebelik_Takibi_Sirasinda_Yapilan_Testler_Nelerdir\"><\/span><strong>Gebelik Takibi S\u0131ras\u0131nda Yap\u0131lan Testler Nelerdir?<\/strong><span class=\"ez-toc-section-end\"><\/span><\/h4>\n<p style=\"text-align: justify;\">Gebelik takibi s\u00fcresince, anne ve bebek sa\u011fl\u0131\u011f\u0131n\u0131 korumak amac\u0131yla bir dizi test yap\u0131l\u0131r. Bu testler, hamileli\u011fin hangi d\u00f6neminde olundu\u011funa ba\u011fl\u0131 olarak de\u011fi\u015fiklik g\u00f6sterebilir. Ba\u015fl\u0131ca gebelik testleri aras\u0131nda kan tahlilleri, idrar testleri, \u015feker y\u00fckleme testi, ultrason muayeneleri ve detayl\u0131 anomali taramalar\u0131 yer al\u0131r. Bu testler, bebe\u011fin geli\u015fiminin sa\u011fl\u0131kl\u0131 bir \u015fekilde devam etti\u011finden emin olunmas\u0131n\u0131 sa\u011flar.<\/p>\n<h4 style=\"text-align: left;\"><span class=\"ez-toc-section\" id=\"Duzenli_Gebelik_Takibi_Neden_Gereklidir\"><\/span><strong>D\u00fczenli Gebelik Takibi Neden Gereklidir?<\/strong><span class=\"ez-toc-section-end\"><\/span><\/h4>\n<p style=\"text-align: justify;\">Gebelik s\u00fcrecinde d\u00fczenli olarak doktor kontrollerine gitmek, hem anne hem de bebe\u011fin sa\u011fl\u0131\u011f\u0131 a\u00e7\u0131s\u0131ndan kritik bir \u00f6neme sahiptir. Erken d\u00f6nemde yap\u0131lan testler, gebelikle ilgili olas\u0131 komplikasyonlar\u0131n \u00f6nceden tespit edilmesine olanak tan\u0131r. Ayr\u0131ca, gebelik s\u00fcresince annenin ihtiya\u00e7 duydu\u011fu vitaminler ve beslenme \u00f6nerileri doktor taraf\u0131ndan belirlenir. D\u00fczenli gebelik takibi, sa\u011fl\u0131kl\u0131 bir do\u011fum ve sorunsuz bir gebelik s\u00fcreci i\u00e7in olmazsa olmazd\u0131r.<\/p>\n<h4 style=\"text-align: left;\"><span class=\"ez-toc-section\" id=\"Gebelik_Takibi_Sirasinda_Dikkat_Edilmesi_Gerekenler\"><\/span><strong>Gebelik Takibi S\u0131ras\u0131nda Dikkat Edilmesi Gerekenler<\/strong><span class=\"ez-toc-section-end\"><\/span><\/h4>\n<p style=\"text-align: justify;\">Gebelik s\u00fcrecinde anne aday\u0131n\u0131n sa\u011fl\u0131kl\u0131 bir ya\u015fam tarz\u0131 benimsemesi b\u00fcy\u00fck \u00f6nem ta\u015f\u0131r. D\u00fczenli beslenme, yeterli su t\u00fcketimi ve uygun egzersizler bu d\u00f6nemde \u00f6nerilen ba\u015fl\u0131ca unsurlard\u0131r. Ayr\u0131ca, doktor taraf\u0131ndan verilen ila\u00e7lar ve vitaminlerin d\u00fczenli olarak kullan\u0131lmas\u0131 gerekir. Sigara ve alkol gibi zararl\u0131 maddelerden uzak durulmas\u0131, bebe\u011fin sa\u011fl\u0131kl\u0131 geli\u015fimi a\u00e7\u0131s\u0131ndan son derece \u00f6nemlidir. Gebelik boyunca doktor \u00f6nerilerine harfiyen uymak, sa\u011fl\u0131kl\u0131 bir do\u011fum s\u00fcrecine katk\u0131da bulunur.<\/p>\n<p style=\"text-align: justify;\">Gebelik takibi, anne ve bebek sa\u011fl\u0131\u011f\u0131n\u0131 korumak ad\u0131na b\u00fcy\u00fck bir \u00f6neme sahiptir. Hamilelik s\u00fcreci boyunca yap\u0131lan d\u00fczenli kontroller ve testler sayesinde, olas\u0131 riskler erkenden tespit edilebilir ve \u00f6nlem al\u0131nabilir. Op. Dr. Hakan Sa\u011fer ile gebelik s\u00fcrecinizi g\u00fcvenle takip ederek, sa\u011fl\u0131kl\u0131 ve sorunsuz bir hamilelik d\u00f6nemi ge\u00e7irebilirsiniz.<\/p>\n\n\t\t<\/div>\n\t\t\t\t\t<\/div>\n\n\t\n\n<\/div>","protected":false},"excerpt":{"rendered":"","protected":false},"author":1,"featured_media":0,"parent":376,"menu_order":0,"comment_status":"closed","ping_status":"closed","template":"page-blank.php","meta":{"footnotes":""},"class_list":["post-390","page","type-page","status-publish","hentry"],"_links":{"self":[{"href":"https:\/\/www.hakansager.com\/ar\/wp-json\/wp\/v2\/pages\/390","targetHints":{"allow":["GET"]}}],"collection":[{"href":"https:\/\/www.hakansager.com\/ar\/wp-json\/wp\/v2\/pages"}],"about":[{"href":"https:\/\/www.hakansager.com\/ar\/wp-json\/wp\/v2\/types\/page"}],"author":[{"embeddable":true,"href":"https:\/\/www.hakansager.com\/ar\/wp-json\/wp\/v2\/users\/1"}],"replies":[{"embeddable":true,"href":"https:\/\/www.hakansager.com\/ar\/wp-json\/wp\/v2\/comments?post=390"}],"version-history":[{"count":8,"href":"https:\/\/www.hakansager.com\/ar\/wp-json\/wp\/v2\/pages\/390\/revisions"}],"predecessor-version":[{"id":418,"href":"https:\/\/www.hakansager.com\/ar\/wp-json\/wp\/v2\/pages\/390\/revisions\/418"}],"up":[{"embeddable":true,"href":"https:\/\/www.hakansager.com\/ar\/wp-json\/wp\/v2\/pages\/376"}],"wp:attachment":[{"href":"https:\/\/www.hakansager.com\/ar\/wp-json\/wp\/v2\/media?parent=390"}],"curies":[{"name":"wp","href":"https:\/\/api.w.org\/{rel}","templated":true}]}}