{"id":419,"date":"2024-11-05T22:05:58","date_gmt":"2024-11-05T19:05:58","guid":{"rendered":"https:\/\/www.hakansager.com\/?page_id=419"},"modified":"2024-11-05T22:08:39","modified_gmt":"2024-11-05T19:08:39","slug":"kurtaj","status":"publish","type":"page","link":"https:\/\/www.hakansager.com\/ar\/uzmanliklar\/kurtaj\/","title":{"rendered":"\u0639\u0645\u0644\u064a\u0629 \u062a\u0646\u0638\u064a\u0641 \u0627\u0644\u0631\u062d"},"content":{"rendered":"<div id=\"page-header-1893366155\" class=\"page-header-wrapper\">\n  <div class=\"page-title dark featured-title\">\n\n    \n    <div class=\"page-title-inner container align-center flex-row medium-flex-wrap\" >\n              <div class=\"title-wrapper flex-col text-left medium-text-center\">\n          <h1 class=\"entry-title mb-0\"><span class=\"ez-toc-section\" id=\"Kurtaj\"><\/span>\n            \u0639\u0645\u0644\u064a\u0629 \u062a\u0646\u0638\u064a\u0641 \u0627\u0644\u0631\u062d          <span class=\"ez-toc-section-end\"><\/span><\/h1>\n        <\/div>\n                    <div class=\"title-content flex-col flex-right text-right medium-text-center\">\n        <div class=\"title-share pt-half pb-half\"><div class=\"social-icons share-icons share-row relative\" ><a href=\"whatsapp:\/\/send?text=K%C3%BCrtaj - https:\/\/www.hakansager.com\/ar\/uzmanliklar\/kurtaj\/\" data-action=\"share\/whatsapp\/share\" class=\"icon button circle is-outline tooltip whatsapp show-for-medium\" title=\"Share on WhatsApp\" aria-label=\"Share on WhatsApp\"><i class=\"icon-whatsapp\"><\/i><\/a><a href=\"https:\/\/www.facebook.com\/sharer.php?u=https:\/\/www.hakansager.com\/ar\/uzmanliklar\/kurtaj\/\" data-label=\"Facebook\" onclick=\"window.open(this.href,this.title,'width=500,height=500,top=300px,left=300px');  return false;\" rel=\"noopener noreferrer nofollow\" target=\"_blank\" class=\"icon button circle is-outline tooltip facebook\" title=\"Share on Facebook\" aria-label=\"Share on Facebook\"><i class=\"icon-facebook\" ><\/i><\/a><a href=\"https:\/\/twitter.com\/share?url=https:\/\/www.hakansager.com\/ar\/uzmanliklar\/kurtaj\/\" onclick=\"window.open(this.href,this.title,'width=500,height=500,top=300px,left=300px');  return false;\" rel=\"noopener noreferrer nofollow\" target=\"_blank\" class=\"icon button circle is-outline tooltip twitter\" title=\"Share on Twitter\" aria-label=\"Share on Twitter\"><i class=\"icon-twitter\" ><\/i><\/a><a href=\"mailto:enteryour@addresshere.com?subject=K%C3%BCrtaj&amp;body=Check%20this%20out:%20https:\/\/www.hakansager.com\/ar\/uzmanliklar\/kurtaj\/\" rel=\"nofollow\" class=\"icon button circle is-outline tooltip email\" title=\"Email to a Friend\" aria-label=\"Email to a Friend\"><i class=\"icon-envelop\" ><\/i><\/a><a href=\"https:\/\/pinterest.com\/pin\/create\/button\/?url=https:\/\/www.hakansager.com\/ar\/uzmanliklar\/kurtaj\/&amp;media=&amp;description=K%C3%BCrtaj\" onclick=\"window.open(this.href,this.title,'width=500,height=500,top=300px,left=300px');  return false;\" rel=\"noopener noreferrer nofollow\" target=\"_blank\" class=\"icon button circle is-outline tooltip pinterest\" title=\"Pin on Pinterest\" aria-label=\"Pin on Pinterest\"><i class=\"icon-pinterest\" ><\/i><\/a><a href=\"https:\/\/www.linkedin.com\/shareArticle?mini=true&url=https:\/\/www.hakansager.com\/ar\/uzmanliklar\/kurtaj\/&title=K%C3%BCrtaj\" onclick=\"window.open(this.href,this.title,'width=500,height=500,top=300px,left=300px');  return false;\"  rel=\"noopener noreferrer nofollow\" target=\"_blank\" class=\"icon button circle is-outline tooltip linkedin\" title=\"Share on LinkedIn\" aria-label=\"Share on LinkedIn\"><i class=\"icon-linkedin\" ><\/i><\/a><\/div><\/div>      <\/div>\n    <\/div>\n\n       <\/div>\n    <\/div>\n  \n\n\t<div id=\"gap-372569599\" class=\"gap-element clearfix\" style=\"display:block; height:auto;\">\n\t\t\n<style>\n#gap-372569599 {\n  padding-top: 30px;\n}\n<\/style>\n\t<\/div>\n\t\n\n<div class=\"row\"  id=\"row-1509920840\">\n\n\n\t<div id=\"col-1924602177\" class=\"col small-12 large-12\"  >\n\t\t\t\t<div class=\"col-inner\"  >\n\t\t\t\n\t\t\t\n\n<h3><div id=\"ez-toc-container\" class=\"ez-toc-v2_0_76 ez-toc-wrap-left counter-hierarchy ez-toc-counter ez-toc-grey ez-toc-container-direction\">\n<div class=\"ez-toc-title-container\">\n<span class=\"ez-toc-title-toggle\"><a href=\"#\" class=\"ez-toc-pull-right ez-toc-btn ez-toc-btn-xs ez-toc-btn-default ez-toc-toggle\" aria-label=\"Toggle Table of Content\"><span class=\"ez-toc-js-icon-con\"><span class=\"\"><span class=\"eztoc-hide\" style=\"display:none;\">Toggle<\/span><span class=\"ez-toc-icon-toggle-span\"><svg style=\"fill: #999;color:#999\" xmlns=\"http:\/\/www.w3.org\/2000\/svg\" class=\"list-377408\" width=\"20px\" height=\"20px\" viewbox=\"0 0 24 24\" fill=\"none\"><path d=\"M6 6H4v2h2V6zm14 0H8v2h12V6zM4 11h2v2H4v-2zm16 0H8v2h12v-2zM4 16h2v2H4v-2zm16 0H8v2h12v-2z\" fill=\"currentColor\"><\/path><\/svg><svg style=\"fill: #999;color:#999\" class=\"arrow-unsorted-368013\" xmlns=\"http:\/\/www.w3.org\/2000\/svg\" width=\"10px\" height=\"10px\" viewbox=\"0 0 24 24\" version=\"1.2\" baseprofile=\"tiny\"><path d=\"M18.2 9.3l-6.2-6.3-6.2 6.3c-.2.2-.3.4-.3.7s.1.5.3.7c.2.2.4.3.7.3h11c.3 0 .5-.1.7-.3.2-.2.3-.5.3-.7s-.1-.5-.3-.7zM5.8 14.7l6.2 6.3 6.2-6.3c.2-.2.3-.5.3-.7s-.1-.5-.3-.7c-.2-.2-.4-.3-.7-.3h-11c-.3 0-.5.1-.7.3-.2.2-.3.5-.3.7s.1.5.3.7z\"\/><\/svg><\/span><\/span><\/span><\/a><\/span><\/div>\n<nav><ul class='ez-toc-list ez-toc-list-level-1' ><li class='ez-toc-page-1 ez-toc-heading-level-1'><a class=\"ez-toc-link ez-toc-heading-1\" href=\"https:\/\/www.hakansager.com\/ar\/uzmanliklar\/kurtaj\/#Kurtaj\" >\u0639\u0645\u0644\u064a\u0629 \u062a\u0646\u0638\u064a\u0641 \u0627\u0644\u0631\u062d<\/a><ul class='ez-toc-list-level-3' ><li class='ez-toc-heading-level-3'><ul class='ez-toc-list-level-3' ><li class='ez-toc-heading-level-3'><a class=\"ez-toc-link ez-toc-heading-2\" href=\"https:\/\/www.hakansager.com\/ar\/uzmanliklar\/kurtaj\/#Kurtaj_Nedir_Nasil_Yapilir\" >K\u00fcrtaj Nedir? Nas\u0131l Yap\u0131l\u0131r?<\/a><ul class='ez-toc-list-level-4' ><li class='ez-toc-heading-level-4'><a class=\"ez-toc-link ez-toc-heading-3\" href=\"https:\/\/www.hakansager.com\/ar\/uzmanliklar\/kurtaj\/#Kurtaj_Hangi_Durumlarda_Uygulanir\" >K\u00fcrtaj Hangi Durumlarda Uygulan\u0131r?<\/a><\/li><li class='ez-toc-page-1 ez-toc-heading-level-4'><a class=\"ez-toc-link ez-toc-heading-4\" href=\"https:\/\/www.hakansager.com\/ar\/uzmanliklar\/kurtaj\/#Kurtaj_Nasil_Yapilir\" >K\u00fcrtaj Nas\u0131l Yap\u0131l\u0131r?<\/a><\/li><li class='ez-toc-page-1 ez-toc-heading-level-4'><a class=\"ez-toc-link ez-toc-heading-5\" href=\"https:\/\/www.hakansager.com\/ar\/uzmanliklar\/kurtaj\/#Kurtaj_Oncesi_ve_Sonrasi_Dikkat_Edilmesi_Gerekenler\" >K\u00fcrtaj \u00d6ncesi ve Sonras\u0131 Dikkat Edilmesi Gerekenler<\/a><\/li><li class='ez-toc-page-1 ez-toc-heading-level-4'><a class=\"ez-toc-link ez-toc-heading-6\" href=\"https:\/\/www.hakansager.com\/ar\/uzmanliklar\/kurtaj\/#Kurtaj_Guvenli_midir\" >K\u00fcrtaj G\u00fcvenli midir?<\/a><\/li><li class='ez-toc-page-1 ez-toc-heading-level-4'><a class=\"ez-toc-link ez-toc-heading-7\" href=\"https:\/\/www.hakansager.com\/ar\/uzmanliklar\/kurtaj\/#Kurtajin_Psikolojik_Etkileri\" >K\u00fcrtaj\u0131n Psikolojik Etkileri<\/a><\/li><\/ul><\/li><\/ul><\/li><\/ul><\/li><\/ul><\/nav><\/div>\n<\/h3>\n<h3 style=\"text-align: left;\"><span class=\"ez-toc-section\" id=\"Kurtaj_Nedir_Nasil_Yapilir\"><\/span><strong>K\u00fcrtaj Nedir? Nas\u0131l Yap\u0131l\u0131r?<\/strong><span class=\"ez-toc-section-end\"><\/span><\/h3>\n<p style=\"text-align: justify;\">K\u00fcrtaj, gebeli\u011fin sonland\u0131r\u0131lmas\u0131 amac\u0131yla uygulanan t\u0131bbi bir i\u015flemdir. \u0130stenmeyen ya da sa\u011fl\u0131kl\u0131 ilerlemeyen gebeliklerin sonland\u0131r\u0131lmas\u0131 gerekti\u011finde k\u00fcrtaj, uzman bir doktor taraf\u0131ndan hijyenik ko\u015fullarda ve gerekli yasal \u00e7er\u00e7eveler do\u011frultusunda yap\u0131lmal\u0131d\u0131r. Kad\u0131n sa\u011fl\u0131\u011f\u0131 a\u00e7\u0131s\u0131ndan \u00f6nemli bir prosed\u00fcr olan k\u00fcrtaj, do\u011fru bilgi ve bilin\u00e7li kararlarla ger\u00e7ekle\u015ftirilmelidir.<\/p>\n<h4 style=\"text-align: left;\"><span class=\"ez-toc-section\" id=\"Kurtaj_Hangi_Durumlarda_Uygulanir\"><\/span><strong>K\u00fcrtaj Hangi Durumlarda Uygulan\u0131r?<\/strong><span class=\"ez-toc-section-end\"><\/span><\/h4>\n<p style=\"text-align: justify;\">K\u00fcrtaj, gebeli\u011fin \u00e7e\u015fitli nedenlerle devam edemedi\u011fi veya istenmedi\u011fi durumlarda uygulanabilir. \u0130stenmeyen gebeliklerin yan\u0131 s\u0131ra, d\u00fc\u015f\u00fck riski ta\u015f\u0131yan veya anormal geli\u015fen gebeliklerde de k\u00fcrtaj bir se\u00e7enek olabilir. Bunun yan\u0131 s\u0131ra, t\u0131bbi zorunluluklar ve annenin sa\u011fl\u0131\u011f\u0131n\u0131 tehlikeye atan durumlar da k\u00fcrtaj karar\u0131n\u0131 gerekli k\u0131labilir.<\/p>\n<p style=\"text-align: justify;\">Yasal \u00e7er\u00e7evede k\u00fcrtaj, T\u00fcrkiye\u2019de 10. gebelik haftas\u0131na kadar uygulanabilmektedir. Bu s\u00fcre zarf\u0131nda, gebelik sonland\u0131rma i\u015flemi uzman doktorlar taraf\u0131ndan g\u00fcvenli bir \u015fekilde ger\u00e7ekle\u015ftirilmektedir. Her ne kadar k\u00fcrtaj, t\u0131bbi bir prosed\u00fcr olarak tan\u0131mlansa da, bu s\u00fcre\u00e7te kad\u0131nlar\u0131n psikolojik deste\u011fe de ihtiya\u00e7 duyabilecekleri g\u00f6z \u00f6n\u00fcnde bulundurulmal\u0131d\u0131r.<\/p>\n<h4 style=\"text-align: left;\"><span class=\"ez-toc-section\" id=\"Kurtaj_Nasil_Yapilir\"><\/span><strong>K\u00fcrtaj Nas\u0131l Yap\u0131l\u0131r?<\/strong><span class=\"ez-toc-section-end\"><\/span><\/h4>\n<p style=\"text-align: justify;\">K\u00fcrtaj i\u015flemi, genellikle vakum aspirasyonu y\u00f6ntemi ile ger\u00e7ekle\u015ftirilir. Bu y\u00f6ntem, gebelik materyalinin rahimden vakum yard\u0131m\u0131yla al\u0131nmas\u0131n\u0131 sa\u011flar. Vakum k\u00fcrtaj, en yayg\u0131n ve g\u00fcvenli k\u00fcrtaj y\u00f6ntemlerinden biridir. \u0130\u015flem lokal veya genel anestezi alt\u0131nda yap\u0131labilir, bu da hastan\u0131n konforunu art\u0131r\u0131r. K\u00fcrtaj s\u00fcresi genellikle 5-10 dakika aras\u0131nda de\u011fi\u015fir ve i\u015flem sonras\u0131nda hasta birka\u00e7 saat i\u00e7inde taburcu edilir.<\/p>\n<ul style=\"text-align: justify;\">\n<li>\n<p><strong>Vakum K\u00fcrtaj:<\/strong> Gebelik sonland\u0131rma i\u015flemlerinde en s\u0131k tercih edilen y\u00f6ntemdir. Rahim i\u00e7indeki dokular vakumla al\u0131n\u0131r ve i\u015flem k\u0131sa s\u00fcrede tamamlan\u0131r. Vakum k\u00fcrtaj, enfeksiyon riskinin d\u00fc\u015f\u00fck olmas\u0131 ve rahim duvar\u0131na zarar vermemesi nedeniyle g\u00fcvenli bir se\u00e7enek olarak \u00f6ne \u00e7\u0131kar.<\/p>\n<\/li>\n<li>\n<p><strong>T\u0131bbi K\u00fcrtaj:<\/strong> \u0130leri haftalardaki gebeliklerde ya da t\u0131bbi zorunluluk durumlar\u0131nda, doktor kontrol\u00fcnde medikal ila\u00e7lar kullan\u0131larak k\u00fcrtaj i\u015flemi yap\u0131labilir. Bu y\u00f6ntemde, rahim kas\u0131lmalar\u0131 ila\u00e7lar yard\u0131m\u0131yla ba\u015flat\u0131l\u0131r ve gebelik sonland\u0131r\u0131l\u0131r.<\/p>\n<\/li>\n<\/ul>\n<h4 style=\"text-align: left;\"><span class=\"ez-toc-section\" id=\"Kurtaj_Oncesi_ve_Sonrasi_Dikkat_Edilmesi_Gerekenler\"><\/span><strong>K\u00fcrtaj \u00d6ncesi ve Sonras\u0131 Dikkat Edilmesi Gerekenler<\/strong><span class=\"ez-toc-section-end\"><\/span><\/h4>\n<p style=\"text-align: justify;\">K\u00fcrtaj \u00f6ncesinde uzman doktor taraf\u0131ndan yap\u0131lan muayene, i\u015flemin sa\u011fl\u0131kl\u0131 bir \u015fekilde ger\u00e7ekle\u015ftirilmesi i\u00e7in gereklidir. Gebeli\u011fin ka\u00e7 haftal\u0131k oldu\u011fu, genel sa\u011fl\u0131k durumu ve varsa di\u011fer t\u0131bbi durumlar de\u011ferlendirilir. K\u00fcrtaj sonras\u0131 d\u00f6nemde ise dinlenmeye \u00f6zen g\u00f6sterilmeli, doktorun \u00f6nerdi\u011fi ila\u00e7lar d\u00fczenli olarak kullan\u0131lmal\u0131d\u0131r. \u0130\u015flem sonras\u0131 hafif kanama ve kramp hissi normal kabul edilir; ancak \u015fiddetli a\u011fr\u0131 ya da yo\u011fun kanama durumunda mutlaka doktorunuza ba\u015fvurulmal\u0131d\u0131r.<\/p>\n<h4 style=\"text-align: left;\"><span class=\"ez-toc-section\" id=\"Kurtaj_Guvenli_midir\"><\/span><strong>K\u00fcrtaj G\u00fcvenli midir?<\/strong><span class=\"ez-toc-section-end\"><\/span><\/h4>\n<p style=\"text-align: justify;\">K\u00fcrtaj, uzman doktorlar taraf\u0131ndan yap\u0131ld\u0131\u011f\u0131nda g\u00fcvenli bir i\u015flemdir. Ancak, hijyenik olmayan ortamlarda ve deneyimsiz ki\u015filerce yap\u0131lmaya \u00e7al\u0131\u015f\u0131lan k\u00fcrtaj i\u015flemleri, kad\u0131n sa\u011fl\u0131\u011f\u0131n\u0131 ciddi \u015fekilde tehdit edebilir. Bu nedenle k\u00fcrtaj\u0131n mutlaka steril bir ortamda, yetkili ve deneyimli bir uzman taraf\u0131ndan yap\u0131lmas\u0131 b\u00fcy\u00fck \u00f6nem ta\u015f\u0131r. G\u00fcvenli bir k\u00fcrtaj i\u015flemi sonras\u0131nda, komplikasyon riski olduk\u00e7a d\u00fc\u015f\u00fckt\u00fcr ve kad\u0131nlar genellikle birka\u00e7 g\u00fcn i\u00e7inde normal ya\u015fant\u0131lar\u0131na d\u00f6nebilirler.<\/p>\n<h4 style=\"text-align: left;\"><span class=\"ez-toc-section\" id=\"Kurtajin_Psikolojik_Etkileri\"><\/span><strong>K\u00fcrtaj\u0131n Psikolojik Etkileri<\/strong><span class=\"ez-toc-section-end\"><\/span><\/h4>\n<p style=\"text-align: justify;\">K\u00fcrtaj, hem fiziksel hem de duygusal olarak hassas bir s\u00fcre\u00e7tir. Bu nedenle i\u015flem sonras\u0131nda psikolojik destek almak, s\u00fcrecin daha sa\u011fl\u0131kl\u0131 bir \u015fekilde atlat\u0131lmas\u0131na yard\u0131mc\u0131 olabilir. Kad\u0131nlar bu d\u00f6nemde duygusal dalgalanmalar ya\u015fayabilir, bu da tamamen normaldir. Destekleyici bir yakla\u015f\u0131mla k\u00fcrtaj s\u00fcreci hem t\u0131bbi hem de psikolojik a\u00e7\u0131dan daha rahat ge\u00e7irilebilir.<\/p>\n<p style=\"text-align: justify;\">K\u00fcrtaj, t\u0131bbi a\u00e7\u0131dan gerekti\u011finde uygulanan g\u00fcvenli bir y\u00f6ntemdir. Ancak bu i\u015flemin uzman doktor kontrol\u00fcnde ve uygun ko\u015fullarda yap\u0131lmas\u0131 kad\u0131n sa\u011fl\u0131\u011f\u0131 a\u00e7\u0131s\u0131ndan son derece \u00f6nemlidir. Op. Dr. Hakan Sa\u011fer ile g\u00fcvenli ve sa\u011fl\u0131kl\u0131 bir k\u00fcrtaj s\u00fcreci ge\u00e7irerek, gerekli t\u0131bbi deste\u011fi alabilirsiniz.<\/p>\n\n\n\t\t<\/div>\n\t\t\t\t\t<\/div>\n\n\t\n\n<\/div>","protected":false},"excerpt":{"rendered":"","protected":false},"author":1,"featured_media":0,"parent":376,"menu_order":0,"comment_status":"closed","ping_status":"closed","template":"page-blank.php","meta":{"footnotes":""},"class_list":["post-419","page","type-page","status-publish","hentry"],"_links":{"self":[{"href":"https:\/\/www.hakansager.com\/ar\/wp-json\/wp\/v2\/pages\/419","targetHints":{"allow":["GET"]}}],"collection":[{"href":"https:\/\/www.hakansager.com\/ar\/wp-json\/wp\/v2\/pages"}],"about":[{"href":"https:\/\/www.hakansager.com\/ar\/wp-json\/wp\/v2\/types\/page"}],"author":[{"embeddable":true,"href":"https:\/\/www.hakansager.com\/ar\/wp-json\/wp\/v2\/users\/1"}],"replies":[{"embeddable":true,"href":"https:\/\/www.hakansager.com\/ar\/wp-json\/wp\/v2\/comments?post=419"}],"version-history":[{"count":5,"href":"https:\/\/www.hakansager.com\/ar\/wp-json\/wp\/v2\/pages\/419\/revisions"}],"predecessor-version":[{"id":424,"href":"https:\/\/www.hakansager.com\/ar\/wp-json\/wp\/v2\/pages\/419\/revisions\/424"}],"up":[{"embeddable":true,"href":"https:\/\/www.hakansager.com\/ar\/wp-json\/wp\/v2\/pages\/376"}],"wp:attachment":[{"href":"https:\/\/www.hakansager.com\/ar\/wp-json\/wp\/v2\/media?parent=419"}],"curies":[{"name":"wp","href":"https:\/\/api.w.org\/{rel}","templated":true}]}}