{"id":585,"date":"2024-11-06T14:31:02","date_gmt":"2024-11-06T11:31:02","guid":{"rendered":"https:\/\/www.hakansager.com\/?page_id=585"},"modified":"2024-11-06T14:32:30","modified_gmt":"2024-11-06T11:32:30","slug":"polikistik-over-sendromu","status":"publish","type":"page","link":"https:\/\/www.hakansager.com\/ar\/uzmanliklar\/polikistik-over-sendromu\/","title":{"rendered":"\u0645\u062a\u0644\u0627\u0632\u0645\u0629 \u062a\u0643\u064a\u0633 \u0627\u0644\u0645\u0628\u0627\u064a\u0636"},"content":{"rendered":"<div id=\"page-header-232273184\" class=\"page-header-wrapper\">\n  <div class=\"page-title dark featured-title\">\n\n    \n    <div class=\"page-title-inner container align-center flex-row medium-flex-wrap\" >\n              <div class=\"title-wrapper flex-col text-left medium-text-center\">\n          <h1 class=\"entry-title mb-0\"><span class=\"ez-toc-section\" id=\"Polikistik_Over_Sendromu\"><\/span>\n            \u0645\u062a\u0644\u0627\u0632\u0645\u0629 \u062a\u0643\u064a\u0633 \u0627\u0644\u0645\u0628\u0627\u064a\u0636          <span class=\"ez-toc-section-end\"><\/span><\/h1>\n        <\/div>\n                    <div class=\"title-content flex-col flex-right text-right medium-text-center\">\n        <div class=\"title-share pt-half pb-half\"><div class=\"social-icons share-icons share-row relative\" ><a href=\"whatsapp:\/\/send?text=Polikistik%20Over%20Sendromu - https:\/\/www.hakansager.com\/ar\/uzmanliklar\/polikistik-over-sendromu\/\" data-action=\"share\/whatsapp\/share\" class=\"icon button circle is-outline tooltip whatsapp show-for-medium\" title=\"Share on WhatsApp\" aria-label=\"Share on WhatsApp\"><i class=\"icon-whatsapp\"><\/i><\/a><a href=\"https:\/\/www.facebook.com\/sharer.php?u=https:\/\/www.hakansager.com\/ar\/uzmanliklar\/polikistik-over-sendromu\/\" data-label=\"Facebook\" onclick=\"window.open(this.href,this.title,'width=500,height=500,top=300px,left=300px');  return false;\" rel=\"noopener noreferrer nofollow\" target=\"_blank\" class=\"icon button circle is-outline tooltip facebook\" title=\"Share on Facebook\" aria-label=\"Share on Facebook\"><i class=\"icon-facebook\" ><\/i><\/a><a href=\"https:\/\/twitter.com\/share?url=https:\/\/www.hakansager.com\/ar\/uzmanliklar\/polikistik-over-sendromu\/\" onclick=\"window.open(this.href,this.title,'width=500,height=500,top=300px,left=300px');  return false;\" rel=\"noopener noreferrer nofollow\" target=\"_blank\" class=\"icon button circle is-outline tooltip twitter\" title=\"Share on Twitter\" aria-label=\"Share on Twitter\"><i class=\"icon-twitter\" ><\/i><\/a><a href=\"mailto:enteryour@addresshere.com?subject=Polikistik%20Over%20Sendromu&amp;body=Check%20this%20out:%20https:\/\/www.hakansager.com\/ar\/uzmanliklar\/polikistik-over-sendromu\/\" rel=\"nofollow\" class=\"icon button circle is-outline tooltip email\" title=\"Email to a Friend\" aria-label=\"Email to a Friend\"><i class=\"icon-envelop\" ><\/i><\/a><a href=\"https:\/\/pinterest.com\/pin\/create\/button\/?url=https:\/\/www.hakansager.com\/ar\/uzmanliklar\/polikistik-over-sendromu\/&amp;media=&amp;description=Polikistik%20Over%20Sendromu\" onclick=\"window.open(this.href,this.title,'width=500,height=500,top=300px,left=300px');  return false;\" rel=\"noopener noreferrer nofollow\" target=\"_blank\" class=\"icon button circle is-outline tooltip pinterest\" title=\"Pin on Pinterest\" aria-label=\"Pin on Pinterest\"><i class=\"icon-pinterest\" ><\/i><\/a><a href=\"https:\/\/www.linkedin.com\/shareArticle?mini=true&url=https:\/\/www.hakansager.com\/ar\/uzmanliklar\/polikistik-over-sendromu\/&title=Polikistik%20Over%20Sendromu\" onclick=\"window.open(this.href,this.title,'width=500,height=500,top=300px,left=300px');  return false;\"  rel=\"noopener noreferrer nofollow\" target=\"_blank\" class=\"icon button circle is-outline tooltip linkedin\" title=\"Share on LinkedIn\" aria-label=\"Share on LinkedIn\"><i class=\"icon-linkedin\" ><\/i><\/a><\/div><\/div>      <\/div>\n    <\/div>\n\n       <\/div>\n    <\/div>\n  \n\n\t<div id=\"gap-1781698195\" class=\"gap-element clearfix\" style=\"display:block; height:auto;\">\n\t\t\n<style>\n#gap-1781698195 {\n  padding-top: 30px;\n}\n<\/style>\n\t<\/div>\n\t\n\n<div class=\"row\"  id=\"row-1966161494\">\n\n\n\t<div id=\"col-1974839063\" class=\"col small-12 large-12\"  >\n\t\t\t\t<div class=\"col-inner\"  >\n\t\t\t\n\t\t\t\n\n<h3><div id=\"ez-toc-container\" class=\"ez-toc-v2_0_76 ez-toc-wrap-left counter-hierarchy ez-toc-counter ez-toc-grey ez-toc-container-direction\">\n<div class=\"ez-toc-title-container\">\n<span class=\"ez-toc-title-toggle\"><a href=\"#\" class=\"ez-toc-pull-right ez-toc-btn ez-toc-btn-xs ez-toc-btn-default ez-toc-toggle\" aria-label=\"Toggle Table of Content\"><span class=\"ez-toc-js-icon-con\"><span class=\"\"><span class=\"eztoc-hide\" style=\"display:none;\">Toggle<\/span><span class=\"ez-toc-icon-toggle-span\"><svg style=\"fill: #999;color:#999\" xmlns=\"http:\/\/www.w3.org\/2000\/svg\" class=\"list-377408\" width=\"20px\" height=\"20px\" viewbox=\"0 0 24 24\" fill=\"none\"><path d=\"M6 6H4v2h2V6zm14 0H8v2h12V6zM4 11h2v2H4v-2zm16 0H8v2h12v-2zM4 16h2v2H4v-2zm16 0H8v2h12v-2z\" fill=\"currentColor\"><\/path><\/svg><svg style=\"fill: #999;color:#999\" class=\"arrow-unsorted-368013\" xmlns=\"http:\/\/www.w3.org\/2000\/svg\" width=\"10px\" height=\"10px\" viewbox=\"0 0 24 24\" version=\"1.2\" baseprofile=\"tiny\"><path d=\"M18.2 9.3l-6.2-6.3-6.2 6.3c-.2.2-.3.4-.3.7s.1.5.3.7c.2.2.4.3.7.3h11c.3 0 .5-.1.7-.3.2-.2.3-.5.3-.7s-.1-.5-.3-.7zM5.8 14.7l6.2 6.3 6.2-6.3c.2-.2.3-.5.3-.7s-.1-.5-.3-.7c-.2-.2-.4-.3-.7-.3h-11c-.3 0-.5.1-.7.3-.2.2-.3.5-.3.7s.1.5.3.7z\"\/><\/svg><\/span><\/span><\/span><\/a><\/span><\/div>\n<nav><ul class='ez-toc-list ez-toc-list-level-1' ><li class='ez-toc-page-1 ez-toc-heading-level-1'><a class=\"ez-toc-link ez-toc-heading-1\" href=\"https:\/\/www.hakansager.com\/ar\/uzmanliklar\/polikistik-over-sendromu\/#Polikistik_Over_Sendromu\" >\u0645\u062a\u0644\u0627\u0632\u0645\u0629 \u062a\u0643\u064a\u0633 \u0627\u0644\u0645\u0628\u0627\u064a\u0636<\/a><ul class='ez-toc-list-level-3' ><li class='ez-toc-heading-level-3'><ul class='ez-toc-list-level-3' ><li class='ez-toc-heading-level-3'><a class=\"ez-toc-link ez-toc-heading-2\" href=\"https:\/\/www.hakansager.com\/ar\/uzmanliklar\/polikistik-over-sendromu\/#Polikistik_Over_Sendromu_PCOS_Belirtiler_Nedenler_ve_Tedavi_Yontemleri\" >Polikistik Over Sendromu (PCOS): Belirtiler, Nedenler ve Tedavi Y\u00f6ntemleri<\/a><ul class='ez-toc-list-level-4' ><li class='ez-toc-heading-level-4'><a class=\"ez-toc-link ez-toc-heading-3\" href=\"https:\/\/www.hakansager.com\/ar\/uzmanliklar\/polikistik-over-sendromu\/#Polikistik_Over_Sendromu_Nedir\" >Polikistik Over Sendromu Nedir?<\/a><\/li><li class='ez-toc-page-1 ez-toc-heading-level-4'><a class=\"ez-toc-link ez-toc-heading-4\" href=\"https:\/\/www.hakansager.com\/ar\/uzmanliklar\/polikistik-over-sendromu\/#PCOS_Belirtileri\" >PCOS Belirtileri<\/a><\/li><li class='ez-toc-page-1 ez-toc-heading-level-4'><a class=\"ez-toc-link ez-toc-heading-5\" href=\"https:\/\/www.hakansager.com\/ar\/uzmanliklar\/polikistik-over-sendromu\/#PCOS_Nedenleri\" >PCOS Nedenleri<\/a><\/li><li class='ez-toc-page-1 ez-toc-heading-level-4'><a class=\"ez-toc-link ez-toc-heading-6\" href=\"https:\/\/www.hakansager.com\/ar\/uzmanliklar\/polikistik-over-sendromu\/#Polikistik_Over_Sendromu_Tedavisi\" >Polikistik Over Sendromu Tedavisi<\/a><\/li><\/ul><\/li><\/ul><\/li><\/ul><\/li><\/ul><\/nav><\/div>\n<\/h3>\n<h3 style=\"text-align: left;\"><span class=\"ez-toc-section\" id=\"Polikistik_Over_Sendromu_PCOS_Belirtiler_Nedenler_ve_Tedavi_Yontemleri\"><\/span><strong>Polikistik Over Sendromu (PCOS): Belirtiler, Nedenler ve Tedavi Y\u00f6ntemleri<\/strong><span class=\"ez-toc-section-end\"><\/span><\/h3>\n<p style=\"text-align: justify;\">Polikistik Over Sendromu (PCOS), kad\u0131nlarda hormon dengesizli\u011fi ile karakterize edilen yayg\u0131n bir durumdur. Bu rahats\u0131zl\u0131k, \u00fcreme \u00e7a\u011f\u0131ndaki kad\u0131nlar\u0131n %5-10&#8217;unu etkileyebilir ve adet d\u00fczensizlikleri, k\u0131s\u0131rl\u0131k ve kilo al\u0131m\u0131 gibi belirtilerle kendini g\u00f6sterebilir. <strong>\u0627\u0644\u062f\u0643\u062a\u0648\u0631 \u0627\u0644\u062c\u0631\u0627\u062d\/ \u0647\u0627\u0643\u0627\u0646 \u0633\u0627\u063a\u0631<\/strong>, Polikistik Over Sendromu konusunda kapsaml\u0131 bir yakla\u015f\u0131mla tedavi sunmaktad\u0131r.<\/p>\n<h4 style=\"text-align: left;\"><span class=\"ez-toc-section\" id=\"Polikistik_Over_Sendromu_Nedir\"><\/span><strong>Polikistik Over Sendromu Nedir?<\/strong><span class=\"ez-toc-section-end\"><\/span><\/h4>\n<p style=\"text-align: justify;\">PCOS, yumurtal\u0131klarda bir\u00e7ok k\u00fc\u00e7\u00fck kistin olu\u015fmas\u0131 ile tan\u0131mlan\u0131r ve bu durum, hormon \u00fcretiminde dengesizliklere yol a\u00e7ar. Bu kistler genellikle zarars\u0131zd\u0131r ancak hormonal d\u00fczensizliklere sebep olabilirler.<\/p>\n<h4 style=\"text-align: left;\"><span class=\"ez-toc-section\" id=\"PCOS_Belirtileri\"><\/span><strong>PCOS Belirtileri<\/strong><span class=\"ez-toc-section-end\"><\/span><\/h4>\n<p style=\"text-align: justify;\">PCOS, farkl\u0131 belirtilerle kendini g\u00f6sterebilir. Yayg\u0131n belirtiler \u015funlard\u0131r:<\/p>\n<ul style=\"text-align: justify;\">\n<li><strong>\u0627\u0636\u0637\u0631\u0627\u0628\u0627\u062a \u0627\u0644\u062f\u0648\u0631\u0629 \u0627\u0644\u0634\u0647\u0631\u064a\u0629:<\/strong> S\u0131k veya seyrek adet d\u00f6nemleri, PCOS&#8217;un yayg\u0131n bir belirtisidir.<\/li>\n<li><strong>A\u015f\u0131r\u0131 T\u00fcylenme (Hirsutizm):<\/strong> Y\u00fcz, g\u00f6\u011f\u00fcs ve s\u0131rt gibi b\u00f6lgelerde istenmeyen t\u00fcylerin art\u0131\u015f\u0131.<\/li>\n<li><strong>Akneler ve Cilt Problemleri:<\/strong> PCOS, ya\u011fl\u0131 cilt ve sivilce gibi cilt sorunlar\u0131na neden olabilir.<\/li>\n<li><strong>Kilo Al\u0131m\u0131:<\/strong> PCOS&#8217;lu kad\u0131nlar genellikle kilo almaya e\u011filimlidir ve bu kilolar\u0131 vermek zor olabilir.<\/li>\n<\/ul>\n<h4 style=\"text-align: left;\"><span class=\"ez-toc-section\" id=\"PCOS_Nedenleri\"><\/span><strong>PCOS Nedenleri<\/strong><span class=\"ez-toc-section-end\"><\/span><\/h4>\n<p style=\"text-align: justify;\">PCOS&#8217;un kesin nedeni bilinmemekle birlikte, genetik ve \u00e7evresel fakt\u00f6rler \u00f6nemli bir rol oynar. \u0130ns\u00fclin direnci ve hormonal dengesizlikler de bu rahats\u0131zl\u0131\u011f\u0131n olu\u015fumunda etkili olabilir.<\/p>\n<h4 style=\"text-align: left;\"><span class=\"ez-toc-section\" id=\"Polikistik_Over_Sendromu_Tedavisi\"><\/span><strong>Polikistik Over Sendromu Tedavisi<\/strong><span class=\"ez-toc-section-end\"><\/span><\/h4>\n<p style=\"text-align: justify;\">PCOS tedavisinde ama\u00e7, belirtileri kontrol alt\u0131na almak ve uzun vadeli sa\u011fl\u0131k risklerini en aza indirmektir. Tedavi y\u00f6ntemleri \u015funlar\u0131 i\u00e7erebilir:<\/p>\n<ol style=\"text-align: left;\">\n<li>\n<p><strong>Hormonal Tedavi:<\/strong> Do\u011fum kontrol haplar\u0131 veya di\u011fer hormonal ila\u00e7lar, adet d\u00fczenini sa\u011flayabilir ve belirtileri hafifletebilir.<\/p>\n<\/li>\n<li>\n<p><strong>\u0130ns\u00fclin Duyarl\u0131l\u0131\u011f\u0131 Tedavisi:<\/strong> \u0130ns\u00fclin direnci varsa, ins\u00fclin seviyelerini d\u00fczenlemeye yard\u0131mc\u0131 olan ila\u00e7lar re\u00e7ete edilebilir.<\/p>\n<\/li>\n<li>\n<p><strong>Ya\u015fam Tarz\u0131 De\u011fi\u015fiklikleri:<\/strong> Sa\u011fl\u0131kl\u0131 bir diyet ve d\u00fczenli egzersiz, PCOS belirtilerini hafifletmekte etkili olabilir.<\/p>\n<\/li>\n<\/ol>\n<p style=\"text-align: justify;\">PCOS, ya\u015fam kalitesini etkileyebilecek bir durumdur ancak do\u011fru tedavi ile y\u00f6netilebilir. <strong>\u0627\u0644\u062f\u0643\u062a\u0648\u0631 \u0627\u0644\u062c\u0631\u0627\u062d\/ \u0647\u0627\u0643\u0627\u0646 \u0633\u0627\u063a\u0631<\/strong>, ki\u015fiye \u00f6zel tedavi yakla\u015f\u0131mlar\u0131 ile kad\u0131nlara bu s\u00fcre\u00e7te yard\u0131mc\u0131 olmaktad\u0131r.<\/p>\n\n\n\t\t<\/div>\n\t\t\t\t\t<\/div>\n\n\t\n\n<\/div>","protected":false},"excerpt":{"rendered":"","protected":false},"author":1,"featured_media":0,"parent":376,"menu_order":0,"comment_status":"closed","ping_status":"closed","template":"page-blank.php","meta":{"footnotes":""},"class_list":["post-585","page","type-page","status-publish","hentry"],"_links":{"self":[{"href":"https:\/\/www.hakansager.com\/ar\/wp-json\/wp\/v2\/pages\/585","targetHints":{"allow":["GET"]}}],"collection":[{"href":"https:\/\/www.hakansager.com\/ar\/wp-json\/wp\/v2\/pages"}],"about":[{"href":"https:\/\/www.hakansager.com\/ar\/wp-json\/wp\/v2\/types\/page"}],"author":[{"embeddable":true,"href":"https:\/\/www.hakansager.com\/ar\/wp-json\/wp\/v2\/users\/1"}],"replies":[{"embeddable":true,"href":"https:\/\/www.hakansager.com\/ar\/wp-json\/wp\/v2\/comments?post=585"}],"version-history":[{"count":7,"href":"https:\/\/www.hakansager.com\/ar\/wp-json\/wp\/v2\/pages\/585\/revisions"}],"predecessor-version":[{"id":592,"href":"https:\/\/www.hakansager.com\/ar\/wp-json\/wp\/v2\/pages\/585\/revisions\/592"}],"up":[{"embeddable":true,"href":"https:\/\/www.hakansager.com\/ar\/wp-json\/wp\/v2\/pages\/376"}],"wp:attachment":[{"href":"https:\/\/www.hakansager.com\/ar\/wp-json\/wp\/v2\/media?parent=585"}],"curies":[{"name":"wp","href":"https:\/\/api.w.org\/{rel}","templated":true}]}}