{"id":593,"date":"2024-11-06T14:33:24","date_gmt":"2024-11-06T11:33:24","guid":{"rendered":"https:\/\/www.hakansager.com\/?page_id=593"},"modified":"2024-11-06T14:35:37","modified_gmt":"2024-11-06T11:35:37","slug":"genital-sigil-tedavisi-hpv","status":"publish","type":"page","link":"https:\/\/www.hakansager.com\/ar\/uzmanliklar\/genital-sigil-tedavisi-hpv\/","title":{"rendered":"\u0639\u0644\u0627\u062c \u0627\u0644\u062b\u0622\u0644\u064a\u0644 \u0627\u0644\u062a\u0646\u0627\u0633\u0644\u064a\u0629 (\u0641\u064a\u0631\u0648\u0633 \u0627\u0644\u0648\u0631\u0645 \u0627\u0644\u062d\u0644\u064a\u0645\u064a \u0627\u0644\u0628\u0634\u0631\u064a)"},"content":{"rendered":"<div id=\"page-header-1282857723\" class=\"page-header-wrapper\">\n  <div class=\"page-title dark featured-title\">\n\n    \n    <div class=\"page-title-inner container align-center flex-row medium-flex-wrap\" >\n              <div class=\"title-wrapper flex-col text-left medium-text-center\">\n          <h1 class=\"entry-title mb-0\"><span class=\"ez-toc-section\" id=\"Genital_Sigil_Tedavisi_HPV\"><\/span>\n            \u0639\u0644\u0627\u062c \u0627\u0644\u062b\u0622\u0644\u064a\u0644 \u0627\u0644\u062a\u0646\u0627\u0633\u0644\u064a\u0629 (\u0641\u064a\u0631\u0648\u0633 \u0627\u0644\u0648\u0631\u0645 \u0627\u0644\u062d\u0644\u064a\u0645\u064a \u0627\u0644\u0628\u0634\u0631\u064a)          <span class=\"ez-toc-section-end\"><\/span><\/h1>\n        <\/div>\n                    <div class=\"title-content flex-col flex-right text-right medium-text-center\">\n        <div class=\"title-share pt-half pb-half\"><div class=\"social-icons share-icons share-row relative\" ><a href=\"whatsapp:\/\/send?text=Genital%20Si%C4%9Fil%20Tedavisi%20%28HPV%29 - https:\/\/www.hakansager.com\/ar\/uzmanliklar\/genital-sigil-tedavisi-hpv\/\" data-action=\"share\/whatsapp\/share\" class=\"icon button circle is-outline tooltip whatsapp show-for-medium\" title=\"Share on WhatsApp\" aria-label=\"Share on WhatsApp\"><i class=\"icon-whatsapp\"><\/i><\/a><a href=\"https:\/\/www.facebook.com\/sharer.php?u=https:\/\/www.hakansager.com\/ar\/uzmanliklar\/genital-sigil-tedavisi-hpv\/\" data-label=\"Facebook\" onclick=\"window.open(this.href,this.title,'width=500,height=500,top=300px,left=300px');  return false;\" rel=\"noopener noreferrer nofollow\" target=\"_blank\" class=\"icon button circle is-outline tooltip facebook\" title=\"Share on Facebook\" aria-label=\"Share on Facebook\"><i class=\"icon-facebook\" ><\/i><\/a><a href=\"https:\/\/twitter.com\/share?url=https:\/\/www.hakansager.com\/ar\/uzmanliklar\/genital-sigil-tedavisi-hpv\/\" onclick=\"window.open(this.href,this.title,'width=500,height=500,top=300px,left=300px');  return false;\" rel=\"noopener noreferrer nofollow\" target=\"_blank\" class=\"icon button circle is-outline tooltip twitter\" title=\"Share on Twitter\" aria-label=\"Share on Twitter\"><i class=\"icon-twitter\" ><\/i><\/a><a href=\"mailto:enteryour@addresshere.com?subject=Genital%20Si%C4%9Fil%20Tedavisi%20%28HPV%29&amp;body=Check%20this%20out:%20https:\/\/www.hakansager.com\/ar\/uzmanliklar\/genital-sigil-tedavisi-hpv\/\" rel=\"nofollow\" class=\"icon button circle is-outline tooltip email\" title=\"Email to a Friend\" aria-label=\"Email to a Friend\"><i class=\"icon-envelop\" ><\/i><\/a><a href=\"https:\/\/pinterest.com\/pin\/create\/button\/?url=https:\/\/www.hakansager.com\/ar\/uzmanliklar\/genital-sigil-tedavisi-hpv\/&amp;media=&amp;description=Genital%20Si%C4%9Fil%20Tedavisi%20%28HPV%29\" onclick=\"window.open(this.href,this.title,'width=500,height=500,top=300px,left=300px');  return false;\" rel=\"noopener noreferrer nofollow\" target=\"_blank\" class=\"icon button circle is-outline tooltip pinterest\" title=\"Pin on Pinterest\" aria-label=\"Pin on Pinterest\"><i class=\"icon-pinterest\" ><\/i><\/a><a href=\"https:\/\/www.linkedin.com\/shareArticle?mini=true&url=https:\/\/www.hakansager.com\/ar\/uzmanliklar\/genital-sigil-tedavisi-hpv\/&title=Genital%20Si%C4%9Fil%20Tedavisi%20%28HPV%29\" onclick=\"window.open(this.href,this.title,'width=500,height=500,top=300px,left=300px');  return false;\"  rel=\"noopener noreferrer nofollow\" target=\"_blank\" class=\"icon button circle is-outline tooltip linkedin\" title=\"Share on LinkedIn\" aria-label=\"Share on LinkedIn\"><i class=\"icon-linkedin\" ><\/i><\/a><\/div><\/div>      <\/div>\n    <\/div>\n\n       <\/div>\n    <\/div>\n  \n\n\t<div id=\"gap-669028886\" class=\"gap-element clearfix\" style=\"display:block; height:auto;\">\n\t\t\n<style>\n#gap-669028886 {\n  padding-top: 30px;\n}\n<\/style>\n\t<\/div>\n\t\n\n<div class=\"row\"  id=\"row-179961462\">\n\n\n\t<div id=\"col-1254617694\" class=\"col small-12 large-12\"  >\n\t\t\t\t<div class=\"col-inner\"  >\n\t\t\t\n\t\t\t\n\n<h3><div id=\"ez-toc-container\" class=\"ez-toc-v2_0_76 ez-toc-wrap-left counter-hierarchy ez-toc-counter ez-toc-grey ez-toc-container-direction\">\n<div class=\"ez-toc-title-container\">\n<span class=\"ez-toc-title-toggle\"><a href=\"#\" class=\"ez-toc-pull-right ez-toc-btn ez-toc-btn-xs ez-toc-btn-default ez-toc-toggle\" aria-label=\"Toggle Table of Content\"><span class=\"ez-toc-js-icon-con\"><span class=\"\"><span class=\"eztoc-hide\" style=\"display:none;\">Toggle<\/span><span class=\"ez-toc-icon-toggle-span\"><svg style=\"fill: #999;color:#999\" xmlns=\"http:\/\/www.w3.org\/2000\/svg\" class=\"list-377408\" width=\"20px\" height=\"20px\" viewbox=\"0 0 24 24\" fill=\"none\"><path d=\"M6 6H4v2h2V6zm14 0H8v2h12V6zM4 11h2v2H4v-2zm16 0H8v2h12v-2zM4 16h2v2H4v-2zm16 0H8v2h12v-2z\" fill=\"currentColor\"><\/path><\/svg><svg style=\"fill: #999;color:#999\" class=\"arrow-unsorted-368013\" xmlns=\"http:\/\/www.w3.org\/2000\/svg\" width=\"10px\" height=\"10px\" viewbox=\"0 0 24 24\" version=\"1.2\" baseprofile=\"tiny\"><path d=\"M18.2 9.3l-6.2-6.3-6.2 6.3c-.2.2-.3.4-.3.7s.1.5.3.7c.2.2.4.3.7.3h11c.3 0 .5-.1.7-.3.2-.2.3-.5.3-.7s-.1-.5-.3-.7zM5.8 14.7l6.2 6.3 6.2-6.3c.2-.2.3-.5.3-.7s-.1-.5-.3-.7c-.2-.2-.4-.3-.7-.3h-11c-.3 0-.5.1-.7.3-.2.2-.3.5-.3.7s.1.5.3.7z\"\/><\/svg><\/span><\/span><\/span><\/a><\/span><\/div>\n<nav><ul class='ez-toc-list ez-toc-list-level-1' ><li class='ez-toc-page-1 ez-toc-heading-level-1'><a class=\"ez-toc-link ez-toc-heading-1\" href=\"https:\/\/www.hakansager.com\/ar\/uzmanliklar\/genital-sigil-tedavisi-hpv\/#Genital_Sigil_Tedavisi_HPV\" >\u0639\u0644\u0627\u062c \u0627\u0644\u062b\u0622\u0644\u064a\u0644 \u0627\u0644\u062a\u0646\u0627\u0633\u0644\u064a\u0629 (\u0641\u064a\u0631\u0648\u0633 \u0627\u0644\u0648\u0631\u0645 \u0627\u0644\u062d\u0644\u064a\u0645\u064a \u0627\u0644\u0628\u0634\u0631\u064a)<\/a><ul class='ez-toc-list-level-3' ><li class='ez-toc-heading-level-3'><ul class='ez-toc-list-level-3' ><li class='ez-toc-heading-level-3'><a class=\"ez-toc-link ez-toc-heading-2\" href=\"https:\/\/www.hakansager.com\/ar\/uzmanliklar\/genital-sigil-tedavisi-hpv\/#Genital_Sigil_Tedavisi_HPV_Belirtiler_Nedenler_ve_Tedavi_Yontemleri\" >Genital Si\u011fil Tedavisi (HPV): Belirtiler, Nedenler ve Tedavi Y\u00f6ntemleri<\/a><ul class='ez-toc-list-level-4' ><li class='ez-toc-heading-level-4'><a class=\"ez-toc-link ez-toc-heading-3\" href=\"https:\/\/www.hakansager.com\/ar\/uzmanliklar\/genital-sigil-tedavisi-hpv\/#Genital_Sigil_Nedir\" >Genital Si\u011fil Nedir?<\/a><\/li><li class='ez-toc-page-1 ez-toc-heading-level-4'><a class=\"ez-toc-link ez-toc-heading-4\" href=\"https:\/\/www.hakansager.com\/ar\/uzmanliklar\/genital-sigil-tedavisi-hpv\/#Genital_Sigilin_Belirtileri\" >Genital Si\u011filin Belirtileri<\/a><\/li><li class='ez-toc-page-1 ez-toc-heading-level-4'><a class=\"ez-toc-link ez-toc-heading-5\" href=\"https:\/\/www.hakansager.com\/ar\/uzmanliklar\/genital-sigil-tedavisi-hpv\/#Genital_Sigilin_Nedenleri\" >Genital Si\u011filin Nedenleri<\/a><\/li><li class='ez-toc-page-1 ez-toc-heading-level-4'><a class=\"ez-toc-link ez-toc-heading-6\" href=\"https:\/\/www.hakansager.com\/ar\/uzmanliklar\/genital-sigil-tedavisi-hpv\/#Genital_Sigil_Tedavi_Yontemleri\" >Genital Si\u011fil Tedavi Y\u00f6ntemleri<\/a><\/li><\/ul><\/li><\/ul><\/li><\/ul><\/li><\/ul><\/nav><\/div>\n<\/h3>\n<h3 style=\"text-align: left;\"><span class=\"ez-toc-section\" id=\"Genital_Sigil_Tedavisi_HPV_Belirtiler_Nedenler_ve_Tedavi_Yontemleri\"><\/span><strong>Genital Si\u011fil Tedavisi (HPV): Belirtiler, Nedenler ve Tedavi Y\u00f6ntemleri<\/strong><span class=\"ez-toc-section-end\"><\/span><\/h3>\n<p style=\"text-align: justify;\">Genital si\u011filler, insan papilloma vir\u00fcs\u00fc (HPV) kaynakl\u0131, ciltte meydana gelen k\u00fc\u00e7\u00fck, kabar\u0131k lezyonlard\u0131r. Bu si\u011filler, cinsel yolla bula\u015fan enfeksiyonlar aras\u0131nda yayg\u0131n olarak bulunmakta olup, hem fiziksel hem de psikolojik rahats\u0131zl\u0131klara neden olabilir. <strong>\u0627\u0644\u062f\u0643\u062a\u0648\u0631 \u0627\u0644\u062c\u0631\u0627\u062d\/ \u0647\u0627\u0643\u0627\u0646 \u0633\u0627\u063a\u0631<\/strong>, genital si\u011fil tedavisi konusunda uzmanla\u015fm\u0131\u015f bir hekimdir ve hastalar\u0131na g\u00fcvenli ve etkili tedavi y\u00f6ntemleri sunmaktad\u0131r.<\/p>\n<h4 style=\"text-align: left;\"><span class=\"ez-toc-section\" id=\"Genital_Sigil_Nedir\"><\/span><strong>Genital Si\u011fil Nedir?<\/strong><span class=\"ez-toc-section-end\"><\/span><\/h4>\n<p style=\"text-align: justify;\">Genital si\u011filler, HPV&#8217;nin neden oldu\u011fu, genital b\u00f6lgede, an\u00fcs \u00e7evresinde veya a\u011f\u0131zda g\u00f6r\u00fclen beneklerdir. Genital si\u011filler genellikle zarars\u0131zd\u0131r, ancak baz\u0131 HPV t\u00fcrleri kanser riski ta\u015f\u0131yabilir.<\/p>\n<h4 style=\"text-align: left;\"><span class=\"ez-toc-section\" id=\"Genital_Sigilin_Belirtileri\"><\/span><strong>Genital Si\u011filin Belirtileri<\/strong><span class=\"ez-toc-section-end\"><\/span><\/h4>\n<p style=\"text-align: justify;\">Genital si\u011filler, \u00e7o\u011fu zaman belirti vermeden geli\u015fir. Ancak, a\u015fa\u011f\u0131daki belirtiler ortaya \u00e7\u0131kabilir:<\/p>\n<ul style=\"text-align: justify;\">\n<li>K\u00fc\u00e7\u00fck, kabar\u0131k veya d\u00fcz lezyonlar<\/li>\n<li>Ka\u015f\u0131nt\u0131 veya rahats\u0131zl\u0131k hissi<\/li>\n<li>Cinsel ili\u015fki s\u0131ras\u0131nda a\u011fr\u0131<\/li>\n<\/ul>\n<h4 style=\"text-align: left;\"><span class=\"ez-toc-section\" id=\"Genital_Sigilin_Nedenleri\"><\/span><strong>Genital Si\u011filin Nedenleri<\/strong><span class=\"ez-toc-section-end\"><\/span><\/h4>\n<p style=\"text-align: left;\">HPV, genital si\u011fillere neden olan vir\u00fcst\u00fcr. Genital si\u011fillerin ba\u015fl\u0131ca nedenleri \u015funlard\u0131r:<\/p>\n<ul style=\"text-align: left;\">\n<li><strong>Cinsel \u0130li\u015fki:<\/strong> Cinsel yolla bula\u015fan bir enfeksiyon oldu\u011fundan, cinsel ili\u015fki ile ge\u00e7i\u015f yapabilir.<\/li>\n<li><strong>Zay\u0131f Ba\u011f\u0131\u015f\u0131kl\u0131k Sistemi:<\/strong> Ba\u011f\u0131\u015f\u0131kl\u0131k sistemi zay\u0131f olan bireylerde HPV&#8217;nin etkisi artabilir.<\/li>\n<li><strong>Cinsel Partner Say\u0131s\u0131:<\/strong> Birden fazla cinsel partnerle ili\u015fki, HPV enfeksiyonu riskini art\u0131r\u0131r.<\/li>\n<\/ul>\n<h4 style=\"text-align: left;\"><span class=\"ez-toc-section\" id=\"Genital_Sigil_Tedavi_Yontemleri\"><\/span><strong>Genital Si\u011fil Tedavi Y\u00f6ntemleri<\/strong><span class=\"ez-toc-section-end\"><\/span><\/h4>\n<p style=\"text-align: justify;\">Genital si\u011fillerin tedavisi, si\u011fillerin b\u00fcy\u00fckl\u00fc\u011f\u00fcne, say\u0131s\u0131na ve hastan\u0131n genel sa\u011fl\u0131\u011f\u0131na ba\u011fl\u0131 olarak de\u011fi\u015fir:<\/p>\n<ol style=\"text-align: left;\">\n<li>\n<p><strong>Topikal Tedavi:<\/strong> Si\u011fillerin \u00fczerine uygulanabilen ila\u00e7lar (\u00f6rn. podofilin, imiquimod) kullan\u0131labilir.<\/p>\n<\/li>\n<li>\n<p><strong>Kriyoterapi:<\/strong> Si\u011fillerin dondurularak yok edilmesi i\u015flemi, etkili bir tedavi y\u00f6ntemidir.<\/p>\n<\/li>\n<li>\n<p><strong>Lazer Tedavisi:<\/strong> Daha b\u00fcy\u00fck veya diren\u00e7li si\u011filler i\u00e7in lazerle tedavi uygulanabilir.<\/p>\n<\/li>\n<li>\n<p><strong>\u0627\u0644\u062a\u062f\u062e\u0644 \u0627\u0644\u062c\u0631\u0627\u062d\u064a:<\/strong> Si\u011fillerin cerrahi olarak \u00e7\u0131kar\u0131lmas\u0131 gerekti\u011finde, uzman doktorlar taraf\u0131ndan yap\u0131l\u0131r.<\/p>\n<\/li>\n<\/ol>\n<p style=\"text-align: justify;\">Genital si\u011filler, tedavi edilebilir ve y\u00f6netilebilir bir durumdur. <strong>\u0627\u0644\u062f\u0643\u062a\u0648\u0631 \u0627\u0644\u062c\u0631\u0627\u062d\/ \u0647\u0627\u0643\u0627\u0646 \u0633\u0627\u063a\u0631<\/strong>, HPV tedavisinde uzmanla\u015fm\u0131\u015f bir hekim olarak, hastalar\u0131na etkili ve g\u00fcvenli tedavi y\u00f6ntemleri sunmakta ve sa\u011fl\u0131kl\u0131 bir ya\u015fam s\u00fcrmelerine yard\u0131mc\u0131 olmaktad\u0131r.<\/p>\n\n\n\t\t<\/div>\n\t\t\t\t\t<\/div>\n\n\t\n\n<\/div>","protected":false},"excerpt":{"rendered":"","protected":false},"author":1,"featured_media":0,"parent":376,"menu_order":0,"comment_status":"closed","ping_status":"closed","template":"page-blank.php","meta":{"footnotes":""},"class_list":["post-593","page","type-page","status-publish","hentry"],"_links":{"self":[{"href":"https:\/\/www.hakansager.com\/ar\/wp-json\/wp\/v2\/pages\/593","targetHints":{"allow":["GET"]}}],"collection":[{"href":"https:\/\/www.hakansager.com\/ar\/wp-json\/wp\/v2\/pages"}],"about":[{"href":"https:\/\/www.hakansager.com\/ar\/wp-json\/wp\/v2\/types\/page"}],"author":[{"embeddable":true,"href":"https:\/\/www.hakansager.com\/ar\/wp-json\/wp\/v2\/users\/1"}],"replies":[{"embeddable":true,"href":"https:\/\/www.hakansager.com\/ar\/wp-json\/wp\/v2\/comments?post=593"}],"version-history":[{"count":7,"href":"https:\/\/www.hakansager.com\/ar\/wp-json\/wp\/v2\/pages\/593\/revisions"}],"predecessor-version":[{"id":600,"href":"https:\/\/www.hakansager.com\/ar\/wp-json\/wp\/v2\/pages\/593\/revisions\/600"}],"up":[{"embeddable":true,"href":"https:\/\/www.hakansager.com\/ar\/wp-json\/wp\/v2\/pages\/376"}],"wp:attachment":[{"href":"https:\/\/www.hakansager.com\/ar\/wp-json\/wp\/v2\/media?parent=593"}],"curies":[{"name":"wp","href":"https:\/\/api.w.org\/{rel}","templated":true}]}}