{"id":617,"date":"2024-11-06T14:54:51","date_gmt":"2024-11-06T11:54:51","guid":{"rendered":"https:\/\/www.hakansager.com\/?page_id=617"},"modified":"2024-11-06T14:56:55","modified_gmt":"2024-11-06T11:56:55","slug":"vajinal-akinti-ve-kasinti-tedavisi","status":"publish","type":"page","link":"https:\/\/www.hakansager.com\/ar\/uzmanliklar\/vajinal-akinti-ve-kasinti-tedavisi\/","title":{"rendered":"\u0639\u0644\u0627\u062c \u0627\u0644\u0625\u0641\u0631\u0627\u0632\u0627\u062a \u0648\u0627\u0644\u062d\u0643\u0629 \u0627\u0644\u0645\u0647\u0628\u0644\u064a\u0629"},"content":{"rendered":"<div id=\"page-header-1435877921\" class=\"page-header-wrapper\">\n  <div class=\"page-title dark featured-title\">\n\n    \n    <div class=\"page-title-inner container align-center flex-row medium-flex-wrap\" >\n              <div class=\"title-wrapper flex-col text-left medium-text-center\">\n          <h1 class=\"entry-title mb-0\"><span class=\"ez-toc-section\" id=\"Vajinal_Akinti_ve_Kasinti_Tedavisi\"><\/span>\n            \u0639\u0644\u0627\u062c \u0627\u0644\u0625\u0641\u0631\u0627\u0632\u0627\u062a \u0648\u0627\u0644\u062d\u0643\u0629 \u0627\u0644\u0645\u0647\u0628\u0644\u064a\u0629          <span class=\"ez-toc-section-end\"><\/span><\/h1>\n        <\/div>\n                    <div class=\"title-content flex-col flex-right text-right medium-text-center\">\n        <div class=\"title-share pt-half pb-half\"><div class=\"social-icons share-icons share-row relative\" ><a href=\"whatsapp:\/\/send?text=Vajinal%20Ak%C4%B1nt%C4%B1%20ve%20Ka%C5%9F%C4%B1nt%C4%B1%20Tedavisi - https:\/\/www.hakansager.com\/ar\/uzmanliklar\/vajinal-akinti-ve-kasinti-tedavisi\/\" data-action=\"share\/whatsapp\/share\" class=\"icon button circle is-outline tooltip whatsapp show-for-medium\" title=\"Share on WhatsApp\" aria-label=\"Share on WhatsApp\"><i class=\"icon-whatsapp\"><\/i><\/a><a href=\"https:\/\/www.facebook.com\/sharer.php?u=https:\/\/www.hakansager.com\/ar\/uzmanliklar\/vajinal-akinti-ve-kasinti-tedavisi\/\" data-label=\"Facebook\" onclick=\"window.open(this.href,this.title,'width=500,height=500,top=300px,left=300px');  return false;\" rel=\"noopener noreferrer nofollow\" target=\"_blank\" class=\"icon button circle is-outline tooltip facebook\" title=\"Share on Facebook\" aria-label=\"Share on Facebook\"><i class=\"icon-facebook\" ><\/i><\/a><a href=\"https:\/\/twitter.com\/share?url=https:\/\/www.hakansager.com\/ar\/uzmanliklar\/vajinal-akinti-ve-kasinti-tedavisi\/\" onclick=\"window.open(this.href,this.title,'width=500,height=500,top=300px,left=300px');  return false;\" rel=\"noopener noreferrer nofollow\" target=\"_blank\" class=\"icon button circle is-outline tooltip twitter\" title=\"Share on Twitter\" aria-label=\"Share on Twitter\"><i class=\"icon-twitter\" ><\/i><\/a><a href=\"mailto:enteryour@addresshere.com?subject=Vajinal%20Ak%C4%B1nt%C4%B1%20ve%20Ka%C5%9F%C4%B1nt%C4%B1%20Tedavisi&amp;body=Check%20this%20out:%20https:\/\/www.hakansager.com\/ar\/uzmanliklar\/vajinal-akinti-ve-kasinti-tedavisi\/\" rel=\"nofollow\" class=\"icon button circle is-outline tooltip email\" title=\"Email to a Friend\" aria-label=\"Email to a Friend\"><i class=\"icon-envelop\" ><\/i><\/a><a href=\"https:\/\/pinterest.com\/pin\/create\/button\/?url=https:\/\/www.hakansager.com\/ar\/uzmanliklar\/vajinal-akinti-ve-kasinti-tedavisi\/&amp;media=&amp;description=Vajinal%20Ak%C4%B1nt%C4%B1%20ve%20Ka%C5%9F%C4%B1nt%C4%B1%20Tedavisi\" onclick=\"window.open(this.href,this.title,'width=500,height=500,top=300px,left=300px');  return false;\" rel=\"noopener noreferrer nofollow\" target=\"_blank\" class=\"icon button circle is-outline tooltip pinterest\" title=\"Pin on Pinterest\" aria-label=\"Pin on Pinterest\"><i class=\"icon-pinterest\" ><\/i><\/a><a href=\"https:\/\/www.linkedin.com\/shareArticle?mini=true&url=https:\/\/www.hakansager.com\/ar\/uzmanliklar\/vajinal-akinti-ve-kasinti-tedavisi\/&title=Vajinal%20Ak%C4%B1nt%C4%B1%20ve%20Ka%C5%9F%C4%B1nt%C4%B1%20Tedavisi\" onclick=\"window.open(this.href,this.title,'width=500,height=500,top=300px,left=300px');  return false;\"  rel=\"noopener noreferrer nofollow\" target=\"_blank\" class=\"icon button circle is-outline tooltip linkedin\" title=\"Share on LinkedIn\" aria-label=\"Share on LinkedIn\"><i class=\"icon-linkedin\" ><\/i><\/a><\/div><\/div>      <\/div>\n    <\/div>\n\n       <\/div>\n    <\/div>\n  \n\n\t<div id=\"gap-1010256426\" class=\"gap-element clearfix\" style=\"display:block; height:auto;\">\n\t\t\n<style>\n#gap-1010256426 {\n  padding-top: 30px;\n}\n<\/style>\n\t<\/div>\n\t\n\n<div class=\"row\"  id=\"row-281268467\">\n\n\n\t<div id=\"col-282149954\" class=\"col small-12 large-12\"  >\n\t\t\t\t<div class=\"col-inner\"  >\n\t\t\t\n\t\t\t\n\n<h3><div id=\"ez-toc-container\" class=\"ez-toc-v2_0_76 ez-toc-wrap-left counter-hierarchy ez-toc-counter ez-toc-grey ez-toc-container-direction\">\n<div class=\"ez-toc-title-container\">\n<span class=\"ez-toc-title-toggle\"><a href=\"#\" class=\"ez-toc-pull-right ez-toc-btn ez-toc-btn-xs ez-toc-btn-default ez-toc-toggle\" aria-label=\"Toggle Table of Content\"><span class=\"ez-toc-js-icon-con\"><span class=\"\"><span class=\"eztoc-hide\" style=\"display:none;\">Toggle<\/span><span class=\"ez-toc-icon-toggle-span\"><svg style=\"fill: #999;color:#999\" xmlns=\"http:\/\/www.w3.org\/2000\/svg\" class=\"list-377408\" width=\"20px\" height=\"20px\" viewbox=\"0 0 24 24\" fill=\"none\"><path d=\"M6 6H4v2h2V6zm14 0H8v2h12V6zM4 11h2v2H4v-2zm16 0H8v2h12v-2zM4 16h2v2H4v-2zm16 0H8v2h12v-2z\" fill=\"currentColor\"><\/path><\/svg><svg style=\"fill: #999;color:#999\" class=\"arrow-unsorted-368013\" xmlns=\"http:\/\/www.w3.org\/2000\/svg\" width=\"10px\" height=\"10px\" viewbox=\"0 0 24 24\" version=\"1.2\" baseprofile=\"tiny\"><path d=\"M18.2 9.3l-6.2-6.3-6.2 6.3c-.2.2-.3.4-.3.7s.1.5.3.7c.2.2.4.3.7.3h11c.3 0 .5-.1.7-.3.2-.2.3-.5.3-.7s-.1-.5-.3-.7zM5.8 14.7l6.2 6.3 6.2-6.3c.2-.2.3-.5.3-.7s-.1-.5-.3-.7c-.2-.2-.4-.3-.7-.3h-11c-.3 0-.5.1-.7.3-.2.2-.3.5-.3.7s.1.5.3.7z\"\/><\/svg><\/span><\/span><\/span><\/a><\/span><\/div>\n<nav><ul class='ez-toc-list ez-toc-list-level-1' ><li class='ez-toc-page-1 ez-toc-heading-level-1'><a class=\"ez-toc-link ez-toc-heading-1\" href=\"https:\/\/www.hakansager.com\/ar\/uzmanliklar\/vajinal-akinti-ve-kasinti-tedavisi\/#Vajinal_Akinti_ve_Kasinti_Tedavisi\" >\u0639\u0644\u0627\u062c \u0627\u0644\u0625\u0641\u0631\u0627\u0632\u0627\u062a \u0648\u0627\u0644\u062d\u0643\u0629 \u0627\u0644\u0645\u0647\u0628\u0644\u064a\u0629<\/a><ul class='ez-toc-list-level-3' ><li class='ez-toc-heading-level-3'><ul class='ez-toc-list-level-3' ><li class='ez-toc-heading-level-3'><a class=\"ez-toc-link ez-toc-heading-2\" href=\"https:\/\/www.hakansager.com\/ar\/uzmanliklar\/vajinal-akinti-ve-kasinti-tedavisi\/#Vajinal_Akinti_ve_Kasinti_Tedavisi_Nedenler_Belirtiler_ve_Tedavi_Secenekleri\" >Vajinal Ak\u0131nt\u0131 ve Ka\u015f\u0131nt\u0131 Tedavisi: Nedenler, Belirtiler ve Tedavi Se\u00e7enekleri<\/a><ul class='ez-toc-list-level-4' ><li class='ez-toc-heading-level-4'><a class=\"ez-toc-link ez-toc-heading-3\" href=\"https:\/\/www.hakansager.com\/ar\/uzmanliklar\/vajinal-akinti-ve-kasinti-tedavisi\/#Vajinal_Akintinin_Nedenleri\" >Vajinal Ak\u0131nt\u0131n\u0131n Nedenleri<\/a><\/li><li class='ez-toc-page-1 ez-toc-heading-level-4'><a class=\"ez-toc-link ez-toc-heading-4\" href=\"https:\/\/www.hakansager.com\/ar\/uzmanliklar\/vajinal-akinti-ve-kasinti-tedavisi\/#Vajinal_Kasintinin_Nedenleri\" >Vajinal Ka\u015f\u0131nt\u0131n\u0131n Nedenleri<\/a><\/li><li class='ez-toc-page-1 ez-toc-heading-level-4'><a class=\"ez-toc-link ez-toc-heading-5\" href=\"https:\/\/www.hakansager.com\/ar\/uzmanliklar\/vajinal-akinti-ve-kasinti-tedavisi\/#Vajinal_Akinti_ve_Kasintinin_Belirtileri\" >Vajinal Ak\u0131nt\u0131 ve Ka\u015f\u0131nt\u0131n\u0131n Belirtileri<\/a><\/li><li class='ez-toc-page-1 ez-toc-heading-level-4'><a class=\"ez-toc-link ez-toc-heading-6\" href=\"https:\/\/www.hakansager.com\/ar\/uzmanliklar\/vajinal-akinti-ve-kasinti-tedavisi\/#Vajinal_Akinti_ve_Kasinti_Tedavi_Yontemleri\" >Vajinal Ak\u0131nt\u0131 ve Ka\u015f\u0131nt\u0131 Tedavi Y\u00f6ntemleri<\/a><\/li><\/ul><\/li><\/ul><\/li><\/ul><\/li><\/ul><\/nav><\/div>\n<\/h3>\n<h3 style=\"text-align: left;\"><span class=\"ez-toc-section\" id=\"Vajinal_Akinti_ve_Kasinti_Tedavisi_Nedenler_Belirtiler_ve_Tedavi_Secenekleri\"><\/span><strong>Vajinal Ak\u0131nt\u0131 ve Ka\u015f\u0131nt\u0131 Tedavisi: Nedenler, Belirtiler ve Tedavi Se\u00e7enekleri<\/strong><span class=\"ez-toc-section-end\"><\/span><\/h3>\n<p style=\"text-align: justify;\">Vajinal ak\u0131nt\u0131, kad\u0131nlar\u0131n s\u0131k\u00e7a kar\u015f\u0131la\u015ft\u0131\u011f\u0131 bir durumdur ve \u00e7o\u011fu zaman normal kabul edilir. Ancak, a\u015f\u0131r\u0131 miktarda veya anormal bir renkteki ak\u0131nt\u0131, ka\u015f\u0131nt\u0131 ile birlikte ger\u00e7ekle\u015fti\u011finde, sa\u011fl\u0131k sorunlar\u0131na i\u015faret edebilir. <strong>\u0627\u0644\u062f\u0643\u062a\u0648\u0631 \u0627\u0644\u062c\u0631\u0627\u062d\/ \u0647\u0627\u0643\u0627\u0646 \u0633\u0627\u063a\u0631<\/strong>, vajinal ak\u0131nt\u0131 ve ka\u015f\u0131nt\u0131 tedavisinde uzmanla\u015fm\u0131\u015f bir hekim olarak, kad\u0131nlar\u0131n sa\u011fl\u0131\u011f\u0131n\u0131 korumak ve tedavi s\u00fcrecinde destek olmak i\u00e7in \u00e7al\u0131\u015fmaktad\u0131r.<\/p>\n<h4 style=\"text-align: left;\"><span class=\"ez-toc-section\" id=\"Vajinal_Akintinin_Nedenleri\"><\/span><strong>Vajinal Ak\u0131nt\u0131n\u0131n Nedenleri<\/strong><span class=\"ez-toc-section-end\"><\/span><\/h4>\n<p style=\"text-align: justify;\">Vajinal ak\u0131nt\u0131n\u0131n bir\u00e7ok nedeni olabilir:<\/p>\n<ul style=\"text-align: justify;\">\n<li>\n<p><strong>Enfeksiyonlar:<\/strong> Bakteriyel vajinoz, mantar enfeksiyonlar\u0131 ve cinsel yolla bula\u015fan enfeksiyonlar (\u00f6rne\u011fin, klamidya, gonore) vajinal ak\u0131nt\u0131n\u0131n artmas\u0131na neden olabilir.<\/p>\n<\/li>\n<li>\n<p><strong>Hormonal De\u011fi\u015fiklikler:<\/strong> Adet d\u00f6ng\u00fcs\u00fc, hamilelik veya menopoz gibi hormonal de\u011fi\u015fimler de ak\u0131nt\u0131y\u0131 etkileyebilir.<\/p>\n<\/li>\n<li>\n<p><strong>Kimyasal Tahri\u015f:<\/strong> Sabun, parf\u00fcm veya di\u011fer kimyasallar vajinal b\u00f6lgede tahri\u015fe yol a\u00e7abilir.<\/p>\n<\/li>\n<\/ul>\n<h4 style=\"text-align: left;\"><span class=\"ez-toc-section\" id=\"Vajinal_Kasintinin_Nedenleri\"><\/span><strong>Vajinal Ka\u015f\u0131nt\u0131n\u0131n Nedenleri<\/strong><span class=\"ez-toc-section-end\"><\/span><\/h4>\n<p style=\"text-align: justify;\">Vajinal ka\u015f\u0131nt\u0131, a\u015fa\u011f\u0131daki durumlardan kaynaklanabilir:<\/p>\n<ul style=\"text-align: justify;\">\n<li>\n<p><strong>Enfeksiyonlar:<\/strong> Mantar enfeksiyonlar\u0131 en s\u0131k g\u00f6r\u00fclen nedenlerden biridir ve ka\u015f\u0131nt\u0131ya neden olabilir.<\/p>\n<\/li>\n<li>\n<p><strong>\u0130rritasyon:<\/strong> Hijyen \u00fcr\u00fcnleri, prezervatifler veya vajinal du\u015f gibi kimyasallar, tahri\u015fe ve ka\u015f\u0131nt\u0131ya yol a\u00e7abilir.<\/p>\n<\/li>\n<li>\n<p><strong>Dermatolojik Durumlar:<\/strong> Egzama veya sedef hastal\u0131\u011f\u0131 gibi cilt problemleri vajinal b\u00f6lgede ka\u015f\u0131nt\u0131 yaratabilir.<\/p>\n<\/li>\n<\/ul>\n<h4 style=\"text-align: left;\"><span class=\"ez-toc-section\" id=\"Vajinal_Akinti_ve_Kasintinin_Belirtileri\"><\/span><strong>Vajinal Ak\u0131nt\u0131 ve Ka\u015f\u0131nt\u0131n\u0131n Belirtileri<\/strong><span class=\"ez-toc-section-end\"><\/span><\/h4>\n<p style=\"text-align: justify;\">Vajinal ak\u0131nt\u0131 ve ka\u015f\u0131nt\u0131 belirtileri \u015funlar\u0131 i\u00e7erebilir:<\/p>\n<ul style=\"text-align: justify;\">\n<li>Anormal ak\u0131nt\u0131 rengi (ye\u015fil, sar\u0131, beyaz)<\/li>\n<li>K\u00f6t\u00fc koku<\/li>\n<li>Ka\u015f\u0131nt\u0131 veya yanma hissi<\/li>\n<li>\u0130drar yaparken a\u011fr\u0131 veya rahats\u0131zl\u0131k<\/li>\n<\/ul>\n<h4 style=\"text-align: left;\"><span class=\"ez-toc-section\" id=\"Vajinal_Akinti_ve_Kasinti_Tedavi_Yontemleri\"><\/span><strong>Vajinal Ak\u0131nt\u0131 ve Ka\u015f\u0131nt\u0131 Tedavi Y\u00f6ntemleri<\/strong><span class=\"ez-toc-section-end\"><\/span><\/h4>\n<p style=\"text-align: justify;\">Tedavi, altta yatan nedene ba\u011fl\u0131 olarak de\u011fi\u015fiklik g\u00f6sterir:<\/p>\n<ol style=\"text-align: justify;\">\n<li>\n<p><strong>\u0627\u0644\u0639\u0644\u0627\u062c \u0627\u0644\u062f\u0648\u0627\u0626\u064a:<\/strong> Enfeksiyonlar i\u00e7in antibiyotik veya mantar \u00f6nleyici ila\u00e7lar re\u00e7ete edilebilir.<\/p>\n<\/li>\n<li>\n<p><strong>Hygiene ve Ya\u015fam Tarz\u0131 De\u011fi\u015fiklikleri:<\/strong> Temizlik al\u0131\u015fkanl\u0131klar\u0131n\u0131n g\u00f6zden ge\u00e7irilmesi, pamuklu i\u00e7 \u00e7ama\u015f\u0131r\u0131 giymek gibi \u00f6nlemler \u00f6nerilebilir.<\/p>\n<\/li>\n<li>\n<p><strong>Diyet ve Beslenme:<\/strong> Ba\u011f\u0131\u015f\u0131kl\u0131k sistemini g\u00fc\u00e7lendirmek amac\u0131yla sa\u011fl\u0131kl\u0131 bir diyet \u00f6nerilebilir.<\/p>\n<\/li>\n<\/ol>\n<p style=\"text-align: justify;\">Vajinal ak\u0131nt\u0131 ve ka\u015f\u0131nt\u0131, kad\u0131nlar\u0131n ya\u015fam kalitesini olumsuz etkileyebilecek durumlar olsa da, uygun tedavi ile kontrol alt\u0131na al\u0131nabilir. <strong>\u0627\u0644\u062f\u0643\u062a\u0648\u0631 \u0627\u0644\u062c\u0631\u0627\u062d\/ \u0647\u0627\u0643\u0627\u0646 \u0633\u0627\u063a\u0631<\/strong>, hastalar\u0131na kapsaml\u0131 bir de\u011ferlendirme yaparak etkili tedavi y\u00f6ntemleri sunmakta ve sa\u011fl\u0131kl\u0131 bir ya\u015fam s\u00fcrmelerine yard\u0131mc\u0131 olmaktad\u0131r.<\/p>\n\n\n\t\t<\/div>\n\t\t\t\t\t<\/div>\n\n\t\n\n<\/div>","protected":false},"excerpt":{"rendered":"","protected":false},"author":1,"featured_media":0,"parent":376,"menu_order":0,"comment_status":"closed","ping_status":"closed","template":"page-blank.php","meta":{"footnotes":""},"class_list":["post-617","page","type-page","status-publish","hentry"],"_links":{"self":[{"href":"https:\/\/www.hakansager.com\/ar\/wp-json\/wp\/v2\/pages\/617","targetHints":{"allow":["GET"]}}],"collection":[{"href":"https:\/\/www.hakansager.com\/ar\/wp-json\/wp\/v2\/pages"}],"about":[{"href":"https:\/\/www.hakansager.com\/ar\/wp-json\/wp\/v2\/types\/page"}],"author":[{"embeddable":true,"href":"https:\/\/www.hakansager.com\/ar\/wp-json\/wp\/v2\/users\/1"}],"replies":[{"embeddable":true,"href":"https:\/\/www.hakansager.com\/ar\/wp-json\/wp\/v2\/comments?post=617"}],"version-history":[{"count":7,"href":"https:\/\/www.hakansager.com\/ar\/wp-json\/wp\/v2\/pages\/617\/revisions"}],"predecessor-version":[{"id":624,"href":"https:\/\/www.hakansager.com\/ar\/wp-json\/wp\/v2\/pages\/617\/revisions\/624"}],"up":[{"embeddable":true,"href":"https:\/\/www.hakansager.com\/ar\/wp-json\/wp\/v2\/pages\/376"}],"wp:attachment":[{"href":"https:\/\/www.hakansager.com\/ar\/wp-json\/wp\/v2\/media?parent=617"}],"curies":[{"name":"wp","href":"https:\/\/api.w.org\/{rel}","templated":true}]}}