{"id":652,"date":"2024-11-06T15:04:02","date_gmt":"2024-11-06T12:04:02","guid":{"rendered":"https:\/\/www.hakansager.com\/?page_id=652"},"modified":"2024-11-06T15:06:00","modified_gmt":"2024-11-06T12:06:00","slug":"vajinoplasti","status":"publish","type":"page","link":"https:\/\/www.hakansager.com\/ar\/uzmanliklar\/vajinoplasti\/","title":{"rendered":"\u062a\u062c\u0645\u064a\u0644 \u0627\u0644\u0645\u0647\u0628\u0644"},"content":{"rendered":"<div id=\"page-header-455239132\" class=\"page-header-wrapper\">\n  <div class=\"page-title dark featured-title\">\n\n    \n    <div class=\"page-title-inner container align-center flex-row medium-flex-wrap\" >\n              <div class=\"title-wrapper flex-col text-left medium-text-center\">\n          <h1 class=\"entry-title mb-0\"><span class=\"ez-toc-section\" id=\"Vajinoplasti\"><\/span>\n            \u062a\u062c\u0645\u064a\u0644 \u0627\u0644\u0645\u0647\u0628\u0644          <span class=\"ez-toc-section-end\"><\/span><\/h1>\n        <\/div>\n                    <div class=\"title-content flex-col flex-right text-right medium-text-center\">\n        <div class=\"title-share pt-half pb-half\"><div class=\"social-icons share-icons share-row relative\" ><a href=\"whatsapp:\/\/send?text=Vajinoplasti - https:\/\/www.hakansager.com\/ar\/uzmanliklar\/vajinoplasti\/\" data-action=\"share\/whatsapp\/share\" class=\"icon button circle is-outline tooltip whatsapp show-for-medium\" title=\"Share on WhatsApp\" aria-label=\"Share on WhatsApp\"><i class=\"icon-whatsapp\"><\/i><\/a><a href=\"https:\/\/www.facebook.com\/sharer.php?u=https:\/\/www.hakansager.com\/ar\/uzmanliklar\/vajinoplasti\/\" data-label=\"Facebook\" onclick=\"window.open(this.href,this.title,'width=500,height=500,top=300px,left=300px');  return false;\" rel=\"noopener noreferrer nofollow\" target=\"_blank\" class=\"icon button circle is-outline tooltip facebook\" title=\"Share on Facebook\" aria-label=\"Share on Facebook\"><i class=\"icon-facebook\" ><\/i><\/a><a href=\"https:\/\/twitter.com\/share?url=https:\/\/www.hakansager.com\/ar\/uzmanliklar\/vajinoplasti\/\" onclick=\"window.open(this.href,this.title,'width=500,height=500,top=300px,left=300px');  return false;\" rel=\"noopener noreferrer nofollow\" target=\"_blank\" class=\"icon button circle is-outline tooltip twitter\" title=\"Share on Twitter\" aria-label=\"Share on Twitter\"><i class=\"icon-twitter\" ><\/i><\/a><a href=\"mailto:enteryour@addresshere.com?subject=Vajinoplasti&amp;body=Check%20this%20out:%20https:\/\/www.hakansager.com\/ar\/uzmanliklar\/vajinoplasti\/\" rel=\"nofollow\" class=\"icon button circle is-outline tooltip email\" title=\"Email to a Friend\" aria-label=\"Email to a Friend\"><i class=\"icon-envelop\" ><\/i><\/a><a href=\"https:\/\/pinterest.com\/pin\/create\/button\/?url=https:\/\/www.hakansager.com\/ar\/uzmanliklar\/vajinoplasti\/&amp;media=&amp;description=Vajinoplasti\" onclick=\"window.open(this.href,this.title,'width=500,height=500,top=300px,left=300px');  return false;\" rel=\"noopener noreferrer nofollow\" target=\"_blank\" class=\"icon button circle is-outline tooltip pinterest\" title=\"Pin on Pinterest\" aria-label=\"Pin on Pinterest\"><i class=\"icon-pinterest\" ><\/i><\/a><a href=\"https:\/\/www.linkedin.com\/shareArticle?mini=true&url=https:\/\/www.hakansager.com\/ar\/uzmanliklar\/vajinoplasti\/&title=Vajinoplasti\" onclick=\"window.open(this.href,this.title,'width=500,height=500,top=300px,left=300px');  return false;\"  rel=\"noopener noreferrer nofollow\" target=\"_blank\" class=\"icon button circle is-outline tooltip linkedin\" title=\"Share on LinkedIn\" aria-label=\"Share on LinkedIn\"><i class=\"icon-linkedin\" ><\/i><\/a><\/div><\/div>      <\/div>\n    <\/div>\n\n       <\/div>\n    <\/div>\n  \n\n\t<div id=\"gap-443259926\" class=\"gap-element clearfix\" style=\"display:block; height:auto;\">\n\t\t\n<style>\n#gap-443259926 {\n  padding-top: 30px;\n}\n<\/style>\n\t<\/div>\n\t\n\n<div class=\"row\"  id=\"row-1991015652\">\n\n\n\t<div id=\"col-427151444\" class=\"col small-12 large-12\"  >\n\t\t\t\t<div class=\"col-inner\"  >\n\t\t\t\n\t\t\t\n\n<h3><div id=\"ez-toc-container\" class=\"ez-toc-v2_0_76 ez-toc-wrap-left counter-hierarchy ez-toc-counter ez-toc-grey ez-toc-container-direction\">\n<div class=\"ez-toc-title-container\">\n<span class=\"ez-toc-title-toggle\"><a href=\"#\" class=\"ez-toc-pull-right ez-toc-btn ez-toc-btn-xs ez-toc-btn-default ez-toc-toggle\" aria-label=\"Toggle Table of Content\"><span class=\"ez-toc-js-icon-con\"><span class=\"\"><span class=\"eztoc-hide\" style=\"display:none;\">Toggle<\/span><span class=\"ez-toc-icon-toggle-span\"><svg style=\"fill: #999;color:#999\" xmlns=\"http:\/\/www.w3.org\/2000\/svg\" class=\"list-377408\" width=\"20px\" height=\"20px\" viewbox=\"0 0 24 24\" fill=\"none\"><path d=\"M6 6H4v2h2V6zm14 0H8v2h12V6zM4 11h2v2H4v-2zm16 0H8v2h12v-2zM4 16h2v2H4v-2zm16 0H8v2h12v-2z\" fill=\"currentColor\"><\/path><\/svg><svg style=\"fill: #999;color:#999\" class=\"arrow-unsorted-368013\" xmlns=\"http:\/\/www.w3.org\/2000\/svg\" width=\"10px\" height=\"10px\" viewbox=\"0 0 24 24\" version=\"1.2\" baseprofile=\"tiny\"><path d=\"M18.2 9.3l-6.2-6.3-6.2 6.3c-.2.2-.3.4-.3.7s.1.5.3.7c.2.2.4.3.7.3h11c.3 0 .5-.1.7-.3.2-.2.3-.5.3-.7s-.1-.5-.3-.7zM5.8 14.7l6.2 6.3 6.2-6.3c.2-.2.3-.5.3-.7s-.1-.5-.3-.7c-.2-.2-.4-.3-.7-.3h-11c-.3 0-.5.1-.7.3-.2.2-.3.5-.3.7s.1.5.3.7z\"\/><\/svg><\/span><\/span><\/span><\/a><\/span><\/div>\n<nav><ul class='ez-toc-list ez-toc-list-level-1' ><li class='ez-toc-page-1 ez-toc-heading-level-1'><a class=\"ez-toc-link ez-toc-heading-1\" href=\"https:\/\/www.hakansager.com\/ar\/uzmanliklar\/vajinoplasti\/#Vajinoplasti\" >\u062a\u062c\u0645\u064a\u0644 \u0627\u0644\u0645\u0647\u0628\u0644<\/a><ul class='ez-toc-list-level-3' ><li class='ez-toc-heading-level-3'><ul class='ez-toc-list-level-3' ><li class='ez-toc-heading-level-3'><a class=\"ez-toc-link ez-toc-heading-2\" href=\"https:\/\/www.hakansager.com\/ar\/uzmanliklar\/vajinoplasti\/#Vajinoplasti_Vajinal_Daraltma_Ameliyati\" >Vajinoplasti: Vajinal Daraltma Ameliyat\u0131<\/a><ul class='ez-toc-list-level-4' ><li class='ez-toc-heading-level-4'><a class=\"ez-toc-link ez-toc-heading-3\" href=\"https:\/\/www.hakansager.com\/ar\/uzmanliklar\/vajinoplasti\/#Vajinoplasti_Neden_Yapilir\" >Vajinoplasti Neden Yap\u0131l\u0131r?<\/a><\/li><li class='ez-toc-page-1 ez-toc-heading-level-4'><a class=\"ez-toc-link ez-toc-heading-4\" href=\"https:\/\/www.hakansager.com\/ar\/uzmanliklar\/vajinoplasti\/#Vajinoplasti_Nasil_Yapilir\" >Vajinoplasti Nas\u0131l Yap\u0131l\u0131r?<\/a><\/li><li class='ez-toc-page-1 ez-toc-heading-level-4'><a class=\"ez-toc-link ez-toc-heading-5\" href=\"https:\/\/www.hakansager.com\/ar\/uzmanliklar\/vajinoplasti\/#Vajinoplasti_Ameliyati_Sonrasi_Dikkat_Edilmesi_Gerekenler\" >Vajinoplasti Ameliyat\u0131 Sonras\u0131 Dikkat Edilmesi Gerekenler<\/a><\/li><\/ul><\/li><\/ul><\/li><\/ul><\/li><\/ul><\/nav><\/div>\n<\/h3>\n<h3 style=\"text-align: left;\"><span class=\"ez-toc-section\" id=\"Vajinoplasti_Vajinal_Daraltma_Ameliyati\"><\/span><strong>Vajinoplasti: Vajinal Daraltma Ameliyat\u0131<\/strong><span class=\"ez-toc-section-end\"><\/span><\/h3>\n<p style=\"text-align: justify;\">Vajinoplasti, vajinal kanalda meydana gelen geni\u015flemeleri d\u00fczeltmek amac\u0131yla yap\u0131lan bir cerrahi i\u015flemdir. Vajina b\u00f6lgesindeki dokular, do\u011fum ve ya\u015flanma gibi etkenlerden dolay\u0131 elastikiyetini kaybedebilir. <strong>\u0627\u0644\u062f\u0643\u062a\u0648\u0631 \u0627\u0644\u062c\u0631\u0627\u062d\/ \u0647\u0627\u0643\u0627\u0646 \u0633\u0627\u063a\u0631<\/strong>, vajinoplasti konusunda uzman bir hekim olarak, kad\u0131nlara rahatl\u0131k ve \u00f6zg\u00fcven kazand\u0131rmay\u0131 hedeflemektedir.<\/p>\n<h4 style=\"text-align: left;\"><span class=\"ez-toc-section\" id=\"Vajinoplasti_Neden_Yapilir\"><\/span><strong>Vajinoplasti Neden Yap\u0131l\u0131r?<\/strong><span class=\"ez-toc-section-end\"><\/span><\/h4>\n<p style=\"text-align: justify;\">Vajinal geni\u015fleme, kad\u0131nlar\u0131n cinsel ya\u015fam\u0131n\u0131 ve genel sa\u011fl\u0131k durumunu olumsuz etkileyebilir. Vajinoplasti i\u015flemi, bu sorunlar\u0131 \u00e7\u00f6zerek, vajinan\u0131n s\u0131k\u0131la\u015ft\u0131r\u0131lmas\u0131n\u0131 sa\u011flar ve cinsel tatmini art\u0131r\u0131r.<\/p>\n<h4 style=\"text-align: left;\"><span class=\"ez-toc-section\" id=\"Vajinoplasti_Nasil_Yapilir\"><\/span><strong>Vajinoplasti Nas\u0131l Yap\u0131l\u0131r?<\/strong><span class=\"ez-toc-section-end\"><\/span><\/h4>\n<p style=\"text-align: justify;\">Vajinoplasti ameliyat\u0131 s\u0131ras\u0131nda, vajina kanal\u0131 daralt\u0131l\u0131r ve fazla doku \u00e7\u0131kar\u0131l\u0131r. \u0130\u015flem genellikle lokal anestezi alt\u0131nda yap\u0131l\u0131r ve hasta k\u0131sa bir s\u00fcre i\u00e7inde normal ya\u015fant\u0131s\u0131na d\u00f6nebilir. Vajinan\u0131n do\u011fal yap\u0131s\u0131 korunarak, i\u015flevselli\u011fi art\u0131r\u0131l\u0131r.<\/p>\n<h4 style=\"text-align: left;\"><span class=\"ez-toc-section\" id=\"Vajinoplasti_Ameliyati_Sonrasi_Dikkat_Edilmesi_Gerekenler\"><\/span><strong>Vajinoplasti Ameliyat\u0131 Sonras\u0131 Dikkat Edilmesi Gerekenler<\/strong><span class=\"ez-toc-section-end\"><\/span><\/h4>\n<p style=\"text-align: justify;\">Ameliyat sonras\u0131 iyile\u015fme s\u00fcrecinde, hijyen kurallar\u0131na dikkat edilmesi ve doktorun \u00f6nerdi\u011fi bak\u0131m talimatlar\u0131na uyulmas\u0131 olduk\u00e7a \u00f6nemlidir. Genellikle birka\u00e7 hafta i\u00e7inde tam iyile\u015fme sa\u011flan\u0131r.<\/p>\n\n\n\t\t<\/div>\n\t\t\t\t\t<\/div>\n\n\t\n\n<\/div>","protected":false},"excerpt":{"rendered":"","protected":false},"author":1,"featured_media":0,"parent":376,"menu_order":0,"comment_status":"closed","ping_status":"closed","template":"page-blank.php","meta":{"footnotes":""},"class_list":["post-652","page","type-page","status-publish","hentry"],"_links":{"self":[{"href":"https:\/\/www.hakansager.com\/ar\/wp-json\/wp\/v2\/pages\/652","targetHints":{"allow":["GET"]}}],"collection":[{"href":"https:\/\/www.hakansager.com\/ar\/wp-json\/wp\/v2\/pages"}],"about":[{"href":"https:\/\/www.hakansager.com\/ar\/wp-json\/wp\/v2\/types\/page"}],"author":[{"embeddable":true,"href":"https:\/\/www.hakansager.com\/ar\/wp-json\/wp\/v2\/users\/1"}],"replies":[{"embeddable":true,"href":"https:\/\/www.hakansager.com\/ar\/wp-json\/wp\/v2\/comments?post=652"}],"version-history":[{"count":6,"href":"https:\/\/www.hakansager.com\/ar\/wp-json\/wp\/v2\/pages\/652\/revisions"}],"predecessor-version":[{"id":658,"href":"https:\/\/www.hakansager.com\/ar\/wp-json\/wp\/v2\/pages\/652\/revisions\/658"}],"up":[{"embeddable":true,"href":"https:\/\/www.hakansager.com\/ar\/wp-json\/wp\/v2\/pages\/376"}],"wp:attachment":[{"href":"https:\/\/www.hakansager.com\/ar\/wp-json\/wp\/v2\/media?parent=652"}],"curies":[{"name":"wp","href":"https:\/\/api.w.org\/{rel}","templated":true}]}}