{"id":666,"date":"2024-11-06T15:11:00","date_gmt":"2024-11-06T12:11:00","guid":{"rendered":"https:\/\/www.hakansager.com\/?page_id=666"},"modified":"2024-11-06T15:14:41","modified_gmt":"2024-11-06T12:14:41","slug":"kizlik-zari-muayenesi-ve-dikimi","status":"publish","type":"page","link":"https:\/\/www.hakansager.com\/ar\/uzmanliklar\/kizlik-zari-muayenesi-ve-dikimi\/","title":{"rendered":"\u0641\u062d\u0635 \u0648\u063a\u0631\u0632 \u063a\u0634\u0627\u0621 \u0627\u0644\u0628\u0643\u0627\u0631\u0629"},"content":{"rendered":"<div id=\"page-header-1826634874\" class=\"page-header-wrapper\">\n  <div class=\"page-title dark featured-title\">\n\n    \n    <div class=\"page-title-inner container align-center flex-row medium-flex-wrap\" >\n              <div class=\"title-wrapper flex-col text-left medium-text-center\">\n          <h1 class=\"entry-title mb-0\"><span class=\"ez-toc-section\" id=\"Kizlik_Zari_Muayenesi_ve_Dikimi\"><\/span>\n            \u0641\u062d\u0635 \u0648\u063a\u0631\u0632 \u063a\u0634\u0627\u0621 \u0627\u0644\u0628\u0643\u0627\u0631\u0629          <span class=\"ez-toc-section-end\"><\/span><\/h1>\n        <\/div>\n                    <div class=\"title-content flex-col flex-right text-right medium-text-center\">\n        <div class=\"title-share pt-half pb-half\"><div class=\"social-icons share-icons share-row relative\" ><a href=\"whatsapp:\/\/send?text=K%C4%B1zl%C4%B1k%20Zar%C4%B1%20Muayenesi%20ve%20Dikimi - https:\/\/www.hakansager.com\/ar\/uzmanliklar\/kizlik-zari-muayenesi-ve-dikimi\/\" data-action=\"share\/whatsapp\/share\" class=\"icon button circle is-outline tooltip whatsapp show-for-medium\" title=\"Share on WhatsApp\" aria-label=\"Share on WhatsApp\"><i class=\"icon-whatsapp\"><\/i><\/a><a href=\"https:\/\/www.facebook.com\/sharer.php?u=https:\/\/www.hakansager.com\/ar\/uzmanliklar\/kizlik-zari-muayenesi-ve-dikimi\/\" data-label=\"Facebook\" onclick=\"window.open(this.href,this.title,'width=500,height=500,top=300px,left=300px');  return false;\" rel=\"noopener noreferrer nofollow\" target=\"_blank\" class=\"icon button circle is-outline tooltip facebook\" title=\"Share on Facebook\" aria-label=\"Share on Facebook\"><i class=\"icon-facebook\" ><\/i><\/a><a href=\"https:\/\/twitter.com\/share?url=https:\/\/www.hakansager.com\/ar\/uzmanliklar\/kizlik-zari-muayenesi-ve-dikimi\/\" onclick=\"window.open(this.href,this.title,'width=500,height=500,top=300px,left=300px');  return false;\" rel=\"noopener noreferrer nofollow\" target=\"_blank\" class=\"icon button circle is-outline tooltip twitter\" title=\"Share on Twitter\" aria-label=\"Share on Twitter\"><i class=\"icon-twitter\" ><\/i><\/a><a href=\"mailto:enteryour@addresshere.com?subject=K%C4%B1zl%C4%B1k%20Zar%C4%B1%20Muayenesi%20ve%20Dikimi&amp;body=Check%20this%20out:%20https:\/\/www.hakansager.com\/ar\/uzmanliklar\/kizlik-zari-muayenesi-ve-dikimi\/\" rel=\"nofollow\" class=\"icon button circle is-outline tooltip email\" title=\"Email to a Friend\" aria-label=\"Email to a Friend\"><i class=\"icon-envelop\" ><\/i><\/a><a href=\"https:\/\/pinterest.com\/pin\/create\/button\/?url=https:\/\/www.hakansager.com\/ar\/uzmanliklar\/kizlik-zari-muayenesi-ve-dikimi\/&amp;media=&amp;description=K%C4%B1zl%C4%B1k%20Zar%C4%B1%20Muayenesi%20ve%20Dikimi\" onclick=\"window.open(this.href,this.title,'width=500,height=500,top=300px,left=300px');  return false;\" rel=\"noopener noreferrer nofollow\" target=\"_blank\" class=\"icon button circle is-outline tooltip pinterest\" title=\"Pin on Pinterest\" aria-label=\"Pin on Pinterest\"><i class=\"icon-pinterest\" ><\/i><\/a><a href=\"https:\/\/www.linkedin.com\/shareArticle?mini=true&url=https:\/\/www.hakansager.com\/ar\/uzmanliklar\/kizlik-zari-muayenesi-ve-dikimi\/&title=K%C4%B1zl%C4%B1k%20Zar%C4%B1%20Muayenesi%20ve%20Dikimi\" onclick=\"window.open(this.href,this.title,'width=500,height=500,top=300px,left=300px');  return false;\"  rel=\"noopener noreferrer nofollow\" target=\"_blank\" class=\"icon button circle is-outline tooltip linkedin\" title=\"Share on LinkedIn\" aria-label=\"Share on LinkedIn\"><i class=\"icon-linkedin\" ><\/i><\/a><\/div><\/div>      <\/div>\n    <\/div>\n\n       <\/div>\n    <\/div>\n  \n\n\t<div id=\"gap-1839272586\" class=\"gap-element clearfix\" style=\"display:block; height:auto;\">\n\t\t\n<style>\n#gap-1839272586 {\n  padding-top: 30px;\n}\n<\/style>\n\t<\/div>\n\t\n\n<div class=\"row\"  id=\"row-8146570\">\n\n\n\t<div id=\"col-117349381\" class=\"col small-12 large-12\"  >\n\t\t\t\t<div class=\"col-inner\"  >\n\t\t\t\n\t\t\t\n\n<div id=\"ez-toc-container\" class=\"ez-toc-v2_0_76 ez-toc-wrap-left counter-hierarchy ez-toc-counter ez-toc-grey ez-toc-container-direction\">\n<div class=\"ez-toc-title-container\">\n<span class=\"ez-toc-title-toggle\"><a href=\"#\" class=\"ez-toc-pull-right ez-toc-btn ez-toc-btn-xs ez-toc-btn-default ez-toc-toggle\" aria-label=\"Toggle Table of Content\"><span class=\"ez-toc-js-icon-con\"><span class=\"\"><span class=\"eztoc-hide\" style=\"display:none;\">Toggle<\/span><span class=\"ez-toc-icon-toggle-span\"><svg style=\"fill: #999;color:#999\" xmlns=\"http:\/\/www.w3.org\/2000\/svg\" class=\"list-377408\" width=\"20px\" height=\"20px\" viewbox=\"0 0 24 24\" fill=\"none\"><path d=\"M6 6H4v2h2V6zm14 0H8v2h12V6zM4 11h2v2H4v-2zm16 0H8v2h12v-2zM4 16h2v2H4v-2zm16 0H8v2h12v-2z\" fill=\"currentColor\"><\/path><\/svg><svg style=\"fill: #999;color:#999\" class=\"arrow-unsorted-368013\" xmlns=\"http:\/\/www.w3.org\/2000\/svg\" width=\"10px\" height=\"10px\" viewbox=\"0 0 24 24\" version=\"1.2\" baseprofile=\"tiny\"><path d=\"M18.2 9.3l-6.2-6.3-6.2 6.3c-.2.2-.3.4-.3.7s.1.5.3.7c.2.2.4.3.7.3h11c.3 0 .5-.1.7-.3.2-.2.3-.5.3-.7s-.1-.5-.3-.7zM5.8 14.7l6.2 6.3 6.2-6.3c.2-.2.3-.5.3-.7s-.1-.5-.3-.7c-.2-.2-.4-.3-.7-.3h-11c-.3 0-.5.1-.7.3-.2.2-.3.5-.3.7s.1.5.3.7z\"\/><\/svg><\/span><\/span><\/span><\/a><\/span><\/div>\n<nav><ul class='ez-toc-list ez-toc-list-level-1' ><li class='ez-toc-page-1 ez-toc-heading-level-1'><a class=\"ez-toc-link ez-toc-heading-1\" href=\"https:\/\/www.hakansager.com\/ar\/uzmanliklar\/kizlik-zari-muayenesi-ve-dikimi\/#Kizlik_Zari_Muayenesi_ve_Dikimi\" >\u0641\u062d\u0635 \u0648\u063a\u0631\u0632 \u063a\u0634\u0627\u0621 \u0627\u0644\u0628\u0643\u0627\u0631\u0629<\/a><ul class='ez-toc-list-level-4' ><li class='ez-toc-heading-level-4'><ul class='ez-toc-list-level-4' ><li class='ez-toc-heading-level-4'><ul class='ez-toc-list-level-4' ><li class='ez-toc-heading-level-4'><a class=\"ez-toc-link ez-toc-heading-2\" href=\"https:\/\/www.hakansager.com\/ar\/uzmanliklar\/kizlik-zari-muayenesi-ve-dikimi\/#Kizlik_Zari_Muayenesi_Nedir\" >K\u0131zl\u0131k Zar\u0131 Muayenesi Nedir?<\/a><\/li><li class='ez-toc-page-1 ez-toc-heading-level-4'><a class=\"ez-toc-link ez-toc-heading-3\" href=\"https:\/\/www.hakansager.com\/ar\/uzmanliklar\/kizlik-zari-muayenesi-ve-dikimi\/#Kizlik_Zari_Dikimi_Nasil_Yapilir\" >K\u0131zl\u0131k Zar\u0131 Dikimi Nas\u0131l Yap\u0131l\u0131r?<\/a><\/li><\/ul><\/li><\/ul><\/li><\/ul><\/li><\/ul><\/nav><\/div>\n\n<p style=\"text-align: justify;\">K\u0131zl\u0131k zar\u0131 muayenesi, hymen olarak bilinen zar\u0131n durumu hakk\u0131nda bilgi sahibi olmak amac\u0131yla yap\u0131lan bir i\u015flemdir. <strong>\u0627\u0644\u062f\u0643\u062a\u0648\u0631 \u0627\u0644\u062c\u0631\u0627\u062d\/ \u0647\u0627\u0643\u0627\u0646 \u0633\u0627\u063a\u0631<\/strong>, bu konuda titizlikle \u00e7al\u0131\u015fan bir hekim olarak, gizlilik ve hassasiyete \u00f6nem vererek hastalar\u0131na hizmet sunmaktad\u0131r.<\/p>\n<h4 style=\"text-align: left;\"><span class=\"ez-toc-section\" id=\"Kizlik_Zari_Muayenesi_Nedir\"><\/span><strong>K\u0131zl\u0131k Zar\u0131 Muayenesi Nedir?<\/strong><span class=\"ez-toc-section-end\"><\/span><\/h4>\n<p style=\"text-align: justify;\">K\u0131zl\u0131k zar\u0131 muayenesi, genellikle t\u0131bbi veya sosyal sebeplerle yap\u0131lan bir de\u011ferlendirmedir. Hymenin yap\u0131s\u0131 ve durumu incelenir ve gerekiyorsa k\u0131zl\u0131k zar\u0131 dikimi (himenoplasti) i\u015flemi yap\u0131l\u0131r.<\/p>\n<h4 style=\"text-align: left;\"><span class=\"ez-toc-section\" id=\"Kizlik_Zari_Dikimi_Nasil_Yapilir\"><\/span><strong>K\u0131zl\u0131k Zar\u0131 Dikimi Nas\u0131l Yap\u0131l\u0131r?<\/strong><span class=\"ez-toc-section-end\"><\/span><\/h4>\n<p style=\"text-align: justify;\">K\u0131zl\u0131k zar\u0131 dikimi, hymenin cerrahi olarak yeniden yap\u0131land\u0131r\u0131lmas\u0131n\u0131 i\u00e7eren bir i\u015flemdir. Kal\u0131c\u0131 veya ge\u00e7ici dikim y\u00f6ntemleri uygulanabilir. \u0130\u015flem, lokal anestezi alt\u0131nda yap\u0131l\u0131r ve hasta k\u0131sa s\u00fcrede iyile\u015fir.<\/p>\n\n\n\t\t<\/div>\n\t\t\t\t\t<\/div>\n\n\t\n\n<\/div>","protected":false},"excerpt":{"rendered":"","protected":false},"author":1,"featured_media":0,"parent":376,"menu_order":0,"comment_status":"closed","ping_status":"closed","template":"page-blank.php","meta":{"footnotes":""},"class_list":["post-666","page","type-page","status-publish","hentry"],"_links":{"self":[{"href":"https:\/\/www.hakansager.com\/ar\/wp-json\/wp\/v2\/pages\/666","targetHints":{"allow":["GET"]}}],"collection":[{"href":"https:\/\/www.hakansager.com\/ar\/wp-json\/wp\/v2\/pages"}],"about":[{"href":"https:\/\/www.hakansager.com\/ar\/wp-json\/wp\/v2\/types\/page"}],"author":[{"embeddable":true,"href":"https:\/\/www.hakansager.com\/ar\/wp-json\/wp\/v2\/users\/1"}],"replies":[{"embeddable":true,"href":"https:\/\/www.hakansager.com\/ar\/wp-json\/wp\/v2\/comments?post=666"}],"version-history":[{"count":6,"href":"https:\/\/www.hakansager.com\/ar\/wp-json\/wp\/v2\/pages\/666\/revisions"}],"predecessor-version":[{"id":672,"href":"https:\/\/www.hakansager.com\/ar\/wp-json\/wp\/v2\/pages\/666\/revisions\/672"}],"up":[{"embeddable":true,"href":"https:\/\/www.hakansager.com\/ar\/wp-json\/wp\/v2\/pages\/376"}],"wp:attachment":[{"href":"https:\/\/www.hakansager.com\/ar\/wp-json\/wp\/v2\/media?parent=666"}],"curies":[{"name":"wp","href":"https:\/\/api.w.org\/{rel}","templated":true}]}}