{"id":741,"date":"2024-11-06T22:48:07","date_gmt":"2024-11-06T19:48:07","guid":{"rendered":"https:\/\/www.hakansager.com\/?page_id=741"},"modified":"2024-11-07T02:19:45","modified_gmt":"2024-11-06T23:19:45","slug":"botoks","status":"publish","type":"page","link":"https:\/\/www.hakansager.com\/ar\/uzmanliklar\/botoks\/","title":{"rendered":"\u0628\u0648\u062a\u0648\u0643\u0633"},"content":{"rendered":"<div id=\"page-header-1214132093\" class=\"page-header-wrapper\">\n  <div class=\"page-title dark featured-title\">\n\n    \n    <div class=\"page-title-inner container align-center flex-row medium-flex-wrap\" >\n              <div class=\"title-wrapper flex-col text-left medium-text-center\">\n          <h1 class=\"entry-title mb-0\"><span class=\"ez-toc-section\" id=\"Botoks\"><\/span>\n            \u0628\u0648\u062a\u0648\u0643\u0633          <span class=\"ez-toc-section-end\"><\/span><\/h1>\n        <\/div>\n                    <div class=\"title-content flex-col flex-right text-right medium-text-center\">\n        <div class=\"title-share pt-half pb-half\"><div class=\"social-icons share-icons share-row relative\" ><a href=\"whatsapp:\/\/send?text=Botoks - https:\/\/www.hakansager.com\/ar\/uzmanliklar\/botoks\/\" data-action=\"share\/whatsapp\/share\" class=\"icon button circle is-outline tooltip whatsapp show-for-medium\" title=\"Share on WhatsApp\" aria-label=\"Share on WhatsApp\"><i class=\"icon-whatsapp\"><\/i><\/a><a href=\"https:\/\/www.facebook.com\/sharer.php?u=https:\/\/www.hakansager.com\/ar\/uzmanliklar\/botoks\/\" data-label=\"Facebook\" onclick=\"window.open(this.href,this.title,'width=500,height=500,top=300px,left=300px');  return false;\" rel=\"noopener noreferrer nofollow\" target=\"_blank\" class=\"icon button circle is-outline tooltip facebook\" title=\"Share on Facebook\" aria-label=\"Share on Facebook\"><i class=\"icon-facebook\" ><\/i><\/a><a href=\"https:\/\/twitter.com\/share?url=https:\/\/www.hakansager.com\/ar\/uzmanliklar\/botoks\/\" onclick=\"window.open(this.href,this.title,'width=500,height=500,top=300px,left=300px');  return false;\" rel=\"noopener noreferrer nofollow\" target=\"_blank\" class=\"icon button circle is-outline tooltip twitter\" title=\"Share on Twitter\" aria-label=\"Share on Twitter\"><i class=\"icon-twitter\" ><\/i><\/a><a href=\"mailto:enteryour@addresshere.com?subject=Botoks&amp;body=Check%20this%20out:%20https:\/\/www.hakansager.com\/ar\/uzmanliklar\/botoks\/\" rel=\"nofollow\" class=\"icon button circle is-outline tooltip email\" title=\"Email to a Friend\" aria-label=\"Email to a Friend\"><i class=\"icon-envelop\" ><\/i><\/a><a href=\"https:\/\/pinterest.com\/pin\/create\/button\/?url=https:\/\/www.hakansager.com\/ar\/uzmanliklar\/botoks\/&amp;media=&amp;description=Botoks\" onclick=\"window.open(this.href,this.title,'width=500,height=500,top=300px,left=300px');  return false;\" rel=\"noopener noreferrer nofollow\" target=\"_blank\" class=\"icon button circle is-outline tooltip pinterest\" title=\"Pin on Pinterest\" aria-label=\"Pin on Pinterest\"><i class=\"icon-pinterest\" ><\/i><\/a><a href=\"https:\/\/www.linkedin.com\/shareArticle?mini=true&url=https:\/\/www.hakansager.com\/ar\/uzmanliklar\/botoks\/&title=Botoks\" onclick=\"window.open(this.href,this.title,'width=500,height=500,top=300px,left=300px');  return false;\"  rel=\"noopener noreferrer nofollow\" target=\"_blank\" class=\"icon button circle is-outline tooltip linkedin\" title=\"Share on LinkedIn\" aria-label=\"Share on LinkedIn\"><i class=\"icon-linkedin\" ><\/i><\/a><\/div><\/div>      <\/div>\n    <\/div>\n\n       <\/div>\n    <\/div>\n  \n\n\t<div id=\"gap-397526832\" class=\"gap-element clearfix\" style=\"display:block; height:auto;\">\n\t\t\n<style>\n#gap-397526832 {\n  padding-top: 30px;\n}\n<\/style>\n\t<\/div>\n\t\n\n<div class=\"row\"  id=\"row-1812248767\">\n\n\n\t<div id=\"col-1242954386\" class=\"col small-12 large-12\"  >\n\t\t\t\t<div class=\"col-inner\"  >\n\t\t\t\n\t\t\t\n\n<h3><div id=\"ez-toc-container\" class=\"ez-toc-v2_0_76 ez-toc-wrap-left counter-hierarchy ez-toc-counter ez-toc-grey ez-toc-container-direction\">\n<div class=\"ez-toc-title-container\">\n<span class=\"ez-toc-title-toggle\"><a href=\"#\" class=\"ez-toc-pull-right ez-toc-btn ez-toc-btn-xs ez-toc-btn-default ez-toc-toggle\" aria-label=\"Toggle Table of Content\"><span class=\"ez-toc-js-icon-con\"><span class=\"\"><span class=\"eztoc-hide\" style=\"display:none;\">Toggle<\/span><span class=\"ez-toc-icon-toggle-span\"><svg style=\"fill: #999;color:#999\" xmlns=\"http:\/\/www.w3.org\/2000\/svg\" class=\"list-377408\" width=\"20px\" height=\"20px\" viewbox=\"0 0 24 24\" fill=\"none\"><path d=\"M6 6H4v2h2V6zm14 0H8v2h12V6zM4 11h2v2H4v-2zm16 0H8v2h12v-2zM4 16h2v2H4v-2zm16 0H8v2h12v-2z\" fill=\"currentColor\"><\/path><\/svg><svg style=\"fill: #999;color:#999\" class=\"arrow-unsorted-368013\" xmlns=\"http:\/\/www.w3.org\/2000\/svg\" width=\"10px\" height=\"10px\" viewbox=\"0 0 24 24\" version=\"1.2\" baseprofile=\"tiny\"><path d=\"M18.2 9.3l-6.2-6.3-6.2 6.3c-.2.2-.3.4-.3.7s.1.5.3.7c.2.2.4.3.7.3h11c.3 0 .5-.1.7-.3.2-.2.3-.5.3-.7s-.1-.5-.3-.7zM5.8 14.7l6.2 6.3 6.2-6.3c.2-.2.3-.5.3-.7s-.1-.5-.3-.7c-.2-.2-.4-.3-.7-.3h-11c-.3 0-.5.1-.7.3-.2.2-.3.5-.3.7s.1.5.3.7z\"\/><\/svg><\/span><\/span><\/span><\/a><\/span><\/div>\n<nav><ul class='ez-toc-list ez-toc-list-level-1' ><li class='ez-toc-page-1 ez-toc-heading-level-1'><a class=\"ez-toc-link ez-toc-heading-1\" href=\"https:\/\/www.hakansager.com\/ar\/uzmanliklar\/botoks\/#Botoks\" >\u0628\u0648\u062a\u0648\u0643\u0633<\/a><ul class='ez-toc-list-level-3' ><li class='ez-toc-heading-level-3'><ul class='ez-toc-list-level-3' ><li class='ez-toc-heading-level-3'><a class=\"ez-toc-link ez-toc-heading-2\" href=\"https:\/\/www.hakansager.com\/ar\/uzmanliklar\/botoks\/#Botoks_Uygulamasi_Yaslanma_Karsiti_Etkinlik\" >Botoks Uygulamas\u0131: Ya\u015flanma Kar\u015f\u0131t\u0131 Etkinlik<\/a><ul class='ez-toc-list-level-4' ><li class='ez-toc-heading-level-4'><a class=\"ez-toc-link ez-toc-heading-3\" href=\"https:\/\/www.hakansager.com\/ar\/uzmanliklar\/botoks\/#Botoks_Uygulamasinin_Avantajlari\" >Botoks Uygulamas\u0131n\u0131n Avantajlar\u0131<\/a><\/li><\/ul><\/li><\/ul><\/li><\/ul><\/li><\/ul><\/nav><\/div>\n<\/h3>\n<h3 style=\"text-align: left;\"><span class=\"ez-toc-section\" id=\"Botoks_Uygulamasi_Yaslanma_Karsiti_Etkinlik\"><\/span><strong>Botoks Uygulamas\u0131: Ya\u015flanma Kar\u015f\u0131t\u0131 Etkinlik<\/strong><span class=\"ez-toc-section-end\"><\/span><\/h3>\n<p style=\"text-align: justify;\">Botoks, ya\u015flanma belirtilerinin azalt\u0131lmas\u0131nda etkili bir y\u00f6ntem olarak \u00f6ne \u00e7\u0131kmaktad\u0131r. \u00d6zellikle k\u0131r\u0131\u015f\u0131kl\u0131klar\u0131n giderilmesi ve y\u00fcz\u00fcn daha gen\u00e7 bir g\u00f6r\u00fcn\u00fcme kavu\u015fmas\u0131 i\u00e7in tercih edilmektedir. Bu i\u015flem, sinir h\u00fccrelerine etki ederek kaslar\u0131n gev\u015fetilmesini sa\u011flar. Botoks tedavisi, k\u0131sa s\u00fcrede sonu\u00e7 al\u0131nabilen ve etkisini uzun s\u00fcre devam ettiren bir uygulamad\u0131r.<\/p>\n<p style=\"text-align: justify;\">Y\u00fczdeki ince \u00e7izgiler ve k\u0131r\u0131\u015f\u0131kl\u0131klar, zamanla belirgin hale gelir ve bu durum estetik kayg\u0131lara yol a\u00e7abilir. Botoks, bu kayg\u0131lar\u0131 azaltmak amac\u0131yla geli\u015ftirilmi\u015ftir. Tedavi s\u0131ras\u0131nda kullan\u0131lan maddeler, cildin alt\u0131na enjekte edilerek kaslar\u0131n ge\u00e7ici olarak gev\u015femesine neden olur. Bu sayede cildin y\u00fczeyinde yer alan k\u0131r\u0131\u015f\u0131kl\u0131klar azal\u0131r ve daha p\u00fcr\u00fczs\u00fcz bir g\u00f6r\u00fcn\u00fcm elde edilir.<\/p>\n<h4 style=\"text-align: left;\"><span class=\"ez-toc-section\" id=\"Botoks_Uygulamasinin_Avantajlari\"><\/span><strong>Botoks Uygulamas\u0131n\u0131n Avantajlar\u0131<\/strong><span class=\"ez-toc-section-end\"><\/span><\/h4>\n<ul style=\"text-align: justify;\">\n<li>K\u0131sa s\u00fcrede uygulanabilir olmas\u0131<\/li>\n<li>\u0130yile\u015fme s\u00fcresinin h\u0131zl\u0131 olmas\u0131<\/li>\n<li>Y\u00fczde do\u011fal bir gen\u00e7le\u015fme etkisi yaratmas\u0131<\/li>\n<li>Di\u011fer estetik i\u015flemlerle kombine edilebilmesi<\/li>\n<\/ul>\n<p style=\"text-align: justify;\">Botoks i\u015flemi sonras\u0131nda, hastalar\u0131n g\u00fcnl\u00fck ya\u015famlar\u0131na hemen d\u00f6nmeleri m\u00fcmk\u00fcnd\u00fcr. Ayr\u0131ca i\u015flem sonras\u0131, birka\u00e7 g\u00fcn i\u00e7inde etkiler g\u00f6r\u00fclmeye ba\u015flan\u0131r ve birka\u00e7 ay s\u00fcresince kal\u0131c\u0131 olur. Estetik kayg\u0131lar\u0131n giderilmesinde son derece etkili olan bu y\u00f6ntem, minimal invaziv bir i\u015flem oldu\u011fu i\u00e7in bir\u00e7ok ki\u015fi taraf\u0131ndan tercih edilmektedir.<\/p>\n\n\n\t\t<\/div>\n\t\t\t\t\t<\/div>\n\n\t\n\n<\/div>","protected":false},"excerpt":{"rendered":"","protected":false},"author":1,"featured_media":0,"parent":376,"menu_order":0,"comment_status":"closed","ping_status":"closed","template":"page-blank.php","meta":{"footnotes":""},"class_list":["post-741","page","type-page","status-publish","hentry"],"_links":{"self":[{"href":"https:\/\/www.hakansager.com\/ar\/wp-json\/wp\/v2\/pages\/741","targetHints":{"allow":["GET"]}}],"collection":[{"href":"https:\/\/www.hakansager.com\/ar\/wp-json\/wp\/v2\/pages"}],"about":[{"href":"https:\/\/www.hakansager.com\/ar\/wp-json\/wp\/v2\/types\/page"}],"author":[{"embeddable":true,"href":"https:\/\/www.hakansager.com\/ar\/wp-json\/wp\/v2\/users\/1"}],"replies":[{"embeddable":true,"href":"https:\/\/www.hakansager.com\/ar\/wp-json\/wp\/v2\/comments?post=741"}],"version-history":[{"count":6,"href":"https:\/\/www.hakansager.com\/ar\/wp-json\/wp\/v2\/pages\/741\/revisions"}],"predecessor-version":[{"id":747,"href":"https:\/\/www.hakansager.com\/ar\/wp-json\/wp\/v2\/pages\/741\/revisions\/747"}],"up":[{"embeddable":true,"href":"https:\/\/www.hakansager.com\/ar\/wp-json\/wp\/v2\/pages\/376"}],"wp:attachment":[{"href":"https:\/\/www.hakansager.com\/ar\/wp-json\/wp\/v2\/media?parent=741"}],"curies":[{"name":"wp","href":"https:\/\/api.w.org\/{rel}","templated":true}]}}