{"id":748,"date":"2024-11-06T22:50:11","date_gmt":"2024-11-06T19:50:11","guid":{"rendered":"https:\/\/www.hakansager.com\/?page_id=748"},"modified":"2024-11-06T22:51:46","modified_gmt":"2024-11-06T19:51:46","slug":"dudak-dolgusu","status":"publish","type":"page","link":"https:\/\/www.hakansager.com\/ar\/uzmanliklar\/dudak-dolgusu\/","title":{"rendered":"\u062d\u0642\u0646 \u0627\u0644\u0634\u0641\u0627\u0647"},"content":{"rendered":"<div id=\"page-header-2015990277\" class=\"page-header-wrapper\">\n  <div class=\"page-title dark featured-title\">\n\n    \n    <div class=\"page-title-inner container align-center flex-row medium-flex-wrap\" >\n              <div class=\"title-wrapper flex-col text-left medium-text-center\">\n          <h1 class=\"entry-title mb-0\"><span class=\"ez-toc-section\" id=\"Dudak_Dolgusu\"><\/span>\n            \u062d\u0642\u0646 \u0627\u0644\u0634\u0641\u0627\u0647          <span class=\"ez-toc-section-end\"><\/span><\/h1>\n        <\/div>\n                    <div class=\"title-content flex-col flex-right text-right medium-text-center\">\n        <div class=\"title-share pt-half pb-half\"><div class=\"social-icons share-icons share-row relative\" ><a href=\"whatsapp:\/\/send?text=Dudak%20Dolgusu - https:\/\/www.hakansager.com\/ar\/uzmanliklar\/dudak-dolgusu\/\" data-action=\"share\/whatsapp\/share\" class=\"icon button circle is-outline tooltip whatsapp show-for-medium\" title=\"Share on WhatsApp\" aria-label=\"Share on WhatsApp\"><i class=\"icon-whatsapp\"><\/i><\/a><a href=\"https:\/\/www.facebook.com\/sharer.php?u=https:\/\/www.hakansager.com\/ar\/uzmanliklar\/dudak-dolgusu\/\" data-label=\"Facebook\" onclick=\"window.open(this.href,this.title,'width=500,height=500,top=300px,left=300px');  return false;\" rel=\"noopener noreferrer nofollow\" target=\"_blank\" class=\"icon button circle is-outline tooltip facebook\" title=\"Share on Facebook\" aria-label=\"Share on Facebook\"><i class=\"icon-facebook\" ><\/i><\/a><a href=\"https:\/\/twitter.com\/share?url=https:\/\/www.hakansager.com\/ar\/uzmanliklar\/dudak-dolgusu\/\" onclick=\"window.open(this.href,this.title,'width=500,height=500,top=300px,left=300px');  return false;\" rel=\"noopener noreferrer nofollow\" target=\"_blank\" class=\"icon button circle is-outline tooltip twitter\" title=\"Share on Twitter\" aria-label=\"Share on Twitter\"><i class=\"icon-twitter\" ><\/i><\/a><a href=\"mailto:enteryour@addresshere.com?subject=Dudak%20Dolgusu&amp;body=Check%20this%20out:%20https:\/\/www.hakansager.com\/ar\/uzmanliklar\/dudak-dolgusu\/\" rel=\"nofollow\" class=\"icon button circle is-outline tooltip email\" title=\"Email to a Friend\" aria-label=\"Email to a Friend\"><i class=\"icon-envelop\" ><\/i><\/a><a href=\"https:\/\/pinterest.com\/pin\/create\/button\/?url=https:\/\/www.hakansager.com\/ar\/uzmanliklar\/dudak-dolgusu\/&amp;media=&amp;description=Dudak%20Dolgusu\" onclick=\"window.open(this.href,this.title,'width=500,height=500,top=300px,left=300px');  return false;\" rel=\"noopener noreferrer nofollow\" target=\"_blank\" class=\"icon button circle is-outline tooltip pinterest\" title=\"Pin on Pinterest\" aria-label=\"Pin on Pinterest\"><i class=\"icon-pinterest\" ><\/i><\/a><a href=\"https:\/\/www.linkedin.com\/shareArticle?mini=true&url=https:\/\/www.hakansager.com\/ar\/uzmanliklar\/dudak-dolgusu\/&title=Dudak%20Dolgusu\" onclick=\"window.open(this.href,this.title,'width=500,height=500,top=300px,left=300px');  return false;\"  rel=\"noopener noreferrer nofollow\" target=\"_blank\" class=\"icon button circle is-outline tooltip linkedin\" title=\"Share on LinkedIn\" aria-label=\"Share on LinkedIn\"><i class=\"icon-linkedin\" ><\/i><\/a><\/div><\/div>      <\/div>\n    <\/div>\n\n       <\/div>\n    <\/div>\n  \n\n\t<div id=\"gap-305871596\" class=\"gap-element clearfix\" style=\"display:block; height:auto;\">\n\t\t\n<style>\n#gap-305871596 {\n  padding-top: 30px;\n}\n<\/style>\n\t<\/div>\n\t\n\n<div class=\"row\"  id=\"row-1728509184\">\n\n\n\t<div id=\"col-2131503031\" class=\"col small-12 large-12\"  >\n\t\t\t\t<div class=\"col-inner\"  >\n\t\t\t\n\t\t\t\n\n<h3><div id=\"ez-toc-container\" class=\"ez-toc-v2_0_76 ez-toc-wrap-left counter-hierarchy ez-toc-counter ez-toc-grey ez-toc-container-direction\">\n<div class=\"ez-toc-title-container\">\n<span class=\"ez-toc-title-toggle\"><a href=\"#\" class=\"ez-toc-pull-right ez-toc-btn ez-toc-btn-xs ez-toc-btn-default ez-toc-toggle\" aria-label=\"Toggle Table of Content\"><span class=\"ez-toc-js-icon-con\"><span class=\"\"><span class=\"eztoc-hide\" style=\"display:none;\">Toggle<\/span><span class=\"ez-toc-icon-toggle-span\"><svg style=\"fill: #999;color:#999\" xmlns=\"http:\/\/www.w3.org\/2000\/svg\" class=\"list-377408\" width=\"20px\" height=\"20px\" viewbox=\"0 0 24 24\" fill=\"none\"><path d=\"M6 6H4v2h2V6zm14 0H8v2h12V6zM4 11h2v2H4v-2zm16 0H8v2h12v-2zM4 16h2v2H4v-2zm16 0H8v2h12v-2z\" fill=\"currentColor\"><\/path><\/svg><svg style=\"fill: #999;color:#999\" class=\"arrow-unsorted-368013\" xmlns=\"http:\/\/www.w3.org\/2000\/svg\" width=\"10px\" height=\"10px\" viewbox=\"0 0 24 24\" version=\"1.2\" baseprofile=\"tiny\"><path d=\"M18.2 9.3l-6.2-6.3-6.2 6.3c-.2.2-.3.4-.3.7s.1.5.3.7c.2.2.4.3.7.3h11c.3 0 .5-.1.7-.3.2-.2.3-.5.3-.7s-.1-.5-.3-.7zM5.8 14.7l6.2 6.3 6.2-6.3c.2-.2.3-.5.3-.7s-.1-.5-.3-.7c-.2-.2-.4-.3-.7-.3h-11c-.3 0-.5.1-.7.3-.2.2-.3.5-.3.7s.1.5.3.7z\"\/><\/svg><\/span><\/span><\/span><\/a><\/span><\/div>\n<nav><ul class='ez-toc-list ez-toc-list-level-1' ><li class='ez-toc-page-1 ez-toc-heading-level-1'><a class=\"ez-toc-link ez-toc-heading-1\" href=\"https:\/\/www.hakansager.com\/ar\/uzmanliklar\/dudak-dolgusu\/#Dudak_Dolgusu\" >\u062d\u0642\u0646 \u0627\u0644\u0634\u0641\u0627\u0647<\/a><ul class='ez-toc-list-level-3' ><li class='ez-toc-heading-level-3'><ul class='ez-toc-list-level-3' ><li class='ez-toc-heading-level-3'><a class=\"ez-toc-link ez-toc-heading-2\" href=\"https:\/\/www.hakansager.com\/ar\/uzmanliklar\/dudak-dolgusu\/#Dudak_Dolgusu_Dolgun_ve_Cekici_Dudaklar_Icin_Etkili_Cozum\" >Dudak Dolgusu: Dolgun ve \u00c7ekici Dudaklar \u0130\u00e7in Etkili \u00c7\u00f6z\u00fcm<\/a><ul class='ez-toc-list-level-4' ><li class='ez-toc-heading-level-4'><a class=\"ez-toc-link ez-toc-heading-3\" href=\"https:\/\/www.hakansager.com\/ar\/uzmanliklar\/dudak-dolgusu\/#Dudak_Dolgusu_Isleminin_Avantajlari\" >Dudak Dolgusu \u0130\u015fleminin Avantajlar\u0131<\/a><\/li><\/ul><\/li><\/ul><\/li><\/ul><\/li><\/ul><\/nav><\/div>\n<\/h3>\n<h3 style=\"text-align: left;\"><span class=\"ez-toc-section\" id=\"Dudak_Dolgusu_Dolgun_ve_Cekici_Dudaklar_Icin_Etkili_Cozum\"><\/span><strong>Dudak Dolgusu: Dolgun ve \u00c7ekici Dudaklar \u0130\u00e7in Etkili \u00c7\u00f6z\u00fcm<\/strong><span class=\"ez-toc-section-end\"><\/span><\/h3>\n<p style=\"text-align: justify;\">Dudak dolgusu, dudaklara hacim kazand\u0131rmak, asimetriyi d\u00fczeltmek ve do\u011fal bir dolgunluk sa\u011flamak amac\u0131yla uygulanan pop\u00fcler bir estetik i\u015flemdir. Zamanla dudaklar\u0131n incelmesi ya da dudak yap\u0131s\u0131ndaki do\u011fal asimetrilerin giderilmesi i\u00e7in tercih edilen bu y\u00f6ntem, k\u0131sa s\u00fcrede belirgin sonu\u00e7lar verir. Dudak dolgusu, genellikle hyaluronik asit bazl\u0131 maddelerle yap\u0131l\u0131r, bu da i\u015flemin g\u00fcvenli ve do\u011fal sonu\u00e7lar do\u011furmas\u0131n\u0131 sa\u011flar.<\/p>\n<p style=\"text-align: justify;\">Dudak dolgusu, ki\u015finin y\u00fcz yap\u0131s\u0131na ve estetik beklentilerine g\u00f6re \u00f6zel olarak planlan\u0131r. \u0130\u015flem s\u0131ras\u0131nda kullan\u0131lan dolgu maddesi, dudaklara enjekte edilerek daha dolgun ve simetrik bir g\u00f6r\u00fcn\u00fcm elde edilir. Bu i\u015flem, sadece dudaklar\u0131 dolgunla\u015ft\u0131rmakla kalmaz, ayn\u0131 zamanda dudak kenarlar\u0131n\u0131 belirginle\u015ftirerek y\u00fcz\u00fcn genel hatlar\u0131na estetik bir uyum kazand\u0131r\u0131r. Dudak dolgusu uygulamas\u0131, h\u0131zl\u0131 sonu\u00e7 veren ve etkisi uzun s\u00fcre devam eden bir tedavi y\u00f6ntemidir.<\/p>\n<h4 style=\"text-align: left;\"><span class=\"ez-toc-section\" id=\"Dudak_Dolgusu_Isleminin_Avantajlari\"><\/span><strong>Dudak Dolgusu \u0130\u015fleminin Avantajlar\u0131<\/strong><span class=\"ez-toc-section-end\"><\/span><\/h4>\n<ul style=\"text-align: justify;\">\n<li>Do\u011fal ve \u00e7ekici bir g\u00f6r\u00fcn\u00fcm sa\u011flar<\/li>\n<li>Dudak yap\u0131s\u0131nda istenilen dolgunlu\u011fu sunar<\/li>\n<li>K\u0131sa s\u00fcrede uygulanabilir ve hemen sonu\u00e7 verir<\/li>\n<li>Etkisi 6-12 ay boyunca devam eder<\/li>\n<\/ul>\n<p style=\"text-align: justify;\">Dudak dolgusu i\u015flemi sonras\u0131nda hastalar, genellikle g\u00fcnl\u00fck aktivitelerine hemen d\u00f6nebilirler. Hafif \u015fi\u015flik veya morarma g\u00f6r\u00fclebilir, ancak bu durum birka\u00e7 g\u00fcn i\u00e7inde kendili\u011finden ge\u00e7er. Dolgu maddesi, dudaklarda do\u011fal bir dolgunluk sa\u011flayarak y\u00fcz\u00fcn genel esteti\u011fini g\u00fc\u00e7lendirir.<\/p>\n\n\n\t\t<\/div>\n\t\t\t\t\t<\/div>\n\n\t\n\n<\/div>","protected":false},"excerpt":{"rendered":"","protected":false},"author":1,"featured_media":0,"parent":376,"menu_order":0,"comment_status":"closed","ping_status":"closed","template":"page-blank.php","meta":{"footnotes":""},"class_list":["post-748","page","type-page","status-publish","hentry"],"_links":{"self":[{"href":"https:\/\/www.hakansager.com\/ar\/wp-json\/wp\/v2\/pages\/748","targetHints":{"allow":["GET"]}}],"collection":[{"href":"https:\/\/www.hakansager.com\/ar\/wp-json\/wp\/v2\/pages"}],"about":[{"href":"https:\/\/www.hakansager.com\/ar\/wp-json\/wp\/v2\/types\/page"}],"author":[{"embeddable":true,"href":"https:\/\/www.hakansager.com\/ar\/wp-json\/wp\/v2\/users\/1"}],"replies":[{"embeddable":true,"href":"https:\/\/www.hakansager.com\/ar\/wp-json\/wp\/v2\/comments?post=748"}],"version-history":[{"count":7,"href":"https:\/\/www.hakansager.com\/ar\/wp-json\/wp\/v2\/pages\/748\/revisions"}],"predecessor-version":[{"id":755,"href":"https:\/\/www.hakansager.com\/ar\/wp-json\/wp\/v2\/pages\/748\/revisions\/755"}],"up":[{"embeddable":true,"href":"https:\/\/www.hakansager.com\/ar\/wp-json\/wp\/v2\/pages\/376"}],"wp:attachment":[{"href":"https:\/\/www.hakansager.com\/ar\/wp-json\/wp\/v2\/media?parent=748"}],"curies":[{"name":"wp","href":"https:\/\/api.w.org\/{rel}","templated":true}]}}