{"id":764,"date":"2024-11-06T22:54:24","date_gmt":"2024-11-06T19:54:24","guid":{"rendered":"https:\/\/www.hakansager.com\/?page_id=764"},"modified":"2024-11-06T22:55:42","modified_gmt":"2024-11-06T19:55:42","slug":"mezoterapi","status":"publish","type":"page","link":"https:\/\/www.hakansager.com\/ar\/uzmanliklar\/mezoterapi\/","title":{"rendered":"\u0627\u0644\u0639\u0644\u0627\u062c \u0627\u0644\u0645\u064a\u0632\u0648\u062b\u064a\u0631\u0627\u0628\u064a"},"content":{"rendered":"<div id=\"page-header-1717430709\" class=\"page-header-wrapper\">\n  <div class=\"page-title dark featured-title\">\n\n    \n    <div class=\"page-title-inner container align-center flex-row medium-flex-wrap\" >\n              <div class=\"title-wrapper flex-col text-left medium-text-center\">\n          <h1 class=\"entry-title mb-0\"><span class=\"ez-toc-section\" id=\"Mezoterapi\"><\/span>\n            \u0627\u0644\u0639\u0644\u0627\u062c \u0627\u0644\u0645\u064a\u0632\u0648\u062b\u064a\u0631\u0627\u0628\u064a          <span class=\"ez-toc-section-end\"><\/span><\/h1>\n        <\/div>\n                    <div class=\"title-content flex-col flex-right text-right medium-text-center\">\n        <div class=\"title-share pt-half pb-half\"><div class=\"social-icons share-icons share-row relative\" ><a href=\"whatsapp:\/\/send?text=Mezoterapi - https:\/\/www.hakansager.com\/ar\/uzmanliklar\/mezoterapi\/\" data-action=\"share\/whatsapp\/share\" class=\"icon button circle is-outline tooltip whatsapp show-for-medium\" title=\"Share on WhatsApp\" aria-label=\"Share on WhatsApp\"><i class=\"icon-whatsapp\"><\/i><\/a><a href=\"https:\/\/www.facebook.com\/sharer.php?u=https:\/\/www.hakansager.com\/ar\/uzmanliklar\/mezoterapi\/\" data-label=\"Facebook\" onclick=\"window.open(this.href,this.title,'width=500,height=500,top=300px,left=300px');  return false;\" rel=\"noopener noreferrer nofollow\" target=\"_blank\" class=\"icon button circle is-outline tooltip facebook\" title=\"Share on Facebook\" aria-label=\"Share on Facebook\"><i class=\"icon-facebook\" ><\/i><\/a><a href=\"https:\/\/twitter.com\/share?url=https:\/\/www.hakansager.com\/ar\/uzmanliklar\/mezoterapi\/\" onclick=\"window.open(this.href,this.title,'width=500,height=500,top=300px,left=300px');  return false;\" rel=\"noopener noreferrer nofollow\" target=\"_blank\" class=\"icon button circle is-outline tooltip twitter\" title=\"Share on Twitter\" aria-label=\"Share on Twitter\"><i class=\"icon-twitter\" ><\/i><\/a><a href=\"mailto:enteryour@addresshere.com?subject=Mezoterapi&amp;body=Check%20this%20out:%20https:\/\/www.hakansager.com\/ar\/uzmanliklar\/mezoterapi\/\" rel=\"nofollow\" class=\"icon button circle is-outline tooltip email\" title=\"Email to a Friend\" aria-label=\"Email to a Friend\"><i class=\"icon-envelop\" ><\/i><\/a><a href=\"https:\/\/pinterest.com\/pin\/create\/button\/?url=https:\/\/www.hakansager.com\/ar\/uzmanliklar\/mezoterapi\/&amp;media=&amp;description=Mezoterapi\" onclick=\"window.open(this.href,this.title,'width=500,height=500,top=300px,left=300px');  return false;\" rel=\"noopener noreferrer nofollow\" target=\"_blank\" class=\"icon button circle is-outline tooltip pinterest\" title=\"Pin on Pinterest\" aria-label=\"Pin on Pinterest\"><i class=\"icon-pinterest\" ><\/i><\/a><a href=\"https:\/\/www.linkedin.com\/shareArticle?mini=true&url=https:\/\/www.hakansager.com\/ar\/uzmanliklar\/mezoterapi\/&title=Mezoterapi\" onclick=\"window.open(this.href,this.title,'width=500,height=500,top=300px,left=300px');  return false;\"  rel=\"noopener noreferrer nofollow\" target=\"_blank\" class=\"icon button circle is-outline tooltip linkedin\" title=\"Share on LinkedIn\" aria-label=\"Share on LinkedIn\"><i class=\"icon-linkedin\" ><\/i><\/a><\/div><\/div>      <\/div>\n    <\/div>\n\n       <\/div>\n    <\/div>\n  \n\n\t<div id=\"gap-64485186\" class=\"gap-element clearfix\" style=\"display:block; height:auto;\">\n\t\t\n<style>\n#gap-64485186 {\n  padding-top: 30px;\n}\n<\/style>\n\t<\/div>\n\t\n\n<div class=\"row\"  id=\"row-109633021\">\n\n\n\t<div id=\"col-1954980675\" class=\"col small-12 large-12\"  >\n\t\t\t\t<div class=\"col-inner\"  >\n\t\t\t\n\t\t\t\n\n<h3><div id=\"ez-toc-container\" class=\"ez-toc-v2_0_76 ez-toc-wrap-left counter-hierarchy ez-toc-counter ez-toc-grey ez-toc-container-direction\">\n<div class=\"ez-toc-title-container\">\n<span class=\"ez-toc-title-toggle\"><a href=\"#\" class=\"ez-toc-pull-right ez-toc-btn ez-toc-btn-xs ez-toc-btn-default ez-toc-toggle\" aria-label=\"Toggle Table of Content\"><span class=\"ez-toc-js-icon-con\"><span class=\"\"><span class=\"eztoc-hide\" style=\"display:none;\">Toggle<\/span><span class=\"ez-toc-icon-toggle-span\"><svg style=\"fill: #999;color:#999\" xmlns=\"http:\/\/www.w3.org\/2000\/svg\" class=\"list-377408\" width=\"20px\" height=\"20px\" viewbox=\"0 0 24 24\" fill=\"none\"><path d=\"M6 6H4v2h2V6zm14 0H8v2h12V6zM4 11h2v2H4v-2zm16 0H8v2h12v-2zM4 16h2v2H4v-2zm16 0H8v2h12v-2z\" fill=\"currentColor\"><\/path><\/svg><svg style=\"fill: #999;color:#999\" class=\"arrow-unsorted-368013\" xmlns=\"http:\/\/www.w3.org\/2000\/svg\" width=\"10px\" height=\"10px\" viewbox=\"0 0 24 24\" version=\"1.2\" baseprofile=\"tiny\"><path d=\"M18.2 9.3l-6.2-6.3-6.2 6.3c-.2.2-.3.4-.3.7s.1.5.3.7c.2.2.4.3.7.3h11c.3 0 .5-.1.7-.3.2-.2.3-.5.3-.7s-.1-.5-.3-.7zM5.8 14.7l6.2 6.3 6.2-6.3c.2-.2.3-.5.3-.7s-.1-.5-.3-.7c-.2-.2-.4-.3-.7-.3h-11c-.3 0-.5.1-.7.3-.2.2-.3.5-.3.7s.1.5.3.7z\"\/><\/svg><\/span><\/span><\/span><\/a><\/span><\/div>\n<nav><ul class='ez-toc-list ez-toc-list-level-1' ><li class='ez-toc-page-1 ez-toc-heading-level-1'><a class=\"ez-toc-link ez-toc-heading-1\" href=\"https:\/\/www.hakansager.com\/ar\/uzmanliklar\/mezoterapi\/#Mezoterapi\" >\u0627\u0644\u0639\u0644\u0627\u062c \u0627\u0644\u0645\u064a\u0632\u0648\u062b\u064a\u0631\u0627\u0628\u064a<\/a><ul class='ez-toc-list-level-3' ><li class='ez-toc-heading-level-3'><ul class='ez-toc-list-level-3' ><li class='ez-toc-heading-level-3'><a class=\"ez-toc-link ez-toc-heading-2\" href=\"https:\/\/www.hakansager.com\/ar\/uzmanliklar\/mezoterapi\/#Mezoterapi_Cildin_Alt_Katmanlarina_Dogrudan_Etki_Eden_Yenileyici_Bir_Tedavi\" >Mezoterapi: Cildin Alt Katmanlar\u0131na Do\u011frudan Etki Eden Yenileyici Bir Tedavi<\/a><ul class='ez-toc-list-level-4' ><li class='ez-toc-heading-level-4'><a class=\"ez-toc-link ez-toc-heading-3\" href=\"https:\/\/www.hakansager.com\/ar\/uzmanliklar\/mezoterapi\/#Mezoterapinin_Faydalari\" >Mezoterapinin Faydalar\u0131<\/a><\/li><\/ul><\/li><\/ul><\/li><\/ul><\/li><\/ul><\/nav><\/div>\n<\/h3>\n<h3 style=\"text-align: left;\"><span class=\"ez-toc-section\" id=\"Mezoterapi_Cildin_Alt_Katmanlarina_Dogrudan_Etki_Eden_Yenileyici_Bir_Tedavi\"><\/span><strong>Mezoterapi: Cildin Alt Katmanlar\u0131na Do\u011frudan Etki Eden Yenileyici Bir Tedavi<\/strong><span class=\"ez-toc-section-end\"><\/span><\/h3>\n<p style=\"text-align: justify;\">Mezoterapi, cildin alt katmanlar\u0131na vitamin, mineral, enzim ve di\u011fer yenileyici maddelerin mikroenjeksiyon yoluyla verilmesini sa\u011flayan bir tedavi y\u00f6ntemidir. Cildin yenilenmesi ve elastikiyetinin art\u0131r\u0131lmas\u0131 i\u00e7in s\u0131k\u00e7a kullan\u0131lan bu y\u00f6ntem, y\u00fcz, boyun ve dekolte b\u00f6lgelerinde uygulan\u0131r. Mezoterapi, cildin do\u011fal iyile\u015fme s\u00fcrecini destekler ve ya\u015flanma belirtilerinin azalt\u0131lmas\u0131nda etkili olur.<\/p>\n<p style=\"text-align: justify;\">Mezoterapi i\u015flemi s\u0131ras\u0131nda, cildin ihtiya\u00e7lar\u0131na g\u00f6re \u00f6zel olarak haz\u0131rlanan bir kar\u0131\u015f\u0131m enjekte edilir. Bu sayede cildin ihtiyac\u0131 olan nem, vitamin ve mineraller do\u011frudan hedef b\u00f6lgeye ula\u015ft\u0131r\u0131l\u0131r. Sonu\u00e7 olarak cilt daha parlak, s\u0131k\u0131 ve gen\u00e7 bir g\u00f6r\u00fcn\u00fcme kavu\u015fur. Ayn\u0131 zamanda bu y\u00f6ntem, cilt lekeleri, sel\u00fclit ve sa\u00e7 d\u00f6k\u00fclmesi gibi estetik problemler i\u00e7in de uygulanabilir.<\/p>\n<h4 style=\"text-align: left;\"><span class=\"ez-toc-section\" id=\"Mezoterapinin_Faydalari\"><\/span><strong>Mezoterapinin Faydalar\u0131<\/strong><span class=\"ez-toc-section-end\"><\/span><\/h4>\n<ul style=\"text-align: justify;\">\n<li>Cildi derinlemesine besler ve yeniler<\/li>\n<li>K\u0131r\u0131\u015f\u0131kl\u0131k ve ince \u00e7izgilerin g\u00f6r\u00fcn\u00fcm\u00fcn\u00fc azalt\u0131r<\/li>\n<li>Cilt tonu e\u015fitsizliklerini giderir ve lekelerin azalmas\u0131na yard\u0131mc\u0131 olur<\/li>\n<li>Sa\u00e7 d\u00f6k\u00fclmesi tedavisinde de etkili bir y\u00f6ntemdir<\/li>\n<\/ul>\n<p style=\"text-align: justify;\">Mezoterapi i\u015flemi sonras\u0131nda ciltte hafif bir k\u0131zar\u0131kl\u0131k veya \u015fi\u015flik olu\u015fabilir, ancak bu yan etkiler k\u0131sa s\u00fcre i\u00e7inde ge\u00e7er. \u0130\u015flem sonras\u0131nda cildin tazelenmi\u015f ve yenilenmi\u015f g\u00f6r\u00fcn\u00fcm\u00fc hemen fark edilir ve birka\u00e7 seans sonunda kal\u0131c\u0131 sonu\u00e7lar elde edilir.<\/p>\n\n\n\t\t<\/div>\n\t\t\t\t\t<\/div>\n\n\t\n\n<\/div>","protected":false},"excerpt":{"rendered":"","protected":false},"author":1,"featured_media":0,"parent":376,"menu_order":0,"comment_status":"closed","ping_status":"closed","template":"page-blank.php","meta":{"footnotes":""},"class_list":["post-764","page","type-page","status-publish","hentry"],"_links":{"self":[{"href":"https:\/\/www.hakansager.com\/ar\/wp-json\/wp\/v2\/pages\/764","targetHints":{"allow":["GET"]}}],"collection":[{"href":"https:\/\/www.hakansager.com\/ar\/wp-json\/wp\/v2\/pages"}],"about":[{"href":"https:\/\/www.hakansager.com\/ar\/wp-json\/wp\/v2\/types\/page"}],"author":[{"embeddable":true,"href":"https:\/\/www.hakansager.com\/ar\/wp-json\/wp\/v2\/users\/1"}],"replies":[{"embeddable":true,"href":"https:\/\/www.hakansager.com\/ar\/wp-json\/wp\/v2\/comments?post=764"}],"version-history":[{"count":7,"href":"https:\/\/www.hakansager.com\/ar\/wp-json\/wp\/v2\/pages\/764\/revisions"}],"predecessor-version":[{"id":771,"href":"https:\/\/www.hakansager.com\/ar\/wp-json\/wp\/v2\/pages\/764\/revisions\/771"}],"up":[{"embeddable":true,"href":"https:\/\/www.hakansager.com\/ar\/wp-json\/wp\/v2\/pages\/376"}],"wp:attachment":[{"href":"https:\/\/www.hakansager.com\/ar\/wp-json\/wp\/v2\/media?parent=764"}],"curies":[{"name":"wp","href":"https:\/\/api.w.org\/{rel}","templated":true}]}}