{"id":779,"date":"2024-11-06T22:58:28","date_gmt":"2024-11-06T19:58:28","guid":{"rendered":"https:\/\/www.hakansager.com\/?page_id=779"},"modified":"2024-11-06T23:00:37","modified_gmt":"2024-11-06T20:00:37","slug":"ip-askilama","status":"publish","type":"page","link":"https:\/\/www.hakansager.com\/ar\/uzmanliklar\/ip-askilama\/","title":{"rendered":"\u0631\u0641\u0639 \u0628\u0627\u0644\u062e\u064a\u0648\u0637"},"content":{"rendered":"<div id=\"page-header-1105574924\" class=\"page-header-wrapper\">\n  <div class=\"page-title dark featured-title\">\n\n    \n    <div class=\"page-title-inner container align-center flex-row medium-flex-wrap\" >\n              <div class=\"title-wrapper flex-col text-left medium-text-center\">\n          <h1 class=\"entry-title mb-0\"><span class=\"ez-toc-section\" id=\"Ip_Askilama\"><\/span>\n            \u0631\u0641\u0639 \u0628\u0627\u0644\u062e\u064a\u0648\u0637          <span class=\"ez-toc-section-end\"><\/span><\/h1>\n        <\/div>\n                    <div class=\"title-content flex-col flex-right text-right medium-text-center\">\n        <div class=\"title-share pt-half pb-half\"><div class=\"social-icons share-icons share-row relative\" ><a href=\"whatsapp:\/\/send?text=%C4%B0p%20Ask%C4%B1lama - https:\/\/www.hakansager.com\/ar\/uzmanliklar\/ip-askilama\/\" data-action=\"share\/whatsapp\/share\" class=\"icon button circle is-outline tooltip whatsapp show-for-medium\" title=\"Share on WhatsApp\" aria-label=\"Share on WhatsApp\"><i class=\"icon-whatsapp\"><\/i><\/a><a href=\"https:\/\/www.facebook.com\/sharer.php?u=https:\/\/www.hakansager.com\/ar\/uzmanliklar\/ip-askilama\/\" data-label=\"Facebook\" onclick=\"window.open(this.href,this.title,'width=500,height=500,top=300px,left=300px');  return false;\" rel=\"noopener noreferrer nofollow\" target=\"_blank\" class=\"icon button circle is-outline tooltip facebook\" title=\"Share on Facebook\" aria-label=\"Share on Facebook\"><i class=\"icon-facebook\" ><\/i><\/a><a href=\"https:\/\/twitter.com\/share?url=https:\/\/www.hakansager.com\/ar\/uzmanliklar\/ip-askilama\/\" onclick=\"window.open(this.href,this.title,'width=500,height=500,top=300px,left=300px');  return false;\" rel=\"noopener noreferrer nofollow\" target=\"_blank\" class=\"icon button circle is-outline tooltip twitter\" title=\"Share on Twitter\" aria-label=\"Share on Twitter\"><i class=\"icon-twitter\" ><\/i><\/a><a href=\"mailto:enteryour@addresshere.com?subject=%C4%B0p%20Ask%C4%B1lama&amp;body=Check%20this%20out:%20https:\/\/www.hakansager.com\/ar\/uzmanliklar\/ip-askilama\/\" rel=\"nofollow\" class=\"icon button circle is-outline tooltip email\" title=\"Email to a Friend\" aria-label=\"Email to a Friend\"><i class=\"icon-envelop\" ><\/i><\/a><a href=\"https:\/\/pinterest.com\/pin\/create\/button\/?url=https:\/\/www.hakansager.com\/ar\/uzmanliklar\/ip-askilama\/&amp;media=&amp;description=%C4%B0p%20Ask%C4%B1lama\" onclick=\"window.open(this.href,this.title,'width=500,height=500,top=300px,left=300px');  return false;\" rel=\"noopener noreferrer nofollow\" target=\"_blank\" class=\"icon button circle is-outline tooltip pinterest\" title=\"Pin on Pinterest\" aria-label=\"Pin on Pinterest\"><i class=\"icon-pinterest\" ><\/i><\/a><a href=\"https:\/\/www.linkedin.com\/shareArticle?mini=true&url=https:\/\/www.hakansager.com\/ar\/uzmanliklar\/ip-askilama\/&title=%C4%B0p%20Ask%C4%B1lama\" onclick=\"window.open(this.href,this.title,'width=500,height=500,top=300px,left=300px');  return false;\"  rel=\"noopener noreferrer nofollow\" target=\"_blank\" class=\"icon button circle is-outline tooltip linkedin\" title=\"Share on LinkedIn\" aria-label=\"Share on LinkedIn\"><i class=\"icon-linkedin\" ><\/i><\/a><\/div><\/div>      <\/div>\n    <\/div>\n\n       <\/div>\n    <\/div>\n  \n\n\t<div id=\"gap-2072078855\" class=\"gap-element clearfix\" style=\"display:block; height:auto;\">\n\t\t\n<style>\n#gap-2072078855 {\n  padding-top: 30px;\n}\n<\/style>\n\t<\/div>\n\t\n\n<div class=\"row\"  id=\"row-340555295\">\n\n\n\t<div id=\"col-1910148036\" class=\"col small-12 large-12\"  >\n\t\t\t\t<div class=\"col-inner\"  >\n\t\t\t\n\t\t\t\n\n<h3><div id=\"ez-toc-container\" class=\"ez-toc-v2_0_76 ez-toc-wrap-left counter-hierarchy ez-toc-counter ez-toc-grey ez-toc-container-direction\">\n<div class=\"ez-toc-title-container\">\n<span class=\"ez-toc-title-toggle\"><a href=\"#\" class=\"ez-toc-pull-right ez-toc-btn ez-toc-btn-xs ez-toc-btn-default ez-toc-toggle\" aria-label=\"Toggle Table of Content\"><span class=\"ez-toc-js-icon-con\"><span class=\"\"><span class=\"eztoc-hide\" style=\"display:none;\">Toggle<\/span><span class=\"ez-toc-icon-toggle-span\"><svg style=\"fill: #999;color:#999\" xmlns=\"http:\/\/www.w3.org\/2000\/svg\" class=\"list-377408\" width=\"20px\" height=\"20px\" viewbox=\"0 0 24 24\" fill=\"none\"><path d=\"M6 6H4v2h2V6zm14 0H8v2h12V6zM4 11h2v2H4v-2zm16 0H8v2h12v-2zM4 16h2v2H4v-2zm16 0H8v2h12v-2z\" fill=\"currentColor\"><\/path><\/svg><svg style=\"fill: #999;color:#999\" class=\"arrow-unsorted-368013\" xmlns=\"http:\/\/www.w3.org\/2000\/svg\" width=\"10px\" height=\"10px\" viewbox=\"0 0 24 24\" version=\"1.2\" baseprofile=\"tiny\"><path d=\"M18.2 9.3l-6.2-6.3-6.2 6.3c-.2.2-.3.4-.3.7s.1.5.3.7c.2.2.4.3.7.3h11c.3 0 .5-.1.7-.3.2-.2.3-.5.3-.7s-.1-.5-.3-.7zM5.8 14.7l6.2 6.3 6.2-6.3c.2-.2.3-.5.3-.7s-.1-.5-.3-.7c-.2-.2-.4-.3-.7-.3h-11c-.3 0-.5.1-.7.3-.2.2-.3.5-.3.7s.1.5.3.7z\"\/><\/svg><\/span><\/span><\/span><\/a><\/span><\/div>\n<nav><ul class='ez-toc-list ez-toc-list-level-1' ><li class='ez-toc-page-1 ez-toc-heading-level-1'><a class=\"ez-toc-link ez-toc-heading-1\" href=\"https:\/\/www.hakansager.com\/ar\/uzmanliklar\/ip-askilama\/#Ip_Askilama\" >\u0631\u0641\u0639 \u0628\u0627\u0644\u062e\u064a\u0648\u0637<\/a><ul class='ez-toc-list-level-3' ><li class='ez-toc-heading-level-3'><ul class='ez-toc-list-level-3' ><li class='ez-toc-heading-level-3'><a class=\"ez-toc-link ez-toc-heading-2\" href=\"https:\/\/www.hakansager.com\/ar\/uzmanliklar\/ip-askilama\/#Ip_Askilama_Ameliyatsiz_Yuz_Germe_Icin_Etkili_Bir_Cozum\" >\u0130p Ask\u0131lama: Ameliyats\u0131z Y\u00fcz Germe \u0130\u00e7in Etkili Bir \u00c7\u00f6z\u00fcm<\/a><ul class='ez-toc-list-level-4' ><li class='ez-toc-heading-level-4'><a class=\"ez-toc-link ez-toc-heading-3\" href=\"https:\/\/www.hakansager.com\/ar\/uzmanliklar\/ip-askilama\/#Ip_Askilama_Tedavisinin_Faydalari\" >\u0130p Ask\u0131lama Tedavisinin Faydalar\u0131<\/a><\/li><\/ul><\/li><\/ul><\/li><\/ul><\/li><\/ul><\/nav><\/div>\n<\/h3>\n<h3 style=\"text-align: left;\"><span class=\"ez-toc-section\" id=\"Ip_Askilama_Ameliyatsiz_Yuz_Germe_Icin_Etkili_Bir_Cozum\"><\/span><strong>\u0130p Ask\u0131lama: Ameliyats\u0131z Y\u00fcz Germe \u0130\u00e7in Etkili Bir \u00c7\u00f6z\u00fcm<\/strong><span class=\"ez-toc-section-end\"><\/span><\/h3>\n<p style=\"text-align: justify;\">\u0130p ask\u0131lama, y\u00fcz b\u00f6lgesinde sarkmalar\u0131n giderilmesi ve y\u00fcz hatlar\u0131n\u0131n belirginle\u015ftirilmesi amac\u0131yla uygulanan ameliyats\u0131z bir estetik tedavi y\u00f6ntemidir. Bu i\u015flemde, cilt alt\u0131na ince iplikler yerle\u015ftirilerek cildin s\u0131k\u0131la\u015fmas\u0131 ve gen\u00e7le\u015fmesi sa\u011flan\u0131r. \u0130p ask\u0131lama, k\u0131sa s\u00fcrede uygulanabilen ve iyile\u015fme s\u00fcresi olduk\u00e7a h\u0131zl\u0131 olan bir y\u00f6ntemdir, bu nedenle cerrahi m\u00fcdahale istemeyen ki\u015filer taraf\u0131ndan s\u0131k\u00e7a tercih edilmektedir.<\/p>\n<p style=\"text-align: justify;\">Bu i\u015flem s\u0131ras\u0131nda kullan\u0131lan iplikler, cildin alt\u0131na yerle\u015ftirilir ve do\u011fal olarak emilerek cildin kolajen \u00fcretimini te\u015fvik eder. Sonu\u00e7 olarak, cilt daha s\u0131k\u0131 ve gergin bir hale gelir. \u0130p ask\u0131lama, \u00f6zellikle y\u00fcz b\u00f6lgesindeki sarkmalar\u0131n giderilmesinde ve y\u00fczde do\u011fal bir gen\u00e7le\u015fme etkisi yarat\u0131lmas\u0131nda etkili bir \u00e7\u00f6z\u00fcm sunar.<\/p>\n<h4 style=\"text-align: left;\"><span class=\"ez-toc-section\" id=\"Ip_Askilama_Tedavisinin_Faydalari\"><\/span><strong>\u0130p Ask\u0131lama Tedavisinin Faydalar\u0131<\/strong><span class=\"ez-toc-section-end\"><\/span><\/h4>\n<ul style=\"text-align: justify;\">\n<li>Ameliyats\u0131z bir estetik tedavi y\u00f6ntemi olmas\u0131<\/li>\n<li>K\u0131sa s\u00fcrede uygulanabilmesi ve h\u0131zl\u0131 iyile\u015fme sa\u011flamas\u0131<\/li>\n<li>Y\u00fcz hatlar\u0131n\u0131 belirginle\u015ftirmesi ve sarkmalar\u0131 gidermesi<\/li>\n<li>Kolajen \u00fcretimini art\u0131rarak cildin elastikiyetini g\u00fc\u00e7lendirmesi<\/li>\n<\/ul>\n<p style=\"text-align: justify;\">\u0130p ask\u0131lama i\u015flemi sonras\u0131nda, hafif \u015fi\u015flik veya k\u0131zar\u0131kl\u0131k g\u00f6r\u00fclebilir, ancak bu durum birka\u00e7 g\u00fcn i\u00e7inde kendili\u011finden ge\u00e7er. \u0130\u015flem, do\u011fal bir gen\u00e7le\u015fme etkisi yarat\u0131r ve birka\u00e7 y\u0131l boyunca kal\u0131c\u0131 sonu\u00e7lar sunar. Estetik kayg\u0131lar\u0131n\u0131 ameliyats\u0131z \u00e7\u00f6z\u00fcmlerle gidermek isteyenler i\u00e7in ideal bir tedavi se\u00e7ene\u011fi olarak \u00f6ne \u00e7\u0131kar.<\/p>\n\n\n\t\t<\/div>\n\t\t\t\t\t<\/div>\n\n\t\n\n<\/div>","protected":false},"excerpt":{"rendered":"","protected":false},"author":1,"featured_media":0,"parent":376,"menu_order":0,"comment_status":"closed","ping_status":"closed","template":"page-blank.php","meta":{"footnotes":""},"class_list":["post-779","page","type-page","status-publish","hentry"],"_links":{"self":[{"href":"https:\/\/www.hakansager.com\/ar\/wp-json\/wp\/v2\/pages\/779","targetHints":{"allow":["GET"]}}],"collection":[{"href":"https:\/\/www.hakansager.com\/ar\/wp-json\/wp\/v2\/pages"}],"about":[{"href":"https:\/\/www.hakansager.com\/ar\/wp-json\/wp\/v2\/types\/page"}],"author":[{"embeddable":true,"href":"https:\/\/www.hakansager.com\/ar\/wp-json\/wp\/v2\/users\/1"}],"replies":[{"embeddable":true,"href":"https:\/\/www.hakansager.com\/ar\/wp-json\/wp\/v2\/comments?post=779"}],"version-history":[{"count":7,"href":"https:\/\/www.hakansager.com\/ar\/wp-json\/wp\/v2\/pages\/779\/revisions"}],"predecessor-version":[{"id":786,"href":"https:\/\/www.hakansager.com\/ar\/wp-json\/wp\/v2\/pages\/779\/revisions\/786"}],"up":[{"embeddable":true,"href":"https:\/\/www.hakansager.com\/ar\/wp-json\/wp\/v2\/pages\/376"}],"wp:attachment":[{"href":"https:\/\/www.hakansager.com\/ar\/wp-json\/wp\/v2\/media?parent=779"}],"curies":[{"name":"wp","href":"https:\/\/api.w.org\/{rel}","templated":true}]}}