{"id":795,"date":"2024-11-06T23:03:18","date_gmt":"2024-11-06T20:03:18","guid":{"rendered":"https:\/\/www.hakansager.com\/?page_id=795"},"modified":"2024-11-06T23:04:39","modified_gmt":"2024-11-06T20:04:39","slug":"sac-kok-hucre-tedavisi","status":"publish","type":"page","link":"https:\/\/www.hakansager.com\/ar\/uzmanliklar\/sac-kok-hucre-tedavisi\/","title":{"rendered":"\u0639\u0644\u0627\u062c \u0627\u0644\u0634\u0639\u0631 \u0628\u0627\u0644\u062e\u0644\u0627\u064a\u0627 \u0627\u0644\u062c\u0630\u0639\u064a\u0629"},"content":{"rendered":"<div id=\"page-header-2095578207\" class=\"page-header-wrapper\">\n  <div class=\"page-title dark featured-title\">\n\n    \n    <div class=\"page-title-inner container align-center flex-row medium-flex-wrap\" >\n              <div class=\"title-wrapper flex-col text-left medium-text-center\">\n          <h1 class=\"entry-title mb-0\"><span class=\"ez-toc-section\" id=\"Sac_Kok_Hucre_Tedavisi\"><\/span>\n            \u0639\u0644\u0627\u062c \u0627\u0644\u0634\u0639\u0631 \u0628\u0627\u0644\u062e\u0644\u0627\u064a\u0627 \u0627\u0644\u062c\u0630\u0639\u064a\u0629          <span class=\"ez-toc-section-end\"><\/span><\/h1>\n        <\/div>\n                    <div class=\"title-content flex-col flex-right text-right medium-text-center\">\n        <div class=\"title-share pt-half pb-half\"><div class=\"social-icons share-icons share-row relative\" ><a href=\"whatsapp:\/\/send?text=Sa%C3%A7%20K%C3%B6k%20H%C3%BCcre%20Tedavisi - https:\/\/www.hakansager.com\/ar\/uzmanliklar\/sac-kok-hucre-tedavisi\/\" data-action=\"share\/whatsapp\/share\" class=\"icon button circle is-outline tooltip whatsapp show-for-medium\" title=\"Share on WhatsApp\" aria-label=\"Share on WhatsApp\"><i class=\"icon-whatsapp\"><\/i><\/a><a href=\"https:\/\/www.facebook.com\/sharer.php?u=https:\/\/www.hakansager.com\/ar\/uzmanliklar\/sac-kok-hucre-tedavisi\/\" data-label=\"Facebook\" onclick=\"window.open(this.href,this.title,'width=500,height=500,top=300px,left=300px');  return false;\" rel=\"noopener noreferrer nofollow\" target=\"_blank\" class=\"icon button circle is-outline tooltip facebook\" title=\"Share on Facebook\" aria-label=\"Share on Facebook\"><i class=\"icon-facebook\" ><\/i><\/a><a href=\"https:\/\/twitter.com\/share?url=https:\/\/www.hakansager.com\/ar\/uzmanliklar\/sac-kok-hucre-tedavisi\/\" onclick=\"window.open(this.href,this.title,'width=500,height=500,top=300px,left=300px');  return false;\" rel=\"noopener noreferrer nofollow\" target=\"_blank\" class=\"icon button circle is-outline tooltip twitter\" title=\"Share on Twitter\" aria-label=\"Share on Twitter\"><i class=\"icon-twitter\" ><\/i><\/a><a href=\"mailto:enteryour@addresshere.com?subject=Sa%C3%A7%20K%C3%B6k%20H%C3%BCcre%20Tedavisi&amp;body=Check%20this%20out:%20https:\/\/www.hakansager.com\/ar\/uzmanliklar\/sac-kok-hucre-tedavisi\/\" rel=\"nofollow\" class=\"icon button circle is-outline tooltip email\" title=\"Email to a Friend\" aria-label=\"Email to a Friend\"><i class=\"icon-envelop\" ><\/i><\/a><a href=\"https:\/\/pinterest.com\/pin\/create\/button\/?url=https:\/\/www.hakansager.com\/ar\/uzmanliklar\/sac-kok-hucre-tedavisi\/&amp;media=&amp;description=Sa%C3%A7%20K%C3%B6k%20H%C3%BCcre%20Tedavisi\" onclick=\"window.open(this.href,this.title,'width=500,height=500,top=300px,left=300px');  return false;\" rel=\"noopener noreferrer nofollow\" target=\"_blank\" class=\"icon button circle is-outline tooltip pinterest\" title=\"Pin on Pinterest\" aria-label=\"Pin on Pinterest\"><i class=\"icon-pinterest\" ><\/i><\/a><a href=\"https:\/\/www.linkedin.com\/shareArticle?mini=true&url=https:\/\/www.hakansager.com\/ar\/uzmanliklar\/sac-kok-hucre-tedavisi\/&title=Sa%C3%A7%20K%C3%B6k%20H%C3%BCcre%20Tedavisi\" onclick=\"window.open(this.href,this.title,'width=500,height=500,top=300px,left=300px');  return false;\"  rel=\"noopener noreferrer nofollow\" target=\"_blank\" class=\"icon button circle is-outline tooltip linkedin\" title=\"Share on LinkedIn\" aria-label=\"Share on LinkedIn\"><i class=\"icon-linkedin\" ><\/i><\/a><\/div><\/div>      <\/div>\n    <\/div>\n\n       <\/div>\n    <\/div>\n  \n\n\t<div id=\"gap-1207003173\" class=\"gap-element clearfix\" style=\"display:block; height:auto;\">\n\t\t\n<style>\n#gap-1207003173 {\n  padding-top: 30px;\n}\n<\/style>\n\t<\/div>\n\t\n\n<div class=\"row\"  id=\"row-884778150\">\n\n\n\t<div id=\"col-1647047736\" class=\"col small-12 large-12\"  >\n\t\t\t\t<div class=\"col-inner\"  >\n\t\t\t\n\t\t\t\n\n<h3><div id=\"ez-toc-container\" class=\"ez-toc-v2_0_76 ez-toc-wrap-left counter-hierarchy ez-toc-counter ez-toc-grey ez-toc-container-direction\">\n<div class=\"ez-toc-title-container\">\n<span class=\"ez-toc-title-toggle\"><a href=\"#\" class=\"ez-toc-pull-right ez-toc-btn ez-toc-btn-xs ez-toc-btn-default ez-toc-toggle\" aria-label=\"Toggle Table of Content\"><span class=\"ez-toc-js-icon-con\"><span class=\"\"><span class=\"eztoc-hide\" style=\"display:none;\">Toggle<\/span><span class=\"ez-toc-icon-toggle-span\"><svg style=\"fill: #999;color:#999\" xmlns=\"http:\/\/www.w3.org\/2000\/svg\" class=\"list-377408\" width=\"20px\" height=\"20px\" viewbox=\"0 0 24 24\" fill=\"none\"><path d=\"M6 6H4v2h2V6zm14 0H8v2h12V6zM4 11h2v2H4v-2zm16 0H8v2h12v-2zM4 16h2v2H4v-2zm16 0H8v2h12v-2z\" fill=\"currentColor\"><\/path><\/svg><svg style=\"fill: #999;color:#999\" class=\"arrow-unsorted-368013\" xmlns=\"http:\/\/www.w3.org\/2000\/svg\" width=\"10px\" height=\"10px\" viewbox=\"0 0 24 24\" version=\"1.2\" baseprofile=\"tiny\"><path d=\"M18.2 9.3l-6.2-6.3-6.2 6.3c-.2.2-.3.4-.3.7s.1.5.3.7c.2.2.4.3.7.3h11c.3 0 .5-.1.7-.3.2-.2.3-.5.3-.7s-.1-.5-.3-.7zM5.8 14.7l6.2 6.3 6.2-6.3c.2-.2.3-.5.3-.7s-.1-.5-.3-.7c-.2-.2-.4-.3-.7-.3h-11c-.3 0-.5.1-.7.3-.2.2-.3.5-.3.7s.1.5.3.7z\"\/><\/svg><\/span><\/span><\/span><\/a><\/span><\/div>\n<nav><ul class='ez-toc-list ez-toc-list-level-1' ><li class='ez-toc-page-1 ez-toc-heading-level-1'><a class=\"ez-toc-link ez-toc-heading-1\" href=\"https:\/\/www.hakansager.com\/ar\/uzmanliklar\/sac-kok-hucre-tedavisi\/#Sac_Kok_Hucre_Tedavisi\" >\u0639\u0644\u0627\u062c \u0627\u0644\u0634\u0639\u0631 \u0628\u0627\u0644\u062e\u0644\u0627\u064a\u0627 \u0627\u0644\u062c\u0630\u0639\u064a\u0629<\/a><ul class='ez-toc-list-level-3' ><li class='ez-toc-heading-level-3'><ul class='ez-toc-list-level-3' ><li class='ez-toc-heading-level-3'><a class=\"ez-toc-link ez-toc-heading-2\" href=\"https:\/\/www.hakansager.com\/ar\/uzmanliklar\/sac-kok-hucre-tedavisi\/#Sac_Kok_Hucre_Tedavisi_Sac_Dokulmesine_Karsi_Dogal_Bir_Yenilenme\" >Sa\u00e7 K\u00f6k H\u00fccre Tedavisi: Sa\u00e7 D\u00f6k\u00fclmesine Kar\u015f\u0131 Do\u011fal Bir Yenilenme<\/a><ul class='ez-toc-list-level-4' ><li class='ez-toc-heading-level-4'><a class=\"ez-toc-link ez-toc-heading-3\" href=\"https:\/\/www.hakansager.com\/ar\/uzmanliklar\/sac-kok-hucre-tedavisi\/#Sac_Kok_Hucre_Tedavisinin_Faydalari\" >Sa\u00e7 K\u00f6k H\u00fccre Tedavisinin Faydalar\u0131<\/a><\/li><\/ul><\/li><\/ul><\/li><\/ul><\/li><\/ul><\/nav><\/div>\n<\/h3>\n<h3 style=\"text-align: left;\"><span class=\"ez-toc-section\" id=\"Sac_Kok_Hucre_Tedavisi_Sac_Dokulmesine_Karsi_Dogal_Bir_Yenilenme\"><\/span><strong>Sa\u00e7 K\u00f6k H\u00fccre Tedavisi: Sa\u00e7 D\u00f6k\u00fclmesine Kar\u015f\u0131 Do\u011fal Bir Yenilenme<\/strong><span class=\"ez-toc-section-end\"><\/span><\/h3>\n<p style=\"text-align: justify;\">Sa\u00e7 k\u00f6k h\u00fccre tedavisi, sa\u00e7 d\u00f6k\u00fclmesi sorununu hedefleyen yenilik\u00e7i ve do\u011fal bir tedavi y\u00f6ntemidir. Bu tedavi, sa\u00e7 folik\u00fcllerindeki k\u00f6k h\u00fccrelerin kullan\u0131lmas\u0131yla sa\u00e7 d\u00f6k\u00fclmesinin durdurulmas\u0131n\u0131 ve yeni sa\u00e7 olu\u015fumunun te\u015fvik edilmesini sa\u011flar. K\u00f6k h\u00fccrelerin do\u011fal yenileyici \u00f6zellikleri, sa\u00e7 folik\u00fcllerini yeniden canland\u0131rarak daha g\u00fc\u00e7l\u00fc ve sa\u011fl\u0131kl\u0131 sa\u00e7lar\u0131n \u00e7\u0131kmas\u0131na yard\u0131mc\u0131 olur.<\/p>\n<p style=\"text-align: justify;\">Sa\u00e7 k\u00f6k h\u00fccre tedavisinde, hastan\u0131n kendi v\u00fccudundan al\u0131nan k\u00f6k h\u00fccreler \u00f6zel i\u015flemlerden ge\u00e7irilir ve sa\u00e7 derisine enjekte edilir. Bu k\u00f6k h\u00fccreler, sa\u00e7 folik\u00fcllerinin yenilenmesini h\u0131zland\u0131rarak sa\u00e7 d\u00f6k\u00fclmesinin azalmas\u0131n\u0131 sa\u011flar. Ayn\u0131 zamanda, zay\u0131flayan sa\u00e7 k\u00f6klerinin yeniden g\u00fc\u00e7lenmesine ve sa\u00e7 yo\u011funlu\u011funun artmas\u0131na da katk\u0131 sa\u011flar. Sa\u00e7 k\u00f6k h\u00fccre tedavisi, do\u011fal ve kal\u0131c\u0131 sonu\u00e7lar sunan etkili bir tedavi olarak kabul edilir.<\/p>\n<h4 style=\"text-align: left;\"><span class=\"ez-toc-section\" id=\"Sac_Kok_Hucre_Tedavisinin_Faydalari\"><\/span><strong>Sa\u00e7 K\u00f6k H\u00fccre Tedavisinin Faydalar\u0131<\/strong><span class=\"ez-toc-section-end\"><\/span><\/h4>\n<ul style=\"text-align: justify;\">\n<li>Sa\u00e7 d\u00f6k\u00fclmesini durdurur ve yeni sa\u00e7 olu\u015fumunu destekler<\/li>\n<li>Do\u011fal ve uzun s\u00fcreli sonu\u00e7lar sa\u011flar<\/li>\n<li>Sa\u00e7 folik\u00fcllerini g\u00fc\u00e7lendirir ve sa\u00e7 yo\u011funlu\u011funu art\u0131r\u0131r<\/li>\n<li>Minimal invaziv bir y\u00f6ntem olup h\u0131zl\u0131 iyile\u015fme s\u00fcresi sunar<\/li>\n<\/ul>\n<p style=\"text-align: justify;\">Tedavi sonras\u0131nda sa\u00e7 derisinde hafif bir hassasiyet g\u00f6r\u00fclebilir, ancak bu durum k\u0131sa s\u00fcrede ge\u00e7er. \u0130lk sonu\u00e7lar, birka\u00e7 ay i\u00e7inde belirginle\u015fir ve tedavinin etkisi d\u00fczenli seanslarla daha da artar. Sa\u00e7 k\u00f6k h\u00fccre tedavisi, sa\u00e7 d\u00f6k\u00fclmesi sorunu ya\u015fayan ki\u015filer i\u00e7in do\u011fal ve etkili bir \u00e7\u00f6z\u00fcm sunmaktad\u0131r.<\/p>\n\n\n\t\t<\/div>\n\t\t\t\t\t<\/div>\n\n\t\n\n<\/div>","protected":false},"excerpt":{"rendered":"","protected":false},"author":1,"featured_media":0,"parent":376,"menu_order":0,"comment_status":"closed","ping_status":"closed","template":"page-blank.php","meta":{"footnotes":""},"class_list":["post-795","page","type-page","status-publish","hentry"],"_links":{"self":[{"href":"https:\/\/www.hakansager.com\/ar\/wp-json\/wp\/v2\/pages\/795","targetHints":{"allow":["GET"]}}],"collection":[{"href":"https:\/\/www.hakansager.com\/ar\/wp-json\/wp\/v2\/pages"}],"about":[{"href":"https:\/\/www.hakansager.com\/ar\/wp-json\/wp\/v2\/types\/page"}],"author":[{"embeddable":true,"href":"https:\/\/www.hakansager.com\/ar\/wp-json\/wp\/v2\/users\/1"}],"replies":[{"embeddable":true,"href":"https:\/\/www.hakansager.com\/ar\/wp-json\/wp\/v2\/comments?post=795"}],"version-history":[{"count":6,"href":"https:\/\/www.hakansager.com\/ar\/wp-json\/wp\/v2\/pages\/795\/revisions"}],"predecessor-version":[{"id":801,"href":"https:\/\/www.hakansager.com\/ar\/wp-json\/wp\/v2\/pages\/795\/revisions\/801"}],"up":[{"embeddable":true,"href":"https:\/\/www.hakansager.com\/ar\/wp-json\/wp\/v2\/pages\/376"}],"wp:attachment":[{"href":"https:\/\/www.hakansager.com\/ar\/wp-json\/wp\/v2\/media?parent=795"}],"curies":[{"name":"wp","href":"https:\/\/api.w.org\/{rel}","templated":true}]}}