{"id":802,"date":"2024-11-06T23:05:06","date_gmt":"2024-11-06T20:05:06","guid":{"rendered":"https:\/\/www.hakansager.com\/?page_id=802"},"modified":"2024-11-06T23:06:23","modified_gmt":"2024-11-06T20:06:23","slug":"cilt-kok-hucre-tedavisi","status":"publish","type":"page","link":"https:\/\/www.hakansager.com\/ar\/uzmanliklar\/cilt-kok-hucre-tedavisi\/","title":{"rendered":"\u0639\u0644\u0627\u062c \u0627\u0644\u062c\u0644\u062f \u0628\u0627\u0644\u062e\u0644\u0627\u064a\u0627 \u0627\u0644\u062c\u0630\u0639\u064a\u0629"},"content":{"rendered":"<div id=\"page-header-1049886839\" class=\"page-header-wrapper\">\n  <div class=\"page-title dark featured-title\">\n\n    \n    <div class=\"page-title-inner container align-center flex-row medium-flex-wrap\" >\n              <div class=\"title-wrapper flex-col text-left medium-text-center\">\n          <h1 class=\"entry-title mb-0\"><span class=\"ez-toc-section\" id=\"Cilt_Kok_Hucre_Tedavisi\"><\/span>\n            \u0639\u0644\u0627\u062c \u0627\u0644\u062c\u0644\u062f \u0628\u0627\u0644\u062e\u0644\u0627\u064a\u0627 \u0627\u0644\u062c\u0630\u0639\u064a\u0629          <span class=\"ez-toc-section-end\"><\/span><\/h1>\n        <\/div>\n                    <div class=\"title-content flex-col flex-right text-right medium-text-center\">\n        <div class=\"title-share pt-half pb-half\"><div class=\"social-icons share-icons share-row relative\" ><a href=\"whatsapp:\/\/send?text=Cilt%20K%C3%B6k%20H%C3%BCcre%20Tedavisi - https:\/\/www.hakansager.com\/ar\/uzmanliklar\/cilt-kok-hucre-tedavisi\/\" data-action=\"share\/whatsapp\/share\" class=\"icon button circle is-outline tooltip whatsapp show-for-medium\" title=\"Share on WhatsApp\" aria-label=\"Share on WhatsApp\"><i class=\"icon-whatsapp\"><\/i><\/a><a href=\"https:\/\/www.facebook.com\/sharer.php?u=https:\/\/www.hakansager.com\/ar\/uzmanliklar\/cilt-kok-hucre-tedavisi\/\" data-label=\"Facebook\" onclick=\"window.open(this.href,this.title,'width=500,height=500,top=300px,left=300px');  return false;\" rel=\"noopener noreferrer nofollow\" target=\"_blank\" class=\"icon button circle is-outline tooltip facebook\" title=\"Share on Facebook\" aria-label=\"Share on Facebook\"><i class=\"icon-facebook\" ><\/i><\/a><a href=\"https:\/\/twitter.com\/share?url=https:\/\/www.hakansager.com\/ar\/uzmanliklar\/cilt-kok-hucre-tedavisi\/\" onclick=\"window.open(this.href,this.title,'width=500,height=500,top=300px,left=300px');  return false;\" rel=\"noopener noreferrer nofollow\" target=\"_blank\" class=\"icon button circle is-outline tooltip twitter\" title=\"Share on Twitter\" aria-label=\"Share on Twitter\"><i class=\"icon-twitter\" ><\/i><\/a><a href=\"mailto:enteryour@addresshere.com?subject=Cilt%20K%C3%B6k%20H%C3%BCcre%20Tedavisi&amp;body=Check%20this%20out:%20https:\/\/www.hakansager.com\/ar\/uzmanliklar\/cilt-kok-hucre-tedavisi\/\" rel=\"nofollow\" class=\"icon button circle is-outline tooltip email\" title=\"Email to a Friend\" aria-label=\"Email to a Friend\"><i class=\"icon-envelop\" ><\/i><\/a><a href=\"https:\/\/pinterest.com\/pin\/create\/button\/?url=https:\/\/www.hakansager.com\/ar\/uzmanliklar\/cilt-kok-hucre-tedavisi\/&amp;media=&amp;description=Cilt%20K%C3%B6k%20H%C3%BCcre%20Tedavisi\" onclick=\"window.open(this.href,this.title,'width=500,height=500,top=300px,left=300px');  return false;\" rel=\"noopener noreferrer nofollow\" target=\"_blank\" class=\"icon button circle is-outline tooltip pinterest\" title=\"Pin on Pinterest\" aria-label=\"Pin on Pinterest\"><i class=\"icon-pinterest\" ><\/i><\/a><a href=\"https:\/\/www.linkedin.com\/shareArticle?mini=true&url=https:\/\/www.hakansager.com\/ar\/uzmanliklar\/cilt-kok-hucre-tedavisi\/&title=Cilt%20K%C3%B6k%20H%C3%BCcre%20Tedavisi\" onclick=\"window.open(this.href,this.title,'width=500,height=500,top=300px,left=300px');  return false;\"  rel=\"noopener noreferrer nofollow\" target=\"_blank\" class=\"icon button circle is-outline tooltip linkedin\" title=\"Share on LinkedIn\" aria-label=\"Share on LinkedIn\"><i class=\"icon-linkedin\" ><\/i><\/a><\/div><\/div>      <\/div>\n    <\/div>\n\n       <\/div>\n    <\/div>\n  \n\n\t<div id=\"gap-1012061966\" class=\"gap-element clearfix\" style=\"display:block; height:auto;\">\n\t\t\n<style>\n#gap-1012061966 {\n  padding-top: 30px;\n}\n<\/style>\n\t<\/div>\n\t\n\n<div class=\"row\"  id=\"row-1673774927\">\n\n\n\t<div id=\"col-578595385\" class=\"col small-12 large-12\"  >\n\t\t\t\t<div class=\"col-inner\"  >\n\t\t\t\n\t\t\t\n\n<h3><div id=\"ez-toc-container\" class=\"ez-toc-v2_0_76 ez-toc-wrap-left counter-hierarchy ez-toc-counter ez-toc-grey ez-toc-container-direction\">\n<div class=\"ez-toc-title-container\">\n<span class=\"ez-toc-title-toggle\"><a href=\"#\" class=\"ez-toc-pull-right ez-toc-btn ez-toc-btn-xs ez-toc-btn-default ez-toc-toggle\" aria-label=\"Toggle Table of Content\"><span class=\"ez-toc-js-icon-con\"><span class=\"\"><span class=\"eztoc-hide\" style=\"display:none;\">Toggle<\/span><span class=\"ez-toc-icon-toggle-span\"><svg style=\"fill: #999;color:#999\" xmlns=\"http:\/\/www.w3.org\/2000\/svg\" class=\"list-377408\" width=\"20px\" height=\"20px\" viewbox=\"0 0 24 24\" fill=\"none\"><path d=\"M6 6H4v2h2V6zm14 0H8v2h12V6zM4 11h2v2H4v-2zm16 0H8v2h12v-2zM4 16h2v2H4v-2zm16 0H8v2h12v-2z\" fill=\"currentColor\"><\/path><\/svg><svg style=\"fill: #999;color:#999\" class=\"arrow-unsorted-368013\" xmlns=\"http:\/\/www.w3.org\/2000\/svg\" width=\"10px\" height=\"10px\" viewbox=\"0 0 24 24\" version=\"1.2\" baseprofile=\"tiny\"><path d=\"M18.2 9.3l-6.2-6.3-6.2 6.3c-.2.2-.3.4-.3.7s.1.5.3.7c.2.2.4.3.7.3h11c.3 0 .5-.1.7-.3.2-.2.3-.5.3-.7s-.1-.5-.3-.7zM5.8 14.7l6.2 6.3 6.2-6.3c.2-.2.3-.5.3-.7s-.1-.5-.3-.7c-.2-.2-.4-.3-.7-.3h-11c-.3 0-.5.1-.7.3-.2.2-.3.5-.3.7s.1.5.3.7z\"\/><\/svg><\/span><\/span><\/span><\/a><\/span><\/div>\n<nav><ul class='ez-toc-list ez-toc-list-level-1' ><li class='ez-toc-page-1 ez-toc-heading-level-1'><a class=\"ez-toc-link ez-toc-heading-1\" href=\"https:\/\/www.hakansager.com\/ar\/uzmanliklar\/cilt-kok-hucre-tedavisi\/#Cilt_Kok_Hucre_Tedavisi\" >\u0639\u0644\u0627\u062c \u0627\u0644\u062c\u0644\u062f \u0628\u0627\u0644\u062e\u0644\u0627\u064a\u0627 \u0627\u0644\u062c\u0630\u0639\u064a\u0629<\/a><ul class='ez-toc-list-level-3' ><li class='ez-toc-heading-level-3'><ul class='ez-toc-list-level-3' ><li class='ez-toc-heading-level-3'><a class=\"ez-toc-link ez-toc-heading-2\" href=\"https:\/\/www.hakansager.com\/ar\/uzmanliklar\/cilt-kok-hucre-tedavisi\/#Cilt_Kok_Hucre_Tedavisi_Cilt_Yenileme_ve_Genclesme_Icin_Dogal_Bir_Yontem\" >Cilt K\u00f6k H\u00fccre Tedavisi: Cilt Yenileme ve Gen\u00e7le\u015fme \u0130\u00e7in Do\u011fal Bir Y\u00f6ntem<\/a><ul class='ez-toc-list-level-4' ><li class='ez-toc-heading-level-4'><a class=\"ez-toc-link ez-toc-heading-3\" href=\"https:\/\/www.hakansager.com\/ar\/uzmanliklar\/cilt-kok-hucre-tedavisi\/#Cilt_Kok_Hucre_Tedavisinin_Faydalari\" >Cilt K\u00f6k H\u00fccre Tedavisinin Faydalar\u0131<\/a><\/li><\/ul><\/li><\/ul><\/li><\/ul><\/li><\/ul><\/nav><\/div>\n<\/h3>\n<h3 style=\"text-align: left;\"><span class=\"ez-toc-section\" id=\"Cilt_Kok_Hucre_Tedavisi_Cilt_Yenileme_ve_Genclesme_Icin_Dogal_Bir_Yontem\"><\/span><strong>Cilt K\u00f6k H\u00fccre Tedavisi: Cilt Yenileme ve Gen\u00e7le\u015fme \u0130\u00e7in Do\u011fal Bir Y\u00f6ntem<\/strong><span class=\"ez-toc-section-end\"><\/span><\/h3>\n<p style=\"text-align: justify;\">Cilt k\u00f6k h\u00fccre tedavisi, ciltteki ya\u015flanma belirtilerini azaltmak, cilt dokusunu yenilemek ve daha gen\u00e7 bir g\u00f6r\u00fcn\u00fcm elde etmek amac\u0131yla uygulanan etkili bir estetik tedavi y\u00f6ntemidir. Bu tedavi, cildin kendi kendini onarma kapasitesini art\u0131rmak i\u00e7in k\u00f6k h\u00fccrelerin rejeneratif g\u00fcc\u00fcnden yararlan\u0131r. K\u00f6k h\u00fccreler, cildin alt katmanlar\u0131na enjekte edilerek kolajen \u00fcretimini te\u015fvik eder ve cilt elastikiyetini geri kazand\u0131r\u0131r.<\/p>\n<p style=\"text-align: justify;\">Cilt k\u00f6k h\u00fccre tedavisinde kullan\u0131lan k\u00f6k h\u00fccreler, genellikle hastan\u0131n kendi v\u00fccudundan al\u0131n\u0131r. Bu h\u00fccreler, cildin alt\u0131ndaki hasarl\u0131 dokulara ula\u015farak iyile\u015fme s\u00fcrecini h\u0131zland\u0131r\u0131r. Tedavi sonras\u0131 cilt daha s\u0131k\u0131, p\u00fcr\u00fczs\u00fcz ve parlak bir hale gelir. K\u0131r\u0131\u015f\u0131kl\u0131klar\u0131n g\u00f6r\u00fcn\u00fcm\u00fc azal\u0131r ve cildin genel yap\u0131s\u0131 gen\u00e7le\u015fir. Cilt k\u00f6k h\u00fccre tedavisi, ameliyats\u0131z ve do\u011fal bir gen\u00e7le\u015fme isteyenler i\u00e7in ideal bir se\u00e7enektir.<\/p>\n<h4 style=\"text-align: left;\"><span class=\"ez-toc-section\" id=\"Cilt_Kok_Hucre_Tedavisinin_Faydalari\"><\/span><strong>Cilt K\u00f6k H\u00fccre Tedavisinin Faydalar\u0131<\/strong><span class=\"ez-toc-section-end\"><\/span><\/h4>\n<ul style=\"text-align: justify;\">\n<li>Cilt dokusunu yeniler ve gen\u00e7le\u015ftirir<\/li>\n<li>K\u0131r\u0131\u015f\u0131kl\u0131klar\u0131n ve ince \u00e7izgilerin g\u00f6r\u00fcn\u00fcm\u00fcn\u00fc azalt\u0131r<\/li>\n<li>Kolajen \u00fcretimini art\u0131rarak cilt elastikiyetini art\u0131r\u0131r<\/li>\n<li>Ameliyats\u0131z ve do\u011fal bir tedavi y\u00f6ntemi sunar<\/li>\n<\/ul>\n<p style=\"text-align: justify;\">Tedavi sonras\u0131nda ciltte hafif k\u0131zar\u0131kl\u0131k ve \u015fi\u015flik g\u00f6r\u00fclebilir, ancak bu durum birka\u00e7 g\u00fcn i\u00e7inde ge\u00e7er. \u0130lk etkiler birka\u00e7 hafta i\u00e7inde g\u00f6zlemlenmeye ba\u015flan\u0131r ve d\u00fczenli seanslarla uzun s\u00fcreli sonu\u00e7lar elde edilir. Cilt k\u00f6k h\u00fccre tedavisi, do\u011fal bir gen\u00e7le\u015fme sa\u011flayan ve cildin yap\u0131s\u0131n\u0131 derinlemesine yenileyen bir y\u00f6ntem olarak tercih edilmektedir.<\/p>\n\n\n\t\t<\/div>\n\t\t\t\t\t<\/div>\n\n\t\n\n<\/div>","protected":false},"excerpt":{"rendered":"","protected":false},"author":1,"featured_media":0,"parent":376,"menu_order":0,"comment_status":"closed","ping_status":"closed","template":"page-blank.php","meta":{"footnotes":""},"class_list":["post-802","page","type-page","status-publish","hentry"],"_links":{"self":[{"href":"https:\/\/www.hakansager.com\/ar\/wp-json\/wp\/v2\/pages\/802","targetHints":{"allow":["GET"]}}],"collection":[{"href":"https:\/\/www.hakansager.com\/ar\/wp-json\/wp\/v2\/pages"}],"about":[{"href":"https:\/\/www.hakansager.com\/ar\/wp-json\/wp\/v2\/types\/page"}],"author":[{"embeddable":true,"href":"https:\/\/www.hakansager.com\/ar\/wp-json\/wp\/v2\/users\/1"}],"replies":[{"embeddable":true,"href":"https:\/\/www.hakansager.com\/ar\/wp-json\/wp\/v2\/comments?post=802"}],"version-history":[{"count":6,"href":"https:\/\/www.hakansager.com\/ar\/wp-json\/wp\/v2\/pages\/802\/revisions"}],"predecessor-version":[{"id":808,"href":"https:\/\/www.hakansager.com\/ar\/wp-json\/wp\/v2\/pages\/802\/revisions\/808"}],"up":[{"embeddable":true,"href":"https:\/\/www.hakansager.com\/ar\/wp-json\/wp\/v2\/pages\/376"}],"wp:attachment":[{"href":"https:\/\/www.hakansager.com\/ar\/wp-json\/wp\/v2\/media?parent=802"}],"curies":[{"name":"wp","href":"https:\/\/api.w.org\/{rel}","templated":true}]}}