{"id":382,"date":"2024-11-03T21:12:05","date_gmt":"2024-11-03T18:12:05","guid":{"rendered":"https:\/\/www.hakansager.com\/?page_id=382"},"modified":"2024-11-05T21:57:49","modified_gmt":"2024-11-05T18:57:49","slug":"genital-estetik","status":"publish","type":"page","link":"https:\/\/www.hakansager.com\/en\/uzmanliklar\/genital-estetik\/","title":{"rendered":"Genital Aesthetics"},"content":{"rendered":"<div id=\"page-header-1866985591\" class=\"page-header-wrapper\">\n  <div class=\"page-title dark featured-title\">\n\n    \n    <div class=\"page-title-inner container align-center flex-row medium-flex-wrap\" >\n              <div class=\"title-wrapper flex-col text-left medium-text-center\">\n          <h1 class=\"entry-title mb-0\"><span class=\"ez-toc-section\" id=\"Genital_Estetik\"><\/span>\n            Genital Aesthetics          <span class=\"ez-toc-section-end\"><\/span><\/h1>\n        <\/div>\n                    <div class=\"title-content flex-col flex-right text-right medium-text-center\">\n        <div class=\"title-share pt-half pb-half\"><div class=\"social-icons share-icons share-row relative\" ><a href=\"whatsapp:\/\/send?text=Genital%20Estetik - https:\/\/www.hakansager.com\/en\/uzmanliklar\/genital-estetik\/\" data-action=\"share\/whatsapp\/share\" class=\"icon button circle is-outline tooltip whatsapp show-for-medium\" title=\"Share on WhatsApp\" aria-label=\"Share on WhatsApp\"><i class=\"icon-whatsapp\"><\/i><\/a><a href=\"https:\/\/www.facebook.com\/sharer.php?u=https:\/\/www.hakansager.com\/en\/uzmanliklar\/genital-estetik\/\" data-label=\"Facebook\" onclick=\"window.open(this.href,this.title,'width=500,height=500,top=300px,left=300px');  return false;\" rel=\"noopener noreferrer nofollow\" target=\"_blank\" class=\"icon button circle is-outline tooltip facebook\" title=\"Share on Facebook\" aria-label=\"Share on Facebook\"><i class=\"icon-facebook\" ><\/i><\/a><a href=\"https:\/\/twitter.com\/share?url=https:\/\/www.hakansager.com\/en\/uzmanliklar\/genital-estetik\/\" onclick=\"window.open(this.href,this.title,'width=500,height=500,top=300px,left=300px');  return false;\" rel=\"noopener noreferrer nofollow\" target=\"_blank\" class=\"icon button circle is-outline tooltip twitter\" title=\"Share on Twitter\" aria-label=\"Share on Twitter\"><i class=\"icon-twitter\" ><\/i><\/a><a href=\"mailto:enteryour@addresshere.com?subject=Genital%20Estetik&amp;body=Check%20this%20out:%20https:\/\/www.hakansager.com\/en\/uzmanliklar\/genital-estetik\/\" rel=\"nofollow\" class=\"icon button circle is-outline tooltip email\" title=\"Email to a Friend\" aria-label=\"Email to a Friend\"><i class=\"icon-envelop\" ><\/i><\/a><a href=\"https:\/\/pinterest.com\/pin\/create\/button\/?url=https:\/\/www.hakansager.com\/en\/uzmanliklar\/genital-estetik\/&amp;media=&amp;description=Genital%20Estetik\" onclick=\"window.open(this.href,this.title,'width=500,height=500,top=300px,left=300px');  return false;\" rel=\"noopener noreferrer nofollow\" target=\"_blank\" class=\"icon button circle is-outline tooltip pinterest\" title=\"Pin on Pinterest\" aria-label=\"Pin on Pinterest\"><i class=\"icon-pinterest\" ><\/i><\/a><a href=\"https:\/\/www.linkedin.com\/shareArticle?mini=true&url=https:\/\/www.hakansager.com\/en\/uzmanliklar\/genital-estetik\/&title=Genital%20Estetik\" onclick=\"window.open(this.href,this.title,'width=500,height=500,top=300px,left=300px');  return false;\"  rel=\"noopener noreferrer nofollow\" target=\"_blank\" class=\"icon button circle is-outline tooltip linkedin\" title=\"Share on LinkedIn\" aria-label=\"Share on LinkedIn\"><i class=\"icon-linkedin\" ><\/i><\/a><\/div><\/div>      <\/div>\n    <\/div>\n\n       <\/div>\n    <\/div>\n  \n\n\t<div id=\"gap-281797286\" class=\"gap-element clearfix\" style=\"display:block; height:auto;\">\n\t\t\n<style>\n#gap-281797286 {\n  padding-top: 30px;\n}\n<\/style>\n\t<\/div>\n\t\n\n<div class=\"row\"  id=\"row-1884857210\">\n\n\n\t<div id=\"col-682954620\" class=\"col small-12 large-12\"  >\n\t\t\t\t<div class=\"col-inner\"  >\n\t\t\t\n\t\t\t\n\n<div id=\"ez-toc-container\" class=\"ez-toc-v2_0_76 ez-toc-wrap-left counter-hierarchy ez-toc-counter ez-toc-grey ez-toc-container-direction\">\n<div class=\"ez-toc-title-container\">\n<span class=\"ez-toc-title-toggle\"><a href=\"#\" class=\"ez-toc-pull-right ez-toc-btn ez-toc-btn-xs ez-toc-btn-default ez-toc-toggle\" aria-label=\"Toggle Table of Content\"><span class=\"ez-toc-js-icon-con\"><span class=\"\"><span class=\"eztoc-hide\" style=\"display:none;\">Toggle<\/span><span class=\"ez-toc-icon-toggle-span\"><svg style=\"fill: #999;color:#999\" xmlns=\"http:\/\/www.w3.org\/2000\/svg\" class=\"list-377408\" width=\"20px\" height=\"20px\" viewbox=\"0 0 24 24\" fill=\"none\"><path d=\"M6 6H4v2h2V6zm14 0H8v2h12V6zM4 11h2v2H4v-2zm16 0H8v2h12v-2zM4 16h2v2H4v-2zm16 0H8v2h12v-2z\" fill=\"currentColor\"><\/path><\/svg><svg style=\"fill: #999;color:#999\" class=\"arrow-unsorted-368013\" xmlns=\"http:\/\/www.w3.org\/2000\/svg\" width=\"10px\" height=\"10px\" viewbox=\"0 0 24 24\" version=\"1.2\" baseprofile=\"tiny\"><path d=\"M18.2 9.3l-6.2-6.3-6.2 6.3c-.2.2-.3.4-.3.7s.1.5.3.7c.2.2.4.3.7.3h11c.3 0 .5-.1.7-.3.2-.2.3-.5.3-.7s-.1-.5-.3-.7zM5.8 14.7l6.2 6.3 6.2-6.3c.2-.2.3-.5.3-.7s-.1-.5-.3-.7c-.2-.2-.4-.3-.7-.3h-11c-.3 0-.5.1-.7.3-.2.2-.3.5-.3.7s.1.5.3.7z\"\/><\/svg><\/span><\/span><\/span><\/a><\/span><\/div>\n<nav><ul class='ez-toc-list ez-toc-list-level-1' ><li class='ez-toc-page-1 ez-toc-heading-level-1'><a class=\"ez-toc-link ez-toc-heading-1\" href=\"https:\/\/www.hakansager.com\/en\/uzmanliklar\/genital-estetik\/#Genital_Estetik\" >Genital Aesthetics<\/a><\/li><li class='ez-toc-page-1 ez-toc-heading-level-1'><a class=\"ez-toc-link ez-toc-heading-2\" href=\"https:\/\/www.hakansager.com\/en\/uzmanliklar\/genital-estetik\/#Genital_Estetik_Nedir_Kimler_Icin_Uygundur\" >Genital Estetik Nedir? Kimler \u0130\u00e7in Uygundur?<\/a><ul class='ez-toc-list-level-4' ><li class='ez-toc-heading-level-4'><ul class='ez-toc-list-level-4' ><li class='ez-toc-heading-level-4'><ul class='ez-toc-list-level-4' ><li class='ez-toc-heading-level-4'><a class=\"ez-toc-link ez-toc-heading-3\" href=\"https:\/\/www.hakansager.com\/en\/uzmanliklar\/genital-estetik\/#Genital_Estetik_Neden_Tercih_Edilir\" >Genital Estetik Neden Tercih Edilir?<\/a><\/li><li class='ez-toc-page-1 ez-toc-heading-level-4'><a class=\"ez-toc-link ez-toc-heading-4\" href=\"https:\/\/www.hakansager.com\/en\/uzmanliklar\/genital-estetik\/#Genital_Estetik_Islemleri_Nelerdir\" >Genital Estetik \u0130\u015flemleri Nelerdir?<\/a><\/li><li class='ez-toc-page-1 ez-toc-heading-level-4'><a class=\"ez-toc-link ez-toc-heading-5\" href=\"https:\/\/www.hakansager.com\/en\/uzmanliklar\/genital-estetik\/#Kimler_Genital_Estetikten_Yararlanabilir\" >Kimler Genital Estetikten Yararlanabilir?<\/a><\/li><li class='ez-toc-page-1 ez-toc-heading-level-4'><a class=\"ez-toc-link ez-toc-heading-6\" href=\"https:\/\/www.hakansager.com\/en\/uzmanliklar\/genital-estetik\/#Genital_Estetik_Sonrasi_Iyilesme_Sureci\" >Genital Estetik Sonras\u0131 \u0130yile\u015fme S\u00fcreci<\/a><\/li><\/ul><\/li><\/ul><\/li><\/ul><\/li><\/ul><\/nav><\/div>\n\n<h1><span class=\"ez-toc-section\" id=\"Genital_Estetik_Nedir_Kimler_Icin_Uygundur\"><\/span>Genital Estetik Nedir? Kimler \u0130\u00e7in Uygundur?<span class=\"ez-toc-section-end\"><\/span><\/h1>\n<p style=\"text-align: justify;\">Genital estetik, kad\u0131n genital b\u00f6lgesinin hem fonksiyonel hem de estetik a\u00e7\u0131dan iyile\u015ftirilmesini ama\u00e7layan cerrahi ve cerrahi olmayan i\u015flemleri kapsar. G\u00fcn\u00fcm\u00fczde bir\u00e7ok kad\u0131n, do\u011fum sonras\u0131 ya da ya\u015fa ba\u011fl\u0131 olarak genital b\u00f6lgede meydana gelen deformasyonlar ve de\u011fi\u015fikliklerden \u015fikayet\u00e7i olabilmektedir. Bu durumlar, estetik kayg\u0131lar\u0131n yan\u0131 s\u0131ra sa\u011fl\u0131k sorunlar\u0131na da yol a\u00e7abilir. Genital estetik i\u015flemleri, bu t\u00fcr sorunlar\u0131n ortadan kald\u0131r\u0131lmas\u0131na yard\u0131mc\u0131 olurken, ki\u015finin kendine olan g\u00fcvenini de art\u0131r\u0131r.<\/p>\n<h4 style=\"text-align: left;\"><span class=\"ez-toc-section\" id=\"Genital_Estetik_Neden_Tercih_Edilir\"><\/span><strong>Genital Estetik Neden Tercih Edilir?<\/strong><span class=\"ez-toc-section-end\"><\/span><\/h4>\n<p style=\"text-align: justify;\">Genital estetik, vajinal gev\u015feklik, i\u00e7 dudak sarkmas\u0131 (labial sarkma), d\u0131\u015f genital b\u00f6lgedeki \u015fekil bozukluklar\u0131 ve asimetriler gibi estetik kayg\u0131larla birlikte, cinsel ili\u015fkide a\u011fr\u0131, rahats\u0131zl\u0131k hissi gibi fonksiyonel problemlerin \u00e7\u00f6z\u00fcm\u00fcnde de etkin bir rol oynar. Vajinan\u0131n s\u0131k\u0131la\u015ft\u0131r\u0131lmas\u0131 (vajinoplasti), labiaplasti, klitoroplasti ve monsplasti gibi i\u015flemler genital estetik kapsam\u0131nda ger\u00e7ekle\u015ftirilen ba\u015fl\u0131ca operasyonlar aras\u0131nda yer al\u0131r.<\/p>\n<h4 style=\"text-align: left;\"><span class=\"ez-toc-section\" id=\"Genital_Estetik_Islemleri_Nelerdir\"><\/span><strong>Genital Estetik \u0130\u015flemleri Nelerdir?<\/strong><span class=\"ez-toc-section-end\"><\/span><\/h4>\n<ul style=\"text-align: justify;\">\n<li>\n<p><strong>Labiaplasty<\/strong>: \u0130\u00e7 dudaklar\u0131n k\u00fc\u00e7\u00fclt\u00fclmesi ve \u015fekillendirilmesi i\u015flemidir. \u0130\u00e7 dudaklardaki sarkma, hem estetik hem de hijyen a\u00e7\u0131s\u0131ndan problemlere yol a\u00e7abilmektedir. Labioplasti ile bu sorunlar giderilir.<\/p>\n<\/li>\n<li>\n<p><strong>Vaginoplasty<\/strong>: Vajinan\u0131n daralt\u0131lmas\u0131 i\u015flemidir. \u00d6zellikle do\u011fum sonras\u0131nda veya ya\u015fla birlikte vajina kaslar\u0131nda gev\u015feme olabilir. Vajinoplasti ile bu gev\u015feme giderilir ve vajina s\u0131k\u0131la\u015ft\u0131r\u0131l\u0131r.<\/p>\n<\/li>\n<li>\n<p><strong>Klitoroplasti<\/strong>: Klitoris \u00fczerindeki fazla cilt dokusunun al\u0131narak estetik bir g\u00f6r\u00fcn\u00fcm kazand\u0131r\u0131lmas\u0131 i\u015flemidir. Bu i\u015flem cinsel hazz\u0131n art\u0131r\u0131lmas\u0131na da katk\u0131da bulunabilir.<\/p>\n<\/li>\n<li>\n<p><strong>Monsplasti<\/strong>: Pubis b\u00f6lgesindeki ya\u011f dokusunun al\u0131narak bu b\u00f6lgenin daha d\u00fczg\u00fcn ve estetik g\u00f6r\u00fcnmesi sa\u011flan\u0131r.<\/p>\n<\/li>\n<\/ul>\n<h4 style=\"text-align: left;\"><span class=\"ez-toc-section\" id=\"Kimler_Genital_Estetikten_Yararlanabilir\"><\/span><strong>Kimler Genital Estetikten Yararlanabilir?<\/strong><span class=\"ez-toc-section-end\"><\/span><\/h4>\n<p style=\"text-align: justify;\">Genital estetik operasyonlar\u0131, do\u011fum sonras\u0131 de\u011fi\u015fikliklerden \u015fikayet\u00e7i olan, genital b\u00f6lgesinde estetik kayg\u0131lar\u0131 olan, cinsel ili\u015fki s\u0131ras\u0131nda rahats\u0131zl\u0131k ya\u015fayan veya hijyen sorunlar\u0131 ya\u015fayan kad\u0131nlar i\u00e7in uygundur. Her ne kadar bu i\u015flemler estetik ama\u00e7l\u0131 g\u00f6r\u00fcnse de, bir\u00e7ok kad\u0131n\u0131n ya\u015fam kalitesini do\u011frudan etkileyen fonksiyonel iyile\u015ftirmeler sa\u011flar.<\/p>\n<h4 style=\"text-align: left;\"><span class=\"ez-toc-section\" id=\"Genital_Estetik_Sonrasi_Iyilesme_Sureci\"><\/span><strong>Genital Estetik Sonras\u0131 \u0130yile\u015fme S\u00fcreci<\/strong><span class=\"ez-toc-section-end\"><\/span><\/h4>\n<p style=\"text-align: justify;\">Genital estetik i\u015flemlerinden sonra iyile\u015fme s\u00fcreci genellikle h\u0131zl\u0131d\u0131r. \u0130\u015flemler lokal veya genel anestezi alt\u0131nda yap\u0131l\u0131r ve birka\u00e7 g\u00fcn i\u00e7inde normal ya\u015fant\u0131n\u0131za geri d\u00f6nmeniz m\u00fcmk\u00fcnd\u00fcr. Doktorunuzun \u00f6nerilerine uyulmas\u0131 durumunda, a\u011fr\u0131 ve rahats\u0131zl\u0131k minimal d\u00fczeyde olacakt\u0131r. \u0130yile\u015fme s\u00fcrecinde hijyen kurallar\u0131na dikkat edilmesi ve doktor taraf\u0131ndan \u00f6nerilen bak\u0131m talimatlar\u0131n\u0131n uygulanmas\u0131 b\u00fcy\u00fck \u00f6nem ta\u015f\u0131r.<\/p>\n<p style=\"text-align: justify;\">Genital estetik, sadece estetik kayg\u0131lar\u0131 gidermekle kalmaz, ayn\u0131 zamanda fonksiyonel problemlerin \u00e7\u00f6z\u00fclmesine de yard\u0131mc\u0131 olur. Bu sayede kad\u0131nlar, hem fiziksel hem de psikolojik olarak kendilerini daha iyi hissederler. Genital estetik operasyonlar\u0131n\u0131n g\u00fcvenli ve etkili olmas\u0131 i\u00e7in uzman bir doktor taraf\u0131ndan ger\u00e7ekle\u015ftirilmesi son derece \u00f6nemlidir.<\/p>\n\n\t\t<\/div>\n\t\t\t\t\t<\/div>\n\n\t\n\n<\/div>","protected":false},"excerpt":{"rendered":"","protected":false},"author":1,"featured_media":0,"parent":376,"menu_order":0,"comment_status":"closed","ping_status":"closed","template":"page-blank.php","meta":{"footnotes":""},"class_list":["post-382","page","type-page","status-publish","hentry"],"_links":{"self":[{"href":"https:\/\/www.hakansager.com\/en\/wp-json\/wp\/v2\/pages\/382","targetHints":{"allow":["GET"]}}],"collection":[{"href":"https:\/\/www.hakansager.com\/en\/wp-json\/wp\/v2\/pages"}],"about":[{"href":"https:\/\/www.hakansager.com\/en\/wp-json\/wp\/v2\/types\/page"}],"author":[{"embeddable":true,"href":"https:\/\/www.hakansager.com\/en\/wp-json\/wp\/v2\/users\/1"}],"replies":[{"embeddable":true,"href":"https:\/\/www.hakansager.com\/en\/wp-json\/wp\/v2\/comments?post=382"}],"version-history":[{"count":9,"href":"https:\/\/www.hakansager.com\/en\/wp-json\/wp\/v2\/pages\/382\/revisions"}],"predecessor-version":[{"id":416,"href":"https:\/\/www.hakansager.com\/en\/wp-json\/wp\/v2\/pages\/382\/revisions\/416"}],"up":[{"embeddable":true,"href":"https:\/\/www.hakansager.com\/en\/wp-json\/wp\/v2\/pages\/376"}],"wp:attachment":[{"href":"https:\/\/www.hakansager.com\/en\/wp-json\/wp\/v2\/media?parent=382"}],"curies":[{"name":"wp","href":"https:\/\/api.w.org\/{rel}","templated":true}]}}