{"id":407,"date":"2024-11-05T21:52:40","date_gmt":"2024-11-05T18:52:40","guid":{"rendered":"https:\/\/www.hakansager.com\/?page_id=407"},"modified":"2024-11-05T21:57:02","modified_gmt":"2024-11-05T18:57:02","slug":"dort-boyutlu-ultrason","status":"publish","type":"page","link":"https:\/\/www.hakansager.com\/en\/uzmanliklar\/dort-boyutlu-ultrason\/","title":{"rendered":"4D Ultrasound"},"content":{"rendered":"<div id=\"page-header-805736644\" class=\"page-header-wrapper\">\n  <div class=\"page-title dark featured-title\">\n\n    \n    <div class=\"page-title-inner container align-center flex-row medium-flex-wrap\" >\n              <div class=\"title-wrapper flex-col text-left medium-text-center\">\n          <h1 class=\"entry-title mb-0\"><span class=\"ez-toc-section\" id=\"Dort_Boyutlu_Ultrason\"><\/span>\n            4D Ultrasound          <span class=\"ez-toc-section-end\"><\/span><\/h1>\n        <\/div>\n                    <div class=\"title-content flex-col flex-right text-right medium-text-center\">\n        <div class=\"title-share pt-half pb-half\"><div class=\"social-icons share-icons share-row relative\" ><a href=\"whatsapp:\/\/send?text=D%C3%B6rt%20Boyutlu%20Ultrason - https:\/\/www.hakansager.com\/en\/uzmanliklar\/dort-boyutlu-ultrason\/\" data-action=\"share\/whatsapp\/share\" class=\"icon button circle is-outline tooltip whatsapp show-for-medium\" title=\"Share on WhatsApp\" aria-label=\"Share on WhatsApp\"><i class=\"icon-whatsapp\"><\/i><\/a><a href=\"https:\/\/www.facebook.com\/sharer.php?u=https:\/\/www.hakansager.com\/en\/uzmanliklar\/dort-boyutlu-ultrason\/\" data-label=\"Facebook\" onclick=\"window.open(this.href,this.title,'width=500,height=500,top=300px,left=300px');  return false;\" rel=\"noopener noreferrer nofollow\" target=\"_blank\" class=\"icon button circle is-outline tooltip facebook\" title=\"Share on Facebook\" aria-label=\"Share on Facebook\"><i class=\"icon-facebook\" ><\/i><\/a><a href=\"https:\/\/twitter.com\/share?url=https:\/\/www.hakansager.com\/en\/uzmanliklar\/dort-boyutlu-ultrason\/\" onclick=\"window.open(this.href,this.title,'width=500,height=500,top=300px,left=300px');  return false;\" rel=\"noopener noreferrer nofollow\" target=\"_blank\" class=\"icon button circle is-outline tooltip twitter\" title=\"Share on Twitter\" aria-label=\"Share on Twitter\"><i class=\"icon-twitter\" ><\/i><\/a><a href=\"mailto:enteryour@addresshere.com?subject=D%C3%B6rt%20Boyutlu%20Ultrason&amp;body=Check%20this%20out:%20https:\/\/www.hakansager.com\/en\/uzmanliklar\/dort-boyutlu-ultrason\/\" rel=\"nofollow\" class=\"icon button circle is-outline tooltip email\" title=\"Email to a Friend\" aria-label=\"Email to a Friend\"><i class=\"icon-envelop\" ><\/i><\/a><a href=\"https:\/\/pinterest.com\/pin\/create\/button\/?url=https:\/\/www.hakansager.com\/en\/uzmanliklar\/dort-boyutlu-ultrason\/&amp;media=&amp;description=D%C3%B6rt%20Boyutlu%20Ultrason\" onclick=\"window.open(this.href,this.title,'width=500,height=500,top=300px,left=300px');  return false;\" rel=\"noopener noreferrer nofollow\" target=\"_blank\" class=\"icon button circle is-outline tooltip pinterest\" title=\"Pin on Pinterest\" aria-label=\"Pin on Pinterest\"><i class=\"icon-pinterest\" ><\/i><\/a><a href=\"https:\/\/www.linkedin.com\/shareArticle?mini=true&url=https:\/\/www.hakansager.com\/en\/uzmanliklar\/dort-boyutlu-ultrason\/&title=D%C3%B6rt%20Boyutlu%20Ultrason\" onclick=\"window.open(this.href,this.title,'width=500,height=500,top=300px,left=300px');  return false;\"  rel=\"noopener noreferrer nofollow\" target=\"_blank\" class=\"icon button circle is-outline tooltip linkedin\" title=\"Share on LinkedIn\" aria-label=\"Share on LinkedIn\"><i class=\"icon-linkedin\" ><\/i><\/a><\/div><\/div>      <\/div>\n    <\/div>\n\n       <\/div>\n    <\/div>\n  \n\n\t<div id=\"gap-245609238\" class=\"gap-element clearfix\" style=\"display:block; height:auto;\">\n\t\t\n<style>\n#gap-245609238 {\n  padding-top: 30px;\n}\n<\/style>\n\t<\/div>\n\t\n\n<div class=\"row\"  id=\"row-106346826\">\n\n\n\t<div id=\"col-1448425769\" class=\"col small-12 large-12\"  >\n\t\t\t\t<div class=\"col-inner\"  >\n\t\t\t\n\t\t\t\n\n<h3><div id=\"ez-toc-container\" class=\"ez-toc-v2_0_76 ez-toc-wrap-left counter-hierarchy ez-toc-counter ez-toc-grey ez-toc-container-direction\">\n<div class=\"ez-toc-title-container\">\n<span class=\"ez-toc-title-toggle\"><a href=\"#\" class=\"ez-toc-pull-right ez-toc-btn ez-toc-btn-xs ez-toc-btn-default ez-toc-toggle\" aria-label=\"Toggle Table of Content\"><span class=\"ez-toc-js-icon-con\"><span class=\"\"><span class=\"eztoc-hide\" style=\"display:none;\">Toggle<\/span><span class=\"ez-toc-icon-toggle-span\"><svg style=\"fill: #999;color:#999\" xmlns=\"http:\/\/www.w3.org\/2000\/svg\" class=\"list-377408\" width=\"20px\" height=\"20px\" viewbox=\"0 0 24 24\" fill=\"none\"><path d=\"M6 6H4v2h2V6zm14 0H8v2h12V6zM4 11h2v2H4v-2zm16 0H8v2h12v-2zM4 16h2v2H4v-2zm16 0H8v2h12v-2z\" fill=\"currentColor\"><\/path><\/svg><svg style=\"fill: #999;color:#999\" class=\"arrow-unsorted-368013\" xmlns=\"http:\/\/www.w3.org\/2000\/svg\" width=\"10px\" height=\"10px\" viewbox=\"0 0 24 24\" version=\"1.2\" baseprofile=\"tiny\"><path d=\"M18.2 9.3l-6.2-6.3-6.2 6.3c-.2.2-.3.4-.3.7s.1.5.3.7c.2.2.4.3.7.3h11c.3 0 .5-.1.7-.3.2-.2.3-.5.3-.7s-.1-.5-.3-.7zM5.8 14.7l6.2 6.3 6.2-6.3c.2-.2.3-.5.3-.7s-.1-.5-.3-.7c-.2-.2-.4-.3-.7-.3h-11c-.3 0-.5.1-.7.3-.2.2-.3.5-.3.7s.1.5.3.7z\"\/><\/svg><\/span><\/span><\/span><\/a><\/span><\/div>\n<nav><ul class='ez-toc-list ez-toc-list-level-1' ><li class='ez-toc-page-1 ez-toc-heading-level-1'><a class=\"ez-toc-link ez-toc-heading-1\" href=\"https:\/\/www.hakansager.com\/en\/uzmanliklar\/dort-boyutlu-ultrason\/#Dort_Boyutlu_Ultrason\" >4D Ultrasound<\/a><ul class='ez-toc-list-level-3' ><li class='ez-toc-heading-level-3'><ul class='ez-toc-list-level-3' ><li class='ez-toc-heading-level-3'><a class=\"ez-toc-link ez-toc-heading-2\" href=\"https:\/\/www.hakansager.com\/en\/uzmanliklar\/dort-boyutlu-ultrason\/#Dort_Boyutlu_Ultrason_Nedir_Avantajlari_Nelerdir\" >D\u00f6rt Boyutlu Ultrason Nedir? Avantajlar\u0131 Nelerdir?<\/a><ul class='ez-toc-list-level-4' ><li class='ez-toc-heading-level-4'><a class=\"ez-toc-link ez-toc-heading-3\" href=\"https:\/\/www.hakansager.com\/en\/uzmanliklar\/dort-boyutlu-ultrason\/#Dort_Boyutlu_Ultrason_Nasil_Calisir\" >D\u00f6rt Boyutlu Ultrason Nas\u0131l \u00c7al\u0131\u015f\u0131r?<\/a><\/li><li class='ez-toc-page-1 ez-toc-heading-level-4'><a class=\"ez-toc-link ez-toc-heading-4\" href=\"https:\/\/www.hakansager.com\/en\/uzmanliklar\/dort-boyutlu-ultrason\/#Dort_Boyutlu_Ultrason_Hangi_Donemde_Uygulanir\" >D\u00f6rt Boyutlu Ultrason Hangi D\u00f6nemde Uygulan\u0131r?<\/a><\/li><li class='ez-toc-page-1 ez-toc-heading-level-4'><a class=\"ez-toc-link ez-toc-heading-5\" href=\"https:\/\/www.hakansager.com\/en\/uzmanliklar\/dort-boyutlu-ultrason\/#Dort_Boyutlu_Ultrasonun_Avantajlari_Nelerdir\" >D\u00f6rt Boyutlu Ultrasonun Avantajlar\u0131 Nelerdir?<\/a><\/li><li class='ez-toc-page-1 ez-toc-heading-level-4'><a class=\"ez-toc-link ez-toc-heading-6\" href=\"https:\/\/www.hakansager.com\/en\/uzmanliklar\/dort-boyutlu-ultrason\/#Dort_Boyutlu_Ultrason_Guvenli_midir\" >Is 4D Ultrasound Safe?<\/a><\/li><li class='ez-toc-page-1 ez-toc-heading-level-4'><a class=\"ez-toc-link ez-toc-heading-7\" href=\"https:\/\/www.hakansager.com\/en\/uzmanliklar\/dort-boyutlu-ultrason\/#Dort_Boyutlu_Ultrasonun_Kullanim_Alanlari\" >D\u00f6rt Boyutlu Ultrasonun Kullan\u0131m Alanlar\u0131<\/a><\/li><\/ul><\/li><\/ul><\/li><\/ul><\/li><\/ul><\/nav><\/div>\n<\/h3>\n<h3 style=\"text-align: left;\"><span class=\"ez-toc-section\" id=\"Dort_Boyutlu_Ultrason_Nedir_Avantajlari_Nelerdir\"><\/span><strong>D\u00f6rt Boyutlu Ultrason Nedir? Avantajlar\u0131 Nelerdir?<\/strong><span class=\"ez-toc-section-end\"><\/span><\/h3>\n<p style=\"text-align: justify;\">D\u00f6rt boyutlu ultrason, anne adaylar\u0131n\u0131n gebelik s\u00fcrecinde bebe\u011fini en net \u015fekilde g\u00f6rmesine olanak tan\u0131yan ileri bir g\u00f6r\u00fcnt\u00fcleme teknolojisidir. Geleneksel iki ve \u00fc\u00e7 boyutlu ultrasonlar\u0131n \u00f6tesine ge\u00e7erek, bebe\u011fin ger\u00e7ek zamanl\u0131 hareketlerini ayr\u0131nt\u0131l\u0131 bir \u015fekilde izleme f\u0131rsat\u0131 sunar. Bu teknoloji sayesinde bebe\u011fin y\u00fcz ifadeleri, el ve ayak hareketleri gibi detaylar canl\u0131 olarak g\u00f6zlemlenebilir. D\u00f6rt boyutlu ultrason, gebelik takibinde \u00f6nemli bir yer tutar ve ebeveynlerin bebekleriyle erken bir ba\u011f kurmas\u0131na yard\u0131mc\u0131 olur.<\/p>\n<h4 style=\"text-align: left;\"><span class=\"ez-toc-section\" id=\"Dort_Boyutlu_Ultrason_Nasil_Calisir\"><\/span><strong>D\u00f6rt Boyutlu Ultrason Nas\u0131l \u00c7al\u0131\u015f\u0131r?<\/strong><span class=\"ez-toc-section-end\"><\/span><\/h4>\n<p style=\"text-align: justify;\">D\u00f6rt boyutlu ultrason, ultrason dalgalar\u0131 yard\u0131m\u0131yla bebe\u011fin rahimdeki canl\u0131 g\u00f6r\u00fcnt\u00fclerini sa\u011flar. \u00dc\u00e7 boyutlu ultrason ile al\u0131nan g\u00f6r\u00fcnt\u00fclerin, zaman fakt\u00f6r\u00fc eklenerek ger\u00e7ek zamanl\u0131 hale getirilmesi ile elde edilir. Bu sayede sadece sabit bir g\u00f6r\u00fcnt\u00fc de\u011fil, bebe\u011fin hareketleri anl\u0131k olarak izlenebilir. D\u00f6rt boyutlu ultrason ile elde edilen bu g\u00f6r\u00fcnt\u00fcler, bebek hakk\u0131nda detayl\u0131 bilgi sunarken, ayn\u0131 zamanda anne ve baba i\u00e7in de duygusal bir an\u0131 yarat\u0131r.<\/p>\n<h4 style=\"text-align: left;\"><span class=\"ez-toc-section\" id=\"Dort_Boyutlu_Ultrason_Hangi_Donemde_Uygulanir\"><\/span><strong>D\u00f6rt Boyutlu Ultrason Hangi D\u00f6nemde Uygulan\u0131r?<\/strong><span class=\"ez-toc-section-end\"><\/span><\/h4>\n<p style=\"text-align: justify;\">D\u00f6rt boyutlu ultrason genellikle gebeli\u011fin 20-30. haftalar\u0131 aras\u0131nda uygulan\u0131r. Bu d\u00f6nem, bebe\u011fin y\u00fcz hatlar\u0131n\u0131n daha belirgin oldu\u011fu ve hareketlerinin daha net g\u00f6r\u00fcld\u00fc\u011f\u00fc bir s\u00fcre\u00e7tir. \u00d6zellikle bu d\u00f6nemde yap\u0131lacak ultrason, bebe\u011fin genel geli\u015fimini g\u00f6zlemlemek i\u00e7in ideal bir zamand\u0131r. Bununla birlikte, bebe\u011fin hareketlerinin yo\u011fun oldu\u011fu d\u00f6nemlerde yap\u0131lan d\u00f6rt boyutlu ultrason ile bebe\u011fin y\u00fcz ifadesi, g\u00fcl\u00fcmsemesi ve hatta esnemesi gibi detaylar izlenebilir.<\/p>\n<h4 style=\"text-align: left;\"><span class=\"ez-toc-section\" id=\"Dort_Boyutlu_Ultrasonun_Avantajlari_Nelerdir\"><\/span><strong>D\u00f6rt Boyutlu Ultrasonun Avantajlar\u0131 Nelerdir?<\/strong><span class=\"ez-toc-section-end\"><\/span><\/h4>\n<ul style=\"text-align: justify;\">\n<li>\n<p><strong>Detayl\u0131 G\u00f6r\u00fcnt\u00fcleme:<\/strong> D\u00f6rt boyutlu ultrason ile bebe\u011fin y\u00fcz hatlar\u0131, organ yap\u0131s\u0131 ve hareketleri \u00e7ok daha net bir \u015fekilde izlenir. \u00d6zellikle y\u00fcz yap\u0131s\u0131, burun ve dudak gibi detaylar net bir \u015fekilde g\u00f6r\u00fclebilir.<\/p>\n<\/li>\n<li>\n<p><strong>Ger\u00e7ek Zamanl\u0131 \u0130zleme:<\/strong> Bebe\u011fin anl\u0131k hareketleri, ger\u00e7ek zamanl\u0131 olarak kaydedilir ve izlenir. Bu sayede bebe\u011fin rahimdeki hareketleri, mimikleri ve davran\u0131\u015flar\u0131 izlenebilir.<\/p>\n<\/li>\n<li>\n<p><strong>Erken Ba\u011f Kurma:<\/strong> Anne ve baba adaylar\u0131, bebe\u011fin g\u00f6r\u00fcnt\u00fcs\u00fcn\u00fc daha ayr\u0131nt\u0131l\u0131 ve canl\u0131 bir \u015fekilde izledikleri i\u00e7in bebekle erken bir ba\u011f kurabilirler. Bu g\u00f6r\u00fcnt\u00fcler, hem aile i\u00e7in duygusal bir an\u0131 hem de t\u0131bbi a\u00e7\u0131dan faydal\u0131 bilgiler sa\u011flar.<\/p>\n<\/li>\n<li>\n<p><strong>Sa\u011fl\u0131k Taramalar\u0131:<\/strong> D\u00f6rt boyutlu ultrason sadece estetik bir g\u00f6r\u00fcnt\u00fcleme y\u00f6ntemi olarak d\u00fc\u015f\u00fcn\u00fclmemelidir. Ayn\u0131 zamanda bebekte do\u011fum \u00f6ncesi anormalliklerin tespiti i\u00e7in de kullan\u0131labilir. Doktorlar, d\u00f6rt boyutlu ultrason ile bebe\u011fin organlar\u0131n\u0131n sa\u011fl\u0131kl\u0131 geli\u015fip geli\u015fmedi\u011fini daha ayr\u0131nt\u0131l\u0131 inceleyebilirler.<\/p>\n<\/li>\n<\/ul>\n<h4 style=\"text-align: left;\"><span class=\"ez-toc-section\" id=\"Dort_Boyutlu_Ultrason_Guvenli_midir\"><\/span><strong>Is 4D Ultrasound Safe?<\/strong><span class=\"ez-toc-section-end\"><\/span><\/h4>\n<p style=\"text-align: justify;\">D\u00f6rt boyutlu ultrason, t\u0131pk\u0131 di\u011fer ultrason y\u00f6ntemleri gibi g\u00fcvenli bir g\u00f6r\u00fcnt\u00fcleme tekni\u011fidir. Ultrason dalgalar\u0131, radyasyon i\u00e7ermez ve bebe\u011fe zarar vermez. Bu nedenle, d\u00f6rt boyutlu ultrason s\u0131ras\u0131nda herhangi bir risk veya yan etki beklenmez. Ancak her ultrason uygulamas\u0131nda oldu\u011fu gibi, d\u00f6rt boyutlu ultrasonun da uzman bir doktor taraf\u0131ndan yap\u0131lmas\u0131 \u00f6nerilir.<\/p>\n<h4 style=\"text-align: left;\"><span class=\"ez-toc-section\" id=\"Dort_Boyutlu_Ultrasonun_Kullanim_Alanlari\"><\/span><strong>D\u00f6rt Boyutlu Ultrasonun Kullan\u0131m Alanlar\u0131<\/strong><span class=\"ez-toc-section-end\"><\/span><\/h4>\n<p style=\"text-align: justify;\">D\u00f6rt boyutlu ultrason, gebelik takibinde bebe\u011fin geli\u015fimini izlemek amac\u0131yla kullan\u0131l\u0131rken, ayn\u0131 zamanda do\u011fum \u00f6ncesi anormalliklerin tespit edilmesinde de fayda sa\u011flar. Bebe\u011fin organ yap\u0131lar\u0131, iskelet sistemi ve y\u00fcz hatlar\u0131 detayl\u0131 bir \u015fekilde incelenebilir. Bu sayede, olas\u0131 sa\u011fl\u0131k sorunlar\u0131 erken d\u00f6nemde te\u015fhis edilerek gerekli \u00f6nlemler al\u0131nabilir.<\/p>\n<p style=\"text-align: justify;\">D\u00f6rt boyutlu ultrason, anne adaylar\u0131 i\u00e7in bebe\u011fin geli\u015fimini detayl\u0131 bir \u015fekilde izlemeyi m\u00fcmk\u00fcn k\u0131lar. Bu ileri teknoloji, hem bebek sa\u011fl\u0131\u011f\u0131n\u0131 izlemek hem de aileye g\u00f6rsel bir hat\u0131ra sunmak a\u00e7\u0131s\u0131ndan \u00f6nemlidir. Op. Dr. Hakan Sa\u011fer taraf\u0131ndan ger\u00e7ekle\u015ftirilen d\u00f6rt boyutlu ultrason ile gebelik s\u00fcrecinde en g\u00fcncel teknoloji kullan\u0131larak bebe\u011finizin sa\u011fl\u0131\u011f\u0131 g\u00fcvence alt\u0131na al\u0131n\u0131r.<\/p>\n\n\n\t\t<\/div>\n\t\t\t\t\t<\/div>\n\n\t\n\n<\/div>","protected":false},"excerpt":{"rendered":"","protected":false},"author":1,"featured_media":0,"parent":376,"menu_order":0,"comment_status":"closed","ping_status":"closed","template":"page-blank.php","meta":{"footnotes":""},"class_list":["post-407","page","type-page","status-publish","hentry"],"_links":{"self":[{"href":"https:\/\/www.hakansager.com\/en\/wp-json\/wp\/v2\/pages\/407","targetHints":{"allow":["GET"]}}],"collection":[{"href":"https:\/\/www.hakansager.com\/en\/wp-json\/wp\/v2\/pages"}],"about":[{"href":"https:\/\/www.hakansager.com\/en\/wp-json\/wp\/v2\/types\/page"}],"author":[{"embeddable":true,"href":"https:\/\/www.hakansager.com\/en\/wp-json\/wp\/v2\/users\/1"}],"replies":[{"embeddable":true,"href":"https:\/\/www.hakansager.com\/en\/wp-json\/wp\/v2\/comments?post=407"}],"version-history":[{"count":7,"href":"https:\/\/www.hakansager.com\/en\/wp-json\/wp\/v2\/pages\/407\/revisions"}],"predecessor-version":[{"id":414,"href":"https:\/\/www.hakansager.com\/en\/wp-json\/wp\/v2\/pages\/407\/revisions\/414"}],"up":[{"embeddable":true,"href":"https:\/\/www.hakansager.com\/en\/wp-json\/wp\/v2\/pages\/376"}],"wp:attachment":[{"href":"https:\/\/www.hakansager.com\/en\/wp-json\/wp\/v2\/media?parent=407"}],"curies":[{"name":"wp","href":"https:\/\/api.w.org\/{rel}","templated":true}]}}