{"id":425,"date":"2024-11-05T22:13:17","date_gmt":"2024-11-05T19:13:17","guid":{"rendered":"https:\/\/www.hakansager.com\/?page_id=425"},"modified":"2024-11-05T22:15:36","modified_gmt":"2024-11-05T19:15:36","slug":"kizlik-zari-dikimi","status":"publish","type":"page","link":"https:\/\/www.hakansager.com\/en\/uzmanliklar\/kizlik-zari-dikimi\/","title":{"rendered":"K\u0131zl\u0131k Zar\u0131 Dikimi"},"content":{"rendered":"<div id=\"page-header-512801234\" class=\"page-header-wrapper\">\n  <div class=\"page-title dark featured-title\">\n\n    \n    <div class=\"page-title-inner container align-center flex-row medium-flex-wrap\" >\n              <div class=\"title-wrapper flex-col text-left medium-text-center\">\n          <h1 class=\"entry-title mb-0\"><span class=\"ez-toc-section\" id=\"Kizlik_Zari_Dikimi\"><\/span>\n            K\u0131zl\u0131k Zar\u0131 Dikimi          <span class=\"ez-toc-section-end\"><\/span><\/h1>\n        <\/div>\n                    <div class=\"title-content flex-col flex-right text-right medium-text-center\">\n        <div class=\"title-share pt-half pb-half\"><div class=\"social-icons share-icons share-row relative\" ><a href=\"whatsapp:\/\/send?text=K%C4%B1zl%C4%B1k%20Zar%C4%B1%20Dikimi - https:\/\/www.hakansager.com\/en\/uzmanliklar\/kizlik-zari-dikimi\/\" data-action=\"share\/whatsapp\/share\" class=\"icon button circle is-outline tooltip whatsapp show-for-medium\" title=\"Share on WhatsApp\" aria-label=\"Share on WhatsApp\"><i class=\"icon-whatsapp\"><\/i><\/a><a href=\"https:\/\/www.facebook.com\/sharer.php?u=https:\/\/www.hakansager.com\/en\/uzmanliklar\/kizlik-zari-dikimi\/\" data-label=\"Facebook\" onclick=\"window.open(this.href,this.title,'width=500,height=500,top=300px,left=300px');  return false;\" rel=\"noopener noreferrer nofollow\" target=\"_blank\" class=\"icon button circle is-outline tooltip facebook\" title=\"Share on Facebook\" aria-label=\"Share on Facebook\"><i class=\"icon-facebook\" ><\/i><\/a><a href=\"https:\/\/twitter.com\/share?url=https:\/\/www.hakansager.com\/en\/uzmanliklar\/kizlik-zari-dikimi\/\" onclick=\"window.open(this.href,this.title,'width=500,height=500,top=300px,left=300px');  return false;\" rel=\"noopener noreferrer nofollow\" target=\"_blank\" class=\"icon button circle is-outline tooltip twitter\" title=\"Share on Twitter\" aria-label=\"Share on Twitter\"><i class=\"icon-twitter\" ><\/i><\/a><a href=\"mailto:enteryour@addresshere.com?subject=K%C4%B1zl%C4%B1k%20Zar%C4%B1%20Dikimi&amp;body=Check%20this%20out:%20https:\/\/www.hakansager.com\/en\/uzmanliklar\/kizlik-zari-dikimi\/\" rel=\"nofollow\" class=\"icon button circle is-outline tooltip email\" title=\"Email to a Friend\" aria-label=\"Email to a Friend\"><i class=\"icon-envelop\" ><\/i><\/a><a href=\"https:\/\/pinterest.com\/pin\/create\/button\/?url=https:\/\/www.hakansager.com\/en\/uzmanliklar\/kizlik-zari-dikimi\/&amp;media=&amp;description=K%C4%B1zl%C4%B1k%20Zar%C4%B1%20Dikimi\" onclick=\"window.open(this.href,this.title,'width=500,height=500,top=300px,left=300px');  return false;\" rel=\"noopener noreferrer nofollow\" target=\"_blank\" class=\"icon button circle is-outline tooltip pinterest\" title=\"Pin on Pinterest\" aria-label=\"Pin on Pinterest\"><i class=\"icon-pinterest\" ><\/i><\/a><a href=\"https:\/\/www.linkedin.com\/shareArticle?mini=true&url=https:\/\/www.hakansager.com\/en\/uzmanliklar\/kizlik-zari-dikimi\/&title=K%C4%B1zl%C4%B1k%20Zar%C4%B1%20Dikimi\" onclick=\"window.open(this.href,this.title,'width=500,height=500,top=300px,left=300px');  return false;\"  rel=\"noopener noreferrer nofollow\" target=\"_blank\" class=\"icon button circle is-outline tooltip linkedin\" title=\"Share on LinkedIn\" aria-label=\"Share on LinkedIn\"><i class=\"icon-linkedin\" ><\/i><\/a><\/div><\/div>      <\/div>\n    <\/div>\n\n       <\/div>\n    <\/div>\n  \n\n\t<div id=\"gap-1918861199\" class=\"gap-element clearfix\" style=\"display:block; height:auto;\">\n\t\t\n<style>\n#gap-1918861199 {\n  padding-top: 30px;\n}\n<\/style>\n\t<\/div>\n\t\n\n<div class=\"row\"  id=\"row-1260656385\">\n\n\n\t<div id=\"col-721175748\" class=\"col small-12 large-12\"  >\n\t\t\t\t<div class=\"col-inner\"  >\n\t\t\t\n\t\t\t\n\n<h3><div id=\"ez-toc-container\" class=\"ez-toc-v2_0_76 ez-toc-wrap-left counter-hierarchy ez-toc-counter ez-toc-grey ez-toc-container-direction\">\n<div class=\"ez-toc-title-container\">\n<span class=\"ez-toc-title-toggle\"><a href=\"#\" class=\"ez-toc-pull-right ez-toc-btn ez-toc-btn-xs ez-toc-btn-default ez-toc-toggle\" aria-label=\"Toggle Table of Content\"><span class=\"ez-toc-js-icon-con\"><span class=\"\"><span class=\"eztoc-hide\" style=\"display:none;\">Toggle<\/span><span class=\"ez-toc-icon-toggle-span\"><svg style=\"fill: #999;color:#999\" xmlns=\"http:\/\/www.w3.org\/2000\/svg\" class=\"list-377408\" width=\"20px\" height=\"20px\" viewbox=\"0 0 24 24\" fill=\"none\"><path d=\"M6 6H4v2h2V6zm14 0H8v2h12V6zM4 11h2v2H4v-2zm16 0H8v2h12v-2zM4 16h2v2H4v-2zm16 0H8v2h12v-2z\" fill=\"currentColor\"><\/path><\/svg><svg style=\"fill: #999;color:#999\" class=\"arrow-unsorted-368013\" xmlns=\"http:\/\/www.w3.org\/2000\/svg\" width=\"10px\" height=\"10px\" viewbox=\"0 0 24 24\" version=\"1.2\" baseprofile=\"tiny\"><path d=\"M18.2 9.3l-6.2-6.3-6.2 6.3c-.2.2-.3.4-.3.7s.1.5.3.7c.2.2.4.3.7.3h11c.3 0 .5-.1.7-.3.2-.2.3-.5.3-.7s-.1-.5-.3-.7zM5.8 14.7l6.2 6.3 6.2-6.3c.2-.2.3-.5.3-.7s-.1-.5-.3-.7c-.2-.2-.4-.3-.7-.3h-11c-.3 0-.5.1-.7.3-.2.2-.3.5-.3.7s.1.5.3.7z\"\/><\/svg><\/span><\/span><\/span><\/a><\/span><\/div>\n<nav><ul class='ez-toc-list ez-toc-list-level-1' ><li class='ez-toc-page-1 ez-toc-heading-level-1'><a class=\"ez-toc-link ez-toc-heading-1\" href=\"https:\/\/www.hakansager.com\/en\/uzmanliklar\/kizlik-zari-dikimi\/#Kizlik_Zari_Dikimi\" >K\u0131zl\u0131k Zar\u0131 Dikimi<\/a><ul class='ez-toc-list-level-3' ><li class='ez-toc-heading-level-3'><ul class='ez-toc-list-level-3' ><li class='ez-toc-heading-level-3'><a class=\"ez-toc-link ez-toc-heading-2\" href=\"https:\/\/www.hakansager.com\/en\/uzmanliklar\/kizlik-zari-dikimi\/#Kizlik_Zari_Dikimi_Nedir_Nasil_Yapilir\" >K\u0131zl\u0131k Zar\u0131 Dikimi Nedir? Nas\u0131l Yap\u0131l\u0131r?<\/a><ul class='ez-toc-list-level-4' ><li class='ez-toc-heading-level-4'><a class=\"ez-toc-link ez-toc-heading-3\" href=\"https:\/\/www.hakansager.com\/en\/uzmanliklar\/kizlik-zari-dikimi\/#Kizlik_Zari_Dikimi_Neden_Yapilir\" >K\u0131zl\u0131k Zar\u0131 Dikimi Neden Yap\u0131l\u0131r?<\/a><\/li><li class='ez-toc-page-1 ez-toc-heading-level-4'><a class=\"ez-toc-link ez-toc-heading-4\" href=\"https:\/\/www.hakansager.com\/en\/uzmanliklar\/kizlik-zari-dikimi\/#Kizlik_Zari_Dikimi_Nasil_Yapilir\" >K\u0131zl\u0131k Zar\u0131 Dikimi Nas\u0131l Yap\u0131l\u0131r?<\/a><\/li><li class='ez-toc-page-1 ez-toc-heading-level-4'><a class=\"ez-toc-link ez-toc-heading-5\" href=\"https:\/\/www.hakansager.com\/en\/uzmanliklar\/kizlik-zari-dikimi\/#Kizlik_Zari_Dikimi_Oncesi_ve_Sonrasi_Dikkat_Edilmesi_Gerekenler\" >K\u0131zl\u0131k Zar\u0131 Dikimi \u00d6ncesi ve Sonras\u0131 Dikkat Edilmesi Gerekenler<\/a><\/li><li class='ez-toc-page-1 ez-toc-heading-level-4'><a class=\"ez-toc-link ez-toc-heading-6\" href=\"https:\/\/www.hakansager.com\/en\/uzmanliklar\/kizlik-zari-dikimi\/#Kizlik_Zari_Dikimi_Guvenli_midir\" >K\u0131zl\u0131k Zar\u0131 Dikimi G\u00fcvenli midir?<\/a><\/li><li class='ez-toc-page-1 ez-toc-heading-level-4'><a class=\"ez-toc-link ez-toc-heading-7\" href=\"https:\/\/www.hakansager.com\/en\/uzmanliklar\/kizlik-zari-dikimi\/#Kizlik_Zari_Dikimi_Psikolojik_Yonleri\" >K\u0131zl\u0131k Zar\u0131 Dikimi Psikolojik Y\u00f6nleri<\/a><\/li><\/ul><\/li><\/ul><\/li><\/ul><\/li><\/ul><\/nav><\/div>\n<\/h3>\n<h3 style=\"text-align: left;\"><span class=\"ez-toc-section\" id=\"Kizlik_Zari_Dikimi_Nedir_Nasil_Yapilir\"><\/span><strong>K\u0131zl\u0131k Zar\u0131 Dikimi Nedir? Nas\u0131l Yap\u0131l\u0131r?<\/strong><span class=\"ez-toc-section-end\"><\/span><\/h3>\n<p style=\"text-align: justify;\">K\u0131zl\u0131k zar\u0131 dikimi, hymenoplasti ad\u0131 verilen cerrahi bir i\u015flem olup, \u00e7e\u015fitli nedenlerle zarar g\u00f6rm\u00fc\u015f veya y\u0131rt\u0131lm\u0131\u015f k\u0131zl\u0131k zar\u0131n\u0131n onar\u0131lmas\u0131 amac\u0131yla uygulan\u0131r. K\u0131zl\u0131k zar\u0131, k\u00fclt\u00fcrel ve toplumsal sebeplerle baz\u0131 kad\u0131nlar i\u00e7in \u00f6nem ta\u015f\u0131yan bir konudur. Bu nedenle, hymenoplasti operasyonu kad\u0131nlar\u0131n fiziksel ve psikolojik ihtiya\u00e7lar\u0131na y\u00f6nelik \u00e7\u00f6z\u00fcm sunan bir uygulama haline gelmi\u015ftir.<\/p>\n<h4 style=\"text-align: left;\"><span class=\"ez-toc-section\" id=\"Kizlik_Zari_Dikimi_Neden_Yapilir\"><\/span><strong>K\u0131zl\u0131k Zar\u0131 Dikimi Neden Yap\u0131l\u0131r?<\/strong><span class=\"ez-toc-section-end\"><\/span><\/h4>\n<p style=\"text-align: justify;\">K\u0131zl\u0131k zar\u0131 dikimi, sosyal, k\u00fclt\u00fcrel veya ki\u015fisel sebeplerle tercih edilebilmektedir. Baz\u0131 kad\u0131nlar, evlilik \u00f6ncesi k\u0131zl\u0131k zar\u0131n\u0131n onar\u0131lmas\u0131n\u0131 isteyebilir. Bu i\u015flem, kad\u0131n\u0131n kendini rahat hissetmesi ve \u00f6zg\u00fcvenini art\u0131rmas\u0131 a\u00e7\u0131s\u0131ndan \u00f6nem ta\u015f\u0131yabilir. Ayn\u0131 zamanda ge\u00e7mi\u015fte istenmeyen kazalar ya da cinsel istismar gibi durumlar sonras\u0131 da hymenoplasti yap\u0131labilir.<\/p>\n<h4 style=\"text-align: left;\"><span class=\"ez-toc-section\" id=\"Kizlik_Zari_Dikimi_Nasil_Yapilir\"><\/span><strong>K\u0131zl\u0131k Zar\u0131 Dikimi Nas\u0131l Yap\u0131l\u0131r?<\/strong><span class=\"ez-toc-section-end\"><\/span><\/h4>\n<p style=\"text-align: justify;\">K\u0131zl\u0131k zar\u0131 dikimi, iki farkl\u0131 y\u00f6ntemle uygulanabilmektedir: <strong>ge\u00e7ici<\/strong> ve <strong>kal\u0131c\u0131 dikim<\/strong>. Hangi y\u00f6ntemin uygulanaca\u011f\u0131na, kad\u0131n\u0131n ihtiya\u00e7lar\u0131na ve tercihine g\u00f6re karar verilir.<\/p>\n<ul style=\"text-align: justify;\">\n<li>\n<p><strong>Ge\u00e7ici K\u0131zl\u0131k Zar\u0131 Dikimi:<\/strong> Ge\u00e7ici k\u0131zl\u0131k zar\u0131 dikimi, genellikle evlilik veya \u00f6zel bir g\u00fcn \u00f6ncesi yap\u0131l\u0131r. Bu y\u00f6ntemde k\u0131zl\u0131k zar\u0131, basit diki\u015flerle onar\u0131l\u0131r ve i\u015flem sonras\u0131 k\u0131sa s\u00fcrede cinsel ili\u015fkiye girilmesi tavsiye edilir. Bu uygulama ge\u00e7ici bir \u00e7\u00f6z\u00fcm sundu\u011fundan, kal\u0131c\u0131 bir etki yaratmaz.<\/p>\n<\/li>\n<li>\n<p><strong>Kal\u0131c\u0131 K\u0131zl\u0131k Zar\u0131 Dikimi:<\/strong> Kal\u0131c\u0131 hymenoplasti, k\u0131zl\u0131k zar\u0131n\u0131n uzun s\u00fcre dayan\u0131kl\u0131 olmas\u0131 amac\u0131yla yap\u0131l\u0131r. Bu y\u00f6ntemde, k\u0131zl\u0131k zar\u0131 dokusu kal\u0131c\u0131 diki\u015flerle onar\u0131l\u0131r ve cinsel ili\u015fki s\u0131ras\u0131nda zar\u0131n y\u0131rt\u0131lmas\u0131 sa\u011flan\u0131r. Kal\u0131c\u0131 k\u0131zl\u0131k zar\u0131 dikimi, daha uzun vadeli bir \u00e7\u00f6z\u00fcm sunar ve kad\u0131nlar i\u00e7in g\u00fcvenli bir se\u00e7enek olarak de\u011ferlendirilir.<\/p>\n<\/li>\n<\/ul>\n<p style=\"text-align: justify;\">Her iki y\u00f6ntem de uzman bir doktor taraf\u0131ndan steril bir ortamda uygulanmal\u0131 ve hastan\u0131n sa\u011fl\u0131\u011f\u0131na \u00f6zen g\u00f6sterilmelidir.<\/p>\n<h4 style=\"text-align: left;\"><span class=\"ez-toc-section\" id=\"Kizlik_Zari_Dikimi_Oncesi_ve_Sonrasi_Dikkat_Edilmesi_Gerekenler\"><\/span><strong>K\u0131zl\u0131k Zar\u0131 Dikimi \u00d6ncesi ve Sonras\u0131 Dikkat Edilmesi Gerekenler<\/strong><span class=\"ez-toc-section-end\"><\/span><\/h4>\n<p style=\"text-align: justify;\">K\u0131zl\u0131k zar\u0131 dikimi \u00f6ncesinde detayl\u0131 bir muayene yap\u0131l\u0131r ve kad\u0131n\u0131n genel sa\u011fl\u0131k durumu de\u011ferlendirilir. \u0130\u015flem s\u0131ras\u0131nda genellikle lokal anestezi uygulan\u0131r, b\u00f6ylece hasta herhangi bir a\u011fr\u0131 hissetmez. Hymenoplasti i\u015flemi, genellikle 20-30 dakika gibi k\u0131sa bir s\u00fcre i\u00e7inde tamamlan\u0131r ve hasta ayn\u0131 g\u00fcn taburcu edilir.<\/p>\n<p style=\"text-align: justify;\"><strong>\u0130\u015flem sonras\u0131nda dikkat edilmesi gerekenler:<\/strong><\/p>\n<ul style=\"text-align: justify;\">\n<li>\u0130yile\u015fme s\u00fcreci boyunca hijyene \u00f6zen g\u00f6sterilmelidir.<\/li>\n<li>Doktorun \u00f6nerdi\u011fi antibiyotikler ve a\u011fr\u0131 kesiciler d\u00fczenli kullan\u0131lmal\u0131d\u0131r.<\/li>\n<li>Fiziksel aktivitelerden ve a\u011f\u0131r kald\u0131rmaktan ka\u00e7\u0131n\u0131lmal\u0131d\u0131r.<\/li>\n<li>\u0130\u015flem sonras\u0131 birka\u00e7 g\u00fcn boyunca hafif kanama olabilir, bu normal bir durumdur.<\/li>\n<\/ul>\n<h4 style=\"text-align: left;\"><span class=\"ez-toc-section\" id=\"Kizlik_Zari_Dikimi_Guvenli_midir\"><\/span><strong>K\u0131zl\u0131k Zar\u0131 Dikimi G\u00fcvenli midir?<\/strong><span class=\"ez-toc-section-end\"><\/span><\/h4>\n<p style=\"text-align: justify;\">K\u0131zl\u0131k zar\u0131 dikimi, hijyenik ko\u015fullarda ve uzman doktorlar taraf\u0131ndan yap\u0131ld\u0131\u011f\u0131nda g\u00fcvenli bir i\u015flemdir. Uygulama s\u0131ras\u0131nda herhangi bir komplikasyon beklenmez, ancak sonras\u0131nda enfeksiyon riskine kar\u015f\u0131 dikkatli olunmal\u0131d\u0131r. \u0130\u015flem s\u0131ras\u0131nda kullan\u0131lan diki\u015fler kendili\u011finden eriyen yap\u0131da olup, iyile\u015fme s\u00fcreci tamamland\u0131\u011f\u0131nda m\u00fcdahaleye gerek kalmadan kaybolur.<\/p>\n<h4 style=\"text-align: left;\"><span class=\"ez-toc-section\" id=\"Kizlik_Zari_Dikimi_Psikolojik_Yonleri\"><\/span><strong>K\u0131zl\u0131k Zar\u0131 Dikimi Psikolojik Y\u00f6nleri<\/strong><span class=\"ez-toc-section-end\"><\/span><\/h4>\n<p style=\"text-align: justify;\">K\u0131zl\u0131k zar\u0131 dikimi, sadece fiziksel bir i\u015flem de\u011fil, ayn\u0131 zamanda kad\u0131nlar i\u00e7in psikolojik bir s\u00fcrecin de par\u00e7as\u0131d\u0131r. K\u00fclt\u00fcrel ve toplumsal bask\u0131lar nedeniyle bu i\u015flemi tercih eden kad\u0131nlar, i\u015flem sonras\u0131nda kendilerini daha huzurlu ve g\u00fcvende hissedebilirler. Bu nedenle, k\u0131zl\u0131k zar\u0131 dikimi karar\u0131n\u0131 al\u0131rken kad\u0131n\u0131n kendi ihtiya\u00e7 ve beklentilerine odaklanmas\u0131 son derece \u00f6nemlidir.<\/p>\n<p style=\"text-align: justify;\">K\u0131zl\u0131k zar\u0131 dikimi, uzman ellerde yap\u0131ld\u0131\u011f\u0131nda g\u00fcvenli ve ba\u015far\u0131l\u0131 sonu\u00e7lar veren bir i\u015flemdir. Kad\u0131nlar\u0131n talepleri do\u011frultusunda ger\u00e7ekle\u015ftirilen bu cerrahi m\u00fcdahale, hem fiziksel hem de psikolojik rahatlama sa\u011flar. Op. Dr. Hakan Sa\u011fer, hijyenik ko\u015fullar ve etik kurallar \u00e7er\u00e7evesinde k\u0131zl\u0131k zar\u0131 dikimi i\u015flemi ger\u00e7ekle\u015ftirmekte, hastalar\u0131na g\u00fcvenli ve konforlu bir deneyim sunmaktad\u0131r.<\/p>\n\n\n\t\t<\/div>\n\t\t\t\t\t<\/div>\n\n\t\n\n<\/div>","protected":false},"excerpt":{"rendered":"","protected":false},"author":1,"featured_media":0,"parent":376,"menu_order":0,"comment_status":"closed","ping_status":"closed","template":"page-blank.php","meta":{"footnotes":""},"class_list":["post-425","page","type-page","status-publish","hentry"],"_links":{"self":[{"href":"https:\/\/www.hakansager.com\/en\/wp-json\/wp\/v2\/pages\/425","targetHints":{"allow":["GET"]}}],"collection":[{"href":"https:\/\/www.hakansager.com\/en\/wp-json\/wp\/v2\/pages"}],"about":[{"href":"https:\/\/www.hakansager.com\/en\/wp-json\/wp\/v2\/types\/page"}],"author":[{"embeddable":true,"href":"https:\/\/www.hakansager.com\/en\/wp-json\/wp\/v2\/users\/1"}],"replies":[{"embeddable":true,"href":"https:\/\/www.hakansager.com\/en\/wp-json\/wp\/v2\/comments?post=425"}],"version-history":[{"count":8,"href":"https:\/\/www.hakansager.com\/en\/wp-json\/wp\/v2\/pages\/425\/revisions"}],"predecessor-version":[{"id":433,"href":"https:\/\/www.hakansager.com\/en\/wp-json\/wp\/v2\/pages\/425\/revisions\/433"}],"up":[{"embeddable":true,"href":"https:\/\/www.hakansager.com\/en\/wp-json\/wp\/v2\/pages\/376"}],"wp:attachment":[{"href":"https:\/\/www.hakansager.com\/en\/wp-json\/wp\/v2\/media?parent=425"}],"curies":[{"name":"wp","href":"https:\/\/api.w.org\/{rel}","templated":true}]}}