{"id":434,"date":"2024-11-05T22:16:30","date_gmt":"2024-11-05T19:16:30","guid":{"rendered":"https:\/\/www.hakansager.com\/?page_id=434"},"modified":"2024-11-06T01:03:09","modified_gmt":"2024-11-05T22:03:09","slug":"idrar-kacirma-tedavisi","status":"publish","type":"page","link":"https:\/\/www.hakansager.com\/en\/uzmanliklar\/idrar-kacirma-tedavisi\/","title":{"rendered":"Urinary Incontinence Treatment"},"content":{"rendered":"<div id=\"page-header-1983151285\" class=\"page-header-wrapper\">\n  <div class=\"page-title dark featured-title\">\n\n    \n    <div class=\"page-title-inner container align-center flex-row medium-flex-wrap\" >\n              <div class=\"title-wrapper flex-col text-left medium-text-center\">\n          <h1 class=\"entry-title mb-0\"><span class=\"ez-toc-section\" id=\"Idrar_Kacirma_Tedavisi\"><\/span>\n            Urinary Incontinence Treatment          <span class=\"ez-toc-section-end\"><\/span><\/h1>\n        <\/div>\n                    <div class=\"title-content flex-col flex-right text-right medium-text-center\">\n        <div class=\"title-share pt-half pb-half\"><div class=\"social-icons share-icons share-row relative\" ><a href=\"whatsapp:\/\/send?text=%C4%B0drar%20Ka%C3%A7%C4%B1rma%20Tedavisi - https:\/\/www.hakansager.com\/en\/uzmanliklar\/idrar-kacirma-tedavisi\/\" data-action=\"share\/whatsapp\/share\" class=\"icon button circle is-outline tooltip whatsapp show-for-medium\" title=\"Share on WhatsApp\" aria-label=\"Share on WhatsApp\"><i class=\"icon-whatsapp\"><\/i><\/a><a href=\"https:\/\/www.facebook.com\/sharer.php?u=https:\/\/www.hakansager.com\/en\/uzmanliklar\/idrar-kacirma-tedavisi\/\" data-label=\"Facebook\" onclick=\"window.open(this.href,this.title,'width=500,height=500,top=300px,left=300px');  return false;\" rel=\"noopener noreferrer nofollow\" target=\"_blank\" class=\"icon button circle is-outline tooltip facebook\" title=\"Share on Facebook\" aria-label=\"Share on Facebook\"><i class=\"icon-facebook\" ><\/i><\/a><a href=\"https:\/\/twitter.com\/share?url=https:\/\/www.hakansager.com\/en\/uzmanliklar\/idrar-kacirma-tedavisi\/\" onclick=\"window.open(this.href,this.title,'width=500,height=500,top=300px,left=300px');  return false;\" rel=\"noopener noreferrer nofollow\" target=\"_blank\" class=\"icon button circle is-outline tooltip twitter\" title=\"Share on Twitter\" aria-label=\"Share on Twitter\"><i class=\"icon-twitter\" ><\/i><\/a><a href=\"mailto:enteryour@addresshere.com?subject=%C4%B0drar%20Ka%C3%A7%C4%B1rma%20Tedavisi&amp;body=Check%20this%20out:%20https:\/\/www.hakansager.com\/en\/uzmanliklar\/idrar-kacirma-tedavisi\/\" rel=\"nofollow\" class=\"icon button circle is-outline tooltip email\" title=\"Email to a Friend\" aria-label=\"Email to a Friend\"><i class=\"icon-envelop\" ><\/i><\/a><a href=\"https:\/\/pinterest.com\/pin\/create\/button\/?url=https:\/\/www.hakansager.com\/en\/uzmanliklar\/idrar-kacirma-tedavisi\/&amp;media=&amp;description=%C4%B0drar%20Ka%C3%A7%C4%B1rma%20Tedavisi\" onclick=\"window.open(this.href,this.title,'width=500,height=500,top=300px,left=300px');  return false;\" rel=\"noopener noreferrer nofollow\" target=\"_blank\" class=\"icon button circle is-outline tooltip pinterest\" title=\"Pin on Pinterest\" aria-label=\"Pin on Pinterest\"><i class=\"icon-pinterest\" ><\/i><\/a><a href=\"https:\/\/www.linkedin.com\/shareArticle?mini=true&url=https:\/\/www.hakansager.com\/en\/uzmanliklar\/idrar-kacirma-tedavisi\/&title=%C4%B0drar%20Ka%C3%A7%C4%B1rma%20Tedavisi\" onclick=\"window.open(this.href,this.title,'width=500,height=500,top=300px,left=300px');  return false;\"  rel=\"noopener noreferrer nofollow\" target=\"_blank\" class=\"icon button circle is-outline tooltip linkedin\" title=\"Share on LinkedIn\" aria-label=\"Share on LinkedIn\"><i class=\"icon-linkedin\" ><\/i><\/a><\/div><\/div>      <\/div>\n    <\/div>\n\n       <\/div>\n    <\/div>\n  \n\n\t<div id=\"gap-2130569055\" class=\"gap-element clearfix\" style=\"display:block; height:auto;\">\n\t\t\n<style>\n#gap-2130569055 {\n  padding-top: 30px;\n}\n<\/style>\n\t<\/div>\n\t\n\n<div class=\"row\"  id=\"row-189852548\">\n\n\n\t<div id=\"col-346107433\" class=\"col small-12 large-12\"  >\n\t\t\t\t<div class=\"col-inner\"  >\n\t\t\t\n\t\t\t\n\n<h3><div id=\"ez-toc-container\" class=\"ez-toc-v2_0_76 ez-toc-wrap-left counter-hierarchy ez-toc-counter ez-toc-grey ez-toc-container-direction\">\n<div class=\"ez-toc-title-container\">\n<span class=\"ez-toc-title-toggle\"><a href=\"#\" class=\"ez-toc-pull-right ez-toc-btn ez-toc-btn-xs ez-toc-btn-default ez-toc-toggle\" aria-label=\"Toggle Table of Content\"><span class=\"ez-toc-js-icon-con\"><span class=\"\"><span class=\"eztoc-hide\" style=\"display:none;\">Toggle<\/span><span class=\"ez-toc-icon-toggle-span\"><svg style=\"fill: #999;color:#999\" xmlns=\"http:\/\/www.w3.org\/2000\/svg\" class=\"list-377408\" width=\"20px\" height=\"20px\" viewbox=\"0 0 24 24\" fill=\"none\"><path d=\"M6 6H4v2h2V6zm14 0H8v2h12V6zM4 11h2v2H4v-2zm16 0H8v2h12v-2zM4 16h2v2H4v-2zm16 0H8v2h12v-2z\" fill=\"currentColor\"><\/path><\/svg><svg style=\"fill: #999;color:#999\" class=\"arrow-unsorted-368013\" xmlns=\"http:\/\/www.w3.org\/2000\/svg\" width=\"10px\" height=\"10px\" viewbox=\"0 0 24 24\" version=\"1.2\" baseprofile=\"tiny\"><path d=\"M18.2 9.3l-6.2-6.3-6.2 6.3c-.2.2-.3.4-.3.7s.1.5.3.7c.2.2.4.3.7.3h11c.3 0 .5-.1.7-.3.2-.2.3-.5.3-.7s-.1-.5-.3-.7zM5.8 14.7l6.2 6.3 6.2-6.3c.2-.2.3-.5.3-.7s-.1-.5-.3-.7c-.2-.2-.4-.3-.7-.3h-11c-.3 0-.5.1-.7.3-.2.2-.3.5-.3.7s.1.5.3.7z\"\/><\/svg><\/span><\/span><\/span><\/a><\/span><\/div>\n<nav><ul class='ez-toc-list ez-toc-list-level-1' ><li class='ez-toc-page-1 ez-toc-heading-level-1'><a class=\"ez-toc-link ez-toc-heading-1\" href=\"https:\/\/www.hakansager.com\/en\/uzmanliklar\/idrar-kacirma-tedavisi\/#Idrar_Kacirma_Tedavisi\" >Urinary Incontinence Treatment<\/a><ul class='ez-toc-list-level-3' ><li class='ez-toc-heading-level-3'><ul class='ez-toc-list-level-3' ><li class='ez-toc-heading-level-3'><a class=\"ez-toc-link ez-toc-heading-2\" href=\"https:\/\/www.hakansager.com\/en\/uzmanliklar\/idrar-kacirma-tedavisi\/#Idrar_Kacirma_Uriner_Inkontinans_Nedir\" >\u0130drar Ka\u00e7\u0131rma (\u00dcriner \u0130nkontinans) Nedir?<\/a><ul class='ez-toc-list-level-4' ><li class='ez-toc-heading-level-4'><a class=\"ez-toc-link ez-toc-heading-3\" href=\"https:\/\/www.hakansager.com\/en\/uzmanliklar\/idrar-kacirma-tedavisi\/#Idrar_Kacirmanin_Nedenleri_Nelerdir\" >\u0130drar Ka\u00e7\u0131rman\u0131n Nedenleri Nelerdir?<\/a><\/li><li class='ez-toc-page-1 ez-toc-heading-level-4'><a class=\"ez-toc-link ez-toc-heading-4\" href=\"https:\/\/www.hakansager.com\/en\/uzmanliklar\/idrar-kacirma-tedavisi\/#Idrar_Kacirma_Turleri\" >\u0130drar Ka\u00e7\u0131rma T\u00fcrleri<\/a><\/li><li class='ez-toc-page-1 ez-toc-heading-level-4'><a class=\"ez-toc-link ez-toc-heading-5\" href=\"https:\/\/www.hakansager.com\/en\/uzmanliklar\/idrar-kacirma-tedavisi\/#Idrar_Kacirma_Tedavi_Yontemleri\" >\u0130drar Ka\u00e7\u0131rma Tedavi Y\u00f6ntemleri<\/a><\/li><li class='ez-toc-page-1 ez-toc-heading-level-4'><a class=\"ez-toc-link ez-toc-heading-6\" href=\"https:\/\/www.hakansager.com\/en\/uzmanliklar\/idrar-kacirma-tedavisi\/#Idrar_Kacirma_Tedavisi_Sonrasi_Yasam_Kalitesi\" >\u0130drar Ka\u00e7\u0131rma Tedavisi Sonras\u0131 Ya\u015fam Kalitesi<\/a><\/li><\/ul><\/li><\/ul><\/li><\/ul><\/li><\/ul><\/nav><\/div>\n<\/h3>\n<h3 style=\"text-align: left;\"><span class=\"ez-toc-section\" id=\"Idrar_Kacirma_Uriner_Inkontinans_Nedir\"><\/span><strong>\u0130drar Ka\u00e7\u0131rma (\u00dcriner \u0130nkontinans) Nedir?<\/strong><span class=\"ez-toc-section-end\"><\/span><\/h3>\n<p style=\"text-align: justify;\">\u0130drar ka\u00e7\u0131rma, kontrols\u00fcz olarak idrar\u0131n mesaneden d\u0131\u015far\u0131 s\u0131zmas\u0131 durumuna verilen isimdir. T\u0131pta \u201c\u00fcriner inkontinans\u201d olarak da bilinen bu sorun, hem erkeklerde hem de kad\u0131nlarda g\u00f6r\u00fclebilir, ancak \u00f6zellikle kad\u0131nlarda daha yayg\u0131n olarak ortaya \u00e7\u0131kmaktad\u0131r. \u0130drar ka\u00e7\u0131rma durumu, ya\u015flanma, do\u011fum, hormon de\u011fi\u015fiklikleri, mesane kaslar\u0131n\u0131n zay\u0131flamas\u0131 gibi \u00e7e\u015fitli nedenlerden kaynaklanabilir. Bu problem ya\u015fam kalitesini olumsuz etkileyebilir ve bireylerde sosyal hayatlar\u0131nda k\u0131s\u0131tlamalara yol a\u00e7abilir.<\/p>\n<h4 style=\"text-align: left;\"><span class=\"ez-toc-section\" id=\"Idrar_Kacirmanin_Nedenleri_Nelerdir\"><\/span><strong>\u0130drar Ka\u00e7\u0131rman\u0131n Nedenleri Nelerdir?<\/strong><span class=\"ez-toc-section-end\"><\/span><\/h4>\n<p style=\"text-align: justify;\">\u0130drar ka\u00e7\u0131rma, birden fazla nedene ba\u011fl\u0131 olarak geli\u015febilir. Genellikle ya\u015fla birlikte mesane kaslar\u0131n\u0131n zay\u0131flamas\u0131 veya pelvik taban kaslar\u0131n\u0131n i\u015flevini yitirmesi gibi durumlar idrar ka\u00e7\u0131rma sorununa yol a\u00e7abilir. Ayn\u0131 zamanda hamilelik, do\u011fum, menopoz ve idrar yolu enfeksiyonlar\u0131 da bu durumu tetikleyebilir. A\u015fa\u011f\u0131daki sebepler, idrar ka\u00e7\u0131rma sorununun ba\u015fl\u0131ca nedenleri aras\u0131nda yer al\u0131r:<\/p>\n<ul style=\"text-align: justify;\">\n<li><strong>Pelvik Taban Kaslar\u0131n\u0131n Zay\u0131flamas\u0131:<\/strong> \u00d6zellikle do\u011fum ve ya\u015flanma sonras\u0131 bu kaslar\u0131n zay\u0131flamas\u0131, mesanenin d\u00fczg\u00fcn \u00e7al\u0131\u015fmas\u0131n\u0131 zorla\u015ft\u0131r\u0131r.<\/li>\n<li><strong>Menopoz:<\/strong> \u00d6strojen hormonundaki azalma, idrar yollar\u0131n\u0131n ve mesanenin zay\u0131flamas\u0131na neden olabilir.<\/li>\n<li><strong>Kronik \u0130drar Yolu Enfeksiyonlar\u0131:<\/strong> S\u0131k tekrarlayan enfeksiyonlar, idrar ka\u00e7\u0131rmay\u0131 tetikleyebilir.<\/li>\n<li><strong>Hormonal De\u011fi\u015fiklikler:<\/strong> \u00d6zellikle kad\u0131nlarda hamilelik ve menopoz gibi d\u00f6nemlerde hormon seviyelerindeki de\u011fi\u015fiklikler bu duruma neden olabilir.<\/li>\n<\/ul>\n<h4 style=\"text-align: left;\"><span class=\"ez-toc-section\" id=\"Idrar_Kacirma_Turleri\"><\/span><strong>\u0130drar Ka\u00e7\u0131rma T\u00fcrleri<\/strong><span class=\"ez-toc-section-end\"><\/span><\/h4>\n<p style=\"text-align: justify;\">\u0130drar ka\u00e7\u0131rma, farkl\u0131 t\u00fcrlerde kendini g\u00f6sterebilir ve her bir t\u00fcr i\u00e7in farkl\u0131 tedavi y\u00f6ntemleri mevcuttur. En yayg\u0131n idrar ka\u00e7\u0131rma t\u00fcrleri \u015funlard\u0131r:<\/p>\n<ul style=\"text-align: justify;\">\n<li><strong>Stres Tipi \u0130drar Ka\u00e7\u0131rma:<\/strong> \u00d6ks\u00fcrme, hap\u015f\u0131rma, g\u00fclme, a\u011f\u0131r kald\u0131rma gibi fiziksel aktiviteler s\u0131ras\u0131nda idrar s\u0131zmas\u0131 durumu. Pelvik taban kaslar\u0131n\u0131n zay\u0131flamas\u0131 bu duruma yol a\u00e7abilir.<\/li>\n<li><strong>S\u0131k\u0131\u015fma Tipi \u0130drar Ka\u00e7\u0131rma:<\/strong> Ani ve yo\u011fun bir \u015fekilde idrar yapma iste\u011finin gelmesi ve bu iste\u011fi tutamama durumu. Bu tip ka\u00e7\u0131rma, mesanenin a\u015f\u0131r\u0131 aktif olmas\u0131ndan kaynaklan\u0131r.<\/li>\n<li><strong>Karma Tip \u0130drar Ka\u00e7\u0131rma:<\/strong> Hem stres tipi hem de s\u0131k\u0131\u015fma tipi idrar ka\u00e7\u0131rman\u0131n birlikte g\u00f6r\u00fclmesi durumudur.<\/li>\n<li><strong>Ta\u015fma Tipi \u0130drar Ka\u00e7\u0131rma:<\/strong> Mesanenin tam olarak bo\u015falt\u0131lamamas\u0131 nedeniyle s\u00fcrekli olarak az miktarda idrar ka\u00e7\u0131rma durumudur.<\/li>\n<\/ul>\n<h4 style=\"text-align: left;\"><span class=\"ez-toc-section\" id=\"Idrar_Kacirma_Tedavi_Yontemleri\"><\/span><strong>\u0130drar Ka\u00e7\u0131rma Tedavi Y\u00f6ntemleri<\/strong><span class=\"ez-toc-section-end\"><\/span><\/h4>\n<p style=\"text-align: justify;\">\u0130drar ka\u00e7\u0131rma tedavisi, sorunun nedenine ve \u015fiddetine ba\u011fl\u0131 olarak de\u011fi\u015fiklik g\u00f6stermektedir. Genellikle cerrahi olmayan y\u00f6ntemler ilk a\u015famada tercih edilir, ancak baz\u0131 vakalarda cerrahi m\u00fcdahale gerekebilir. \u0130\u015fte idrar ka\u00e7\u0131rma tedavisinde kullan\u0131lan ba\u015fl\u0131ca y\u00f6ntemler:<\/p>\n<ul style=\"text-align: justify;\">\n<li><strong>Pelvik Taban Kas Egzersizleri (Kegel Egzersizleri):<\/strong> Pelvik taban kaslar\u0131n\u0131 g\u00fc\u00e7lendirmek amac\u0131yla yap\u0131lan bu egzersizler, \u00f6zellikle stres tipi idrar ka\u00e7\u0131rma sorunu ya\u015fayanlar i\u00e7in \u00f6nerilir.<\/li>\n<li><strong>Medication Treatment:<\/strong> Mesane kaslar\u0131n\u0131n kontrol edilmesine yard\u0131mc\u0131 olan ila\u00e7lar, s\u0131k\u0131\u015fma tipi idrar ka\u00e7\u0131rma durumlar\u0131nda kullan\u0131l\u0131r.<\/li>\n<li><strong>Davran\u0131\u015fsal Terapi:<\/strong> Mesane e\u011fitimi ve s\u0131v\u0131 al\u0131m d\u00fczenlemesi gibi y\u00f6ntemlerle idrar ka\u00e7\u0131rma probleminin kontrol alt\u0131na al\u0131nmas\u0131 ama\u00e7lan\u0131r.<\/li>\n<li><strong>Surgical Intervention:<\/strong> Di\u011fer tedavi y\u00f6ntemlerine yan\u0131t vermeyen ileri d\u00fczey idrar ka\u00e7\u0131rma sorunlar\u0131nda cerrahi y\u00f6ntemler kullan\u0131labilir. Sling ameliyat\u0131 gibi operasyonlar, mesane ve idrar yollar\u0131n\u0131 desteklemeye y\u00f6nelik i\u015flemlerdir.<\/li>\n<\/ul>\n<h4 style=\"text-align: left;\"><span class=\"ez-toc-section\" id=\"Idrar_Kacirma_Tedavisi_Sonrasi_Yasam_Kalitesi\"><\/span><strong>\u0130drar Ka\u00e7\u0131rma Tedavisi Sonras\u0131 Ya\u015fam Kalitesi<\/strong><span class=\"ez-toc-section-end\"><\/span><\/h4>\n<p style=\"text-align: justify;\">Ba\u015far\u0131l\u0131 bir tedavi sonras\u0131nda idrar ka\u00e7\u0131rma problemi b\u00fcy\u00fck \u00f6l\u00e7\u00fcde kontrol alt\u0131na al\u0131nabilir. Tedavi edilen bireyler, sosyal ya\u015famlar\u0131na daha rahat kat\u0131labilir ve g\u00fcnl\u00fck aktivitelerini k\u0131s\u0131tlamadan s\u00fcrd\u00fcrebilir. Ancak tedavi s\u00fcrecinde sab\u0131rl\u0131 olunmal\u0131 ve doktorun \u00f6nerdi\u011fi tedavi plan\u0131na tam uyum sa\u011flanmal\u0131d\u0131r.<\/p>\n<p style=\"text-align: justify;\">\u0130drar ka\u00e7\u0131rma, pek \u00e7ok kad\u0131n\u0131n kar\u015f\u0131la\u015ft\u0131\u011f\u0131 bir sa\u011fl\u0131k sorunu olsa da, do\u011fru tedavi y\u00f6ntemleri ile bu durumun \u00fcstesinden gelmek m\u00fcmk\u00fcnd\u00fcr. Pelvik taban kaslar\u0131n\u0131 g\u00fc\u00e7lendiren egzersizler, medikal tedaviler ve cerrahi m\u00fcdahaleler sayesinde bu problem b\u00fcy\u00fck \u00f6l\u00e7\u00fcde \u00e7\u00f6z\u00fclebilir. Op. Dr. Hakan Sa\u011fer, idrar ka\u00e7\u0131rma tedavisinde en g\u00fcncel ve etkili y\u00f6ntemleri kullanarak, hastalar\u0131na \u00e7\u00f6z\u00fcm odakl\u0131 tedavi sunmaktad\u0131r.<\/p>\n\n\n\t\t<\/div>\n\t\t\t\t\t<\/div>\n\n\t\n\n<\/div>","protected":false},"excerpt":{"rendered":"","protected":false},"author":1,"featured_media":0,"parent":376,"menu_order":0,"comment_status":"closed","ping_status":"closed","template":"page-blank.php","meta":{"footnotes":""},"class_list":["post-434","page","type-page","status-publish","hentry"],"_links":{"self":[{"href":"https:\/\/www.hakansager.com\/en\/wp-json\/wp\/v2\/pages\/434","targetHints":{"allow":["GET"]}}],"collection":[{"href":"https:\/\/www.hakansager.com\/en\/wp-json\/wp\/v2\/pages"}],"about":[{"href":"https:\/\/www.hakansager.com\/en\/wp-json\/wp\/v2\/types\/page"}],"author":[{"embeddable":true,"href":"https:\/\/www.hakansager.com\/en\/wp-json\/wp\/v2\/users\/1"}],"replies":[{"embeddable":true,"href":"https:\/\/www.hakansager.com\/en\/wp-json\/wp\/v2\/comments?post=434"}],"version-history":[{"count":8,"href":"https:\/\/www.hakansager.com\/en\/wp-json\/wp\/v2\/pages\/434\/revisions"}],"predecessor-version":[{"id":547,"href":"https:\/\/www.hakansager.com\/en\/wp-json\/wp\/v2\/pages\/434\/revisions\/547"}],"up":[{"embeddable":true,"href":"https:\/\/www.hakansager.com\/en\/wp-json\/wp\/v2\/pages\/376"}],"wp:attachment":[{"href":"https:\/\/www.hakansager.com\/en\/wp-json\/wp\/v2\/media?parent=434"}],"curies":[{"name":"wp","href":"https:\/\/api.w.org\/{rel}","templated":true}]}}