{"id":442,"date":"2024-11-05T22:31:47","date_gmt":"2024-11-05T19:31:47","guid":{"rendered":"https:\/\/www.hakansager.com\/?page_id=442"},"modified":"2024-11-06T01:03:46","modified_gmt":"2024-11-05T22:03:46","slug":"vajinismus-tedavisi","status":"publish","type":"page","link":"https:\/\/www.hakansager.com\/en\/uzmanliklar\/vajinismus-tedavisi\/","title":{"rendered":"Vajinismus Tedavisi"},"content":{"rendered":"<div id=\"page-header-1250625730\" class=\"page-header-wrapper\">\n  <div class=\"page-title dark featured-title\">\n\n    \n    <div class=\"page-title-inner container align-center flex-row medium-flex-wrap\" >\n              <div class=\"title-wrapper flex-col text-left medium-text-center\">\n          <h1 class=\"entry-title mb-0\"><span class=\"ez-toc-section\" id=\"Vajinismus_Tedavisi\"><\/span>\n            Vajinismus Tedavisi          <span class=\"ez-toc-section-end\"><\/span><\/h1>\n        <\/div>\n                    <div class=\"title-content flex-col flex-right text-right medium-text-center\">\n        <div class=\"title-share pt-half pb-half\"><div class=\"social-icons share-icons share-row relative\" ><a href=\"whatsapp:\/\/send?text=Vajinismus%20Tedavisi - https:\/\/www.hakansager.com\/en\/uzmanliklar\/vajinismus-tedavisi\/\" data-action=\"share\/whatsapp\/share\" class=\"icon button circle is-outline tooltip whatsapp show-for-medium\" title=\"Share on WhatsApp\" aria-label=\"Share on WhatsApp\"><i class=\"icon-whatsapp\"><\/i><\/a><a href=\"https:\/\/www.facebook.com\/sharer.php?u=https:\/\/www.hakansager.com\/en\/uzmanliklar\/vajinismus-tedavisi\/\" data-label=\"Facebook\" onclick=\"window.open(this.href,this.title,'width=500,height=500,top=300px,left=300px');  return false;\" rel=\"noopener noreferrer nofollow\" target=\"_blank\" class=\"icon button circle is-outline tooltip facebook\" title=\"Share on Facebook\" aria-label=\"Share on Facebook\"><i class=\"icon-facebook\" ><\/i><\/a><a href=\"https:\/\/twitter.com\/share?url=https:\/\/www.hakansager.com\/en\/uzmanliklar\/vajinismus-tedavisi\/\" onclick=\"window.open(this.href,this.title,'width=500,height=500,top=300px,left=300px');  return false;\" rel=\"noopener noreferrer nofollow\" target=\"_blank\" class=\"icon button circle is-outline tooltip twitter\" title=\"Share on Twitter\" aria-label=\"Share on Twitter\"><i class=\"icon-twitter\" ><\/i><\/a><a href=\"mailto:enteryour@addresshere.com?subject=Vajinismus%20Tedavisi&amp;body=Check%20this%20out:%20https:\/\/www.hakansager.com\/en\/uzmanliklar\/vajinismus-tedavisi\/\" rel=\"nofollow\" class=\"icon button circle is-outline tooltip email\" title=\"Email to a Friend\" aria-label=\"Email to a Friend\"><i class=\"icon-envelop\" ><\/i><\/a><a href=\"https:\/\/pinterest.com\/pin\/create\/button\/?url=https:\/\/www.hakansager.com\/en\/uzmanliklar\/vajinismus-tedavisi\/&amp;media=&amp;description=Vajinismus%20Tedavisi\" onclick=\"window.open(this.href,this.title,'width=500,height=500,top=300px,left=300px');  return false;\" rel=\"noopener noreferrer nofollow\" target=\"_blank\" class=\"icon button circle is-outline tooltip pinterest\" title=\"Pin on Pinterest\" aria-label=\"Pin on Pinterest\"><i class=\"icon-pinterest\" ><\/i><\/a><a href=\"https:\/\/www.linkedin.com\/shareArticle?mini=true&url=https:\/\/www.hakansager.com\/en\/uzmanliklar\/vajinismus-tedavisi\/&title=Vajinismus%20Tedavisi\" onclick=\"window.open(this.href,this.title,'width=500,height=500,top=300px,left=300px');  return false;\"  rel=\"noopener noreferrer nofollow\" target=\"_blank\" class=\"icon button circle is-outline tooltip linkedin\" title=\"Share on LinkedIn\" aria-label=\"Share on LinkedIn\"><i class=\"icon-linkedin\" ><\/i><\/a><\/div><\/div>      <\/div>\n    <\/div>\n\n       <\/div>\n    <\/div>\n  \n\n\t<div id=\"gap-1996955493\" class=\"gap-element clearfix\" style=\"display:block; height:auto;\">\n\t\t\n<style>\n#gap-1996955493 {\n  padding-top: 30px;\n}\n<\/style>\n\t<\/div>\n\t\n\n<div class=\"row\"  id=\"row-721283222\">\n\n\n\t<div id=\"col-1678757125\" class=\"col small-12 large-12\"  >\n\t\t\t\t<div class=\"col-inner\"  >\n\t\t\t\n\t\t\t\n\n<h3><div id=\"ez-toc-container\" class=\"ez-toc-v2_0_76 ez-toc-wrap-left counter-hierarchy ez-toc-counter ez-toc-grey ez-toc-container-direction\">\n<div class=\"ez-toc-title-container\">\n<span class=\"ez-toc-title-toggle\"><a href=\"#\" class=\"ez-toc-pull-right ez-toc-btn ez-toc-btn-xs ez-toc-btn-default ez-toc-toggle\" aria-label=\"Toggle Table of Content\"><span class=\"ez-toc-js-icon-con\"><span class=\"\"><span class=\"eztoc-hide\" style=\"display:none;\">Toggle<\/span><span class=\"ez-toc-icon-toggle-span\"><svg style=\"fill: #999;color:#999\" xmlns=\"http:\/\/www.w3.org\/2000\/svg\" class=\"list-377408\" width=\"20px\" height=\"20px\" viewbox=\"0 0 24 24\" fill=\"none\"><path d=\"M6 6H4v2h2V6zm14 0H8v2h12V6zM4 11h2v2H4v-2zm16 0H8v2h12v-2zM4 16h2v2H4v-2zm16 0H8v2h12v-2z\" fill=\"currentColor\"><\/path><\/svg><svg style=\"fill: #999;color:#999\" class=\"arrow-unsorted-368013\" xmlns=\"http:\/\/www.w3.org\/2000\/svg\" width=\"10px\" height=\"10px\" viewbox=\"0 0 24 24\" version=\"1.2\" baseprofile=\"tiny\"><path d=\"M18.2 9.3l-6.2-6.3-6.2 6.3c-.2.2-.3.4-.3.7s.1.5.3.7c.2.2.4.3.7.3h11c.3 0 .5-.1.7-.3.2-.2.3-.5.3-.7s-.1-.5-.3-.7zM5.8 14.7l6.2 6.3 6.2-6.3c.2-.2.3-.5.3-.7s-.1-.5-.3-.7c-.2-.2-.4-.3-.7-.3h-11c-.3 0-.5.1-.7.3-.2.2-.3.5-.3.7s.1.5.3.7z\"\/><\/svg><\/span><\/span><\/span><\/a><\/span><\/div>\n<nav><ul class='ez-toc-list ez-toc-list-level-1' ><li class='ez-toc-page-1 ez-toc-heading-level-1'><a class=\"ez-toc-link ez-toc-heading-1\" href=\"https:\/\/www.hakansager.com\/en\/uzmanliklar\/vajinismus-tedavisi\/#Vajinismus_Tedavisi\" >Vajinismus Tedavisi<\/a><ul class='ez-toc-list-level-3' ><li class='ez-toc-heading-level-3'><ul class='ez-toc-list-level-3' ><li class='ez-toc-heading-level-3'><a class=\"ez-toc-link ez-toc-heading-2\" href=\"https:\/\/www.hakansager.com\/en\/uzmanliklar\/vajinismus-tedavisi\/#Vajinismus_Nedir_Nasil_Tedavi_Edilir\" >Vajinismus Nedir? Nas\u0131l Tedavi Edilir?<\/a><ul class='ez-toc-list-level-4' ><li class='ez-toc-heading-level-4'><a class=\"ez-toc-link ez-toc-heading-3\" href=\"https:\/\/www.hakansager.com\/en\/uzmanliklar\/vajinismus-tedavisi\/#Vajinismus_Nedenleri_Nelerdir\" >Vajinismus Nedenleri Nelerdir?<\/a><\/li><li class='ez-toc-page-1 ez-toc-heading-level-4'><a class=\"ez-toc-link ez-toc-heading-4\" href=\"https:\/\/www.hakansager.com\/en\/uzmanliklar\/vajinismus-tedavisi\/#Vajinismus_Belirtileri_Nelerdir\" >Vajinismus Belirtileri Nelerdir?<\/a><\/li><li class='ez-toc-page-1 ez-toc-heading-level-4'><a class=\"ez-toc-link ez-toc-heading-5\" href=\"https:\/\/www.hakansager.com\/en\/uzmanliklar\/vajinismus-tedavisi\/#Vajinismus_Tedavi_Yontemleri_Nelerdir\" >Vajinismus Tedavi Y\u00f6ntemleri Nelerdir?<\/a><\/li><li class='ez-toc-page-1 ez-toc-heading-level-4'><a class=\"ez-toc-link ez-toc-heading-6\" href=\"https:\/\/www.hakansager.com\/en\/uzmanliklar\/vajinismus-tedavisi\/#Vajinismus_Tedavisinde_Basari_Orani\" >Vajinismus Tedavisinde Ba\u015far\u0131 Oran\u0131<\/a><\/li><li class='ez-toc-page-1 ez-toc-heading-level-4'><a class=\"ez-toc-link ez-toc-heading-7\" href=\"https:\/\/www.hakansager.com\/en\/uzmanliklar\/vajinismus-tedavisi\/#Vajinismus_Tedavisi_Sonrasi_Yasam_Kalitesi\" >Vajinismus Tedavisi Sonras\u0131 Ya\u015fam Kalitesi<\/a><\/li><\/ul><\/li><\/ul><\/li><\/ul><\/li><\/ul><\/nav><\/div>\n<\/h3>\n<h3 style=\"text-align: left;\"><span class=\"ez-toc-section\" id=\"Vajinismus_Nedir_Nasil_Tedavi_Edilir\"><\/span><strong>Vajinismus Nedir? Nas\u0131l Tedavi Edilir?<\/strong><span class=\"ez-toc-section-end\"><\/span><\/h3>\n<p style=\"text-align: justify;\">Vajinismus, kad\u0131nlarda cinsel ili\u015fki s\u0131ras\u0131nda pelvik kaslar\u0131n istemsiz \u015fekilde kas\u0131lmas\u0131yla ortaya \u00e7\u0131kan bir durumdur. Bu kas\u0131lmalar, cinsel ili\u015fkiye engel olabilir ya da ili\u015fkiyi olduk\u00e7a zorla\u015ft\u0131rabilir. Vajinismus sorunu ya\u015fayan kad\u0131nlar, genellikle ili\u015fki s\u0131ras\u0131nda ac\u0131, a\u011fr\u0131 veya rahats\u0131zl\u0131k hisseder. Vajinismusun psikolojik, fizyolojik veya her iki fakt\u00f6rden kaynaklanan sebepleri olabilir. Bu durum, \u00e7iftler i\u00e7in ciddi bir stres kayna\u011f\u0131 olmakla birlikte, tedavisi m\u00fcmk\u00fcn bir sa\u011fl\u0131k sorunudur.<\/p>\n<h4 style=\"text-align: left;\"><span class=\"ez-toc-section\" id=\"Vajinismus_Nedenleri_Nelerdir\"><\/span><strong>Vajinismus Nedenleri Nelerdir?<\/strong><span class=\"ez-toc-section-end\"><\/span><\/h4>\n<p style=\"text-align: justify;\">Vajinismusun nedenleri genellikle iki ba\u015fl\u0131k alt\u0131nda toplanabilir: psikolojik ve fizyolojik fakt\u00f6rler. Her kad\u0131nda farkl\u0131 nedenler \u00f6n plana \u00e7\u0131kabilir, bu nedenle ki\u015fiye \u00f6zel bir tedavi yakla\u015f\u0131m\u0131 uygulanmas\u0131 \u00f6nemlidir.<\/p>\n<ul style=\"text-align: justify;\">\n<li>\n<p><strong>Psikolojik Nedenler:<\/strong> Cinsel ili\u015fki hakk\u0131nda yanl\u0131\u015f bilgiye sahip olma, ge\u00e7mi\u015fte ya\u015fanm\u0131\u015f travmalar, a\u015f\u0131r\u0131 stres, cinselli\u011fe dair korkular ve kayg\u0131lar vajinismusun ortaya \u00e7\u0131kmas\u0131na yol a\u00e7abilir. \u00d6zellikle ilk gece korkusu, toplumda s\u0131k\u00e7a g\u00f6r\u00fclen bir psikolojik neden olarak kar\u015f\u0131m\u0131za \u00e7\u0131kar.<\/p>\n<\/li>\n<li>\n<p><strong>Fizyolojik Nedenler:<\/strong> Vajina \u00e7evresindeki kaslar\u0131n kontrols\u00fcz kas\u0131lmas\u0131, do\u011fu\u015ftan gelen anatomik problemler veya cinsel ili\u015fki s\u0131ras\u0131nda a\u011fr\u0131ya neden olan fizyolojik rahats\u0131zl\u0131klar vajinismusa neden olabilir.<\/p>\n<\/li>\n<\/ul>\n<h4 style=\"text-align: left;\"><span class=\"ez-toc-section\" id=\"Vajinismus_Belirtileri_Nelerdir\"><\/span><strong>Vajinismus Belirtileri Nelerdir?<\/strong><span class=\"ez-toc-section-end\"><\/span><\/h4>\n<p style=\"text-align: justify;\">Vajinismus belirtileri, cinsel ili\u015fki esnas\u0131nda veya jinekolojik muayene s\u0131ras\u0131nda ya\u015fanan kas\u0131lmalar ve a\u011fr\u0131 ile kendini g\u00f6sterir. Vajinismus sorunu ya\u015fayan kad\u0131nlar, genellikle ili\u015fkiye giremediklerini ya da ili\u015fkiye girdiklerinde dayan\u0131lmaz bir a\u011fr\u0131 hissettiklerini belirtirler. Bunun yan\u0131 s\u0131ra, jinekolojik muayeneler esnas\u0131nda da vajina kaslar\u0131n\u0131n istemsizce kas\u0131lmas\u0131 nedeniyle muayene i\u015flemi zorla\u015fabilir.<\/p>\n<ul style=\"text-align: justify;\">\n<li>Cinsel ili\u015fkiye girme s\u0131ras\u0131nda vajina kaslar\u0131nda istemsiz kas\u0131lmalar<\/li>\n<li>\u0130li\u015fkiye girme iste\u011fi olmas\u0131na ra\u011fmen ili\u015fkiye fiziksel olarak engel olunmas\u0131<\/li>\n<li>\u0130li\u015fki s\u0131ras\u0131nda ac\u0131 veya a\u011fr\u0131 hissetme<\/li>\n<li>Jinekolojik muayene esnas\u0131nda a\u011fr\u0131 ya da rahats\u0131zl\u0131k hissi<\/li>\n<\/ul>\n<h4 style=\"text-align: left;\"><span class=\"ez-toc-section\" id=\"Vajinismus_Tedavi_Yontemleri_Nelerdir\"><\/span><strong>Vajinismus Tedavi Y\u00f6ntemleri Nelerdir?<\/strong><span class=\"ez-toc-section-end\"><\/span><\/h4>\n<p style=\"text-align: justify;\">Vajinismus tedavisinde, hastan\u0131n ihtiya\u00e7lar\u0131na g\u00f6re ki\u015fiselle\u015ftirilmi\u015f bir tedavi plan\u0131 olu\u015fturulmaktad\u0131r. Psikolojik destek, fizyoterapi teknikleri ve davran\u0131\u015fsal terapiler bir arada uygulanarak sorunun \u00e7\u00f6z\u00fclmesi hedeflenir. Tedavi s\u00fcreci, hastan\u0131n rahatlamas\u0131na ve pelvik kaslar\u0131n kontrol edilmesine yard\u0131mc\u0131 olmay\u0131 ama\u00e7lar.<\/p>\n<ul style=\"text-align: justify;\">\n<li>\n<p><strong>Psikoterapi:<\/strong> Vajinismusun psikolojik k\u00f6kenli oldu\u011fu durumlarda, psikoterapi ile cinselli\u011fe dair korkular\u0131n ve kayg\u0131lar\u0131n \u00fcstesinden gelinmesi sa\u011flan\u0131r. Bireysel terapi, \u00e7ift terapisi ve cinsel terapi bu s\u00fcre\u00e7te etkili y\u00f6ntemlerdir.<\/p>\n<\/li>\n<li>\n<p><strong>Davran\u0131\u015fsal Terapi:<\/strong> Hastan\u0131n pelvik kaslar\u0131n\u0131 nas\u0131l kontrol edece\u011fi ve kas\u0131lmalar\u0131 nas\u0131l \u00f6nleyebilece\u011fi konusunda e\u011fitim almas\u0131 sa\u011flan\u0131r. Pelvik taban egzersizleri ve a\u015famal\u0131 duyars\u0131zla\u015ft\u0131rma teknikleri ile vajina \u00e7evresindeki kaslar\u0131n gev\u015femesi ama\u00e7lan\u0131r.<\/p>\n<\/li>\n<li>\n<p><strong>Fizyoterapi:<\/strong> Pelvik taban kaslar\u0131n\u0131n g\u00fc\u00e7lendirilmesi ve kas\u0131lmalar\u0131n kontrol alt\u0131na al\u0131nabilmesi i\u00e7in fizyoterapi y\u00f6ntemleri kullan\u0131l\u0131r. Pelvik taban egzersizleri (Kegel egzersizleri) ve biofeedback gibi teknikler, vajinismus tedavisinde s\u0131kl\u0131kla ba\u015fvurulan y\u00f6ntemlerdir.<\/p>\n<\/li>\n<li>\n<p><strong>Medication Treatment:<\/strong> Baz\u0131 durumlarda, kas gev\u015feticiler ya da anksiyolitik ila\u00e7lar tedavi s\u00fcrecine eklenebilir. Ancak ila\u00e7 tedavisi, di\u011fer tedavi y\u00f6ntemlerine ek olarak kullan\u0131lmaktad\u0131r ve tek ba\u015f\u0131na yeterli olmayabilir.<\/p>\n<\/li>\n<\/ul>\n<h4 style=\"text-align: left;\"><span class=\"ez-toc-section\" id=\"Vajinismus_Tedavisinde_Basari_Orani\"><\/span><strong>Vajinismus Tedavisinde Ba\u015far\u0131 Oran\u0131<\/strong><span class=\"ez-toc-section-end\"><\/span><\/h4>\n<p style=\"text-align: justify;\">Vajinismus tedavisinde ba\u015far\u0131 oran\u0131 olduk\u00e7a y\u00fcksektir. Erken te\u015fhis ve do\u011fru tedavi ile bu sorun tamamen ortadan kalkabilir. Tedavi s\u00fcreci boyunca hastalar\u0131n sab\u0131rl\u0131 ve kararl\u0131 olmas\u0131 \u00f6nemlidir. Vajinismusun tedavisinde genellikle birka\u00e7 hafta i\u00e7inde sonu\u00e7 al\u0131nabilir, ancak baz\u0131 vakalarda tedavi s\u00fcresi uzayabilir. Tedaviye erken ba\u015fvurmak, ba\u015far\u0131 oran\u0131n\u0131 art\u0131ran fakt\u00f6rler aras\u0131nda yer almaktad\u0131r.<\/p>\n<h4 style=\"text-align: left;\"><span class=\"ez-toc-section\" id=\"Vajinismus_Tedavisi_Sonrasi_Yasam_Kalitesi\"><\/span><strong>Vajinismus Tedavisi Sonras\u0131 Ya\u015fam Kalitesi<\/strong><span class=\"ez-toc-section-end\"><\/span><\/h4>\n<p style=\"text-align: justify;\">Vajinismus tedavisi tamamland\u0131ktan sonra, hastalar\u0131n cinsel ya\u015famlar\u0131nda b\u00fcy\u00fck bir rahatlama g\u00f6r\u00fcl\u00fcr. Tedavi sonras\u0131nda cinsel ili\u015fki, a\u011fr\u0131s\u0131z ve rahat bir \u015fekilde ger\u00e7ekle\u015febilir. Vajinismus sorununun \u00e7\u00f6z\u00fclmesi, \u00e7iftler aras\u0131nda duygusal ba\u011f\u0131n g\u00fc\u00e7lenmesine ve daha sa\u011fl\u0131kl\u0131 bir cinsel hayat\u0131n s\u00fcrd\u00fcr\u00fclmesine katk\u0131 sa\u011flar.<\/p>\n<p style=\"text-align: justify;\">Vajinismus, tedavisi m\u00fcmk\u00fcn olan bir cinsel sa\u011fl\u0131k sorunudur ve do\u011fru y\u00f6ntemler kullan\u0131larak bu durumun \u00fcstesinden gelinebilir. Vajinismus tedavisi, uzman doktorlar taraf\u0131ndan ki\u015fiye \u00f6zel olarak planlanmal\u0131d\u0131r. Op. Dr. Hakan Sa\u011fer, vajinismus tedavisinde modern ve etkili y\u00f6ntemler kullanarak, hastalar\u0131na g\u00fcvenli ve ba\u015far\u0131l\u0131 \u00e7\u00f6z\u00fcmler sunmaktad\u0131r.<\/p>\n\n\n\t\t<\/div>\n\t\t\t\t\t<\/div>\n\n\t\n\n<\/div>","protected":false},"excerpt":{"rendered":"","protected":false},"author":1,"featured_media":0,"parent":376,"menu_order":0,"comment_status":"closed","ping_status":"closed","template":"page-blank.php","meta":{"footnotes":""},"class_list":["post-442","page","type-page","status-publish","hentry"],"_links":{"self":[{"href":"https:\/\/www.hakansager.com\/en\/wp-json\/wp\/v2\/pages\/442","targetHints":{"allow":["GET"]}}],"collection":[{"href":"https:\/\/www.hakansager.com\/en\/wp-json\/wp\/v2\/pages"}],"about":[{"href":"https:\/\/www.hakansager.com\/en\/wp-json\/wp\/v2\/types\/page"}],"author":[{"embeddable":true,"href":"https:\/\/www.hakansager.com\/en\/wp-json\/wp\/v2\/users\/1"}],"replies":[{"embeddable":true,"href":"https:\/\/www.hakansager.com\/en\/wp-json\/wp\/v2\/comments?post=442"}],"version-history":[{"count":6,"href":"https:\/\/www.hakansager.com\/en\/wp-json\/wp\/v2\/pages\/442\/revisions"}],"predecessor-version":[{"id":548,"href":"https:\/\/www.hakansager.com\/en\/wp-json\/wp\/v2\/pages\/442\/revisions\/548"}],"up":[{"embeddable":true,"href":"https:\/\/www.hakansager.com\/en\/wp-json\/wp\/v2\/pages\/376"}],"wp:attachment":[{"href":"https:\/\/www.hakansager.com\/en\/wp-json\/wp\/v2\/media?parent=442"}],"curies":[{"name":"wp","href":"https:\/\/api.w.org\/{rel}","templated":true}]}}