{"id":558,"date":"2024-11-06T01:09:17","date_gmt":"2024-11-05T22:09:17","guid":{"rendered":"https:\/\/www.hakansager.com\/?page_id=558"},"modified":"2024-11-06T01:10:55","modified_gmt":"2024-11-05T22:10:55","slug":"vajinismus","status":"publish","type":"page","link":"https:\/\/www.hakansager.com\/en\/uzmanliklar\/vajinismus\/","title":{"rendered":"Vaginismus"},"content":{"rendered":"<div id=\"page-header-680182543\" class=\"page-header-wrapper\">\n  <div class=\"page-title dark featured-title\">\n\n    \n    <div class=\"page-title-inner container align-center flex-row medium-flex-wrap\" >\n              <div class=\"title-wrapper flex-col text-left medium-text-center\">\n          <h1 class=\"entry-title mb-0\"><span class=\"ez-toc-section\" id=\"Vajinismus\"><\/span>\n            Vaginismus          <span class=\"ez-toc-section-end\"><\/span><\/h1>\n        <\/div>\n                    <div class=\"title-content flex-col flex-right text-right medium-text-center\">\n        <div class=\"title-share pt-half pb-half\"><div class=\"social-icons share-icons share-row relative\" ><a href=\"whatsapp:\/\/send?text=Vajinismus - https:\/\/www.hakansager.com\/en\/uzmanliklar\/vajinismus\/\" data-action=\"share\/whatsapp\/share\" class=\"icon button circle is-outline tooltip whatsapp show-for-medium\" title=\"Share on WhatsApp\" aria-label=\"Share on WhatsApp\"><i class=\"icon-whatsapp\"><\/i><\/a><a href=\"https:\/\/www.facebook.com\/sharer.php?u=https:\/\/www.hakansager.com\/en\/uzmanliklar\/vajinismus\/\" data-label=\"Facebook\" onclick=\"window.open(this.href,this.title,'width=500,height=500,top=300px,left=300px');  return false;\" rel=\"noopener noreferrer nofollow\" target=\"_blank\" class=\"icon button circle is-outline tooltip facebook\" title=\"Share on Facebook\" aria-label=\"Share on Facebook\"><i class=\"icon-facebook\" ><\/i><\/a><a href=\"https:\/\/twitter.com\/share?url=https:\/\/www.hakansager.com\/en\/uzmanliklar\/vajinismus\/\" onclick=\"window.open(this.href,this.title,'width=500,height=500,top=300px,left=300px');  return false;\" rel=\"noopener noreferrer nofollow\" target=\"_blank\" class=\"icon button circle is-outline tooltip twitter\" title=\"Share on Twitter\" aria-label=\"Share on Twitter\"><i class=\"icon-twitter\" ><\/i><\/a><a href=\"mailto:enteryour@addresshere.com?subject=Vajinismus&amp;body=Check%20this%20out:%20https:\/\/www.hakansager.com\/en\/uzmanliklar\/vajinismus\/\" rel=\"nofollow\" class=\"icon button circle is-outline tooltip email\" title=\"Email to a Friend\" aria-label=\"Email to a Friend\"><i class=\"icon-envelop\" ><\/i><\/a><a href=\"https:\/\/pinterest.com\/pin\/create\/button\/?url=https:\/\/www.hakansager.com\/en\/uzmanliklar\/vajinismus\/&amp;media=&amp;description=Vajinismus\" onclick=\"window.open(this.href,this.title,'width=500,height=500,top=300px,left=300px');  return false;\" rel=\"noopener noreferrer nofollow\" target=\"_blank\" class=\"icon button circle is-outline tooltip pinterest\" title=\"Pin on Pinterest\" aria-label=\"Pin on Pinterest\"><i class=\"icon-pinterest\" ><\/i><\/a><a href=\"https:\/\/www.linkedin.com\/shareArticle?mini=true&url=https:\/\/www.hakansager.com\/en\/uzmanliklar\/vajinismus\/&title=Vajinismus\" onclick=\"window.open(this.href,this.title,'width=500,height=500,top=300px,left=300px');  return false;\"  rel=\"noopener noreferrer nofollow\" target=\"_blank\" class=\"icon button circle is-outline tooltip linkedin\" title=\"Share on LinkedIn\" aria-label=\"Share on LinkedIn\"><i class=\"icon-linkedin\" ><\/i><\/a><\/div><\/div>      <\/div>\n    <\/div>\n\n       <\/div>\n    <\/div>\n  \n\n\t<div id=\"gap-650649732\" class=\"gap-element clearfix\" style=\"display:block; height:auto;\">\n\t\t\n<style>\n#gap-650649732 {\n  padding-top: 30px;\n}\n<\/style>\n\t<\/div>\n\t\n\n<div class=\"row\"  id=\"row-376505294\">\n\n\n\t<div id=\"col-686364851\" class=\"col small-12 large-12\"  >\n\t\t\t\t<div class=\"col-inner\"  >\n\t\t\t\n\t\t\t\n\n<h3><div id=\"ez-toc-container\" class=\"ez-toc-v2_0_76 ez-toc-wrap-left counter-hierarchy ez-toc-counter ez-toc-grey ez-toc-container-direction\">\n<div class=\"ez-toc-title-container\">\n<span class=\"ez-toc-title-toggle\"><a href=\"#\" class=\"ez-toc-pull-right ez-toc-btn ez-toc-btn-xs ez-toc-btn-default ez-toc-toggle\" aria-label=\"Toggle Table of Content\"><span class=\"ez-toc-js-icon-con\"><span class=\"\"><span class=\"eztoc-hide\" style=\"display:none;\">Toggle<\/span><span class=\"ez-toc-icon-toggle-span\"><svg style=\"fill: #999;color:#999\" xmlns=\"http:\/\/www.w3.org\/2000\/svg\" class=\"list-377408\" width=\"20px\" height=\"20px\" viewbox=\"0 0 24 24\" fill=\"none\"><path d=\"M6 6H4v2h2V6zm14 0H8v2h12V6zM4 11h2v2H4v-2zm16 0H8v2h12v-2zM4 16h2v2H4v-2zm16 0H8v2h12v-2z\" fill=\"currentColor\"><\/path><\/svg><svg style=\"fill: #999;color:#999\" class=\"arrow-unsorted-368013\" xmlns=\"http:\/\/www.w3.org\/2000\/svg\" width=\"10px\" height=\"10px\" viewbox=\"0 0 24 24\" version=\"1.2\" baseprofile=\"tiny\"><path d=\"M18.2 9.3l-6.2-6.3-6.2 6.3c-.2.2-.3.4-.3.7s.1.5.3.7c.2.2.4.3.7.3h11c.3 0 .5-.1.7-.3.2-.2.3-.5.3-.7s-.1-.5-.3-.7zM5.8 14.7l6.2 6.3 6.2-6.3c.2-.2.3-.5.3-.7s-.1-.5-.3-.7c-.2-.2-.4-.3-.7-.3h-11c-.3 0-.5.1-.7.3-.2.2-.3.5-.3.7s.1.5.3.7z\"\/><\/svg><\/span><\/span><\/span><\/a><\/span><\/div>\n<nav><ul class='ez-toc-list ez-toc-list-level-1' ><li class='ez-toc-page-1 ez-toc-heading-level-1'><a class=\"ez-toc-link ez-toc-heading-1\" href=\"https:\/\/www.hakansager.com\/en\/uzmanliklar\/vajinismus\/#Vajinismus\" >Vaginismus<\/a><ul class='ez-toc-list-level-3' ><li class='ez-toc-heading-level-3'><ul class='ez-toc-list-level-3' ><li class='ez-toc-heading-level-3'><a class=\"ez-toc-link ez-toc-heading-2\" href=\"https:\/\/www.hakansager.com\/en\/uzmanliklar\/vajinismus\/#Vajinismus_Tanim_Nedenleri_ve_Tedavi_Yontemleri\" >Vajinismus: Tan\u0131m, Nedenleri ve Tedavi Y\u00f6ntemleri<\/a><ul class='ez-toc-list-level-4' ><li class='ez-toc-heading-level-4'><a class=\"ez-toc-link ez-toc-heading-3\" href=\"https:\/\/www.hakansager.com\/en\/uzmanliklar\/vajinismus\/#Vajinismus_Nedir\" >Vajinismus Nedir?<\/a><\/li><li class='ez-toc-page-1 ez-toc-heading-level-4'><a class=\"ez-toc-link ez-toc-heading-4\" href=\"https:\/\/www.hakansager.com\/en\/uzmanliklar\/vajinismus\/#Vajinismusun_Nedenleri\" >Vajinismusun Nedenleri<\/a><\/li><li class='ez-toc-page-1 ez-toc-heading-level-4'><a class=\"ez-toc-link ez-toc-heading-5\" href=\"https:\/\/www.hakansager.com\/en\/uzmanliklar\/vajinismus\/#Vajinismus_Tedavi_Yontemleri\" >Vajinismus Tedavi Y\u00f6ntemleri<\/a><\/li><\/ul><\/li><\/ul><\/li><\/ul><\/li><\/ul><\/nav><\/div>\n<\/h3>\n<h3 style=\"text-align: left;\"><span class=\"ez-toc-section\" id=\"Vajinismus_Tanim_Nedenleri_ve_Tedavi_Yontemleri\"><\/span><strong>Vajinismus: Tan\u0131m, Nedenleri ve Tedavi Y\u00f6ntemleri<\/strong><span class=\"ez-toc-section-end\"><\/span><\/h3>\n<p style=\"text-align: justify;\">Vajinismus, vajina kaslar\u0131n\u0131n cinsel ili\u015fki s\u0131ras\u0131nda istem d\u0131\u015f\u0131 olarak kas\u0131lmas\u0131 durumudur. Bu rahats\u0131zl\u0131k, bir\u00e7ok kad\u0131n i\u00e7in cinsel ya\u015fam\u0131 zorla\u015ft\u0131rabilir ve psikolojik etkileri derin olabilir. <strong>Op. Dr. Hakan Sa\u011fer<\/strong>, vajinismus tedavisi konusunda uzmanla\u015fm\u0131\u015f bir hekimdir.<\/p>\n<h4 style=\"text-align: left;\"><span class=\"ez-toc-section\" id=\"Vajinismus_Nedir\"><\/span><strong>Vajinismus Nedir?<\/strong><span class=\"ez-toc-section-end\"><\/span><\/h4>\n<p style=\"text-align: justify;\">Vajinismus, cinsel ili\u015fki s\u0131ras\u0131nda vajina kaslar\u0131n\u0131n istem d\u0131\u015f\u0131 kas\u0131lmas\u0131 sonucu meydana gelir. Bu durum, cinsel ili\u015fkiyi imkans\u0131z hale getirebilir ve kad\u0131nlar\u0131n cinsel ya\u015fant\u0131lar\u0131nda \u00f6nemli sorunlara yol a\u00e7abilir.<\/p>\n<h4 style=\"text-align: left;\"><span class=\"ez-toc-section\" id=\"Vajinismusun_Nedenleri\"><\/span><strong>Vajinismusun Nedenleri<\/strong><span class=\"ez-toc-section-end\"><\/span><\/h4>\n<p style=\"text-align: justify;\">Vajinismusun nedenleri genellikle \u015funlar\u0131 i\u00e7erir:<\/p>\n<ul style=\"text-align: justify;\">\n<li><strong>Psychological Factors:<\/strong> Cinsel travma, korku veya anksiyete, vajinismusun ba\u015fl\u0131ca nedenlerindendir.<\/li>\n<li><strong>Fiziksel Sorunlar:<\/strong> Vajina veya pelvik kaslardaki fiziksel problemler de bu duruma katk\u0131da bulunabilir.<\/li>\n<li><strong>E\u011fitim Eksikli\u011fi:<\/strong> Cinsellik hakk\u0131nda yeterli bilgi sahibi olmamak, kayg\u0131 d\u00fczeyini art\u0131rabilir.<\/li>\n<\/ul>\n<h4 style=\"text-align: left;\"><span class=\"ez-toc-section\" id=\"Vajinismus_Tedavi_Yontemleri\"><\/span><strong>Vajinismus Tedavi Y\u00f6ntemleri<\/strong><span class=\"ez-toc-section-end\"><\/span><\/h4>\n<p style=\"text-align: justify;\">Vajinismus tedavisi, ki\u015fiye \u00f6zel y\u00f6ntemler i\u00e7erir:<\/p>\n<ol style=\"text-align: justify;\">\n<li>\n<p><strong>Psikoterapi:<\/strong> Duygusal ve psikolojik sorunlar\u0131n ele al\u0131nmas\u0131, vajinismus tedavisinde \u00f6nemli bir ad\u0131md\u0131r. Terapi seanslar\u0131, kayg\u0131y\u0131 azaltabilir.<\/p>\n<\/li>\n<li>\n<p><strong>Fiziksel Terapi:<\/strong> Pelvik taban kaslar\u0131n\u0131n e\u011fitimi, vajinismus tedavisinde etkili bir y\u00f6ntemdir. Kad\u0131nlar, bu kaslar\u0131 kontrol etmeyi \u00f6\u011frenerek rahatlama sa\u011flayabilirler.<\/p>\n<\/li>\n<li>\n<p><strong>Aile Dan\u0131\u015fmanl\u0131\u011f\u0131:<\/strong> Cinsel sorunlar, \u00e7iftler aras\u0131nda ileti\u015fimi etkileyebilir. Aile dan\u0131\u015fmanl\u0131\u011f\u0131, ileti\u015fimi g\u00fc\u00e7lendirebilir.<\/p>\n<\/li>\n<\/ol>\n<p style=\"text-align: justify;\">Vajinismus, tedavi edilebilen bir durumdur. <strong>Op. Dr. Hakan Sa\u011fer<\/strong>, bu s\u00fcre\u00e7te kad\u0131nlara yard\u0131mc\u0131 olmakta ve sa\u011fl\u0131kl\u0131 bir cinsel ya\u015fam i\u00e7in gereken deste\u011fi sunmaktad\u0131r.<\/p>\n\n\n\t\t<\/div>\n\t\t\t\t\t<\/div>\n\n\t\n\n<\/div>","protected":false},"excerpt":{"rendered":"","protected":false},"author":1,"featured_media":0,"parent":376,"menu_order":0,"comment_status":"closed","ping_status":"closed","template":"page-blank.php","meta":{"footnotes":""},"class_list":["post-558","page","type-page","status-publish","hentry"],"_links":{"self":[{"href":"https:\/\/www.hakansager.com\/en\/wp-json\/wp\/v2\/pages\/558","targetHints":{"allow":["GET"]}}],"collection":[{"href":"https:\/\/www.hakansager.com\/en\/wp-json\/wp\/v2\/pages"}],"about":[{"href":"https:\/\/www.hakansager.com\/en\/wp-json\/wp\/v2\/types\/page"}],"author":[{"embeddable":true,"href":"https:\/\/www.hakansager.com\/en\/wp-json\/wp\/v2\/users\/1"}],"replies":[{"embeddable":true,"href":"https:\/\/www.hakansager.com\/en\/wp-json\/wp\/v2\/comments?post=558"}],"version-history":[{"count":7,"href":"https:\/\/www.hakansager.com\/en\/wp-json\/wp\/v2\/pages\/558\/revisions"}],"predecessor-version":[{"id":565,"href":"https:\/\/www.hakansager.com\/en\/wp-json\/wp\/v2\/pages\/558\/revisions\/565"}],"up":[{"embeddable":true,"href":"https:\/\/www.hakansager.com\/en\/wp-json\/wp\/v2\/pages\/376"}],"wp:attachment":[{"href":"https:\/\/www.hakansager.com\/en\/wp-json\/wp\/v2\/media?parent=558"}],"curies":[{"name":"wp","href":"https:\/\/api.w.org\/{rel}","templated":true}]}}