{"id":572,"date":"2024-11-06T14:26:57","date_gmt":"2024-11-06T11:26:57","guid":{"rendered":"https:\/\/www.hakansager.com\/?page_id=572"},"modified":"2024-11-06T14:28:13","modified_gmt":"2024-11-06T11:28:13","slug":"menopoz-tedavisi","status":"publish","type":"page","link":"https:\/\/www.hakansager.com\/en\/uzmanliklar\/menopoz-tedavisi\/","title":{"rendered":"Menopause Treatment"},"content":{"rendered":"<div id=\"page-header-1295205952\" class=\"page-header-wrapper\">\n  <div class=\"page-title dark featured-title\">\n\n    \n    <div class=\"page-title-inner container align-center flex-row medium-flex-wrap\" >\n              <div class=\"title-wrapper flex-col text-left medium-text-center\">\n          <h1 class=\"entry-title mb-0\"><span class=\"ez-toc-section\" id=\"Menopoz_Tedavisi\"><\/span>\n            Menopause Treatment          <span class=\"ez-toc-section-end\"><\/span><\/h1>\n        <\/div>\n                    <div class=\"title-content flex-col flex-right text-right medium-text-center\">\n        <div class=\"title-share pt-half pb-half\"><div class=\"social-icons share-icons share-row relative\" ><a href=\"whatsapp:\/\/send?text=Menopoz%20Tedavisi - https:\/\/www.hakansager.com\/en\/uzmanliklar\/menopoz-tedavisi\/\" data-action=\"share\/whatsapp\/share\" class=\"icon button circle is-outline tooltip whatsapp show-for-medium\" title=\"Share on WhatsApp\" aria-label=\"Share on WhatsApp\"><i class=\"icon-whatsapp\"><\/i><\/a><a href=\"https:\/\/www.facebook.com\/sharer.php?u=https:\/\/www.hakansager.com\/en\/uzmanliklar\/menopoz-tedavisi\/\" data-label=\"Facebook\" onclick=\"window.open(this.href,this.title,'width=500,height=500,top=300px,left=300px');  return false;\" rel=\"noopener noreferrer nofollow\" target=\"_blank\" class=\"icon button circle is-outline tooltip facebook\" title=\"Share on Facebook\" aria-label=\"Share on Facebook\"><i class=\"icon-facebook\" ><\/i><\/a><a href=\"https:\/\/twitter.com\/share?url=https:\/\/www.hakansager.com\/en\/uzmanliklar\/menopoz-tedavisi\/\" onclick=\"window.open(this.href,this.title,'width=500,height=500,top=300px,left=300px');  return false;\" rel=\"noopener noreferrer nofollow\" target=\"_blank\" class=\"icon button circle is-outline tooltip twitter\" title=\"Share on Twitter\" aria-label=\"Share on Twitter\"><i class=\"icon-twitter\" ><\/i><\/a><a href=\"mailto:enteryour@addresshere.com?subject=Menopoz%20Tedavisi&amp;body=Check%20this%20out:%20https:\/\/www.hakansager.com\/en\/uzmanliklar\/menopoz-tedavisi\/\" rel=\"nofollow\" class=\"icon button circle is-outline tooltip email\" title=\"Email to a Friend\" aria-label=\"Email to a Friend\"><i class=\"icon-envelop\" ><\/i><\/a><a href=\"https:\/\/pinterest.com\/pin\/create\/button\/?url=https:\/\/www.hakansager.com\/en\/uzmanliklar\/menopoz-tedavisi\/&amp;media=&amp;description=Menopoz%20Tedavisi\" onclick=\"window.open(this.href,this.title,'width=500,height=500,top=300px,left=300px');  return false;\" rel=\"noopener noreferrer nofollow\" target=\"_blank\" class=\"icon button circle is-outline tooltip pinterest\" title=\"Pin on Pinterest\" aria-label=\"Pin on Pinterest\"><i class=\"icon-pinterest\" ><\/i><\/a><a href=\"https:\/\/www.linkedin.com\/shareArticle?mini=true&url=https:\/\/www.hakansager.com\/en\/uzmanliklar\/menopoz-tedavisi\/&title=Menopoz%20Tedavisi\" onclick=\"window.open(this.href,this.title,'width=500,height=500,top=300px,left=300px');  return false;\"  rel=\"noopener noreferrer nofollow\" target=\"_blank\" class=\"icon button circle is-outline tooltip linkedin\" title=\"Share on LinkedIn\" aria-label=\"Share on LinkedIn\"><i class=\"icon-linkedin\" ><\/i><\/a><\/div><\/div>      <\/div>\n    <\/div>\n\n       <\/div>\n    <\/div>\n  \n\n\t<div id=\"gap-1325117525\" class=\"gap-element clearfix\" style=\"display:block; height:auto;\">\n\t\t\n<style>\n#gap-1325117525 {\n  padding-top: 30px;\n}\n<\/style>\n\t<\/div>\n\t\n\n<div class=\"row\"  id=\"row-1835511536\">\n\n\n\t<div id=\"col-2009247712\" class=\"col small-12 large-12\"  >\n\t\t\t\t<div class=\"col-inner\"  >\n\t\t\t\n\t\t\t\n\n<h3><div id=\"ez-toc-container\" class=\"ez-toc-v2_0_76 ez-toc-wrap-left counter-hierarchy ez-toc-counter ez-toc-grey ez-toc-container-direction\">\n<div class=\"ez-toc-title-container\">\n<span class=\"ez-toc-title-toggle\"><a href=\"#\" class=\"ez-toc-pull-right ez-toc-btn ez-toc-btn-xs ez-toc-btn-default ez-toc-toggle\" aria-label=\"Toggle Table of Content\"><span class=\"ez-toc-js-icon-con\"><span class=\"\"><span class=\"eztoc-hide\" style=\"display:none;\">Toggle<\/span><span class=\"ez-toc-icon-toggle-span\"><svg style=\"fill: #999;color:#999\" xmlns=\"http:\/\/www.w3.org\/2000\/svg\" class=\"list-377408\" width=\"20px\" height=\"20px\" viewbox=\"0 0 24 24\" fill=\"none\"><path d=\"M6 6H4v2h2V6zm14 0H8v2h12V6zM4 11h2v2H4v-2zm16 0H8v2h12v-2zM4 16h2v2H4v-2zm16 0H8v2h12v-2z\" fill=\"currentColor\"><\/path><\/svg><svg style=\"fill: #999;color:#999\" class=\"arrow-unsorted-368013\" xmlns=\"http:\/\/www.w3.org\/2000\/svg\" width=\"10px\" height=\"10px\" viewbox=\"0 0 24 24\" version=\"1.2\" baseprofile=\"tiny\"><path d=\"M18.2 9.3l-6.2-6.3-6.2 6.3c-.2.2-.3.4-.3.7s.1.5.3.7c.2.2.4.3.7.3h11c.3 0 .5-.1.7-.3.2-.2.3-.5.3-.7s-.1-.5-.3-.7zM5.8 14.7l6.2 6.3 6.2-6.3c.2-.2.3-.5.3-.7s-.1-.5-.3-.7c-.2-.2-.4-.3-.7-.3h-11c-.3 0-.5.1-.7.3-.2.2-.3.5-.3.7s.1.5.3.7z\"\/><\/svg><\/span><\/span><\/span><\/a><\/span><\/div>\n<nav><ul class='ez-toc-list ez-toc-list-level-1' ><li class='ez-toc-page-1 ez-toc-heading-level-1'><a class=\"ez-toc-link ez-toc-heading-1\" href=\"https:\/\/www.hakansager.com\/en\/uzmanliklar\/menopoz-tedavisi\/#Menopoz_Tedavisi\" >Menopause Treatment<\/a><ul class='ez-toc-list-level-3' ><li class='ez-toc-heading-level-3'><ul class='ez-toc-list-level-3' ><li class='ez-toc-heading-level-3'><a class=\"ez-toc-link ez-toc-heading-2\" href=\"https:\/\/www.hakansager.com\/en\/uzmanliklar\/menopoz-tedavisi\/#Menopoz_Tedavisi_Belirtiler_Surec_ve_Cozum_Yontemleri\" >Menopoz Tedavisi: Belirtiler, S\u00fcre\u00e7 ve \u00c7\u00f6z\u00fcm Y\u00f6ntemleri<\/a><ul class='ez-toc-list-level-4' ><li class='ez-toc-heading-level-4'><a class=\"ez-toc-link ez-toc-heading-3\" href=\"https:\/\/www.hakansager.com\/en\/uzmanliklar\/menopoz-tedavisi\/#Menopoz_Nedir\" >Menopoz Nedir?<\/a><\/li><li class='ez-toc-page-1 ez-toc-heading-level-4'><a class=\"ez-toc-link ez-toc-heading-4\" href=\"https:\/\/www.hakansager.com\/en\/uzmanliklar\/menopoz-tedavisi\/#Menopoz_Belirtileri\" >Menopoz Belirtileri<\/a><\/li><li class='ez-toc-page-1 ez-toc-heading-level-4'><a class=\"ez-toc-link ez-toc-heading-5\" href=\"https:\/\/www.hakansager.com\/en\/uzmanliklar\/menopoz-tedavisi\/#Menopoz_Tedavi_Yontemleri\" >Menopoz Tedavi Y\u00f6ntemleri<\/a><\/li><\/ul><\/li><\/ul><\/li><\/ul><\/li><\/ul><\/nav><\/div>\n<\/h3>\n<h3 style=\"text-align: left;\"><span class=\"ez-toc-section\" id=\"Menopoz_Tedavisi_Belirtiler_Surec_ve_Cozum_Yontemleri\"><\/span><strong>Menopoz Tedavisi: Belirtiler, S\u00fcre\u00e7 ve \u00c7\u00f6z\u00fcm Y\u00f6ntemleri<\/strong><span class=\"ez-toc-section-end\"><\/span><\/h3>\n<p style=\"text-align: justify;\">Menopoz, kad\u0131nlar\u0131n hayat\u0131nda \u00f6nemli bir d\u00f6n\u00fcm noktas\u0131d\u0131r. Bu s\u00fcre\u00e7, genellikle 45-55 ya\u015f aras\u0131nda ba\u015flar ve hormonal de\u011fi\u015fikliklerle karakterizedir. Menopoz, baz\u0131 kad\u0131nlar i\u00e7in rahats\u0131z edici belirtilerle birlikte gelebilir. <strong>Op. Dr. Hakan Sa\u011fer<\/strong>, menopoz tedavisi konusunda uzman bir hekimdir ve kad\u0131nlara bu s\u00fcre\u00e7te rehberlik etmektedir.<\/p>\n<h4 style=\"text-align: left;\"><span class=\"ez-toc-section\" id=\"Menopoz_Nedir\"><\/span><strong>Menopoz Nedir?<\/strong><span class=\"ez-toc-section-end\"><\/span><\/h4>\n<p style=\"text-align: justify;\">Menopoz, kad\u0131nlar\u0131n adet d\u00f6ng\u00fclerinin sona erdi\u011fi d\u00f6nemdir. Bu d\u00f6nemde \u00f6strojen ve progesteron hormonlar\u0131n\u0131n seviyesi d\u00fc\u015fer, bu da \u00e7e\u015fitli fiziksel ve duygusal de\u011fi\u015fikliklere yol a\u00e7abilir.<\/p>\n<h4 style=\"text-align: left;\"><span class=\"ez-toc-section\" id=\"Menopoz_Belirtileri\"><\/span><strong>Menopoz Belirtileri<\/strong><span class=\"ez-toc-section-end\"><\/span><\/h4>\n<p style=\"text-align: justify;\">Menopoz belirtileri ki\u015fiden ki\u015fiye de\u011fi\u015fiklik g\u00f6sterebilir, ancak yayg\u0131n olarak \u015funlar\u0131 i\u00e7erir:<\/p>\n<ul style=\"text-align: justify;\">\n<li><strong>S\u0131cak Basmalar\u0131:<\/strong> Ani s\u0131cakl\u0131k art\u0131\u015flar\u0131, genellikle menopoz d\u00f6neminin en s\u0131k rastlanan belirtisidir.<\/li>\n<li><strong>Gece Terlemeleri:<\/strong> Gece boyunca terleme, uyku kalitesini olumsuz etkileyebilir.<\/li>\n<li><strong>Menstrual Irregularities:<\/strong> Menopoz \u00f6ncesinde, adet d\u00f6ng\u00fcs\u00fcnde d\u00fczensizlikler g\u00f6r\u00fclebilir.<\/li>\n<li><strong>Duygusal De\u011fi\u015fiklikler:<\/strong> Anksiyete ve depresyon gibi duygusal de\u011fi\u015fiklikler de menopoz s\u00fcrecinde ya\u015fanabilir.<\/li>\n<\/ul>\n<h4 style=\"text-align: left;\"><span class=\"ez-toc-section\" id=\"Menopoz_Tedavi_Yontemleri\"><\/span><strong>Menopoz Tedavi Y\u00f6ntemleri<\/strong><span class=\"ez-toc-section-end\"><\/span><\/h4>\n<p style=\"text-align: justify;\">Menopoz tedavisi, belirtileri hafifletmeye y\u00f6nelik \u00e7e\u015fitli y\u00f6ntemler i\u00e7erir:<\/p>\n<ol style=\"text-align: left;\">\n<li>\n<p><strong>Hormonal Tedavi:<\/strong> \u00d6strojen ve progesteron hormonlar\u0131n\u0131n takviye edilmesi, belirtilerin azalt\u0131lmas\u0131nda etkili olabilir.<\/p>\n<\/li>\n<li>\n<p><strong>Alternatif Y\u00f6ntemler:<\/strong> Bitkisel takviyeler ve akupunktur gibi alternatif y\u00f6ntemler, baz\u0131 kad\u0131nlar i\u00e7in faydal\u0131 olabilir.<\/p>\n<\/li>\n<li>\n<p><strong>Ya\u015fam Tarz\u0131 De\u011fi\u015fiklikleri:<\/strong> D\u00fczenli egzersiz yapmak, sa\u011fl\u0131kl\u0131 beslenmek ve stres y\u00f6netimi tekniklerini uygulamak, menopoz belirtilerinin hafifletilmesine yard\u0131mc\u0131 olabilir.<\/p>\n<\/li>\n<\/ol>\n<p style=\"text-align: justify;\">Menopoz, her kad\u0131n\u0131n ya\u015fam\u0131nda do\u011fal bir s\u00fcre\u00e7tir. Ancak, belirtiler rahats\u0131z edici olabilir. <strong>Op. Dr. Hakan Sa\u011fer<\/strong>, menopoz tedavisinde profesyonel destek sunarak, kad\u0131nlar\u0131n bu d\u00f6nemi daha sa\u011fl\u0131kl\u0131 ve konforlu bir \u015fekilde ge\u00e7irmelerine yard\u0131mc\u0131 olmaktad\u0131r.<\/p>\n\n\n\t\t<\/div>\n\t\t\t\t\t<\/div>\n\n\t\n\n<\/div>","protected":false},"excerpt":{"rendered":"","protected":false},"author":1,"featured_media":0,"parent":376,"menu_order":0,"comment_status":"closed","ping_status":"closed","template":"page-blank.php","meta":{"footnotes":""},"class_list":["post-572","page","type-page","status-publish","hentry"],"_links":{"self":[{"href":"https:\/\/www.hakansager.com\/en\/wp-json\/wp\/v2\/pages\/572","targetHints":{"allow":["GET"]}}],"collection":[{"href":"https:\/\/www.hakansager.com\/en\/wp-json\/wp\/v2\/pages"}],"about":[{"href":"https:\/\/www.hakansager.com\/en\/wp-json\/wp\/v2\/types\/page"}],"author":[{"embeddable":true,"href":"https:\/\/www.hakansager.com\/en\/wp-json\/wp\/v2\/users\/1"}],"replies":[{"embeddable":true,"href":"https:\/\/www.hakansager.com\/en\/wp-json\/wp\/v2\/comments?post=572"}],"version-history":[{"count":5,"href":"https:\/\/www.hakansager.com\/en\/wp-json\/wp\/v2\/pages\/572\/revisions"}],"predecessor-version":[{"id":577,"href":"https:\/\/www.hakansager.com\/en\/wp-json\/wp\/v2\/pages\/572\/revisions\/577"}],"up":[{"embeddable":true,"href":"https:\/\/www.hakansager.com\/en\/wp-json\/wp\/v2\/pages\/376"}],"wp:attachment":[{"href":"https:\/\/www.hakansager.com\/en\/wp-json\/wp\/v2\/media?parent=572"}],"curies":[{"name":"wp","href":"https:\/\/api.w.org\/{rel}","templated":true}]}}