{"id":578,"date":"2024-11-06T14:28:44","date_gmt":"2024-11-06T11:28:44","guid":{"rendered":"https:\/\/www.hakansager.com\/?page_id=578"},"modified":"2024-11-06T14:30:36","modified_gmt":"2024-11-06T11:30:36","slug":"adet-duzensizligi","status":"publish","type":"page","link":"https:\/\/www.hakansager.com\/en\/uzmanliklar\/adet-duzensizligi\/","title":{"rendered":"Menstrual Irregularity"},"content":{"rendered":"<div id=\"page-header-413850739\" class=\"page-header-wrapper\">\n  <div class=\"page-title dark featured-title\">\n\n    \n    <div class=\"page-title-inner container align-center flex-row medium-flex-wrap\" >\n              <div class=\"title-wrapper flex-col text-left medium-text-center\">\n          <h1 class=\"entry-title mb-0\"><span class=\"ez-toc-section\" id=\"Adet_Duzensizligi\"><\/span>\n            Menstrual Irregularity          <span class=\"ez-toc-section-end\"><\/span><\/h1>\n        <\/div>\n                    <div class=\"title-content flex-col flex-right text-right medium-text-center\">\n        <div class=\"title-share pt-half pb-half\"><div class=\"social-icons share-icons share-row relative\" ><a href=\"whatsapp:\/\/send?text=Adet%20D%C3%BCzensizli%C4%9Fi - https:\/\/www.hakansager.com\/en\/uzmanliklar\/adet-duzensizligi\/\" data-action=\"share\/whatsapp\/share\" class=\"icon button circle is-outline tooltip whatsapp show-for-medium\" title=\"Share on WhatsApp\" aria-label=\"Share on WhatsApp\"><i class=\"icon-whatsapp\"><\/i><\/a><a href=\"https:\/\/www.facebook.com\/sharer.php?u=https:\/\/www.hakansager.com\/en\/uzmanliklar\/adet-duzensizligi\/\" data-label=\"Facebook\" onclick=\"window.open(this.href,this.title,'width=500,height=500,top=300px,left=300px');  return false;\" rel=\"noopener noreferrer nofollow\" target=\"_blank\" class=\"icon button circle is-outline tooltip facebook\" title=\"Share on Facebook\" aria-label=\"Share on Facebook\"><i class=\"icon-facebook\" ><\/i><\/a><a href=\"https:\/\/twitter.com\/share?url=https:\/\/www.hakansager.com\/en\/uzmanliklar\/adet-duzensizligi\/\" onclick=\"window.open(this.href,this.title,'width=500,height=500,top=300px,left=300px');  return false;\" rel=\"noopener noreferrer nofollow\" target=\"_blank\" class=\"icon button circle is-outline tooltip twitter\" title=\"Share on Twitter\" aria-label=\"Share on Twitter\"><i class=\"icon-twitter\" ><\/i><\/a><a href=\"mailto:enteryour@addresshere.com?subject=Adet%20D%C3%BCzensizli%C4%9Fi&amp;body=Check%20this%20out:%20https:\/\/www.hakansager.com\/en\/uzmanliklar\/adet-duzensizligi\/\" rel=\"nofollow\" class=\"icon button circle is-outline tooltip email\" title=\"Email to a Friend\" aria-label=\"Email to a Friend\"><i class=\"icon-envelop\" ><\/i><\/a><a href=\"https:\/\/pinterest.com\/pin\/create\/button\/?url=https:\/\/www.hakansager.com\/en\/uzmanliklar\/adet-duzensizligi\/&amp;media=&amp;description=Adet%20D%C3%BCzensizli%C4%9Fi\" onclick=\"window.open(this.href,this.title,'width=500,height=500,top=300px,left=300px');  return false;\" rel=\"noopener noreferrer nofollow\" target=\"_blank\" class=\"icon button circle is-outline tooltip pinterest\" title=\"Pin on Pinterest\" aria-label=\"Pin on Pinterest\"><i class=\"icon-pinterest\" ><\/i><\/a><a href=\"https:\/\/www.linkedin.com\/shareArticle?mini=true&url=https:\/\/www.hakansager.com\/en\/uzmanliklar\/adet-duzensizligi\/&title=Adet%20D%C3%BCzensizli%C4%9Fi\" onclick=\"window.open(this.href,this.title,'width=500,height=500,top=300px,left=300px');  return false;\"  rel=\"noopener noreferrer nofollow\" target=\"_blank\" class=\"icon button circle is-outline tooltip linkedin\" title=\"Share on LinkedIn\" aria-label=\"Share on LinkedIn\"><i class=\"icon-linkedin\" ><\/i><\/a><\/div><\/div>      <\/div>\n    <\/div>\n\n       <\/div>\n    <\/div>\n  \n\n\t<div id=\"gap-1929294113\" class=\"gap-element clearfix\" style=\"display:block; height:auto;\">\n\t\t\n<style>\n#gap-1929294113 {\n  padding-top: 30px;\n}\n<\/style>\n\t<\/div>\n\t\n\n<div class=\"row\"  id=\"row-2142579146\">\n\n\n\t<div id=\"col-1602728200\" class=\"col small-12 large-12\"  >\n\t\t\t\t<div class=\"col-inner\"  >\n\t\t\t\n\t\t\t\n\n<h3><div id=\"ez-toc-container\" class=\"ez-toc-v2_0_76 ez-toc-wrap-left counter-hierarchy ez-toc-counter ez-toc-grey ez-toc-container-direction\">\n<div class=\"ez-toc-title-container\">\n<span class=\"ez-toc-title-toggle\"><a href=\"#\" class=\"ez-toc-pull-right ez-toc-btn ez-toc-btn-xs ez-toc-btn-default ez-toc-toggle\" aria-label=\"Toggle Table of Content\"><span class=\"ez-toc-js-icon-con\"><span class=\"\"><span class=\"eztoc-hide\" style=\"display:none;\">Toggle<\/span><span class=\"ez-toc-icon-toggle-span\"><svg style=\"fill: #999;color:#999\" xmlns=\"http:\/\/www.w3.org\/2000\/svg\" class=\"list-377408\" width=\"20px\" height=\"20px\" viewbox=\"0 0 24 24\" fill=\"none\"><path d=\"M6 6H4v2h2V6zm14 0H8v2h12V6zM4 11h2v2H4v-2zm16 0H8v2h12v-2zM4 16h2v2H4v-2zm16 0H8v2h12v-2z\" fill=\"currentColor\"><\/path><\/svg><svg style=\"fill: #999;color:#999\" class=\"arrow-unsorted-368013\" xmlns=\"http:\/\/www.w3.org\/2000\/svg\" width=\"10px\" height=\"10px\" viewbox=\"0 0 24 24\" version=\"1.2\" baseprofile=\"tiny\"><path d=\"M18.2 9.3l-6.2-6.3-6.2 6.3c-.2.2-.3.4-.3.7s.1.5.3.7c.2.2.4.3.7.3h11c.3 0 .5-.1.7-.3.2-.2.3-.5.3-.7s-.1-.5-.3-.7zM5.8 14.7l6.2 6.3 6.2-6.3c.2-.2.3-.5.3-.7s-.1-.5-.3-.7c-.2-.2-.4-.3-.7-.3h-11c-.3 0-.5.1-.7.3-.2.2-.3.5-.3.7s.1.5.3.7z\"\/><\/svg><\/span><\/span><\/span><\/a><\/span><\/div>\n<nav><ul class='ez-toc-list ez-toc-list-level-1' ><li class='ez-toc-page-1 ez-toc-heading-level-1'><a class=\"ez-toc-link ez-toc-heading-1\" href=\"https:\/\/www.hakansager.com\/en\/uzmanliklar\/adet-duzensizligi\/#Adet_Duzensizligi\" >Menstrual Irregularity<\/a><ul class='ez-toc-list-level-3' ><li class='ez-toc-heading-level-3'><ul class='ez-toc-list-level-3' ><li class='ez-toc-heading-level-3'><a class=\"ez-toc-link ez-toc-heading-2\" href=\"https:\/\/www.hakansager.com\/en\/uzmanliklar\/adet-duzensizligi\/#Adet_Duzensizligi_Nedenleri_Belirtileri_ve_Tedavi_Yontemleri\" >Adet D\u00fczensizli\u011fi: Nedenleri, Belirtileri ve Tedavi Y\u00f6ntemleri<\/a><ul class='ez-toc-list-level-4' ><li class='ez-toc-heading-level-4'><a class=\"ez-toc-link ez-toc-heading-3\" href=\"https:\/\/www.hakansager.com\/en\/uzmanliklar\/adet-duzensizligi\/#Adet_Duzensizligi_Nedir\" >Adet D\u00fczensizli\u011fi Nedir?<\/a><\/li><li class='ez-toc-page-1 ez-toc-heading-level-4'><a class=\"ez-toc-link ez-toc-heading-4\" href=\"https:\/\/www.hakansager.com\/en\/uzmanliklar\/adet-duzensizligi\/#Adet_Duzensizliginin_Nedenleri\" >Adet D\u00fczensizli\u011finin Nedenleri<\/a><\/li><li class='ez-toc-page-1 ez-toc-heading-level-4'><a class=\"ez-toc-link ez-toc-heading-5\" href=\"https:\/\/www.hakansager.com\/en\/uzmanliklar\/adet-duzensizligi\/#Adet_Duzensizliginin_Belirtileri\" >Adet D\u00fczensizli\u011finin Belirtileri<\/a><\/li><li class='ez-toc-page-1 ez-toc-heading-level-4'><a class=\"ez-toc-link ez-toc-heading-6\" href=\"https:\/\/www.hakansager.com\/en\/uzmanliklar\/adet-duzensizligi\/#Adet_Duzensizligi_Tedavi_Yontemleri\" >Adet D\u00fczensizli\u011fi Tedavi Y\u00f6ntemleri<\/a><\/li><\/ul><\/li><\/ul><\/li><\/ul><\/li><\/ul><\/nav><\/div>\n<\/h3>\n<h3 style=\"text-align: left;\"><span class=\"ez-toc-section\" id=\"Adet_Duzensizligi_Nedenleri_Belirtileri_ve_Tedavi_Yontemleri\"><\/span><strong>Adet D\u00fczensizli\u011fi: Nedenleri, Belirtileri ve Tedavi Y\u00f6ntemleri<\/strong><span class=\"ez-toc-section-end\"><\/span><\/h3>\n<p style=\"text-align: justify;\">Adet d\u00fczensizli\u011fi, bir\u00e7ok kad\u0131n\u0131n ya\u015fam\u0131nda kar\u015f\u0131la\u015fabilece\u011fi yayg\u0131n bir sorundur. Normal adet d\u00f6ng\u00fcs\u00fc, genellikle 21 ila 35 g\u00fcn aras\u0131nda de\u011fi\u015fir. Ancak baz\u0131 kad\u0131nlar, bu d\u00f6ng\u00fcde bozulmalar ya\u015fayabilirler. <strong>Op. Dr. Hakan Sa\u011fer<\/strong>, adet d\u00fczensizli\u011fi konusunda uzmanla\u015fm\u0131\u015f bir hekimdir ve kad\u0131nlara bu s\u00fcre\u00e7te rehberlik etmektedir.<\/p>\n<h4 style=\"text-align: left;\"><span class=\"ez-toc-section\" id=\"Adet_Duzensizligi_Nedir\"><\/span><strong>Adet D\u00fczensizli\u011fi Nedir?<\/strong><span class=\"ez-toc-section-end\"><\/span><\/h4>\n<p style=\"text-align: justify;\">Adet d\u00fczensizli\u011fi, adet d\u00f6ng\u00fcs\u00fcn\u00fcn normal ak\u0131\u015f\u0131nda ya\u015fanan bozulmalard\u0131r. Bu durum, adetlerin \u00e7ok s\u0131k, \u00e7ok seyrek, uzun ya da k\u0131sa s\u00fcrmesi \u015feklinde ortaya \u00e7\u0131kabilir.<\/p>\n<h4 style=\"text-align: left;\"><span class=\"ez-toc-section\" id=\"Adet_Duzensizliginin_Nedenleri\"><\/span><strong>Adet D\u00fczensizli\u011finin Nedenleri<\/strong><span class=\"ez-toc-section-end\"><\/span><\/h4>\n<p style=\"text-align: justify;\">Adet d\u00fczensizli\u011finin ba\u015fl\u0131ca nedenleri aras\u0131nda \u015funlar bulunmaktad\u0131r:<\/p>\n<ul style=\"text-align: justify;\">\n<li><strong>Hormonal Dengesizlikler:<\/strong> \u00d6zellikle tiroid hormonlar\u0131 ve hipofiz bezi kaynakl\u0131 problemler adet d\u00f6ng\u00fcs\u00fcn\u00fc etkileyebilir.<\/li>\n<li><strong>Stres:<\/strong> Psikolojik fakt\u00f6rler, adet d\u00fczensizliklerinin yayg\u0131n nedenlerindendir. Yo\u011fun stres, hormon seviyelerini de\u011fi\u015ftirebilir.<\/li>\n<li><strong>Polikistik Over Sendromu (PCOS):<\/strong> Bu durum, adet d\u00fczensizliklerine yol a\u00e7an yayg\u0131n bir hormonal bozukluktur.<\/li>\n<li><strong>A\u015f\u0131r\u0131 Egzersiz ve Kilo De\u011fi\u015fiklikleri:<\/strong> Ani kilo kayb\u0131 veya a\u015f\u0131r\u0131 egzersiz, adet d\u00f6ng\u00fcs\u00fcn\u00fc etkileyebilir.<\/li>\n<\/ul>\n<h4 style=\"text-align: left;\"><span class=\"ez-toc-section\" id=\"Adet_Duzensizliginin_Belirtileri\"><\/span><strong>Adet D\u00fczensizli\u011finin Belirtileri<\/strong><span class=\"ez-toc-section-end\"><\/span><\/h4>\n<p style=\"text-align: justify;\">Adet d\u00fczensizli\u011finin belirtileri genellikle \u015funlard\u0131r:<\/p>\n<ul style=\"text-align: justify;\">\n<li>Adetlerin s\u0131kl\u0131\u011f\u0131nda de\u011fi\u015fiklikler<\/li>\n<li>Adet s\u00fcresinin uzamas\u0131 veya k\u0131salmas\u0131<\/li>\n<li>A\u011fr\u0131l\u0131 adet d\u00f6nemleri<\/li>\n<li>Beklenmeyen kanamalar<\/li>\n<\/ul>\n<h4 style=\"text-align: left;\"><span class=\"ez-toc-section\" id=\"Adet_Duzensizligi_Tedavi_Yontemleri\"><\/span><strong>Adet D\u00fczensizli\u011fi Tedavi Y\u00f6ntemleri<\/strong><span class=\"ez-toc-section-end\"><\/span><\/h4>\n<p style=\"text-align: justify;\">Adet d\u00fczensizli\u011fi tedavisi, altta yatan nedene ba\u011fl\u0131 olarak de\u011fi\u015fir:<\/p>\n<ol style=\"text-align: left;\">\n<li>\n<p><strong>Hormonal Tedavi:<\/strong> Hormonal dengesizlikler s\u00f6z konusuysa, doktor hormonal tedavi \u00f6nerebilir.<\/p>\n<\/li>\n<li>\n<p><strong>Ya\u015fam Tarz\u0131 De\u011fi\u015fiklikleri:<\/strong> Stres y\u00f6netimi, sa\u011fl\u0131kl\u0131 beslenme ve d\u00fczenli egzersiz, adet d\u00fczenini sa\u011flamak i\u00e7in \u00f6nemlidir.<\/p>\n<\/li>\n<li>\n<p><strong>Medikal M\u00fcdahale:<\/strong> Polikistik over sendromu veya di\u011fer sa\u011fl\u0131k sorunlar\u0131 i\u00e7in \u00f6zel tedavi y\u00f6ntemleri uygulanabilir.<\/p>\n<\/li>\n<\/ol>\n<p style=\"text-align: justify;\">Adet d\u00fczensizli\u011fi, dikkate al\u0131nmas\u0131 gereken bir sorundur. <strong>Op. Dr. Hakan Sa\u011fer<\/strong>, bu konuda kad\u0131nlara yard\u0131mc\u0131 olmakta ve sa\u011fl\u0131kl\u0131 bir adet d\u00f6ng\u00fcs\u00fcn\u00fc destekleyen tedavi y\u00f6ntemleri sunmaktad\u0131r.<\/p>\n\n\n\t\t<\/div>\n\t\t\t\t\t<\/div>\n\n\t\n\n<\/div>","protected":false},"excerpt":{"rendered":"","protected":false},"author":1,"featured_media":0,"parent":376,"menu_order":0,"comment_status":"closed","ping_status":"closed","template":"page-blank.php","meta":{"footnotes":""},"class_list":["post-578","page","type-page","status-publish","hentry"],"_links":{"self":[{"href":"https:\/\/www.hakansager.com\/en\/wp-json\/wp\/v2\/pages\/578","targetHints":{"allow":["GET"]}}],"collection":[{"href":"https:\/\/www.hakansager.com\/en\/wp-json\/wp\/v2\/pages"}],"about":[{"href":"https:\/\/www.hakansager.com\/en\/wp-json\/wp\/v2\/types\/page"}],"author":[{"embeddable":true,"href":"https:\/\/www.hakansager.com\/en\/wp-json\/wp\/v2\/users\/1"}],"replies":[{"embeddable":true,"href":"https:\/\/www.hakansager.com\/en\/wp-json\/wp\/v2\/comments?post=578"}],"version-history":[{"count":6,"href":"https:\/\/www.hakansager.com\/en\/wp-json\/wp\/v2\/pages\/578\/revisions"}],"predecessor-version":[{"id":584,"href":"https:\/\/www.hakansager.com\/en\/wp-json\/wp\/v2\/pages\/578\/revisions\/584"}],"up":[{"embeddable":true,"href":"https:\/\/www.hakansager.com\/en\/wp-json\/wp\/v2\/pages\/376"}],"wp:attachment":[{"href":"https:\/\/www.hakansager.com\/en\/wp-json\/wp\/v2\/media?parent=578"}],"curies":[{"name":"wp","href":"https:\/\/api.w.org\/{rel}","templated":true}]}}