{"id":601,"date":"2024-11-06T14:36:37","date_gmt":"2024-11-06T11:36:37","guid":{"rendered":"https:\/\/www.hakansager.com\/?page_id=601"},"modified":"2024-11-06T14:38:35","modified_gmt":"2024-11-06T11:38:35","slug":"kisirlik-tedavisi","status":"publish","type":"page","link":"https:\/\/www.hakansager.com\/en\/uzmanliklar\/kisirlik-tedavisi\/","title":{"rendered":"Infertility Treatment"},"content":{"rendered":"<div id=\"page-header-1925073504\" class=\"page-header-wrapper\">\n  <div class=\"page-title dark featured-title\">\n\n    \n    <div class=\"page-title-inner container align-center flex-row medium-flex-wrap\" >\n              <div class=\"title-wrapper flex-col text-left medium-text-center\">\n          <h1 class=\"entry-title mb-0\"><span class=\"ez-toc-section\" id=\"Kisirlik_Tedavisi\"><\/span>\n            Infertility Treatment          <span class=\"ez-toc-section-end\"><\/span><\/h1>\n        <\/div>\n                    <div class=\"title-content flex-col flex-right text-right medium-text-center\">\n        <div class=\"title-share pt-half pb-half\"><div class=\"social-icons share-icons share-row relative\" ><a href=\"whatsapp:\/\/send?text=K%C4%B1s%C4%B1rl%C4%B1k%20Tedavisi - https:\/\/www.hakansager.com\/en\/uzmanliklar\/kisirlik-tedavisi\/\" data-action=\"share\/whatsapp\/share\" class=\"icon button circle is-outline tooltip whatsapp show-for-medium\" title=\"Share on WhatsApp\" aria-label=\"Share on WhatsApp\"><i class=\"icon-whatsapp\"><\/i><\/a><a href=\"https:\/\/www.facebook.com\/sharer.php?u=https:\/\/www.hakansager.com\/en\/uzmanliklar\/kisirlik-tedavisi\/\" data-label=\"Facebook\" onclick=\"window.open(this.href,this.title,'width=500,height=500,top=300px,left=300px');  return false;\" rel=\"noopener noreferrer nofollow\" target=\"_blank\" class=\"icon button circle is-outline tooltip facebook\" title=\"Share on Facebook\" aria-label=\"Share on Facebook\"><i class=\"icon-facebook\" ><\/i><\/a><a href=\"https:\/\/twitter.com\/share?url=https:\/\/www.hakansager.com\/en\/uzmanliklar\/kisirlik-tedavisi\/\" onclick=\"window.open(this.href,this.title,'width=500,height=500,top=300px,left=300px');  return false;\" rel=\"noopener noreferrer nofollow\" target=\"_blank\" class=\"icon button circle is-outline tooltip twitter\" title=\"Share on Twitter\" aria-label=\"Share on Twitter\"><i class=\"icon-twitter\" ><\/i><\/a><a href=\"mailto:enteryour@addresshere.com?subject=K%C4%B1s%C4%B1rl%C4%B1k%20Tedavisi&amp;body=Check%20this%20out:%20https:\/\/www.hakansager.com\/en\/uzmanliklar\/kisirlik-tedavisi\/\" rel=\"nofollow\" class=\"icon button circle is-outline tooltip email\" title=\"Email to a Friend\" aria-label=\"Email to a Friend\"><i class=\"icon-envelop\" ><\/i><\/a><a href=\"https:\/\/pinterest.com\/pin\/create\/button\/?url=https:\/\/www.hakansager.com\/en\/uzmanliklar\/kisirlik-tedavisi\/&amp;media=&amp;description=K%C4%B1s%C4%B1rl%C4%B1k%20Tedavisi\" onclick=\"window.open(this.href,this.title,'width=500,height=500,top=300px,left=300px');  return false;\" rel=\"noopener noreferrer nofollow\" target=\"_blank\" class=\"icon button circle is-outline tooltip pinterest\" title=\"Pin on Pinterest\" aria-label=\"Pin on Pinterest\"><i class=\"icon-pinterest\" ><\/i><\/a><a href=\"https:\/\/www.linkedin.com\/shareArticle?mini=true&url=https:\/\/www.hakansager.com\/en\/uzmanliklar\/kisirlik-tedavisi\/&title=K%C4%B1s%C4%B1rl%C4%B1k%20Tedavisi\" onclick=\"window.open(this.href,this.title,'width=500,height=500,top=300px,left=300px');  return false;\"  rel=\"noopener noreferrer nofollow\" target=\"_blank\" class=\"icon button circle is-outline tooltip linkedin\" title=\"Share on LinkedIn\" aria-label=\"Share on LinkedIn\"><i class=\"icon-linkedin\" ><\/i><\/a><\/div><\/div>      <\/div>\n    <\/div>\n\n       <\/div>\n    <\/div>\n  \n\n\t<div id=\"gap-467010701\" class=\"gap-element clearfix\" style=\"display:block; height:auto;\">\n\t\t\n<style>\n#gap-467010701 {\n  padding-top: 30px;\n}\n<\/style>\n\t<\/div>\n\t\n\n<div class=\"row\"  id=\"row-1505858860\">\n\n\n\t<div id=\"col-894736344\" class=\"col small-12 large-12\"  >\n\t\t\t\t<div class=\"col-inner\"  >\n\t\t\t\n\t\t\t\n\n<h3><div id=\"ez-toc-container\" class=\"ez-toc-v2_0_76 ez-toc-wrap-left counter-hierarchy ez-toc-counter ez-toc-grey ez-toc-container-direction\">\n<div class=\"ez-toc-title-container\">\n<span class=\"ez-toc-title-toggle\"><a href=\"#\" class=\"ez-toc-pull-right ez-toc-btn ez-toc-btn-xs ez-toc-btn-default ez-toc-toggle\" aria-label=\"Toggle Table of Content\"><span class=\"ez-toc-js-icon-con\"><span class=\"\"><span class=\"eztoc-hide\" style=\"display:none;\">Toggle<\/span><span class=\"ez-toc-icon-toggle-span\"><svg style=\"fill: #999;color:#999\" xmlns=\"http:\/\/www.w3.org\/2000\/svg\" class=\"list-377408\" width=\"20px\" height=\"20px\" viewbox=\"0 0 24 24\" fill=\"none\"><path d=\"M6 6H4v2h2V6zm14 0H8v2h12V6zM4 11h2v2H4v-2zm16 0H8v2h12v-2zM4 16h2v2H4v-2zm16 0H8v2h12v-2z\" fill=\"currentColor\"><\/path><\/svg><svg style=\"fill: #999;color:#999\" class=\"arrow-unsorted-368013\" xmlns=\"http:\/\/www.w3.org\/2000\/svg\" width=\"10px\" height=\"10px\" viewbox=\"0 0 24 24\" version=\"1.2\" baseprofile=\"tiny\"><path d=\"M18.2 9.3l-6.2-6.3-6.2 6.3c-.2.2-.3.4-.3.7s.1.5.3.7c.2.2.4.3.7.3h11c.3 0 .5-.1.7-.3.2-.2.3-.5.3-.7s-.1-.5-.3-.7zM5.8 14.7l6.2 6.3 6.2-6.3c.2-.2.3-.5.3-.7s-.1-.5-.3-.7c-.2-.2-.4-.3-.7-.3h-11c-.3 0-.5.1-.7.3-.2.2-.3.5-.3.7s.1.5.3.7z\"\/><\/svg><\/span><\/span><\/span><\/a><\/span><\/div>\n<nav><ul class='ez-toc-list ez-toc-list-level-1' ><li class='ez-toc-page-1 ez-toc-heading-level-1'><a class=\"ez-toc-link ez-toc-heading-1\" href=\"https:\/\/www.hakansager.com\/en\/uzmanliklar\/kisirlik-tedavisi\/#Kisirlik_Tedavisi\" >Infertility Treatment<\/a><ul class='ez-toc-list-level-3' ><li class='ez-toc-heading-level-3'><ul class='ez-toc-list-level-3' ><li class='ez-toc-heading-level-3'><a class=\"ez-toc-link ez-toc-heading-2\" href=\"https:\/\/www.hakansager.com\/en\/uzmanliklar\/kisirlik-tedavisi\/#Kisirlik_Tedavisi_Nedenler_Belirtiler_ve_Tedavi_Secenekleri\" >K\u0131s\u0131rl\u0131k Tedavisi: Nedenler, Belirtiler ve Tedavi Se\u00e7enekleri<\/a><ul class='ez-toc-list-level-4' ><li class='ez-toc-heading-level-4'><a class=\"ez-toc-link ez-toc-heading-3\" href=\"https:\/\/www.hakansager.com\/en\/uzmanliklar\/kisirlik-tedavisi\/#Kisirligin_Nedenleri\" >K\u0131s\u0131rl\u0131\u011f\u0131n Nedenleri<\/a><\/li><li class='ez-toc-page-1 ez-toc-heading-level-4'><a class=\"ez-toc-link ez-toc-heading-4\" href=\"https:\/\/www.hakansager.com\/en\/uzmanliklar\/kisirlik-tedavisi\/#Kisirligin_Belirtileri\" >K\u0131s\u0131rl\u0131\u011f\u0131n Belirtileri<\/a><\/li><li class='ez-toc-page-1 ez-toc-heading-level-4'><a class=\"ez-toc-link ez-toc-heading-5\" href=\"https:\/\/www.hakansager.com\/en\/uzmanliklar\/kisirlik-tedavisi\/#Kisirlik_Tedavi_Yontemleri\" >K\u0131s\u0131rl\u0131k Tedavi Y\u00f6ntemleri<\/a><\/li><\/ul><\/li><\/ul><\/li><\/ul><\/li><\/ul><\/nav><\/div>\n<\/h3>\n<h3 style=\"text-align: left;\"><span class=\"ez-toc-section\" id=\"Kisirlik_Tedavisi_Nedenler_Belirtiler_ve_Tedavi_Secenekleri\"><\/span><strong>K\u0131s\u0131rl\u0131k Tedavisi: Nedenler, Belirtiler ve Tedavi Se\u00e7enekleri<\/strong><span class=\"ez-toc-section-end\"><\/span><\/h3>\n<p style=\"text-align: justify;\">K\u0131s\u0131rl\u0131k, bir \u00e7iftin 12 ay boyunca d\u00fczenli cinsel ili\u015fkiye ra\u011fmen gebelik elde edememesi durumudur. Bu sorun, hem erkek hem de kad\u0131n kaynakl\u0131 olabilece\u011fi gibi, \u00e7o\u011fu zaman her iki taraf\u0131n da etkisiyle ortaya \u00e7\u0131kabilir. <strong>Op. Dr. Hakan Sa\u011fer<\/strong>, k\u0131s\u0131rl\u0131k tedavisinde uzmanla\u015fm\u0131\u015f bir hekim olarak, \u00e7iftlere kapsaml\u0131 bir de\u011ferlendirme ve tedavi s\u00fcreci sunmaktad\u0131r.<\/p>\n<h4 style=\"text-align: left;\"><span class=\"ez-toc-section\" id=\"Kisirligin_Nedenleri\"><\/span><strong>K\u0131s\u0131rl\u0131\u011f\u0131n Nedenleri<\/strong><span class=\"ez-toc-section-end\"><\/span><\/h4>\n<p style=\"text-align: justify;\">K\u0131s\u0131rl\u0131\u011f\u0131n bir\u00e7ok farkl\u0131 nedeni olabilir. \u0130\u015fte en yayg\u0131n nedenler:<\/p>\n<ul style=\"text-align: justify;\">\n<li>\n<p><strong>Kad\u0131n Kaynakl\u0131 Nedenler:<\/strong><\/p>\n<ul>\n<li>Yumurtlama bozukluklar\u0131 (\u00f6rne\u011fin, Polikistik Over Sendromu)<\/li>\n<li>Fallop t\u00fcplerinin t\u0131kanmas\u0131<\/li>\n<li>Rahim yap\u0131s\u0131ndaki anormallikler<\/li>\n<li>Endometriozis<\/li>\n<\/ul>\n<\/li>\n<li>\n<p><strong>Erkek Kaynakl\u0131 Nedenler:<\/strong><\/p>\n<ul>\n<li>Sperm say\u0131s\u0131nda azalma<\/li>\n<li>Sperm kalitesinde d\u00fc\u015f\u00fc\u015f<\/li>\n<li>Cinsel i\u015flev bozukluklar\u0131<\/li>\n<\/ul>\n<\/li>\n<li>\n<p><strong>Di\u011fer Fakt\u00f6rler:<\/strong><\/p>\n<ul>\n<li>Ya\u015f fakt\u00f6r\u00fc<\/li>\n<li>Hormonal dengesizlikler<\/li>\n<li>\u00c7evresel etmenler ve ya\u015fam tarz\u0131<\/li>\n<\/ul>\n<\/li>\n<\/ul>\n<h4 style=\"text-align: left;\"><span class=\"ez-toc-section\" id=\"Kisirligin_Belirtileri\"><\/span><strong>K\u0131s\u0131rl\u0131\u011f\u0131n Belirtileri<\/strong><span class=\"ez-toc-section-end\"><\/span><\/h4>\n<p style=\"text-align: justify;\">K\u0131s\u0131rl\u0131k, \u00e7o\u011fu zaman belirti vermeden ortaya \u00e7\u0131kabilir. Ancak, a\u015fa\u011f\u0131daki durumlar \u00e7iftlerin k\u0131s\u0131rl\u0131k sorunuyla kar\u015f\u0131la\u015fabilece\u011fine i\u015faret edebilir:<\/p>\n<p style=\"text-align: justify;\">\n<li>Gebelik elde edememe durumu<\/li>\n<li>Adet d\u00fczensizlikleri veya yumurtlama problemleri<\/li>\n<li>Cinsel i\u015flev bozukluklar\u0131<\/li>\n<\/ul>\n<h4 style=\"text-align: left;\"><span class=\"ez-toc-section\" id=\"Kisirlik_Tedavi_Yontemleri\"><\/span><strong>K\u0131s\u0131rl\u0131k Tedavi Y\u00f6ntemleri<\/strong><span class=\"ez-toc-section-end\"><\/span><\/h4>\n<p style=\"text-align: justify;\">K\u0131s\u0131rl\u0131k tedavisi, nedenlere ve \u00e7iftin bireysel ihtiya\u00e7lar\u0131na g\u00f6re de\u011fi\u015fiklik g\u00f6sterir. Yayg\u0131n tedavi y\u00f6ntemleri \u015funlard\u0131r:<\/p>\n<ol style=\"text-align: justify;\">\n<li>\n<p><strong>Medication Treatment:<\/strong> Yumurtlama d\u00fczenini sa\u011flamak i\u00e7in hormonal ila\u00e7lar re\u00e7ete edilebilir.<\/p>\n<\/li>\n<li>\n<p><strong>Surgical Intervention:<\/strong> T\u0131kanm\u0131\u015f fallop t\u00fcplerinin a\u00e7\u0131lmas\u0131 veya di\u011fer yap\u0131sal sorunlar\u0131n d\u00fczeltilmesi amac\u0131yla cerrahi m\u00fcdahaleler yap\u0131labilir.<\/p>\n<\/li>\n<li>\n<p><strong>Yard\u0131mc\u0131 \u00dcreme Teknikleri:<\/strong> \u0130ntrauterin inseminasyon (IUI) veya in vitro fertilizasyon (IVF) gibi y\u00f6ntemler, gebelik \u015fans\u0131n\u0131 art\u0131rabilir.<\/p>\n<\/li>\n<li>\n<p><strong>Ya\u015fam Tarz\u0131 De\u011fi\u015fiklikleri:<\/strong> Sa\u011fl\u0131kl\u0131 beslenme, d\u00fczenli egzersiz ve stres y\u00f6netimi, genel sa\u011fl\u0131\u011f\u0131 iyile\u015ftirerek k\u0131s\u0131rl\u0131k tedavisinde yard\u0131mc\u0131 olabilir.<\/p>\n<\/li>\n<\/ol>\n<p style=\"text-align: justify;\">K\u0131s\u0131rl\u0131k, bir\u00e7ok \u00e7ift i\u00e7in zorlay\u0131c\u0131 bir s\u00fcre\u00e7tir ancak uygun tedavi y\u00f6ntemleri ile y\u00f6netilebilir. <strong>Op. Dr. Hakan Sa\u011fer<\/strong>, k\u0131s\u0131rl\u0131k tedavisinde ki\u015fiye \u00f6zel yakla\u015f\u0131mlar\u0131yla \u00e7iftlere yard\u0131mc\u0131 olmakta ve sa\u011fl\u0131kl\u0131 bir gebelik s\u00fcreci ge\u00e7irmelerini sa\u011flamaktad\u0131r.<\/p>\n\n\n\t\t<\/div>\n\t\t\t\t\t<\/div>\n\n\t\n\n<\/div>","protected":false},"excerpt":{"rendered":"","protected":false},"author":1,"featured_media":0,"parent":376,"menu_order":0,"comment_status":"closed","ping_status":"closed","template":"page-blank.php","meta":{"footnotes":""},"class_list":["post-601","page","type-page","status-publish","hentry"],"_links":{"self":[{"href":"https:\/\/www.hakansager.com\/en\/wp-json\/wp\/v2\/pages\/601","targetHints":{"allow":["GET"]}}],"collection":[{"href":"https:\/\/www.hakansager.com\/en\/wp-json\/wp\/v2\/pages"}],"about":[{"href":"https:\/\/www.hakansager.com\/en\/wp-json\/wp\/v2\/types\/page"}],"author":[{"embeddable":true,"href":"https:\/\/www.hakansager.com\/en\/wp-json\/wp\/v2\/users\/1"}],"replies":[{"embeddable":true,"href":"https:\/\/www.hakansager.com\/en\/wp-json\/wp\/v2\/comments?post=601"}],"version-history":[{"count":7,"href":"https:\/\/www.hakansager.com\/en\/wp-json\/wp\/v2\/pages\/601\/revisions"}],"predecessor-version":[{"id":608,"href":"https:\/\/www.hakansager.com\/en\/wp-json\/wp\/v2\/pages\/601\/revisions\/608"}],"up":[{"embeddable":true,"href":"https:\/\/www.hakansager.com\/en\/wp-json\/wp\/v2\/pages\/376"}],"wp:attachment":[{"href":"https:\/\/www.hakansager.com\/en\/wp-json\/wp\/v2\/media?parent=601"}],"curies":[{"name":"wp","href":"https:\/\/api.w.org\/{rel}","templated":true}]}}