{"id":609,"date":"2024-11-06T14:51:48","date_gmt":"2024-11-06T11:51:48","guid":{"rendered":"https:\/\/www.hakansager.com\/?page_id=609"},"modified":"2024-11-06T14:54:19","modified_gmt":"2024-11-06T11:54:19","slug":"idrar-kacirma-tedavisi-2","status":"publish","type":"page","link":"https:\/\/www.hakansager.com\/en\/uzmanliklar\/idrar-kacirma-tedavisi-2\/","title":{"rendered":"Urinary Incontinence Treatment"},"content":{"rendered":"<div id=\"page-header-1274565192\" class=\"page-header-wrapper\">\n  <div class=\"page-title dark featured-title\">\n\n    \n    <div class=\"page-title-inner container align-center flex-row medium-flex-wrap\" >\n              <div class=\"title-wrapper flex-col text-left medium-text-center\">\n          <h1 class=\"entry-title mb-0\"><span class=\"ez-toc-section\" id=\"Idrar_Kacirma_Tedavisi\"><\/span>\n            Urinary Incontinence Treatment          <span class=\"ez-toc-section-end\"><\/span><\/h1>\n        <\/div>\n                    <div class=\"title-content flex-col flex-right text-right medium-text-center\">\n        <div class=\"title-share pt-half pb-half\"><div class=\"social-icons share-icons share-row relative\" ><a href=\"whatsapp:\/\/send?text=%C4%B0drar%20Ka%C3%A7%C4%B1rma%20Tedavisi - https:\/\/www.hakansager.com\/en\/uzmanliklar\/idrar-kacirma-tedavisi-2\/\" data-action=\"share\/whatsapp\/share\" class=\"icon button circle is-outline tooltip whatsapp show-for-medium\" title=\"Share on WhatsApp\" aria-label=\"Share on WhatsApp\"><i class=\"icon-whatsapp\"><\/i><\/a><a href=\"https:\/\/www.facebook.com\/sharer.php?u=https:\/\/www.hakansager.com\/en\/uzmanliklar\/idrar-kacirma-tedavisi-2\/\" data-label=\"Facebook\" onclick=\"window.open(this.href,this.title,'width=500,height=500,top=300px,left=300px');  return false;\" rel=\"noopener noreferrer nofollow\" target=\"_blank\" class=\"icon button circle is-outline tooltip facebook\" title=\"Share on Facebook\" aria-label=\"Share on Facebook\"><i class=\"icon-facebook\" ><\/i><\/a><a href=\"https:\/\/twitter.com\/share?url=https:\/\/www.hakansager.com\/en\/uzmanliklar\/idrar-kacirma-tedavisi-2\/\" onclick=\"window.open(this.href,this.title,'width=500,height=500,top=300px,left=300px');  return false;\" rel=\"noopener noreferrer nofollow\" target=\"_blank\" class=\"icon button circle is-outline tooltip twitter\" title=\"Share on Twitter\" aria-label=\"Share on Twitter\"><i class=\"icon-twitter\" ><\/i><\/a><a href=\"mailto:enteryour@addresshere.com?subject=%C4%B0drar%20Ka%C3%A7%C4%B1rma%20Tedavisi&amp;body=Check%20this%20out:%20https:\/\/www.hakansager.com\/en\/uzmanliklar\/idrar-kacirma-tedavisi-2\/\" rel=\"nofollow\" class=\"icon button circle is-outline tooltip email\" title=\"Email to a Friend\" aria-label=\"Email to a Friend\"><i class=\"icon-envelop\" ><\/i><\/a><a href=\"https:\/\/pinterest.com\/pin\/create\/button\/?url=https:\/\/www.hakansager.com\/en\/uzmanliklar\/idrar-kacirma-tedavisi-2\/&amp;media=&amp;description=%C4%B0drar%20Ka%C3%A7%C4%B1rma%20Tedavisi\" onclick=\"window.open(this.href,this.title,'width=500,height=500,top=300px,left=300px');  return false;\" rel=\"noopener noreferrer nofollow\" target=\"_blank\" class=\"icon button circle is-outline tooltip pinterest\" title=\"Pin on Pinterest\" aria-label=\"Pin on Pinterest\"><i class=\"icon-pinterest\" ><\/i><\/a><a href=\"https:\/\/www.linkedin.com\/shareArticle?mini=true&url=https:\/\/www.hakansager.com\/en\/uzmanliklar\/idrar-kacirma-tedavisi-2\/&title=%C4%B0drar%20Ka%C3%A7%C4%B1rma%20Tedavisi\" onclick=\"window.open(this.href,this.title,'width=500,height=500,top=300px,left=300px');  return false;\"  rel=\"noopener noreferrer nofollow\" target=\"_blank\" class=\"icon button circle is-outline tooltip linkedin\" title=\"Share on LinkedIn\" aria-label=\"Share on LinkedIn\"><i class=\"icon-linkedin\" ><\/i><\/a><\/div><\/div>      <\/div>\n    <\/div>\n\n       <\/div>\n    <\/div>\n  \n\n\t<div id=\"gap-859324686\" class=\"gap-element clearfix\" style=\"display:block; height:auto;\">\n\t\t\n<style>\n#gap-859324686 {\n  padding-top: 30px;\n}\n<\/style>\n\t<\/div>\n\t\n\n<div class=\"row\"  id=\"row-1763429114\">\n\n\n\t<div id=\"col-2025760129\" class=\"col small-12 large-12\"  >\n\t\t\t\t<div class=\"col-inner\"  >\n\t\t\t\n\t\t\t\n\n<h3><div id=\"ez-toc-container\" class=\"ez-toc-v2_0_76 ez-toc-wrap-left counter-hierarchy ez-toc-counter ez-toc-grey ez-toc-container-direction\">\n<div class=\"ez-toc-title-container\">\n<span class=\"ez-toc-title-toggle\"><a href=\"#\" class=\"ez-toc-pull-right ez-toc-btn ez-toc-btn-xs ez-toc-btn-default ez-toc-toggle\" aria-label=\"Toggle Table of Content\"><span class=\"ez-toc-js-icon-con\"><span class=\"\"><span class=\"eztoc-hide\" style=\"display:none;\">Toggle<\/span><span class=\"ez-toc-icon-toggle-span\"><svg style=\"fill: #999;color:#999\" xmlns=\"http:\/\/www.w3.org\/2000\/svg\" class=\"list-377408\" width=\"20px\" height=\"20px\" viewbox=\"0 0 24 24\" fill=\"none\"><path d=\"M6 6H4v2h2V6zm14 0H8v2h12V6zM4 11h2v2H4v-2zm16 0H8v2h12v-2zM4 16h2v2H4v-2zm16 0H8v2h12v-2z\" fill=\"currentColor\"><\/path><\/svg><svg style=\"fill: #999;color:#999\" class=\"arrow-unsorted-368013\" xmlns=\"http:\/\/www.w3.org\/2000\/svg\" width=\"10px\" height=\"10px\" viewbox=\"0 0 24 24\" version=\"1.2\" baseprofile=\"tiny\"><path d=\"M18.2 9.3l-6.2-6.3-6.2 6.3c-.2.2-.3.4-.3.7s.1.5.3.7c.2.2.4.3.7.3h11c.3 0 .5-.1.7-.3.2-.2.3-.5.3-.7s-.1-.5-.3-.7zM5.8 14.7l6.2 6.3 6.2-6.3c.2-.2.3-.5.3-.7s-.1-.5-.3-.7c-.2-.2-.4-.3-.7-.3h-11c-.3 0-.5.1-.7.3-.2.2-.3.5-.3.7s.1.5.3.7z\"\/><\/svg><\/span><\/span><\/span><\/a><\/span><\/div>\n<nav><ul class='ez-toc-list ez-toc-list-level-1' ><li class='ez-toc-page-1 ez-toc-heading-level-1'><a class=\"ez-toc-link ez-toc-heading-1\" href=\"https:\/\/www.hakansager.com\/en\/uzmanliklar\/idrar-kacirma-tedavisi-2\/#Idrar_Kacirma_Tedavisi\" >Urinary Incontinence Treatment<\/a><ul class='ez-toc-list-level-3' ><li class='ez-toc-heading-level-3'><ul class='ez-toc-list-level-3' ><li class='ez-toc-heading-level-3'><a class=\"ez-toc-link ez-toc-heading-2\" href=\"https:\/\/www.hakansager.com\/en\/uzmanliklar\/idrar-kacirma-tedavisi-2\/#Idrar_Kacirma_Tedavisi_Nedenler_Belirtiler_ve_Tedavi_Secenekleri\" >\u0130drar Ka\u00e7\u0131rma Tedavisi: Nedenler, Belirtiler ve Tedavi Se\u00e7enekleri<\/a><ul class='ez-toc-list-level-4' ><li class='ez-toc-heading-level-4'><a class=\"ez-toc-link ez-toc-heading-3\" href=\"https:\/\/www.hakansager.com\/en\/uzmanliklar\/idrar-kacirma-tedavisi-2\/#Idrar_Kacirmanin_Nedenleri\" >\u0130drar Ka\u00e7\u0131rman\u0131n Nedenleri<\/a><\/li><li class='ez-toc-page-1 ez-toc-heading-level-4'><a class=\"ez-toc-link ez-toc-heading-4\" href=\"https:\/\/www.hakansager.com\/en\/uzmanliklar\/idrar-kacirma-tedavisi-2\/#Idrar_Kacirmanin_Belirtileri\" >\u0130drar Ka\u00e7\u0131rman\u0131n Belirtileri<\/a><\/li><li class='ez-toc-page-1 ez-toc-heading-level-4'><a class=\"ez-toc-link ez-toc-heading-5\" href=\"https:\/\/www.hakansager.com\/en\/uzmanliklar\/idrar-kacirma-tedavisi-2\/#Idrar_Kacirma_Tedavi_Yontemleri\" >\u0130drar Ka\u00e7\u0131rma Tedavi Y\u00f6ntemleri<\/a><\/li><\/ul><\/li><\/ul><\/li><\/ul><\/li><\/ul><\/nav><\/div>\n<\/h3>\n<h3 style=\"text-align: left;\"><span class=\"ez-toc-section\" id=\"Idrar_Kacirma_Tedavisi_Nedenler_Belirtiler_ve_Tedavi_Secenekleri\"><\/span><strong>\u0130drar Ka\u00e7\u0131rma Tedavisi: Nedenler, Belirtiler ve Tedavi Se\u00e7enekleri<\/strong><span class=\"ez-toc-section-end\"><\/span><\/h3>\n<p style=\"text-align: justify;\">\u0130drar ka\u00e7\u0131rma, kontrols\u00fcz bir \u015fekilde idrar\u0131n ka\u00e7mas\u0131 durumudur ve bir\u00e7ok birey i\u00e7in sosyal ve psikolojik bir sorun olu\u015fturabilir. Kad\u0131nlarda daha yayg\u0131n olmakla birlikte, erkeklerde de g\u00f6r\u00fclebilen bu durum, ya\u015fam kalitesini \u00f6nemli \u00f6l\u00e7\u00fcde etkileyebilir. <strong>Op. Dr. Hakan Sa\u011fer<\/strong>, idrar ka\u00e7\u0131rma tedavisinde uzmanla\u015fm\u0131\u015f bir hekim olarak, bireylere uygun ve etkili tedavi se\u00e7enekleri sunmaktad\u0131r.<\/p>\n<h4 style=\"text-align: left;\"><span class=\"ez-toc-section\" id=\"Idrar_Kacirmanin_Nedenleri\"><\/span><strong>\u0130drar Ka\u00e7\u0131rman\u0131n Nedenleri<\/strong><span class=\"ez-toc-section-end\"><\/span><\/h4>\n<p style=\"text-align: justify;\">\u0130drar ka\u00e7\u0131rman\u0131n birka\u00e7 farkl\u0131 nedeni bulunmaktad\u0131r:<\/p>\n<ul style=\"text-align: justify;\">\n<li>\n<p><strong>Stres \u0130drar Ka\u00e7\u0131rma:<\/strong> \u00d6ks\u00fcrme, hap\u015f\u0131rma, g\u00fclme gibi durumlarda kar\u0131n i\u00e7i bas\u0131nc\u0131n artmas\u0131yla ortaya \u00e7\u0131kar.<\/p>\n<\/li>\n<li>\n<p><strong>Aceli \u0130drar Ka\u00e7\u0131rma:<\/strong> \u0130drar yapma iste\u011finin aniden ortaya \u00e7\u0131kmas\u0131 ve buna zaman\u0131nda cevap verememe durumu olarak tan\u0131mlan\u0131r.<\/p>\n<\/li>\n<li>\n<p><strong>Miks \u0130drar Ka\u00e7\u0131rma:<\/strong> Hem stres hem de acil durumlarda ortaya \u00e7\u0131kan idrar ka\u00e7\u0131rma bi\u00e7imidir.<\/p>\n<\/li>\n<li>\n<p><strong>Di\u011fer Nedenler:<\/strong><\/p>\n<ul>\n<li>Do\u011fum sonras\u0131 de\u011fi\u015fiklikler<\/li>\n<li>Menopoz d\u00f6nemi<\/li>\n<li>Baz\u0131 n\u00f6rolojik hastal\u0131klar (\u00f6rne\u011fin, multiple skleroz)<\/li>\n<\/ul>\n<\/li>\n<\/ul>\n<h4 style=\"text-align: left;\"><span class=\"ez-toc-section\" id=\"Idrar_Kacirmanin_Belirtileri\"><\/span><strong>\u0130drar Ka\u00e7\u0131rman\u0131n Belirtileri<\/strong><span class=\"ez-toc-section-end\"><\/span><\/h4>\n<p style=\"text-align: justify;\">\u0130drar ka\u00e7\u0131rman\u0131n belirtileri, ki\u015fiden ki\u015fiye de\u011fi\u015febilir. Genel olarak a\u015fa\u011f\u0131daki durumlar ya\u015fanabilir:<\/p>\n<ul style=\"text-align: justify;\">\n<li>Ani idrar yapma iste\u011fi<\/li>\n<li>G\u00fclme, \u00f6ks\u00fcrme ya da fiziksel aktivite s\u0131ras\u0131nda idrar ka\u00e7\u0131rma<\/li>\n<li>S\u0131k s\u0131k tuvalete gitme ihtiyac\u0131<\/li>\n<\/ul>\n<h4 style=\"text-align: left;\"><span class=\"ez-toc-section\" id=\"Idrar_Kacirma_Tedavi_Yontemleri\"><\/span><strong>\u0130drar Ka\u00e7\u0131rma Tedavi Y\u00f6ntemleri<\/strong><span class=\"ez-toc-section-end\"><\/span><\/h4>\n<p style=\"text-align: justify;\">\u0130drar ka\u00e7\u0131rma tedavisi, sorunun nedenine ve ciddiyetine ba\u011fl\u0131 olarak de\u011fi\u015fiklik g\u00f6sterebilir. Yayg\u0131n tedavi y\u00f6ntemleri \u015funlard\u0131r:<\/p>\n<ol style=\"text-align: justify;\">\n<li>\n<p><strong>Ya\u015fam Tarz\u0131 De\u011fi\u015fiklikleri:<\/strong> Kilo kontrol\u00fc, d\u00fczenli egzersiz yapma ve s\u0131v\u0131 al\u0131m\u0131n\u0131 d\u00fczenleme gibi de\u011fi\u015fiklikler, idrar ka\u00e7\u0131rma belirtilerini azaltabilir.<\/p>\n<\/li>\n<li>\n<p><strong>Pelvik Taban Egzersizleri:<\/strong> Kegel egzersizleri gibi pelvik taban egzersizleri, kaslar\u0131 g\u00fc\u00e7lendirerek kontrol\u00fc art\u0131rabilir.<\/p>\n<\/li>\n<li>\n<p><strong>Medication Treatment:<\/strong> \u0130drar ka\u00e7\u0131rma belirtilerini hafifletmek i\u00e7in baz\u0131 ila\u00e7lar kullan\u0131labilir.<\/p>\n<\/li>\n<li>\n<p><strong>Surgical Intervention:<\/strong> \u015eiddetli vakalarda, cerrahi prosed\u00fcrler (\u00f6rne\u011fin, mesane ask\u0131lama) uygulanabilir.<\/p>\n<\/li>\n<\/ol>\n<p style=\"text-align: justify;\">\u0130drar ka\u00e7\u0131rma, tedavi edilebilir bir durumdur ve uygun m\u00fcdahale ile kontrol alt\u0131na al\u0131nabilir. <strong>Op. Dr. Hakan Sa\u011fer<\/strong>, hastalar\u0131na bireysel bir yakla\u015f\u0131m ile tedavi se\u00e7enekleri sunmakta ve bu sorunun \u00fcstesinden gelmelerine yard\u0131mc\u0131 olmaktad\u0131r.<\/p>\n\n\n\t\t<\/div>\n\t\t\t\t\t<\/div>\n\n\t\n\n<\/div>","protected":false},"excerpt":{"rendered":"","protected":false},"author":1,"featured_media":0,"parent":376,"menu_order":0,"comment_status":"closed","ping_status":"closed","template":"page-blank.php","meta":{"footnotes":""},"class_list":["post-609","page","type-page","status-publish","hentry"],"_links":{"self":[{"href":"https:\/\/www.hakansager.com\/en\/wp-json\/wp\/v2\/pages\/609","targetHints":{"allow":["GET"]}}],"collection":[{"href":"https:\/\/www.hakansager.com\/en\/wp-json\/wp\/v2\/pages"}],"about":[{"href":"https:\/\/www.hakansager.com\/en\/wp-json\/wp\/v2\/types\/page"}],"author":[{"embeddable":true,"href":"https:\/\/www.hakansager.com\/en\/wp-json\/wp\/v2\/users\/1"}],"replies":[{"embeddable":true,"href":"https:\/\/www.hakansager.com\/en\/wp-json\/wp\/v2\/comments?post=609"}],"version-history":[{"count":7,"href":"https:\/\/www.hakansager.com\/en\/wp-json\/wp\/v2\/pages\/609\/revisions"}],"predecessor-version":[{"id":616,"href":"https:\/\/www.hakansager.com\/en\/wp-json\/wp\/v2\/pages\/609\/revisions\/616"}],"up":[{"embeddable":true,"href":"https:\/\/www.hakansager.com\/en\/wp-json\/wp\/v2\/pages\/376"}],"wp:attachment":[{"href":"https:\/\/www.hakansager.com\/en\/wp-json\/wp\/v2\/media?parent=609"}],"curies":[{"name":"wp","href":"https:\/\/api.w.org\/{rel}","templated":true}]}}