{"id":625,"date":"2024-11-06T14:57:31","date_gmt":"2024-11-06T11:57:31","guid":{"rendered":"https:\/\/www.hakansager.com\/?page_id=625"},"modified":"2024-11-06T14:59:08","modified_gmt":"2024-11-06T11:59:08","slug":"rahim-filmi-hsg","status":"publish","type":"page","link":"https:\/\/www.hakansager.com\/en\/uzmanliklar\/rahim-filmi-hsg\/","title":{"rendered":"Hysterosalpingography (HSG)"},"content":{"rendered":"<div id=\"page-header-657846083\" class=\"page-header-wrapper\">\n  <div class=\"page-title dark featured-title\">\n\n    \n    <div class=\"page-title-inner container align-center flex-row medium-flex-wrap\" >\n              <div class=\"title-wrapper flex-col text-left medium-text-center\">\n          <h1 class=\"entry-title mb-0\"><span class=\"ez-toc-section\" id=\"Rahim_Filmi_HSG\"><\/span>\n            Hysterosalpingography (HSG)          <span class=\"ez-toc-section-end\"><\/span><\/h1>\n        <\/div>\n                    <div class=\"title-content flex-col flex-right text-right medium-text-center\">\n        <div class=\"title-share pt-half pb-half\"><div class=\"social-icons share-icons share-row relative\" ><a href=\"whatsapp:\/\/send?text=Rahim%20Filmi%20%28HSG%29 - https:\/\/www.hakansager.com\/en\/uzmanliklar\/rahim-filmi-hsg\/\" data-action=\"share\/whatsapp\/share\" class=\"icon button circle is-outline tooltip whatsapp show-for-medium\" title=\"Share on WhatsApp\" aria-label=\"Share on WhatsApp\"><i class=\"icon-whatsapp\"><\/i><\/a><a href=\"https:\/\/www.facebook.com\/sharer.php?u=https:\/\/www.hakansager.com\/en\/uzmanliklar\/rahim-filmi-hsg\/\" data-label=\"Facebook\" onclick=\"window.open(this.href,this.title,'width=500,height=500,top=300px,left=300px');  return false;\" rel=\"noopener noreferrer nofollow\" target=\"_blank\" class=\"icon button circle is-outline tooltip facebook\" title=\"Share on Facebook\" aria-label=\"Share on Facebook\"><i class=\"icon-facebook\" ><\/i><\/a><a href=\"https:\/\/twitter.com\/share?url=https:\/\/www.hakansager.com\/en\/uzmanliklar\/rahim-filmi-hsg\/\" onclick=\"window.open(this.href,this.title,'width=500,height=500,top=300px,left=300px');  return false;\" rel=\"noopener noreferrer nofollow\" target=\"_blank\" class=\"icon button circle is-outline tooltip twitter\" title=\"Share on Twitter\" aria-label=\"Share on Twitter\"><i class=\"icon-twitter\" ><\/i><\/a><a href=\"mailto:enteryour@addresshere.com?subject=Rahim%20Filmi%20%28HSG%29&amp;body=Check%20this%20out:%20https:\/\/www.hakansager.com\/en\/uzmanliklar\/rahim-filmi-hsg\/\" rel=\"nofollow\" class=\"icon button circle is-outline tooltip email\" title=\"Email to a Friend\" aria-label=\"Email to a Friend\"><i class=\"icon-envelop\" ><\/i><\/a><a href=\"https:\/\/pinterest.com\/pin\/create\/button\/?url=https:\/\/www.hakansager.com\/en\/uzmanliklar\/rahim-filmi-hsg\/&amp;media=&amp;description=Rahim%20Filmi%20%28HSG%29\" onclick=\"window.open(this.href,this.title,'width=500,height=500,top=300px,left=300px');  return false;\" rel=\"noopener noreferrer nofollow\" target=\"_blank\" class=\"icon button circle is-outline tooltip pinterest\" title=\"Pin on Pinterest\" aria-label=\"Pin on Pinterest\"><i class=\"icon-pinterest\" ><\/i><\/a><a href=\"https:\/\/www.linkedin.com\/shareArticle?mini=true&url=https:\/\/www.hakansager.com\/en\/uzmanliklar\/rahim-filmi-hsg\/&title=Rahim%20Filmi%20%28HSG%29\" onclick=\"window.open(this.href,this.title,'width=500,height=500,top=300px,left=300px');  return false;\"  rel=\"noopener noreferrer nofollow\" target=\"_blank\" class=\"icon button circle is-outline tooltip linkedin\" title=\"Share on LinkedIn\" aria-label=\"Share on LinkedIn\"><i class=\"icon-linkedin\" ><\/i><\/a><\/div><\/div>      <\/div>\n    <\/div>\n\n       <\/div>\n    <\/div>\n  \n\n\t<div id=\"gap-1397442950\" class=\"gap-element clearfix\" style=\"display:block; height:auto;\">\n\t\t\n<style>\n#gap-1397442950 {\n  padding-top: 30px;\n}\n<\/style>\n\t<\/div>\n\t\n\n<div class=\"row\"  id=\"row-844264579\">\n\n\n\t<div id=\"col-2143459631\" class=\"col small-12 large-12\"  >\n\t\t\t\t<div class=\"col-inner\"  >\n\t\t\t\n\t\t\t\n\n<h3><div id=\"ez-toc-container\" class=\"ez-toc-v2_0_76 ez-toc-wrap-left counter-hierarchy ez-toc-counter ez-toc-grey ez-toc-container-direction\">\n<div class=\"ez-toc-title-container\">\n<span class=\"ez-toc-title-toggle\"><a href=\"#\" class=\"ez-toc-pull-right ez-toc-btn ez-toc-btn-xs ez-toc-btn-default ez-toc-toggle\" aria-label=\"Toggle Table of Content\"><span class=\"ez-toc-js-icon-con\"><span class=\"\"><span class=\"eztoc-hide\" style=\"display:none;\">Toggle<\/span><span class=\"ez-toc-icon-toggle-span\"><svg style=\"fill: #999;color:#999\" xmlns=\"http:\/\/www.w3.org\/2000\/svg\" class=\"list-377408\" width=\"20px\" height=\"20px\" viewbox=\"0 0 24 24\" fill=\"none\"><path d=\"M6 6H4v2h2V6zm14 0H8v2h12V6zM4 11h2v2H4v-2zm16 0H8v2h12v-2zM4 16h2v2H4v-2zm16 0H8v2h12v-2z\" fill=\"currentColor\"><\/path><\/svg><svg style=\"fill: #999;color:#999\" class=\"arrow-unsorted-368013\" xmlns=\"http:\/\/www.w3.org\/2000\/svg\" width=\"10px\" height=\"10px\" viewbox=\"0 0 24 24\" version=\"1.2\" baseprofile=\"tiny\"><path d=\"M18.2 9.3l-6.2-6.3-6.2 6.3c-.2.2-.3.4-.3.7s.1.5.3.7c.2.2.4.3.7.3h11c.3 0 .5-.1.7-.3.2-.2.3-.5.3-.7s-.1-.5-.3-.7zM5.8 14.7l6.2 6.3 6.2-6.3c.2-.2.3-.5.3-.7s-.1-.5-.3-.7c-.2-.2-.4-.3-.7-.3h-11c-.3 0-.5.1-.7.3-.2.2-.3.5-.3.7s.1.5.3.7z\"\/><\/svg><\/span><\/span><\/span><\/a><\/span><\/div>\n<nav><ul class='ez-toc-list ez-toc-list-level-1' ><li class='ez-toc-page-1 ez-toc-heading-level-1'><a class=\"ez-toc-link ez-toc-heading-1\" href=\"https:\/\/www.hakansager.com\/en\/uzmanliklar\/rahim-filmi-hsg\/#Rahim_Filmi_HSG\" >Hysterosalpingography (HSG)<\/a><ul class='ez-toc-list-level-3' ><li class='ez-toc-heading-level-3'><ul class='ez-toc-list-level-3' ><li class='ez-toc-heading-level-3'><a class=\"ez-toc-link ez-toc-heading-2\" href=\"https:\/\/www.hakansager.com\/en\/uzmanliklar\/rahim-filmi-hsg\/#Rahim_Filmi_HSG_Nedir_Nasil_Yapilir_ve_Ne_Amacla_Kullanilir\" >Rahim Filmi (HSG): Nedir, Nas\u0131l Yap\u0131l\u0131r ve Ne Ama\u00e7la Kullan\u0131l\u0131r?<\/a><ul class='ez-toc-list-level-4' ><li class='ez-toc-heading-level-4'><a class=\"ez-toc-link ez-toc-heading-3\" href=\"https:\/\/www.hakansager.com\/en\/uzmanliklar\/rahim-filmi-hsg\/#HSG_Nedir\" >HSG Nedir?<\/a><\/li><li class='ez-toc-page-1 ez-toc-heading-level-4'><a class=\"ez-toc-link ez-toc-heading-4\" href=\"https:\/\/www.hakansager.com\/en\/uzmanliklar\/rahim-filmi-hsg\/#HSG_Nasil_Yapilir\" >HSG Nas\u0131l Yap\u0131l\u0131r?<\/a><\/li><li class='ez-toc-page-1 ez-toc-heading-level-4'><a class=\"ez-toc-link ez-toc-heading-5\" href=\"https:\/\/www.hakansager.com\/en\/uzmanliklar\/rahim-filmi-hsg\/#HSGnin_Amaci_ve_Faydalari\" >HSG&#8217;nin Amac\u0131 ve Faydalar\u0131<\/a><\/li><\/ul><\/li><\/ul><\/li><\/ul><\/li><\/ul><\/nav><\/div>\n<\/h3>\n<h3 style=\"text-align: left;\"><span class=\"ez-toc-section\" id=\"Rahim_Filmi_HSG_Nedir_Nasil_Yapilir_ve_Ne_Amacla_Kullanilir\"><\/span><strong>Rahim Filmi (HSG): Nedir, Nas\u0131l Yap\u0131l\u0131r ve Ne Ama\u00e7la Kullan\u0131l\u0131r?<\/strong><span class=\"ez-toc-section-end\"><\/span><\/h3>\n<p style=\"text-align: justify;\">Rahim filmi (Histerosalpingografi &#8211; HSG), kad\u0131nlar\u0131n \u00fcreme sa\u011fl\u0131\u011f\u0131n\u0131 de\u011ferlendirmek amac\u0131yla uygulanan bir g\u00f6r\u00fcnt\u00fcleme testidir. Bu test, rahim ve fallop t\u00fcplerinin durumu hakk\u0131nda \u00f6nemli bilgiler sunarak, k\u0131s\u0131rl\u0131k nedenlerinin belirlenmesine yard\u0131mc\u0131 olur. <strong>Op. Dr. Hakan Sa\u011fer<\/strong>, HSG uygulamalar\u0131yla ilgili uzmanla\u015fm\u0131\u015f bir hekim olarak, kad\u0131nlar\u0131n sa\u011fl\u0131k s\u00fcre\u00e7lerini desteklemekte ve bu testin \u00f6nemini vurgulamaktad\u0131r.<\/p>\n<h4 style=\"text-align: left;\"><span class=\"ez-toc-section\" id=\"HSG_Nedir\"><\/span><strong>HSG Nedir?<\/strong><span class=\"ez-toc-section-end\"><\/span><\/h4>\n<p style=\"text-align: justify;\">HSG, \u00f6zel bir kontrast madde kullan\u0131larak rahim bo\u015flu\u011funun ve fallop t\u00fcplerinin r\u00f6ntgen g\u00f6r\u00fcnt\u00fclerinin al\u0131nmas\u0131 i\u015flemidir. Bu i\u015flem, genellikle k\u0131s\u0131rl\u0131k tedavisi s\u00fcrecinde yap\u0131lan bir tetkiktir.<\/p>\n<h4 style=\"text-align: left;\"><span class=\"ez-toc-section\" id=\"HSG_Nasil_Yapilir\"><\/span><strong>HSG Nas\u0131l Yap\u0131l\u0131r?<\/strong><span class=\"ez-toc-section-end\"><\/span><\/h4>\n<p style=\"text-align: justify;\">HSG i\u015flemi, genellikle adet d\u00f6neminin bitiminden sonra, ov\u00fclasyondan \u00f6nceki g\u00fcnlerde uygulan\u0131r. \u0130\u015flem ad\u0131mlar\u0131 \u015funlard\u0131r:<\/p>\n<ol style=\"text-align: justify;\">\n<li>\n<p><strong>Preparation:<\/strong> Hasta, muayene masas\u0131na yat\u0131r\u0131l\u0131r ve pelvik muayene yap\u0131l\u0131r.<\/p>\n<\/li>\n<li>\n<p><strong>Kontrast Madde Enjeksiyonu:<\/strong> Doktor, rahim i\u00e7ine ince bir kateter yerle\u015ftirir ve kontrast madde enjekte eder.<\/p>\n<\/li>\n<li>\n<p><strong>R\u00f6ntgen \u00c7ekimi:<\/strong> Kontrast madde rahim ve fallop t\u00fcplerinde ilerledik\u00e7e, r\u00f6ntgen g\u00f6r\u00fcnt\u00fcleri al\u0131n\u0131r.<\/p>\n<\/li>\n<li>\n<p><strong>\u0130\u015flemin Tamamlanmas\u0131:<\/strong> \u0130\u015flem genellikle 15-30 dakika s\u00fcrer. Hasta, i\u015flem sonras\u0131 k\u0131sa bir s\u00fcre dinlendirilir.<\/p>\n<\/li>\n<\/ol>\n<h4 style=\"text-align: left;\"><span class=\"ez-toc-section\" id=\"HSGnin_Amaci_ve_Faydalari\"><\/span><strong>HSG&#8217;nin Amac\u0131 ve Faydalar\u0131<\/strong><span class=\"ez-toc-section-end\"><\/span><\/h4>\n<p style=\"text-align: justify;\">HSG&#8217;nin birka\u00e7 \u00f6nemli amac\u0131 bulunmaktad\u0131r:<\/p>\n<ul style=\"text-align: justify;\">\n<li>\n<p><strong>Fallop T\u00fcplerinin Kontrol\u00fc:<\/strong> T\u00fcplerin t\u0131kal\u0131 olup olmad\u0131\u011f\u0131n\u0131 belirlemek.<\/p>\n<\/li>\n<li>\n<p><strong>Rahim Anormalliklerinin Belirlenmesi:<\/strong> Rahim i\u00e7i yap\u0131sal sorunlar (\u00f6rne\u011fin, polip veya miyom) tespit etmek.<\/p>\n<\/li>\n<li>\n<p><strong>K\u0131s\u0131rl\u0131k De\u011ferlendirmesi:<\/strong> K\u0131s\u0131rl\u0131k nedenlerini anlamak ve uygun tedavi planlar\u0131 olu\u015fturmak.<\/p>\n<\/li>\n<\/ul>\n<p style=\"text-align: justify;\">Rahim filmi, kad\u0131nlar\u0131n \u00fcreme sa\u011fl\u0131\u011f\u0131 i\u00e7in kritik bir testtir ve k\u0131s\u0131rl\u0131k sorunlar\u0131n\u0131n de\u011ferlendirilmesinde \u00f6nemli bir rol oynamaktad\u0131r. <strong>Op. Dr. Hakan Sa\u011fer<\/strong>, HSG uygulamalar\u0131yla ilgili deneyimiyle hastalar\u0131na en iyi hizmeti sunmakta ve sa\u011fl\u0131kl\u0131 bir gebelik s\u00fcreci i\u00e7in gerekli bilgileri sa\u011flamaktad\u0131r.<\/p>\n\n\n\t\t<\/div>\n\t\t\t\t\t<\/div>\n\n\t\n\n<\/div>","protected":false},"excerpt":{"rendered":"","protected":false},"author":1,"featured_media":0,"parent":376,"menu_order":0,"comment_status":"closed","ping_status":"closed","template":"page-blank.php","meta":{"footnotes":""},"class_list":["post-625","page","type-page","status-publish","hentry"],"_links":{"self":[{"href":"https:\/\/www.hakansager.com\/en\/wp-json\/wp\/v2\/pages\/625","targetHints":{"allow":["GET"]}}],"collection":[{"href":"https:\/\/www.hakansager.com\/en\/wp-json\/wp\/v2\/pages"}],"about":[{"href":"https:\/\/www.hakansager.com\/en\/wp-json\/wp\/v2\/types\/page"}],"author":[{"embeddable":true,"href":"https:\/\/www.hakansager.com\/en\/wp-json\/wp\/v2\/users\/1"}],"replies":[{"embeddable":true,"href":"https:\/\/www.hakansager.com\/en\/wp-json\/wp\/v2\/comments?post=625"}],"version-history":[{"count":7,"href":"https:\/\/www.hakansager.com\/en\/wp-json\/wp\/v2\/pages\/625\/revisions"}],"predecessor-version":[{"id":632,"href":"https:\/\/www.hakansager.com\/en\/wp-json\/wp\/v2\/pages\/625\/revisions\/632"}],"up":[{"embeddable":true,"href":"https:\/\/www.hakansager.com\/en\/wp-json\/wp\/v2\/pages\/376"}],"wp:attachment":[{"href":"https:\/\/www.hakansager.com\/en\/wp-json\/wp\/v2\/media?parent=625"}],"curies":[{"name":"wp","href":"https:\/\/api.w.org\/{rel}","templated":true}]}}