{"id":644,"date":"2024-11-06T15:01:51","date_gmt":"2024-11-06T12:01:51","guid":{"rendered":"https:\/\/www.hakansager.com\/?page_id=644"},"modified":"2024-11-06T15:03:31","modified_gmt":"2024-11-06T12:03:31","slug":"genital-estetik-2","status":"publish","type":"page","link":"https:\/\/www.hakansager.com\/en\/uzmanliklar\/genital-estetik-2\/","title":{"rendered":"Genital Aesthetics"},"content":{"rendered":"<div id=\"page-header-553025844\" class=\"page-header-wrapper\">\n  <div class=\"page-title dark featured-title\">\n\n    \n    <div class=\"page-title-inner container align-center flex-row medium-flex-wrap\" >\n              <div class=\"title-wrapper flex-col text-left medium-text-center\">\n          <h1 class=\"entry-title mb-0\"><span class=\"ez-toc-section\" id=\"Genital_Estetik\"><\/span>\n            Genital Aesthetics          <span class=\"ez-toc-section-end\"><\/span><\/h1>\n        <\/div>\n                    <div class=\"title-content flex-col flex-right text-right medium-text-center\">\n        <div class=\"title-share pt-half pb-half\"><div class=\"social-icons share-icons share-row relative\" ><a href=\"whatsapp:\/\/send?text=Genital%20Estetik - https:\/\/www.hakansager.com\/en\/uzmanliklar\/genital-estetik-2\/\" data-action=\"share\/whatsapp\/share\" class=\"icon button circle is-outline tooltip whatsapp show-for-medium\" title=\"Share on WhatsApp\" aria-label=\"Share on WhatsApp\"><i class=\"icon-whatsapp\"><\/i><\/a><a href=\"https:\/\/www.facebook.com\/sharer.php?u=https:\/\/www.hakansager.com\/en\/uzmanliklar\/genital-estetik-2\/\" data-label=\"Facebook\" onclick=\"window.open(this.href,this.title,'width=500,height=500,top=300px,left=300px');  return false;\" rel=\"noopener noreferrer nofollow\" target=\"_blank\" class=\"icon button circle is-outline tooltip facebook\" title=\"Share on Facebook\" aria-label=\"Share on Facebook\"><i class=\"icon-facebook\" ><\/i><\/a><a href=\"https:\/\/twitter.com\/share?url=https:\/\/www.hakansager.com\/en\/uzmanliklar\/genital-estetik-2\/\" onclick=\"window.open(this.href,this.title,'width=500,height=500,top=300px,left=300px');  return false;\" rel=\"noopener noreferrer nofollow\" target=\"_blank\" class=\"icon button circle is-outline tooltip twitter\" title=\"Share on Twitter\" aria-label=\"Share on Twitter\"><i class=\"icon-twitter\" ><\/i><\/a><a href=\"mailto:enteryour@addresshere.com?subject=Genital%20Estetik&amp;body=Check%20this%20out:%20https:\/\/www.hakansager.com\/en\/uzmanliklar\/genital-estetik-2\/\" rel=\"nofollow\" class=\"icon button circle is-outline tooltip email\" title=\"Email to a Friend\" aria-label=\"Email to a Friend\"><i class=\"icon-envelop\" ><\/i><\/a><a href=\"https:\/\/pinterest.com\/pin\/create\/button\/?url=https:\/\/www.hakansager.com\/en\/uzmanliklar\/genital-estetik-2\/&amp;media=&amp;description=Genital%20Estetik\" onclick=\"window.open(this.href,this.title,'width=500,height=500,top=300px,left=300px');  return false;\" rel=\"noopener noreferrer nofollow\" target=\"_blank\" class=\"icon button circle is-outline tooltip pinterest\" title=\"Pin on Pinterest\" aria-label=\"Pin on Pinterest\"><i class=\"icon-pinterest\" ><\/i><\/a><a href=\"https:\/\/www.linkedin.com\/shareArticle?mini=true&url=https:\/\/www.hakansager.com\/en\/uzmanliklar\/genital-estetik-2\/&title=Genital%20Estetik\" onclick=\"window.open(this.href,this.title,'width=500,height=500,top=300px,left=300px');  return false;\"  rel=\"noopener noreferrer nofollow\" target=\"_blank\" class=\"icon button circle is-outline tooltip linkedin\" title=\"Share on LinkedIn\" aria-label=\"Share on LinkedIn\"><i class=\"icon-linkedin\" ><\/i><\/a><\/div><\/div>      <\/div>\n    <\/div>\n\n       <\/div>\n    <\/div>\n  \n\n\t<div id=\"gap-694537559\" class=\"gap-element clearfix\" style=\"display:block; height:auto;\">\n\t\t\n<style>\n#gap-694537559 {\n  padding-top: 30px;\n}\n<\/style>\n\t<\/div>\n\t\n\n<div class=\"row\"  id=\"row-1067604805\">\n\n\n\t<div id=\"col-1328641072\" class=\"col small-12 large-12\"  >\n\t\t\t\t<div class=\"col-inner\"  >\n\t\t\t\n\t\t\t\n\n<h3><div id=\"ez-toc-container\" class=\"ez-toc-v2_0_76 ez-toc-wrap-left counter-hierarchy ez-toc-counter ez-toc-grey ez-toc-container-direction\">\n<div class=\"ez-toc-title-container\">\n<span class=\"ez-toc-title-toggle\"><a href=\"#\" class=\"ez-toc-pull-right ez-toc-btn ez-toc-btn-xs ez-toc-btn-default ez-toc-toggle\" aria-label=\"Toggle Table of Content\"><span class=\"ez-toc-js-icon-con\"><span class=\"\"><span class=\"eztoc-hide\" style=\"display:none;\">Toggle<\/span><span class=\"ez-toc-icon-toggle-span\"><svg style=\"fill: #999;color:#999\" xmlns=\"http:\/\/www.w3.org\/2000\/svg\" class=\"list-377408\" width=\"20px\" height=\"20px\" viewbox=\"0 0 24 24\" fill=\"none\"><path d=\"M6 6H4v2h2V6zm14 0H8v2h12V6zM4 11h2v2H4v-2zm16 0H8v2h12v-2zM4 16h2v2H4v-2zm16 0H8v2h12v-2z\" fill=\"currentColor\"><\/path><\/svg><svg style=\"fill: #999;color:#999\" class=\"arrow-unsorted-368013\" xmlns=\"http:\/\/www.w3.org\/2000\/svg\" width=\"10px\" height=\"10px\" viewbox=\"0 0 24 24\" version=\"1.2\" baseprofile=\"tiny\"><path d=\"M18.2 9.3l-6.2-6.3-6.2 6.3c-.2.2-.3.4-.3.7s.1.5.3.7c.2.2.4.3.7.3h11c.3 0 .5-.1.7-.3.2-.2.3-.5.3-.7s-.1-.5-.3-.7zM5.8 14.7l6.2 6.3 6.2-6.3c.2-.2.3-.5.3-.7s-.1-.5-.3-.7c-.2-.2-.4-.3-.7-.3h-11c-.3 0-.5.1-.7.3-.2.2-.3.5-.3.7s.1.5.3.7z\"\/><\/svg><\/span><\/span><\/span><\/a><\/span><\/div>\n<nav><ul class='ez-toc-list ez-toc-list-level-1' ><li class='ez-toc-page-1 ez-toc-heading-level-1'><a class=\"ez-toc-link ez-toc-heading-1\" href=\"https:\/\/www.hakansager.com\/en\/uzmanliklar\/genital-estetik-2\/#Genital_Estetik\" >Genital Aesthetics<\/a><ul class='ez-toc-list-level-3' ><li class='ez-toc-heading-level-3'><ul class='ez-toc-list-level-3' ><li class='ez-toc-heading-level-3'><a class=\"ez-toc-link ez-toc-heading-2\" href=\"https:\/\/www.hakansager.com\/en\/uzmanliklar\/genital-estetik-2\/#Genital_Estetik_Kadin_Sagligi_ve_Oz_Guven_Icin_Onemli_Bir_Adim\" >Genital Estetik: Kad\u0131n Sa\u011fl\u0131\u011f\u0131 ve \u00d6z G\u00fcven \u0130\u00e7in \u00d6nemli Bir Ad\u0131m<\/a><ul class='ez-toc-list-level-4' ><li class='ez-toc-heading-level-4'><a class=\"ez-toc-link ez-toc-heading-3\" href=\"https:\/\/www.hakansager.com\/en\/uzmanliklar\/genital-estetik-2\/#Genital_Estetigin_Onemi\" >Genital Esteti\u011fin \u00d6nemi<\/a><\/li><li class='ez-toc-page-1 ez-toc-heading-level-4'><a class=\"ez-toc-link ez-toc-heading-4\" href=\"https:\/\/www.hakansager.com\/en\/uzmanliklar\/genital-estetik-2\/#Genital_Estetik_Ameliyatlari_Neleri_Kapsar\" >Genital Estetik Ameliyatlar\u0131 Neleri Kapsar?<\/a><\/li><li class='ez-toc-page-1 ez-toc-heading-level-4'><a class=\"ez-toc-link ez-toc-heading-5\" href=\"https:\/\/www.hakansager.com\/en\/uzmanliklar\/genital-estetik-2\/#Genital_Estetik_Ameliyatlarinin_Avantajlari\" >Genital Estetik Ameliyatlar\u0131n\u0131n Avantajlar\u0131<\/a><\/li><\/ul><\/li><\/ul><\/li><\/ul><\/li><\/ul><\/nav><\/div>\n<\/h3>\n<h3 style=\"text-align: left;\"><span class=\"ez-toc-section\" id=\"Genital_Estetik_Kadin_Sagligi_ve_Oz_Guven_Icin_Onemli_Bir_Adim\"><\/span><strong>Genital Estetik: Kad\u0131n Sa\u011fl\u0131\u011f\u0131 ve \u00d6z G\u00fcven \u0130\u00e7in \u00d6nemli Bir Ad\u0131m<\/strong><span class=\"ez-toc-section-end\"><\/span><\/h3>\n<p style=\"text-align: justify;\">Genital estetik, kad\u0131nlar\u0131n hem fiziksel hem de psikolojik olarak kendilerini daha iyi hissetmelerini sa\u011flayan bir dizi operasyonu i\u00e7ermektedir. Bu t\u00fcr i\u015flemler, estetik kayg\u0131lardan ziyade, cinsel sa\u011fl\u0131k ve g\u00fcnl\u00fck ya\u015fam kalitesini art\u0131rmaya y\u00f6nelik yap\u0131lmaktad\u0131r. <strong>Op. Dr. Hakan Sa\u011fer<\/strong>, genital estetik alan\u0131ndaki uzmanl\u0131\u011f\u0131yla, kad\u0131nlara sa\u011fl\u0131kl\u0131 ve g\u00fcvenilir \u00e7\u00f6z\u00fcmler sunmaktad\u0131r.<\/p>\n<h4 style=\"text-align: left;\"><span class=\"ez-toc-section\" id=\"Genital_Estetigin_Onemi\"><\/span><strong>Genital Esteti\u011fin \u00d6nemi<\/strong><span class=\"ez-toc-section-end\"><\/span><\/h4>\n<p style=\"text-align: justify;\">Genital estetik, estetik g\u00f6r\u00fcn\u00fcm\u00fc d\u00fczeltmekle kalmaz, ayn\u0131 zamanda cinsel i\u015flev bozukluklar\u0131n\u0131n giderilmesine yard\u0131mc\u0131 olabilir. Do\u011fum, ya\u015flanma, hormonal de\u011fi\u015fiklikler veya genetik nedenlerden dolay\u0131 ortaya \u00e7\u0131kan deformasyonlar, kad\u0131nlar\u0131n ya\u015fam kalitesini olumsuz etkileyebilir. Bu estetik i\u015flemler, hem fiziksel rahatl\u0131\u011f\u0131 hem de \u00f6zg\u00fcveni art\u0131rmaya y\u00f6neliktir.<\/p>\n<h4 style=\"text-align: left;\"><span class=\"ez-toc-section\" id=\"Genital_Estetik_Ameliyatlari_Neleri_Kapsar\"><\/span><strong>Genital Estetik Ameliyatlar\u0131 Neleri Kapsar?<\/strong><span class=\"ez-toc-section-end\"><\/span><\/h4>\n<p style=\"text-align: justify;\">Genital estetik kapsam\u0131nda uygulanan ba\u015fl\u0131ca ameliyatlar \u015funlard\u0131r:<\/p>\n<ul style=\"text-align: justify;\">\n<li><strong>Vaginoplasty<\/strong> (vajina daraltma)<\/li>\n<li><strong>Labiaplasty<\/strong> (i\u00e7 ve d\u0131\u015f dudaklar\u0131n \u015fekillendirilmesi)<\/li>\n<li><strong>K\u0131zl\u0131k Zar\u0131 Dikimi<\/strong><\/li>\n<li><strong>G Noktas\u0131 B\u00fcy\u00fctme (G-Shot)<\/strong><\/li>\n<li><strong>O Noktas\u0131 B\u00fcy\u00fctme (O-Shot)<\/strong><\/li>\n<li><strong>Vaginal Whitening<\/strong><\/li>\n<\/ul>\n<h4 style=\"text-align: left;\"><span class=\"ez-toc-section\" id=\"Genital_Estetik_Ameliyatlarinin_Avantajlari\"><\/span><strong>Genital Estetik Ameliyatlar\u0131n\u0131n Avantajlar\u0131<\/strong><span class=\"ez-toc-section-end\"><\/span><\/h4>\n<ul style=\"text-align: justify;\">\n<li>Cinsel tatminin art\u0131r\u0131lmas\u0131<\/li>\n<li>Fiziksel g\u00f6r\u00fcn\u00fcmde iyile\u015fme<\/li>\n<li>\u00d6zg\u00fcvenin geri kazan\u0131lmas\u0131<\/li>\n<li>Cinsel sa\u011fl\u0131k sorunlar\u0131n\u0131n giderilmesi<\/li>\n<\/ul>\n<p style=\"text-align: justify;\">Genital estetik i\u015flemleri, kad\u0131nlar\u0131n hem fiziksel hem de duygusal sa\u011fl\u0131klar\u0131na katk\u0131da bulunur. <strong>Op. Dr. Hakan Sa\u011fer<\/strong>, bu alanda g\u00fcvenilir ve titiz bir yakla\u015f\u0131m sunarak, hastalar\u0131n\u0131n beklentilerini en iyi \u015fekilde kar\u015f\u0131lamaktad\u0131r.<\/p>\n\n\n\t\t<\/div>\n\t\t\t\t\t<\/div>\n\n\t\n\n<\/div>","protected":false},"excerpt":{"rendered":"","protected":false},"author":1,"featured_media":0,"parent":376,"menu_order":0,"comment_status":"closed","ping_status":"closed","template":"page-blank.php","meta":{"footnotes":""},"class_list":["post-644","page","type-page","status-publish","hentry"],"_links":{"self":[{"href":"https:\/\/www.hakansager.com\/en\/wp-json\/wp\/v2\/pages\/644","targetHints":{"allow":["GET"]}}],"collection":[{"href":"https:\/\/www.hakansager.com\/en\/wp-json\/wp\/v2\/pages"}],"about":[{"href":"https:\/\/www.hakansager.com\/en\/wp-json\/wp\/v2\/types\/page"}],"author":[{"embeddable":true,"href":"https:\/\/www.hakansager.com\/en\/wp-json\/wp\/v2\/users\/1"}],"replies":[{"embeddable":true,"href":"https:\/\/www.hakansager.com\/en\/wp-json\/wp\/v2\/comments?post=644"}],"version-history":[{"count":7,"href":"https:\/\/www.hakansager.com\/en\/wp-json\/wp\/v2\/pages\/644\/revisions"}],"predecessor-version":[{"id":651,"href":"https:\/\/www.hakansager.com\/en\/wp-json\/wp\/v2\/pages\/644\/revisions\/651"}],"up":[{"embeddable":true,"href":"https:\/\/www.hakansager.com\/en\/wp-json\/wp\/v2\/pages\/376"}],"wp:attachment":[{"href":"https:\/\/www.hakansager.com\/en\/wp-json\/wp\/v2\/media?parent=644"}],"curies":[{"name":"wp","href":"https:\/\/api.w.org\/{rel}","templated":true}]}}