{"id":692,"date":"2024-11-06T15:22:08","date_gmt":"2024-11-06T12:22:08","guid":{"rendered":"https:\/\/www.hakansager.com\/?page_id=692"},"modified":"2024-11-06T15:24:47","modified_gmt":"2024-11-06T12:24:47","slug":"o-noktasi-buyutme","status":"publish","type":"page","link":"https:\/\/www.hakansager.com\/en\/uzmanliklar\/o-noktasi-buyutme\/","title":{"rendered":"O-Spot Enlargement"},"content":{"rendered":"<div id=\"page-header-1669674110\" class=\"page-header-wrapper\">\n  <div class=\"page-title dark featured-title\">\n\n    \n    <div class=\"page-title-inner container align-center flex-row medium-flex-wrap\" >\n              <div class=\"title-wrapper flex-col text-left medium-text-center\">\n          <h1 class=\"entry-title mb-0\"><span class=\"ez-toc-section\" id=\"O_Noktasi_Buyutme\"><\/span>\n            O-Spot Enlargement          <span class=\"ez-toc-section-end\"><\/span><\/h1>\n        <\/div>\n                    <div class=\"title-content flex-col flex-right text-right medium-text-center\">\n        <div class=\"title-breadcrumbs pb-half pt-half\"><\/div>      <\/div>\n    <\/div>\n\n       <\/div>\n    <\/div>\n  \n\n\t<div id=\"gap-2096877334\" class=\"gap-element clearfix\" style=\"display:block; height:auto;\">\n\t\t\n<style>\n#gap-2096877334 {\n  padding-top: 30px;\n}\n<\/style>\n\t<\/div>\n\t\n\n<div class=\"row\"  id=\"row-206332875\">\n\n\n\t<div id=\"col-1238288161\" class=\"col small-12 large-12\"  >\n\t\t\t\t<div class=\"col-inner\"  >\n\t\t\t\n\t\t\t\n\n<h3><div id=\"ez-toc-container\" class=\"ez-toc-v2_0_76 ez-toc-wrap-left counter-hierarchy ez-toc-counter ez-toc-grey ez-toc-container-direction\">\n<div class=\"ez-toc-title-container\">\n<span class=\"ez-toc-title-toggle\"><a href=\"#\" class=\"ez-toc-pull-right ez-toc-btn ez-toc-btn-xs ez-toc-btn-default ez-toc-toggle\" aria-label=\"Toggle Table of Content\"><span class=\"ez-toc-js-icon-con\"><span class=\"\"><span class=\"eztoc-hide\" style=\"display:none;\">Toggle<\/span><span class=\"ez-toc-icon-toggle-span\"><svg style=\"fill: #999;color:#999\" xmlns=\"http:\/\/www.w3.org\/2000\/svg\" class=\"list-377408\" width=\"20px\" height=\"20px\" viewbox=\"0 0 24 24\" fill=\"none\"><path d=\"M6 6H4v2h2V6zm14 0H8v2h12V6zM4 11h2v2H4v-2zm16 0H8v2h12v-2zM4 16h2v2H4v-2zm16 0H8v2h12v-2z\" fill=\"currentColor\"><\/path><\/svg><svg style=\"fill: #999;color:#999\" class=\"arrow-unsorted-368013\" xmlns=\"http:\/\/www.w3.org\/2000\/svg\" width=\"10px\" height=\"10px\" viewbox=\"0 0 24 24\" version=\"1.2\" baseprofile=\"tiny\"><path d=\"M18.2 9.3l-6.2-6.3-6.2 6.3c-.2.2-.3.4-.3.7s.1.5.3.7c.2.2.4.3.7.3h11c.3 0 .5-.1.7-.3.2-.2.3-.5.3-.7s-.1-.5-.3-.7zM5.8 14.7l6.2 6.3 6.2-6.3c.2-.2.3-.5.3-.7s-.1-.5-.3-.7c-.2-.2-.4-.3-.7-.3h-11c-.3 0-.5.1-.7.3-.2.2-.3.5-.3.7s.1.5.3.7z\"\/><\/svg><\/span><\/span><\/span><\/a><\/span><\/div>\n<nav><ul class='ez-toc-list ez-toc-list-level-1' ><li class='ez-toc-page-1 ez-toc-heading-level-1'><a class=\"ez-toc-link ez-toc-heading-1\" href=\"https:\/\/www.hakansager.com\/en\/uzmanliklar\/o-noktasi-buyutme\/#O_Noktasi_Buyutme\" >O-Spot Enlargement<\/a><ul class='ez-toc-list-level-3' ><li class='ez-toc-heading-level-3'><ul class='ez-toc-list-level-3' ><li class='ez-toc-heading-level-3'><a class=\"ez-toc-link ez-toc-heading-2\" href=\"https:\/\/www.hakansager.com\/en\/uzmanliklar\/o-noktasi-buyutme\/#O_Noktasi_Buyutme_O-Shot_Nedir\" >O Noktas\u0131 B\u00fcy\u00fctme (O-Shot) Nedir?<\/a><ul class='ez-toc-list-level-4' ><li class='ez-toc-heading-level-4'><a class=\"ez-toc-link ez-toc-heading-3\" href=\"https:\/\/www.hakansager.com\/en\/uzmanliklar\/o-noktasi-buyutme\/#O-Shot_Nasil_Uygulanir\" >O-Shot Nas\u0131l Uygulan\u0131r?<\/a><\/li><li class='ez-toc-page-1 ez-toc-heading-level-4'><a class=\"ez-toc-link ez-toc-heading-4\" href=\"https:\/\/www.hakansager.com\/en\/uzmanliklar\/o-noktasi-buyutme\/#O-Shot_Kimler_Icin_Uygundur\" >O-Shot Kimler \u0130\u00e7in Uygundur?<\/a><\/li><li class='ez-toc-page-1 ez-toc-heading-level-4'><a class=\"ez-toc-link ez-toc-heading-5\" href=\"https:\/\/www.hakansager.com\/en\/uzmanliklar\/o-noktasi-buyutme\/#O-Shot_Sonrasi_Ne_Beklenmelidir\" >O-Shot Sonras\u0131 Ne Beklenmelidir?<\/a><\/li><li class='ez-toc-page-1 ez-toc-heading-level-4'><a class=\"ez-toc-link ez-toc-heading-6\" href=\"https:\/\/www.hakansager.com\/en\/uzmanliklar\/o-noktasi-buyutme\/#O_Noktasi_Buyutme_O-Shot_Isleminin_Avantajlari\" >O Noktas\u0131 B\u00fcy\u00fctme (O-Shot) \u0130\u015fleminin Avantajlar\u0131<\/a><\/li><li class='ez-toc-page-1 ez-toc-heading-level-4'><a class=\"ez-toc-link ez-toc-heading-7\" href=\"https:\/\/www.hakansager.com\/en\/uzmanliklar\/o-noktasi-buyutme\/#O-Shot_Sonrasi_Dikkat_Edilmesi_Gerekenler\" >O-Shot Sonras\u0131 Dikkat Edilmesi Gerekenler<\/a><\/li><\/ul><\/li><\/ul><\/li><\/ul><\/li><\/ul><\/nav><\/div>\n<\/h3>\n<h3 style=\"text-align: left;\"><span class=\"ez-toc-section\" id=\"O_Noktasi_Buyutme_O-Shot_Nedir\"><\/span><strong>O Noktas\u0131 B\u00fcy\u00fctme (O-Shot) Nedir?<\/strong><span class=\"ez-toc-section-end\"><\/span><\/h3>\n<p style=\"text-align: justify;\">O noktas\u0131 b\u00fcy\u00fctme, kad\u0131nlarda orgazm hissini art\u0131rmak amac\u0131yla yap\u0131lan bir tedavi y\u00f6ntemidir. O-Shot olarak da bilinen bu uygulama, cinsel i\u015flev bozukluklar\u0131 ya\u015fayan ya da orgazm hissini g\u00fc\u00e7lendirmek isteyen kad\u0131nlara y\u00f6nelik geli\u015ftirilmi\u015ftir. \u0130\u015flem, cinsel hazz\u0131 art\u0131rmay\u0131 hedefleyen etkili bir y\u00f6ntem olup, genellikle do\u011fal v\u00fccut kaynaklar\u0131ndan elde edilen materyallerle ger\u00e7ekle\u015ftirilir. Bu y\u00f6ntem, kad\u0131nlar\u0131n cinsel ya\u015fam kalitesinde belirgin bir iyile\u015fme sa\u011flamaktad\u0131r.<\/p>\n<h4 style=\"text-align: left;\"><span class=\"ez-toc-section\" id=\"O-Shot_Nasil_Uygulanir\"><\/span><strong>O-Shot Nas\u0131l Uygulan\u0131r?<\/strong><span class=\"ez-toc-section-end\"><\/span><\/h4>\n<p style=\"text-align: justify;\">O-Shot i\u015flemi, hastan\u0131n kendi kan\u0131ndan al\u0131nan platelet-rich plasma (PRP) ad\u0131 verilen bir plazman\u0131n kullan\u0131lmas\u0131yla yap\u0131l\u0131r. \u0130lk olarak hastan\u0131n kan\u0131 al\u0131n\u0131r ve \u00f6zel bir cihaz yard\u0131m\u0131yla PRP ayr\u0131\u015ft\u0131r\u0131l\u0131r. Daha sonra bu PRP, vajinal b\u00f6lgeye ve klitoris \u00e7evresine enjekte edilir. Enjeksiyon, cinsel uyar\u0131lma noktalar\u0131n\u0131 daha hassas hale getirir ve orgazm hissinin artmas\u0131na katk\u0131 sa\u011flar. O-Shot i\u015flemi, genellikle lokal anestezi alt\u0131nda ger\u00e7ekle\u015ftirilir ve i\u015flem s\u00fcresi 30 dakika gibi k\u0131sa bir zaman al\u0131r.<\/p>\n<h4 style=\"text-align: left;\"><span class=\"ez-toc-section\" id=\"O-Shot_Kimler_Icin_Uygundur\"><\/span><strong>O-Shot Kimler \u0130\u00e7in Uygundur?<\/strong><span class=\"ez-toc-section-end\"><\/span><\/h4>\n<p style=\"text-align: justify;\">O-Shot tedavisi, orgazm sorunu ya\u015fayan ya da cinsel hazz\u0131 art\u0131rmak isteyen kad\u0131nlar i\u00e7in uygundur. Cinsel ili\u015fkide a\u011fr\u0131 ya\u015fayan, vajinal kuruluk \u015fikayeti olan ya da cinsel tatminsizlik ya\u015fayan kad\u0131nlar, bu y\u00f6ntemden b\u00fcy\u00fck \u00f6l\u00e7\u00fcde fayda sa\u011flayabilirler. \u0130\u015flemin herhangi bir ya\u015f s\u0131n\u0131r\u0131 olmamakla birlikte, cinsel sa\u011fl\u0131k a\u00e7\u0131s\u0131ndan uygun olan her kad\u0131na yap\u0131labilmektedir.<\/p>\n<h4 style=\"text-align: left;\"><span class=\"ez-toc-section\" id=\"O-Shot_Sonrasi_Ne_Beklenmelidir\"><\/span><strong>O-Shot Sonras\u0131 Ne Beklenmelidir?<\/strong><span class=\"ez-toc-section-end\"><\/span><\/h4>\n<p style=\"text-align: justify;\">O-Shot tedavisinin ard\u0131ndan, kad\u0131nlar genellikle cinsel tatminlerinde belirgin bir art\u0131\u015f hissederler. \u0130lk etkiler, birka\u00e7 g\u00fcn i\u00e7inde ortaya \u00e7\u0131karken, en iyi sonu\u00e7lar birka\u00e7 hafta sonra g\u00f6zlemlenebilir. Tedavi sonras\u0131nda cinsel ili\u015fkinin daha keyifli hale geldi\u011fi, orgazm hissinin g\u00fc\u00e7lendi\u011fi ve vajinal kuruluk probleminin azald\u0131\u011f\u0131 bildirilmi\u015ftir. Ayr\u0131ca O-Shot, uzun vadede vajinal dokular\u0131n yenilenmesine de katk\u0131da bulunmaktad\u0131r.<\/p>\n<h4 style=\"text-align: left;\"><span class=\"ez-toc-section\" id=\"O_Noktasi_Buyutme_O-Shot_Isleminin_Avantajlari\"><\/span><strong>O Noktas\u0131 B\u00fcy\u00fctme (O-Shot) \u0130\u015fleminin Avantajlar\u0131<\/strong><span class=\"ez-toc-section-end\"><\/span><\/h4>\n<ul style=\"text-align: justify;\">\n<li>Do\u011fal materyaller kullan\u0131larak yap\u0131lmas\u0131<\/li>\n<li>Cinsel hazz\u0131n artmas\u0131<\/li>\n<li>Vajinal dokular\u0131n yenilenmesine yard\u0131mc\u0131 olmas\u0131<\/li>\n<li>K\u0131sa s\u00fcrede uygulanabilir olmas\u0131<\/li>\n<li>\u0130yile\u015fme s\u00fcresinin k\u0131sa olmas\u0131<\/li>\n<\/ul>\n<h4 style=\"text-align: left;\"><span class=\"ez-toc-section\" id=\"O-Shot_Sonrasi_Dikkat_Edilmesi_Gerekenler\"><\/span><strong>O-Shot Sonras\u0131 Dikkat Edilmesi Gerekenler<\/strong><span class=\"ez-toc-section-end\"><\/span><\/h4>\n<p style=\"text-align: justify;\">O-Shot i\u015fleminden sonra, hastalar\u0131n g\u00fcnl\u00fck aktivitelerine hemen d\u00f6nmesi m\u00fcmk\u00fcnd\u00fcr. Ancak, birka\u00e7 g\u00fcn boyunca cinsel ili\u015fkiye ara verilmesi \u00f6nerilir. Enjeksiyon b\u00f6lgesinde hafif \u015fi\u015flik ya da k\u0131zar\u0131kl\u0131k meydana gelebilir, ancak bu durum genellikle k\u0131sa s\u00fcrede kendili\u011finden ge\u00e7er. O-Shot tedavisinin etkileri birka\u00e7 ay s\u00fcrebilir ve istenildi\u011fi takdirde i\u015flem tekrarlanabilir.<\/p>\n<p style=\"text-align: justify;\">O noktas\u0131 b\u00fcy\u00fctme (O-Shot), kad\u0131nlar\u0131n cinsel tatminini art\u0131rmaya y\u00f6nelik son derece etkili bir y\u00f6ntemdir. Bu i\u015flem, cinsel sa\u011fl\u0131\u011f\u0131n\u0131 iyile\u015ftirmek isteyen kad\u0131nlar i\u00e7in g\u00fcvenli ve do\u011fal bir \u00e7\u00f6z\u00fcm sunar. <strong>Op. Dr. Hakan Sa\u011fer<\/strong>, O-Shot uygulamalar\u0131 konusunda uzmanla\u015fm\u0131\u015f bir hekim olarak, ki\u015fiye \u00f6zel tedavi se\u00e7enekleri sunmaktad\u0131r.<\/p>\n\n\n\t\t<\/div>\n\t\t\t\t\t<\/div>\n\n\t\n\n<\/div>","protected":false},"excerpt":{"rendered":"","protected":false},"author":1,"featured_media":0,"parent":376,"menu_order":0,"comment_status":"closed","ping_status":"closed","template":"page-blank.php","meta":{"footnotes":""},"class_list":["post-692","page","type-page","status-publish","hentry"],"_links":{"self":[{"href":"https:\/\/www.hakansager.com\/en\/wp-json\/wp\/v2\/pages\/692","targetHints":{"allow":["GET"]}}],"collection":[{"href":"https:\/\/www.hakansager.com\/en\/wp-json\/wp\/v2\/pages"}],"about":[{"href":"https:\/\/www.hakansager.com\/en\/wp-json\/wp\/v2\/types\/page"}],"author":[{"embeddable":true,"href":"https:\/\/www.hakansager.com\/en\/wp-json\/wp\/v2\/users\/1"}],"replies":[{"embeddable":true,"href":"https:\/\/www.hakansager.com\/en\/wp-json\/wp\/v2\/comments?post=692"}],"version-history":[{"count":6,"href":"https:\/\/www.hakansager.com\/en\/wp-json\/wp\/v2\/pages\/692\/revisions"}],"predecessor-version":[{"id":698,"href":"https:\/\/www.hakansager.com\/en\/wp-json\/wp\/v2\/pages\/692\/revisions\/698"}],"up":[{"embeddable":true,"href":"https:\/\/www.hakansager.com\/en\/wp-json\/wp\/v2\/pages\/376"}],"wp:attachment":[{"href":"https:\/\/www.hakansager.com\/en\/wp-json\/wp\/v2\/media?parent=692"}],"curies":[{"name":"wp","href":"https:\/\/api.w.org\/{rel}","templated":true}]}}