{"id":756,"date":"2024-11-06T22:52:20","date_gmt":"2024-11-06T19:52:20","guid":{"rendered":"https:\/\/www.hakansager.com\/?page_id=756"},"modified":"2024-11-06T22:53:51","modified_gmt":"2024-11-06T19:53:51","slug":"prp-islemleri","status":"publish","type":"page","link":"https:\/\/www.hakansager.com\/en\/uzmanliklar\/prp-islemleri\/","title":{"rendered":"PRP Procedures"},"content":{"rendered":"<div id=\"page-header-775019444\" class=\"page-header-wrapper\">\n  <div class=\"page-title dark featured-title\">\n\n    \n    <div class=\"page-title-inner container align-center flex-row medium-flex-wrap\" >\n              <div class=\"title-wrapper flex-col text-left medium-text-center\">\n          <h1 class=\"entry-title mb-0\"><span class=\"ez-toc-section\" id=\"PRP_Islemleri\"><\/span>\n            PRP Procedures          <span class=\"ez-toc-section-end\"><\/span><\/h1>\n        <\/div>\n                    <div class=\"title-content flex-col flex-right text-right medium-text-center\">\n        <div class=\"title-share pt-half pb-half\"><div class=\"social-icons share-icons share-row relative\" ><a href=\"whatsapp:\/\/send?text=PRP%20%C4%B0%C5%9Flemleri - https:\/\/www.hakansager.com\/en\/uzmanliklar\/prp-islemleri\/\" data-action=\"share\/whatsapp\/share\" class=\"icon button circle is-outline tooltip whatsapp show-for-medium\" title=\"Share on WhatsApp\" aria-label=\"Share on WhatsApp\"><i class=\"icon-whatsapp\"><\/i><\/a><a href=\"https:\/\/www.facebook.com\/sharer.php?u=https:\/\/www.hakansager.com\/en\/uzmanliklar\/prp-islemleri\/\" data-label=\"Facebook\" onclick=\"window.open(this.href,this.title,'width=500,height=500,top=300px,left=300px');  return false;\" rel=\"noopener noreferrer nofollow\" target=\"_blank\" class=\"icon button circle is-outline tooltip facebook\" title=\"Share on Facebook\" aria-label=\"Share on Facebook\"><i class=\"icon-facebook\" ><\/i><\/a><a href=\"https:\/\/twitter.com\/share?url=https:\/\/www.hakansager.com\/en\/uzmanliklar\/prp-islemleri\/\" onclick=\"window.open(this.href,this.title,'width=500,height=500,top=300px,left=300px');  return false;\" rel=\"noopener noreferrer nofollow\" target=\"_blank\" class=\"icon button circle is-outline tooltip twitter\" title=\"Share on Twitter\" aria-label=\"Share on Twitter\"><i class=\"icon-twitter\" ><\/i><\/a><a href=\"mailto:enteryour@addresshere.com?subject=PRP%20%C4%B0%C5%9Flemleri&amp;body=Check%20this%20out:%20https:\/\/www.hakansager.com\/en\/uzmanliklar\/prp-islemleri\/\" rel=\"nofollow\" class=\"icon button circle is-outline tooltip email\" title=\"Email to a Friend\" aria-label=\"Email to a Friend\"><i class=\"icon-envelop\" ><\/i><\/a><a href=\"https:\/\/pinterest.com\/pin\/create\/button\/?url=https:\/\/www.hakansager.com\/en\/uzmanliklar\/prp-islemleri\/&amp;media=&amp;description=PRP%20%C4%B0%C5%9Flemleri\" onclick=\"window.open(this.href,this.title,'width=500,height=500,top=300px,left=300px');  return false;\" rel=\"noopener noreferrer nofollow\" target=\"_blank\" class=\"icon button circle is-outline tooltip pinterest\" title=\"Pin on Pinterest\" aria-label=\"Pin on Pinterest\"><i class=\"icon-pinterest\" ><\/i><\/a><a href=\"https:\/\/www.linkedin.com\/shareArticle?mini=true&url=https:\/\/www.hakansager.com\/en\/uzmanliklar\/prp-islemleri\/&title=PRP%20%C4%B0%C5%9Flemleri\" onclick=\"window.open(this.href,this.title,'width=500,height=500,top=300px,left=300px');  return false;\"  rel=\"noopener noreferrer nofollow\" target=\"_blank\" class=\"icon button circle is-outline tooltip linkedin\" title=\"Share on LinkedIn\" aria-label=\"Share on LinkedIn\"><i class=\"icon-linkedin\" ><\/i><\/a><\/div><\/div>      <\/div>\n    <\/div>\n\n       <\/div>\n    <\/div>\n  \n\n\t<div id=\"gap-1493796456\" class=\"gap-element clearfix\" style=\"display:block; height:auto;\">\n\t\t\n<style>\n#gap-1493796456 {\n  padding-top: 30px;\n}\n<\/style>\n\t<\/div>\n\t\n\n<div class=\"row\"  id=\"row-1970314328\">\n\n\n\t<div id=\"col-1324787409\" class=\"col small-12 large-12\"  >\n\t\t\t\t<div class=\"col-inner\"  >\n\t\t\t\n\t\t\t\n\n<h3><div id=\"ez-toc-container\" class=\"ez-toc-v2_0_76 ez-toc-wrap-left counter-hierarchy ez-toc-counter ez-toc-grey ez-toc-container-direction\">\n<div class=\"ez-toc-title-container\">\n<span class=\"ez-toc-title-toggle\"><a href=\"#\" class=\"ez-toc-pull-right ez-toc-btn ez-toc-btn-xs ez-toc-btn-default ez-toc-toggle\" aria-label=\"Toggle Table of Content\"><span class=\"ez-toc-js-icon-con\"><span class=\"\"><span class=\"eztoc-hide\" style=\"display:none;\">Toggle<\/span><span class=\"ez-toc-icon-toggle-span\"><svg style=\"fill: #999;color:#999\" xmlns=\"http:\/\/www.w3.org\/2000\/svg\" class=\"list-377408\" width=\"20px\" height=\"20px\" viewbox=\"0 0 24 24\" fill=\"none\"><path d=\"M6 6H4v2h2V6zm14 0H8v2h12V6zM4 11h2v2H4v-2zm16 0H8v2h12v-2zM4 16h2v2H4v-2zm16 0H8v2h12v-2z\" fill=\"currentColor\"><\/path><\/svg><svg style=\"fill: #999;color:#999\" class=\"arrow-unsorted-368013\" xmlns=\"http:\/\/www.w3.org\/2000\/svg\" width=\"10px\" height=\"10px\" viewbox=\"0 0 24 24\" version=\"1.2\" baseprofile=\"tiny\"><path d=\"M18.2 9.3l-6.2-6.3-6.2 6.3c-.2.2-.3.4-.3.7s.1.5.3.7c.2.2.4.3.7.3h11c.3 0 .5-.1.7-.3.2-.2.3-.5.3-.7s-.1-.5-.3-.7zM5.8 14.7l6.2 6.3 6.2-6.3c.2-.2.3-.5.3-.7s-.1-.5-.3-.7c-.2-.2-.4-.3-.7-.3h-11c-.3 0-.5.1-.7.3-.2.2-.3.5-.3.7s.1.5.3.7z\"\/><\/svg><\/span><\/span><\/span><\/a><\/span><\/div>\n<nav><ul class='ez-toc-list ez-toc-list-level-1' ><li class='ez-toc-page-1 ez-toc-heading-level-1'><a class=\"ez-toc-link ez-toc-heading-1\" href=\"https:\/\/www.hakansager.com\/en\/uzmanliklar\/prp-islemleri\/#PRP_Islemleri\" >PRP Procedures<\/a><ul class='ez-toc-list-level-3' ><li class='ez-toc-heading-level-3'><ul class='ez-toc-list-level-3' ><li class='ez-toc-heading-level-3'><a class=\"ez-toc-link ez-toc-heading-2\" href=\"https:\/\/www.hakansager.com\/en\/uzmanliklar\/prp-islemleri\/#PRP_Islemleri_Cilt_Yenileme_ve_Genclesme_Icin_Dogal_Bir_Cozum\" >PRP \u0130\u015flemleri: Cilt Yenileme ve Gen\u00e7le\u015fme \u0130\u00e7in Do\u011fal Bir \u00c7\u00f6z\u00fcm<\/a><ul class='ez-toc-list-level-4' ><li class='ez-toc-heading-level-4'><a class=\"ez-toc-link ez-toc-heading-3\" href=\"https:\/\/www.hakansager.com\/en\/uzmanliklar\/prp-islemleri\/#PRP_Islemlerinin_Faydalari\" >PRP \u0130\u015flemlerinin Faydalar\u0131<\/a><\/li><\/ul><\/li><\/ul><\/li><\/ul><\/li><\/ul><\/nav><\/div>\n<\/h3>\n<h3 style=\"text-align: left;\"><span class=\"ez-toc-section\" id=\"PRP_Islemleri_Cilt_Yenileme_ve_Genclesme_Icin_Dogal_Bir_Cozum\"><\/span><strong>PRP \u0130\u015flemleri: Cilt Yenileme ve Gen\u00e7le\u015fme \u0130\u00e7in Do\u011fal Bir \u00c7\u00f6z\u00fcm<\/strong><span class=\"ez-toc-section-end\"><\/span><\/h3>\n<p style=\"text-align: justify;\">PRP (Platelet Rich Plasma) i\u015flemleri, ki\u015finin kendi kan\u0131ndan elde edilen plazman\u0131n cilt yenileme ve gen\u00e7le\u015ftirme amac\u0131yla kullan\u0131ld\u0131\u011f\u0131 etkili bir y\u00f6ntemdir. Bu i\u015flemde, kan\u0131n i\u00e7indeki platelet ad\u0131 verilen h\u00fccreler, iyile\u015fme s\u00fcrecini h\u0131zland\u0131r\u0131c\u0131 \u00f6zellikleriyle bilinir. PRP, cildin alt katmanlar\u0131na enjekte edilerek h\u00fccre yenilenmesini te\u015fvik eder ve daha gen\u00e7 bir g\u00f6r\u00fcn\u00fcm sa\u011flar.<\/p>\n<p style=\"text-align: justify;\">PRP i\u015flemi, do\u011fal bir y\u00f6ntem oldu\u011fu i\u00e7in cildin genel sa\u011fl\u0131\u011f\u0131na zarar vermez. Plateletlerin cilt alt\u0131na enjekte edilmesiyle kolajen \u00fcretimi art\u0131r\u0131l\u0131r, bu da cildin s\u0131k\u0131la\u015fmas\u0131na ve k\u0131r\u0131\u015f\u0131kl\u0131klar\u0131n azalmas\u0131na katk\u0131 sa\u011flar. PRP, genellikle cilt yenileme, sa\u00e7 d\u00f6k\u00fclmesi tedavisi, yara izi ve akne izlerinin giderilmesi gibi alanlarda kullan\u0131l\u0131r.<\/p>\n<h4 style=\"text-align: left;\"><span class=\"ez-toc-section\" id=\"PRP_Islemlerinin_Faydalari\"><\/span><strong>PRP \u0130\u015flemlerinin Faydalar\u0131<\/strong><span class=\"ez-toc-section-end\"><\/span><\/h4>\n<ul style=\"text-align: justify;\">\n<li>Ki\u015finin kendi kan\u0131ndan elde edildi\u011fi i\u00e7in tamamen do\u011fald\u0131r<\/li>\n<li>Cilt dokusunu yeniler ve cildin s\u0131k\u0131l\u0131\u011f\u0131n\u0131 art\u0131r\u0131r<\/li>\n<li>K\u0131r\u0131\u015f\u0131kl\u0131klar\u0131n ve ince \u00e7izgilerin g\u00f6r\u00fcn\u00fcm\u00fcn\u00fc azalt\u0131r<\/li>\n<li>Sa\u00e7 d\u00f6k\u00fclmesi tedavisinde de etkili sonu\u00e7lar sunar<\/li>\n<\/ul>\n<p style=\"text-align: justify;\">PRP i\u015flemi sonras\u0131nda cildin iyile\u015fme s\u00fcreci do\u011fal olarak ba\u015flar ve birka\u00e7 hafta i\u00e7inde g\u00f6zle g\u00f6r\u00fcl\u00fcr sonu\u00e7lar elde edilir. Bu y\u00f6ntem, estetik kayg\u0131lar\u0131 olan bir\u00e7ok ki\u015fi taraf\u0131ndan tercih edilmektedir. Ayn\u0131 zamanda minimal invaziv bir i\u015flem oldu\u011fu i\u00e7in iyile\u015fme s\u00fcresi olduk\u00e7a k\u0131sad\u0131r.<\/p>\n\n\n\t\t<\/div>\n\t\t\t\t\t<\/div>\n\n\t\n\n<\/div>","protected":false},"excerpt":{"rendered":"","protected":false},"author":1,"featured_media":0,"parent":376,"menu_order":0,"comment_status":"closed","ping_status":"closed","template":"page-blank.php","meta":{"footnotes":""},"class_list":["post-756","page","type-page","status-publish","hentry"],"_links":{"self":[{"href":"https:\/\/www.hakansager.com\/en\/wp-json\/wp\/v2\/pages\/756","targetHints":{"allow":["GET"]}}],"collection":[{"href":"https:\/\/www.hakansager.com\/en\/wp-json\/wp\/v2\/pages"}],"about":[{"href":"https:\/\/www.hakansager.com\/en\/wp-json\/wp\/v2\/types\/page"}],"author":[{"embeddable":true,"href":"https:\/\/www.hakansager.com\/en\/wp-json\/wp\/v2\/users\/1"}],"replies":[{"embeddable":true,"href":"https:\/\/www.hakansager.com\/en\/wp-json\/wp\/v2\/comments?post=756"}],"version-history":[{"count":7,"href":"https:\/\/www.hakansager.com\/en\/wp-json\/wp\/v2\/pages\/756\/revisions"}],"predecessor-version":[{"id":763,"href":"https:\/\/www.hakansager.com\/en\/wp-json\/wp\/v2\/pages\/756\/revisions\/763"}],"up":[{"embeddable":true,"href":"https:\/\/www.hakansager.com\/en\/wp-json\/wp\/v2\/pages\/376"}],"wp:attachment":[{"href":"https:\/\/www.hakansager.com\/en\/wp-json\/wp\/v2\/media?parent=756"}],"curies":[{"name":"wp","href":"https:\/\/api.w.org\/{rel}","templated":true}]}}