{"id":772,"date":"2024-11-06T22:56:23","date_gmt":"2024-11-06T19:56:23","guid":{"rendered":"https:\/\/www.hakansager.com\/?page_id=772"},"modified":"2024-11-06T22:57:46","modified_gmt":"2024-11-06T19:57:46","slug":"glutatyon","status":"publish","type":"page","link":"https:\/\/www.hakansager.com\/en\/uzmanliklar\/glutatyon\/","title":{"rendered":"Glutathione"},"content":{"rendered":"<div id=\"page-header-1768106911\" class=\"page-header-wrapper\">\n  <div class=\"page-title dark featured-title\">\n\n    \n    <div class=\"page-title-inner container align-center flex-row medium-flex-wrap\" >\n              <div class=\"title-wrapper flex-col text-left medium-text-center\">\n          <h1 class=\"entry-title mb-0\"><span class=\"ez-toc-section\" id=\"Glutatyon\"><\/span>\n            Glutathione          <span class=\"ez-toc-section-end\"><\/span><\/h1>\n        <\/div>\n                    <div class=\"title-content flex-col flex-right text-right medium-text-center\">\n        <div class=\"title-share pt-half pb-half\"><div class=\"social-icons share-icons share-row relative\" ><a href=\"whatsapp:\/\/send?text=Glutatyon - https:\/\/www.hakansager.com\/en\/uzmanliklar\/glutatyon\/\" data-action=\"share\/whatsapp\/share\" class=\"icon button circle is-outline tooltip whatsapp show-for-medium\" title=\"Share on WhatsApp\" aria-label=\"Share on WhatsApp\"><i class=\"icon-whatsapp\"><\/i><\/a><a href=\"https:\/\/www.facebook.com\/sharer.php?u=https:\/\/www.hakansager.com\/en\/uzmanliklar\/glutatyon\/\" data-label=\"Facebook\" onclick=\"window.open(this.href,this.title,'width=500,height=500,top=300px,left=300px');  return false;\" rel=\"noopener noreferrer nofollow\" target=\"_blank\" class=\"icon button circle is-outline tooltip facebook\" title=\"Share on Facebook\" aria-label=\"Share on Facebook\"><i class=\"icon-facebook\" ><\/i><\/a><a href=\"https:\/\/twitter.com\/share?url=https:\/\/www.hakansager.com\/en\/uzmanliklar\/glutatyon\/\" onclick=\"window.open(this.href,this.title,'width=500,height=500,top=300px,left=300px');  return false;\" rel=\"noopener noreferrer nofollow\" target=\"_blank\" class=\"icon button circle is-outline tooltip twitter\" title=\"Share on Twitter\" aria-label=\"Share on Twitter\"><i class=\"icon-twitter\" ><\/i><\/a><a href=\"mailto:enteryour@addresshere.com?subject=Glutatyon&amp;body=Check%20this%20out:%20https:\/\/www.hakansager.com\/en\/uzmanliklar\/glutatyon\/\" rel=\"nofollow\" class=\"icon button circle is-outline tooltip email\" title=\"Email to a Friend\" aria-label=\"Email to a Friend\"><i class=\"icon-envelop\" ><\/i><\/a><a href=\"https:\/\/pinterest.com\/pin\/create\/button\/?url=https:\/\/www.hakansager.com\/en\/uzmanliklar\/glutatyon\/&amp;media=&amp;description=Glutatyon\" onclick=\"window.open(this.href,this.title,'width=500,height=500,top=300px,left=300px');  return false;\" rel=\"noopener noreferrer nofollow\" target=\"_blank\" class=\"icon button circle is-outline tooltip pinterest\" title=\"Pin on Pinterest\" aria-label=\"Pin on Pinterest\"><i class=\"icon-pinterest\" ><\/i><\/a><a href=\"https:\/\/www.linkedin.com\/shareArticle?mini=true&url=https:\/\/www.hakansager.com\/en\/uzmanliklar\/glutatyon\/&title=Glutatyon\" onclick=\"window.open(this.href,this.title,'width=500,height=500,top=300px,left=300px');  return false;\"  rel=\"noopener noreferrer nofollow\" target=\"_blank\" class=\"icon button circle is-outline tooltip linkedin\" title=\"Share on LinkedIn\" aria-label=\"Share on LinkedIn\"><i class=\"icon-linkedin\" ><\/i><\/a><\/div><\/div>      <\/div>\n    <\/div>\n\n       <\/div>\n    <\/div>\n  \n\n\t<div id=\"gap-1104080382\" class=\"gap-element clearfix\" style=\"display:block; height:auto;\">\n\t\t\n<style>\n#gap-1104080382 {\n  padding-top: 30px;\n}\n<\/style>\n\t<\/div>\n\t\n\n<div class=\"row\"  id=\"row-223068383\">\n\n\n\t<div id=\"col-696384691\" class=\"col small-12 large-12\"  >\n\t\t\t\t<div class=\"col-inner\"  >\n\t\t\t\n\t\t\t\n\n<h3><div id=\"ez-toc-container\" class=\"ez-toc-v2_0_76 ez-toc-wrap-left counter-hierarchy ez-toc-counter ez-toc-grey ez-toc-container-direction\">\n<div class=\"ez-toc-title-container\">\n<span class=\"ez-toc-title-toggle\"><a href=\"#\" class=\"ez-toc-pull-right ez-toc-btn ez-toc-btn-xs ez-toc-btn-default ez-toc-toggle\" aria-label=\"Toggle Table of Content\"><span class=\"ez-toc-js-icon-con\"><span class=\"\"><span class=\"eztoc-hide\" style=\"display:none;\">Toggle<\/span><span class=\"ez-toc-icon-toggle-span\"><svg style=\"fill: #999;color:#999\" xmlns=\"http:\/\/www.w3.org\/2000\/svg\" class=\"list-377408\" width=\"20px\" height=\"20px\" viewbox=\"0 0 24 24\" fill=\"none\"><path d=\"M6 6H4v2h2V6zm14 0H8v2h12V6zM4 11h2v2H4v-2zm16 0H8v2h12v-2zM4 16h2v2H4v-2zm16 0H8v2h12v-2z\" fill=\"currentColor\"><\/path><\/svg><svg style=\"fill: #999;color:#999\" class=\"arrow-unsorted-368013\" xmlns=\"http:\/\/www.w3.org\/2000\/svg\" width=\"10px\" height=\"10px\" viewbox=\"0 0 24 24\" version=\"1.2\" baseprofile=\"tiny\"><path d=\"M18.2 9.3l-6.2-6.3-6.2 6.3c-.2.2-.3.4-.3.7s.1.5.3.7c.2.2.4.3.7.3h11c.3 0 .5-.1.7-.3.2-.2.3-.5.3-.7s-.1-.5-.3-.7zM5.8 14.7l6.2 6.3 6.2-6.3c.2-.2.3-.5.3-.7s-.1-.5-.3-.7c-.2-.2-.4-.3-.7-.3h-11c-.3 0-.5.1-.7.3-.2.2-.3.5-.3.7s.1.5.3.7z\"\/><\/svg><\/span><\/span><\/span><\/a><\/span><\/div>\n<nav><ul class='ez-toc-list ez-toc-list-level-1' ><li class='ez-toc-page-1 ez-toc-heading-level-1'><a class=\"ez-toc-link ez-toc-heading-1\" href=\"https:\/\/www.hakansager.com\/en\/uzmanliklar\/glutatyon\/#Glutatyon\" >Glutathione<\/a><ul class='ez-toc-list-level-3' ><li class='ez-toc-heading-level-3'><ul class='ez-toc-list-level-3' ><li class='ez-toc-heading-level-3'><a class=\"ez-toc-link ez-toc-heading-2\" href=\"https:\/\/www.hakansager.com\/en\/uzmanliklar\/glutatyon\/#Glutatyon_Tedavisi_Vucudu_Arindiran_ve_Genclestiren_Guclu_Antioksidan\" >Glutatyon Tedavisi: V\u00fccudu Ar\u0131nd\u0131ran ve Gen\u00e7le\u015ftiren G\u00fc\u00e7l\u00fc Antioksidan<\/a><ul class='ez-toc-list-level-4' ><li class='ez-toc-heading-level-4'><a class=\"ez-toc-link ez-toc-heading-3\" href=\"https:\/\/www.hakansager.com\/en\/uzmanliklar\/glutatyon\/#Glutatyon_Tedavisinin_Faydalari\" >Glutatyon Tedavisinin Faydalar\u0131<\/a><\/li><\/ul><\/li><\/ul><\/li><\/ul><\/li><\/ul><\/nav><\/div>\n<\/h3>\n<h3 style=\"text-align: left;\"><span class=\"ez-toc-section\" id=\"Glutatyon_Tedavisi_Vucudu_Arindiran_ve_Genclestiren_Guclu_Antioksidan\"><\/span><strong>Glutatyon Tedavisi: V\u00fccudu Ar\u0131nd\u0131ran ve Gen\u00e7le\u015ftiren G\u00fc\u00e7l\u00fc Antioksidan<\/strong><span class=\"ez-toc-section-end\"><\/span><\/h3>\n<p style=\"text-align: justify;\">Glutatyon, v\u00fccudun do\u011fal detoksifikasyon s\u00fcrecinde \u00f6nemli bir rol oynayan g\u00fc\u00e7l\u00fc bir antioksidand\u0131r. Glutatyon tedavisi, cilt yenileme, ba\u011f\u0131\u015f\u0131kl\u0131k sistemi g\u00fc\u00e7lendirme ve v\u00fccuttaki serbest radikallerin etkisini azaltma amac\u0131yla uygulan\u0131r. Ayn\u0131 zamanda cildin parlakl\u0131\u011f\u0131n\u0131 art\u0131r\u0131r ve ya\u015flanma belirtilerini geciktirir. Bu tedavi, antioksidan \u00f6zellikleri sayesinde cildin h\u00fccre yenilenme s\u00fcrecini destekler ve daha gen\u00e7 bir g\u00f6r\u00fcn\u00fcm sa\u011flar.<\/p>\n<p style=\"text-align: justify;\">Glutatyon tedavisi, v\u00fccuda intraven\u00f6z olarak verildi\u011finde cildin alt katmanlar\u0131na kadar etki eder. Toksinlerin v\u00fccuttan at\u0131lmas\u0131n\u0131 h\u0131zland\u0131r\u0131r, ba\u011f\u0131\u015f\u0131kl\u0131k sistemini g\u00fc\u00e7lendirir ve ciltte daha sa\u011fl\u0131kl\u0131 bir g\u00f6r\u00fcn\u00fcm olu\u015fmas\u0131na yard\u0131mc\u0131 olur. Glutatyon, cildin elastikiyetini art\u0131rarak k\u0131r\u0131\u015f\u0131kl\u0131klar\u0131n ve lekelerin g\u00f6r\u00fcn\u00fcm\u00fcn\u00fc azalt\u0131r. Bu nedenle, cilt gen\u00e7le\u015ftirme ve detoksifikasyon amac\u0131yla s\u0131k\u00e7a tercih edilen bir y\u00f6ntemdir.<\/p>\n<h4 style=\"text-align: left;\"><span class=\"ez-toc-section\" id=\"Glutatyon_Tedavisinin_Faydalari\"><\/span><strong>Glutatyon Tedavisinin Faydalar\u0131<\/strong><span class=\"ez-toc-section-end\"><\/span><\/h4>\n<ul style=\"text-align: justify;\">\n<li>G\u00fc\u00e7l\u00fc bir antioksidan etkisiyle cildi yeniler<\/li>\n<li>Serbest radikallerin zararlar\u0131n\u0131 azalt\u0131r<\/li>\n<li>Cildin parlakl\u0131\u011f\u0131n\u0131 ve elastikiyetini art\u0131r\u0131r<\/li>\n<li>Ba\u011f\u0131\u015f\u0131kl\u0131k sistemini g\u00fc\u00e7lendirir ve toksinleri temizler<\/li>\n<\/ul>\n<p style=\"text-align: justify;\">Tedavi sonras\u0131nda cilt daha parlak ve sa\u011fl\u0131kl\u0131 g\u00f6r\u00fcn\u00fcr. Glutatyon, yaln\u0131zca cilt sa\u011fl\u0131\u011f\u0131 \u00fczerinde de\u011fil, genel v\u00fccut sa\u011fl\u0131\u011f\u0131 \u00fczerinde de olumlu etkiler yarat\u0131r. Tedavi, birka\u00e7 seans sonunda etkili sonu\u00e7lar verir ve d\u00fczenli uyguland\u0131\u011f\u0131nda uzun s\u00fcreli faydalar sa\u011flar.<\/p>\n\n\n\t\t<\/div>\n\t\t\t\t\t<\/div>\n\n\t\n\n<\/div>","protected":false},"excerpt":{"rendered":"","protected":false},"author":1,"featured_media":0,"parent":376,"menu_order":0,"comment_status":"closed","ping_status":"closed","template":"page-blank.php","meta":{"footnotes":""},"class_list":["post-772","page","type-page","status-publish","hentry"],"_links":{"self":[{"href":"https:\/\/www.hakansager.com\/en\/wp-json\/wp\/v2\/pages\/772","targetHints":{"allow":["GET"]}}],"collection":[{"href":"https:\/\/www.hakansager.com\/en\/wp-json\/wp\/v2\/pages"}],"about":[{"href":"https:\/\/www.hakansager.com\/en\/wp-json\/wp\/v2\/types\/page"}],"author":[{"embeddable":true,"href":"https:\/\/www.hakansager.com\/en\/wp-json\/wp\/v2\/users\/1"}],"replies":[{"embeddable":true,"href":"https:\/\/www.hakansager.com\/en\/wp-json\/wp\/v2\/comments?post=772"}],"version-history":[{"count":6,"href":"https:\/\/www.hakansager.com\/en\/wp-json\/wp\/v2\/pages\/772\/revisions"}],"predecessor-version":[{"id":778,"href":"https:\/\/www.hakansager.com\/en\/wp-json\/wp\/v2\/pages\/772\/revisions\/778"}],"up":[{"embeddable":true,"href":"https:\/\/www.hakansager.com\/en\/wp-json\/wp\/v2\/pages\/376"}],"wp:attachment":[{"href":"https:\/\/www.hakansager.com\/en\/wp-json\/wp\/v2\/media?parent=772"}],"curies":[{"name":"wp","href":"https:\/\/api.w.org\/{rel}","templated":true}]}}