{"id":787,"date":"2024-11-06T23:01:20","date_gmt":"2024-11-06T20:01:20","guid":{"rendered":"https:\/\/www.hakansager.com\/?page_id=787"},"modified":"2024-11-06T23:02:44","modified_gmt":"2024-11-06T20:02:44","slug":"kok-hucre-tedavisi","status":"publish","type":"page","link":"https:\/\/www.hakansager.com\/en\/uzmanliklar\/kok-hucre-tedavisi\/","title":{"rendered":"Stem Cell Therapy"},"content":{"rendered":"<div id=\"page-header-1551527429\" class=\"page-header-wrapper\">\n  <div class=\"page-title dark featured-title\">\n\n    \n    <div class=\"page-title-inner container align-center flex-row medium-flex-wrap\" >\n              <div class=\"title-wrapper flex-col text-left medium-text-center\">\n          <h1 class=\"entry-title mb-0\"><span class=\"ez-toc-section\" id=\"Kok_Hucre_Tedavisi\"><\/span>\n            Stem Cell Therapy          <span class=\"ez-toc-section-end\"><\/span><\/h1>\n        <\/div>\n                    <div class=\"title-content flex-col flex-right text-right medium-text-center\">\n        <div class=\"title-share pt-half pb-half\"><div class=\"social-icons share-icons share-row relative\" ><a href=\"whatsapp:\/\/send?text=K%C3%B6k%20H%C3%BCcre%20Tedavisi - https:\/\/www.hakansager.com\/en\/uzmanliklar\/kok-hucre-tedavisi\/\" data-action=\"share\/whatsapp\/share\" class=\"icon button circle is-outline tooltip whatsapp show-for-medium\" title=\"Share on WhatsApp\" aria-label=\"Share on WhatsApp\"><i class=\"icon-whatsapp\"><\/i><\/a><a href=\"https:\/\/www.facebook.com\/sharer.php?u=https:\/\/www.hakansager.com\/en\/uzmanliklar\/kok-hucre-tedavisi\/\" data-label=\"Facebook\" onclick=\"window.open(this.href,this.title,'width=500,height=500,top=300px,left=300px');  return false;\" rel=\"noopener noreferrer nofollow\" target=\"_blank\" class=\"icon button circle is-outline tooltip facebook\" title=\"Share on Facebook\" aria-label=\"Share on Facebook\"><i class=\"icon-facebook\" ><\/i><\/a><a href=\"https:\/\/twitter.com\/share?url=https:\/\/www.hakansager.com\/en\/uzmanliklar\/kok-hucre-tedavisi\/\" onclick=\"window.open(this.href,this.title,'width=500,height=500,top=300px,left=300px');  return false;\" rel=\"noopener noreferrer nofollow\" target=\"_blank\" class=\"icon button circle is-outline tooltip twitter\" title=\"Share on Twitter\" aria-label=\"Share on Twitter\"><i class=\"icon-twitter\" ><\/i><\/a><a href=\"mailto:enteryour@addresshere.com?subject=K%C3%B6k%20H%C3%BCcre%20Tedavisi&amp;body=Check%20this%20out:%20https:\/\/www.hakansager.com\/en\/uzmanliklar\/kok-hucre-tedavisi\/\" rel=\"nofollow\" class=\"icon button circle is-outline tooltip email\" title=\"Email to a Friend\" aria-label=\"Email to a Friend\"><i class=\"icon-envelop\" ><\/i><\/a><a href=\"https:\/\/pinterest.com\/pin\/create\/button\/?url=https:\/\/www.hakansager.com\/en\/uzmanliklar\/kok-hucre-tedavisi\/&amp;media=&amp;description=K%C3%B6k%20H%C3%BCcre%20Tedavisi\" onclick=\"window.open(this.href,this.title,'width=500,height=500,top=300px,left=300px');  return false;\" rel=\"noopener noreferrer nofollow\" target=\"_blank\" class=\"icon button circle is-outline tooltip pinterest\" title=\"Pin on Pinterest\" aria-label=\"Pin on Pinterest\"><i class=\"icon-pinterest\" ><\/i><\/a><a href=\"https:\/\/www.linkedin.com\/shareArticle?mini=true&url=https:\/\/www.hakansager.com\/en\/uzmanliklar\/kok-hucre-tedavisi\/&title=K%C3%B6k%20H%C3%BCcre%20Tedavisi\" onclick=\"window.open(this.href,this.title,'width=500,height=500,top=300px,left=300px');  return false;\"  rel=\"noopener noreferrer nofollow\" target=\"_blank\" class=\"icon button circle is-outline tooltip linkedin\" title=\"Share on LinkedIn\" aria-label=\"Share on LinkedIn\"><i class=\"icon-linkedin\" ><\/i><\/a><\/div><\/div>      <\/div>\n    <\/div>\n\n       <\/div>\n    <\/div>\n  \n\n\t<div id=\"gap-1321508218\" class=\"gap-element clearfix\" style=\"display:block; height:auto;\">\n\t\t\n<style>\n#gap-1321508218 {\n  padding-top: 30px;\n}\n<\/style>\n\t<\/div>\n\t\n\n<div class=\"row\"  id=\"row-2015032026\">\n\n\n\t<div id=\"col-387250183\" class=\"col small-12 large-12\"  >\n\t\t\t\t<div class=\"col-inner\"  >\n\t\t\t\n\t\t\t\n\n<h3><div id=\"ez-toc-container\" class=\"ez-toc-v2_0_76 ez-toc-wrap-left counter-hierarchy ez-toc-counter ez-toc-grey ez-toc-container-direction\">\n<div class=\"ez-toc-title-container\">\n<span class=\"ez-toc-title-toggle\"><a href=\"#\" class=\"ez-toc-pull-right ez-toc-btn ez-toc-btn-xs ez-toc-btn-default ez-toc-toggle\" aria-label=\"Toggle Table of Content\"><span class=\"ez-toc-js-icon-con\"><span class=\"\"><span class=\"eztoc-hide\" style=\"display:none;\">Toggle<\/span><span class=\"ez-toc-icon-toggle-span\"><svg style=\"fill: #999;color:#999\" xmlns=\"http:\/\/www.w3.org\/2000\/svg\" class=\"list-377408\" width=\"20px\" height=\"20px\" viewbox=\"0 0 24 24\" fill=\"none\"><path d=\"M6 6H4v2h2V6zm14 0H8v2h12V6zM4 11h2v2H4v-2zm16 0H8v2h12v-2zM4 16h2v2H4v-2zm16 0H8v2h12v-2z\" fill=\"currentColor\"><\/path><\/svg><svg style=\"fill: #999;color:#999\" class=\"arrow-unsorted-368013\" xmlns=\"http:\/\/www.w3.org\/2000\/svg\" width=\"10px\" height=\"10px\" viewbox=\"0 0 24 24\" version=\"1.2\" baseprofile=\"tiny\"><path d=\"M18.2 9.3l-6.2-6.3-6.2 6.3c-.2.2-.3.4-.3.7s.1.5.3.7c.2.2.4.3.7.3h11c.3 0 .5-.1.7-.3.2-.2.3-.5.3-.7s-.1-.5-.3-.7zM5.8 14.7l6.2 6.3 6.2-6.3c.2-.2.3-.5.3-.7s-.1-.5-.3-.7c-.2-.2-.4-.3-.7-.3h-11c-.3 0-.5.1-.7.3-.2.2-.3.5-.3.7s.1.5.3.7z\"\/><\/svg><\/span><\/span><\/span><\/a><\/span><\/div>\n<nav><ul class='ez-toc-list ez-toc-list-level-1' ><li class='ez-toc-page-1 ez-toc-heading-level-1'><a class=\"ez-toc-link ez-toc-heading-1\" href=\"https:\/\/www.hakansager.com\/en\/uzmanliklar\/kok-hucre-tedavisi\/#Kok_Hucre_Tedavisi\" >Stem Cell Therapy<\/a><ul class='ez-toc-list-level-3' ><li class='ez-toc-heading-level-3'><ul class='ez-toc-list-level-3' ><li class='ez-toc-heading-level-3'><a class=\"ez-toc-link ez-toc-heading-2\" href=\"https:\/\/www.hakansager.com\/en\/uzmanliklar\/kok-hucre-tedavisi\/#Kok_Hucre_Tedavisi_Hucresel_Yenilenme_ile_Genclesme\" >K\u00f6k H\u00fccre Tedavisi: H\u00fccresel Yenilenme ile Gen\u00e7le\u015fme<\/a><ul class='ez-toc-list-level-4' ><li class='ez-toc-heading-level-4'><a class=\"ez-toc-link ez-toc-heading-3\" href=\"https:\/\/www.hakansager.com\/en\/uzmanliklar\/kok-hucre-tedavisi\/#Kok_Hucre_Tedavisinin_Faydalari\" >K\u00f6k H\u00fccre Tedavisinin Faydalar\u0131<\/a><\/li><\/ul><\/li><\/ul><\/li><\/ul><\/li><\/ul><\/nav><\/div>\n<\/h3>\n<h3 style=\"text-align: left;\"><span class=\"ez-toc-section\" id=\"Kok_Hucre_Tedavisi_Hucresel_Yenilenme_ile_Genclesme\"><\/span><strong>K\u00f6k H\u00fccre Tedavisi: H\u00fccresel Yenilenme ile Gen\u00e7le\u015fme<\/strong><span class=\"ez-toc-section-end\"><\/span><\/h3>\n<p style=\"text-align: justify;\">K\u00f6k h\u00fccre tedavisi, cilt ve sa\u00e7 yenilenmesinde devrim niteli\u011finde bir y\u00f6ntem olarak \u00f6ne \u00e7\u0131kmaktad\u0131r. Bu tedavi, v\u00fccudun kendi k\u00f6k h\u00fccrelerini kullanarak hasarl\u0131 dokular\u0131 yenileme ve cildin do\u011fal iyile\u015fme s\u00fcrecini h\u0131zland\u0131rma \u00fczerine kuruludur. K\u00f6k h\u00fccrelerin rejeneratif \u00f6zellikleri, ciltteki ya\u015flanma belirtilerinin azalt\u0131lmas\u0131nda ve sa\u00e7 d\u00f6k\u00fclmesinin durdurulmas\u0131nda olduk\u00e7a etkilidir.<\/p>\n<p style=\"text-align: justify;\">K\u00f6k h\u00fccre tedavisinde, hastan\u0131n kendi v\u00fccudundan al\u0131nan k\u00f6k h\u00fccreler, \u00f6zel y\u00f6ntemlerle ayr\u0131\u015ft\u0131r\u0131larak hasarl\u0131 b\u00f6lgelere enjekte edilir. Bu h\u00fccreler, cildin elastikiyetini ve s\u0131k\u0131l\u0131\u011f\u0131n\u0131 art\u0131rarak ince \u00e7izgilerin ve k\u0131r\u0131\u015f\u0131kl\u0131klar\u0131n g\u00f6r\u00fcn\u00fcm\u00fcn\u00fc azalt\u0131r. Ayn\u0131 zamanda ciltteki kolajen \u00fcretimini de destekleyerek, cildin do\u011fal parlakl\u0131\u011f\u0131n\u0131 geri kazanmas\u0131na yard\u0131mc\u0131 olur.<\/p>\n<h4 style=\"text-align: left;\"><span class=\"ez-toc-section\" id=\"Kok_Hucre_Tedavisinin_Faydalari\"><\/span><strong>K\u00f6k H\u00fccre Tedavisinin Faydalar\u0131<\/strong><span class=\"ez-toc-section-end\"><\/span><\/h4>\n<ul style=\"text-align: justify;\">\n<li>Do\u011fal ve uzun s\u00fcreli sonu\u00e7lar sa\u011flar<\/li>\n<li>Cildin gen\u00e7le\u015fmesine ve s\u0131k\u0131la\u015fmas\u0131na katk\u0131da bulunur<\/li>\n<li>Sa\u00e7 d\u00f6k\u00fclmesini durdurur ve yeni sa\u00e7 olu\u015fumunu destekler<\/li>\n<li>Kolajen \u00fcretimini art\u0131rarak cildin elastikiyetini g\u00fc\u00e7lendirir<\/li>\n<\/ul>\n<p style=\"text-align: justify;\">K\u00f6k h\u00fccre tedavisi, minimal invaziv bir i\u015flem olup, iyile\u015fme s\u00fcresi olduk\u00e7a h\u0131zl\u0131d\u0131r. Tedavi sonras\u0131nda birka\u00e7 hafta i\u00e7inde g\u00f6zle g\u00f6r\u00fcl\u00fcr sonu\u00e7lar elde edilir ve bu etkiler, d\u00fczenli seanslarla daha da g\u00fc\u00e7lenir. K\u00f6k h\u00fccrelerin do\u011fal yenileyici g\u00fcc\u00fc sayesinde cilt ve sa\u00e7 sorunlar\u0131na kal\u0131c\u0131 bir \u00e7\u00f6z\u00fcm sunulmaktad\u0131r.<\/p>\n\n\n\t\t<\/div>\n\t\t\t\t\t<\/div>\n\n\t\n\n<\/div>","protected":false},"excerpt":{"rendered":"","protected":false},"author":1,"featured_media":0,"parent":376,"menu_order":0,"comment_status":"closed","ping_status":"closed","template":"page-blank.php","meta":{"footnotes":""},"class_list":["post-787","page","type-page","status-publish","hentry"],"_links":{"self":[{"href":"https:\/\/www.hakansager.com\/en\/wp-json\/wp\/v2\/pages\/787","targetHints":{"allow":["GET"]}}],"collection":[{"href":"https:\/\/www.hakansager.com\/en\/wp-json\/wp\/v2\/pages"}],"about":[{"href":"https:\/\/www.hakansager.com\/en\/wp-json\/wp\/v2\/types\/page"}],"author":[{"embeddable":true,"href":"https:\/\/www.hakansager.com\/en\/wp-json\/wp\/v2\/users\/1"}],"replies":[{"embeddable":true,"href":"https:\/\/www.hakansager.com\/en\/wp-json\/wp\/v2\/comments?post=787"}],"version-history":[{"count":7,"href":"https:\/\/www.hakansager.com\/en\/wp-json\/wp\/v2\/pages\/787\/revisions"}],"predecessor-version":[{"id":794,"href":"https:\/\/www.hakansager.com\/en\/wp-json\/wp\/v2\/pages\/787\/revisions\/794"}],"up":[{"embeddable":true,"href":"https:\/\/www.hakansager.com\/en\/wp-json\/wp\/v2\/pages\/376"}],"wp:attachment":[{"href":"https:\/\/www.hakansager.com\/en\/wp-json\/wp\/v2\/media?parent=787"}],"curies":[{"name":"wp","href":"https:\/\/api.w.org\/{rel}","templated":true}]}}